{"id":35677,"date":"2025-11-07T00:30:45","date_gmt":"2025-11-06T23:30:45","guid":{"rendered":"https:\/\/www.jamkoviste.cz\/obchod\/produkt\/callaway-chrome-tour-white-golf-balls-basic\/"},"modified":"2025-11-07T00:30:46","modified_gmt":"2025-11-06T23:30:46","slug":"callaway-chrome-tour-white-basic-golfove-micky","status":"publish","type":"product","link":"https:\/\/www.jamkoviste.cz\/obchod\/produkt\/callaway-chrome-tour-white-basic-golfove-micky\/","title":{"rendered":"Callaway Chrome Tour White Basic Golfov\u00e9 m\u00ed\u010dky"},"content":{"rendered":"<p>Model Chrome Tour je navr\u017een pro vynikaj&iacute;c&iacute; v&yacute;kon s v&yacute;jime\u010dnou rychlost&iacute;, konzistentn&iacute;m letem, neuv\u011b\u0159iteln&yacute;m spinem a kontrolou na greenside. V&yacute;jime\u010dn\u011b vysok&eacute; rychlosti m&iacute;\u010dku  Z hyper rychl&eacute;ho m\u011bkk&eacute;ho j&aacute;dra. J&aacute;dro je navr\u017eeno pro lep&scaron;&iacute; hr&aacute;\u010de, kte\u0159&iacute; cht\u011bj&iacute; nejlep&scaron;&iacute; rovnov&aacute;hu mezi dlouh&yacute;mi vzd&aacute;lenostmi a m\u011bkk&yacute;m pocitem.  Konzistentn&iacute; let m&iacute;\u010dku  Ze Seamless Tour Aero. Tento jedine\u010dn\u011b navr\u017een&yacute; aerodynamick&yacute; bal&iacute;\u010dek je vytvo\u0159en pro trvale stabiln&iacute; lety m&iacute;\u010dku za jak&yacute;chkoli podm&iacute;nek.  Neuv\u011b\u0159iteln&yacute; spin a kontrola na greenside  Z vysoce v&yacute;konn&eacute;ho uretanov&eacute;ho m\u011bkk&eacute;ho Tour krytu. Lep&scaron;&iacute; hr&aacute;\u010di mohou agresivn\u011b j&iacute;t po &uacute;derech d&iacute;ky p\u0159idan&eacute; rotaci, syst&eacute;m krytu poskytuje vynikaj&iacute;c&iacute; kontrolu a pocit na &uacute;rovni Tour.  Konzistentn\u011bj&scaron;&iacute; v&yacute;kon  Od Precision Technology. Ka\u017ed&aacute; z technologi&iacute; je d\u016fsledn\u011b m\u011b\u0159ena prost\u0159ednictv&iacute;m &scaron;pi\u010dkov&eacute; v&yacute;roby s v&iacute;ce ne\u017e 100 miliony d\u016fkazn&iacute;ch bod\u016f pro konzistentn\u011bj&scaron;&iacute; v&yacute;kon v m&iacute;\u010dku.<br \/>\nPo\u010det m\u00ed\u010dk\u016f v balen\u00ed: 12<br \/>\nTyp m\u00ed\u010dk\u016f: Kontrola;Spin<br \/>\nPo\u010det vrstev: 4<br \/>\nZem\u011b p\u016fvodu: \u010c\u00edna<br \/>\nPohlav\u00ed: Unisex<br \/>\nBarva podle v\u00fdrobce: White<br \/>\nBarva: B\u00edl\u00e1<br \/>\nV\u011bkov\u00e1 skupina: Dosp\u011bl\u00fd<br \/>\nVarianta: Basic<br \/>\nS\u00e9rie: Chrome Tour<\/p>\n","protected":false},"excerpt":{"rendered":"<p>Model Chrome Tour je navr\u017een pro vynikaj&iacute;c&iacute; v&yacute;kon s v&yacute;jime\u010dnou rychlost&iacute;, konzistentn&iacute;m letem, neuv\u011b\u0159iteln&yacute;m spinem a kontrolou na greenside. V&yacute;jime\u010dn\u011b vysok&eacute; rychlosti m&iacute;\u010dku Z hyper rychl&eacute;ho m\u011bkk&eacute;ho j&aacute;dra. J&aacute;dro je navr\u017eeno pro lep&scaron;&iacute; hr&aacute;\u010de, kte\u0159&iacute; cht\u011bj&iacute; nejlep&scaron;&iacute; rovnov&aacute;hu mezi dlouh&yacute;mi vzd&aacute;lenostmi a m\u011bkk&yacute;m pocitem. Konzistentn&iacute; let m&iacute;\u010dku Ze Seamless Tour Aero. Tento jedine\u010dn\u011b navr\u017een&yacute; aerodynamick&yacute; [&hellip;]<\/p>\n","protected":false},"featured_media":35678,"comment_status":"closed","ping_status":"open","template":"","meta":{"_acf_changed":false,"_monsterinsights_skip_tracking":false,"_monsterinsights_sitenote_active":false,"_monsterinsights_sitenote_note":"","_monsterinsights_sitenote_category":0},"pwb-brand":[16],"product_brand":[],"product_cat":[23,24],"product_tag":[],"class_list":{"0":"post-35677","1":"product","2":"type-product","3":"status-publish","4":"has-post-thumbnail","6":"pwb-brand-callaway","7":"product_cat-golfove-micky","8":"product_cat-nove-golfove-mice","9":"pa_barva-bila","10":"pa_pohlavi-unisex","11":"pa_vek-dospeli","13":"first","14":"instock","15":"sale","16":"product-type-external"},"acf":[],"yoast_head":"<!-- This site is optimized with the Yoast SEO plugin v27.4 - https:\/\/yoast.com\/product\/yoast-seo-wordpress\/ -->\n<title>Callaway Chrome Tour White Basic Golfov\u00e9 m\u00ed\u010dky za 1 156 K\u010d skladem - Jamkovi\u0161t\u011b<\/title>\n<meta name=\"description\" content=\"Callaway Chrome Tour White Basic Golfov\u00e9 m\u00ed\u010dky za skv\u011blou cenu 1 156 K\u010d skladem \u2714\ufe0f ihned k odesl\u00e1n\u00ed.\" \/>\n<meta name=\"robots\" content=\"index, follow, max-snippet:-1, max-image-preview:large, max-video-preview:-1\" \/>\n<link rel=\"canonical\" href=\"https:\/\/www.jamkoviste.cz\/obchod\/produkt\/callaway-chrome-tour-white-basic-golfove-micky\/\" \/>\n<meta property=\"og:locale\" content=\"cs_CZ\" \/>\n<meta property=\"og:type\" content=\"article\" \/>\n<meta property=\"og:title\" content=\"Callaway Chrome Tour White Basic Golfov\u00e9 m\u00ed\u010dky za 1 156 K\u010d skladem - Jamkovi\u0161t\u011b\" \/>\n<meta property=\"og:description\" content=\"Callaway Chrome Tour White Basic Golfov\u00e9 m\u00ed\u010dky za skv\u011blou cenu 1 156 K\u010d skladem \u2714\ufe0f ihned k odesl\u00e1n\u00ed.\" \/>\n<meta property=\"og:url\" content=\"https:\/\/www.jamkoviste.cz\/obchod\/produkt\/callaway-chrome-tour-white-basic-golfove-micky\/\" \/>\n<meta property=\"og:site_name\" content=\"Jamkovi\u0161t\u011b\" \/>\n<meta property=\"article:modified_time\" content=\"2025-11-06T23:30:46+00:00\" \/>\n<meta property=\"og:image\" content=\"https:\/\/www.jamkoviste.cz\/obchod\/wp-content\/uploads\/2024\/02\/main_f62d7670.jpg\" \/>\n\t<meta property=\"og:image:width\" content=\"800\" \/>\n\t<meta property=\"og:image:height\" content=\"632\" \/>\n\t<meta property=\"og:image:type\" content=\"image\/jpeg\" \/>\n<meta name=\"twitter:card\" content=\"summary_large_image\" \/>\n<meta name=\"twitter:label1\" content=\"Odhadovan\u00e1 doba \u010dten\u00ed\" \/>\n\t<meta name=\"twitter:data1\" content=\"1 minuta\" \/>\n<script type=\"application\/ld+json\" class=\"yoast-schema-graph\">{\"@context\":\"https:\\\/\\\/schema.org\",\"@graph\":[{\"@type\":\"WebPage\",\"@id\":\"https:\\\/\\\/www.jamkoviste.cz\\\/obchod\\\/produkt\\\/callaway-chrome-tour-white-basic-golfove-micky\\\/\",\"url\":\"https:\\\/\\\/www.jamkoviste.cz\\\/obchod\\\/produkt\\\/callaway-chrome-tour-white-basic-golfove-micky\\\/\",\"name\":\"Callaway Chrome Tour White Basic Golfov\u00e9 m\u00ed\u010dky za 1 156 K\u010d skladem - Jamkovi\u0161t\u011b\",\"isPartOf\":{\"@id\":\"https:\\\/\\\/www.jamkoviste.cz\\\/obchod\\\/#website\"},\"primaryImageOfPage\":{\"@id\":\"https:\\\/\\\/www.jamkoviste.cz\\\/obchod\\\/produkt\\\/callaway-chrome-tour-white-basic-golfove-micky\\\/#primaryimage\"},\"image\":{\"@id\":\"https:\\\/\\\/www.jamkoviste.cz\\\/obchod\\\/produkt\\\/callaway-chrome-tour-white-basic-golfove-micky\\\/#primaryimage\"},\"thumbnailUrl\":\"https:\\\/\\\/www.jamkoviste.cz\\\/obchod\\\/wp-content\\\/uploads\\\/2024\\\/02\\\/main_f62d7670.jpg\",\"datePublished\":\"2025-11-06T23:30:45+00:00\",\"dateModified\":\"2025-11-06T23:30:46+00:00\",\"description\":\"Callaway Chrome Tour White Basic Golfov\u00e9 m\u00ed\u010dky za skv\u011blou cenu 1 156 K\u010d skladem \u2714\ufe0f ihned k odesl\u00e1n\u00ed.\",\"breadcrumb\":{\"@id\":\"https:\\\/\\\/www.jamkoviste.cz\\\/obchod\\\/produkt\\\/callaway-chrome-tour-white-basic-golfove-micky\\\/#breadcrumb\"},\"inLanguage\":\"cs\",\"potentialAction\":[{\"@type\":\"ReadAction\",\"target\":[\"https:\\\/\\\/www.jamkoviste.cz\\\/obchod\\\/produkt\\\/callaway-chrome-tour-white-basic-golfove-micky\\\/\"]}]},{\"@type\":\"ImageObject\",\"inLanguage\":\"cs\",\"@id\":\"https:\\\/\\\/www.jamkoviste.cz\\\/obchod\\\/produkt\\\/callaway-chrome-tour-white-basic-golfove-micky\\\/#primaryimage\",\"url\":\"https:\\\/\\\/www.jamkoviste.cz\\\/obchod\\\/wp-content\\\/uploads\\\/2024\\\/02\\\/main_f62d7670.jpg\",\"contentUrl\":\"https:\\\/\\\/www.jamkoviste.cz\\\/obchod\\\/wp-content\\\/uploads\\\/2024\\\/02\\\/main_f62d7670.jpg\",\"width\":800,\"height\":632},{\"@type\":\"BreadcrumbList\",\"@id\":\"https:\\\/\\\/www.jamkoviste.cz\\\/obchod\\\/produkt\\\/callaway-chrome-tour-white-basic-golfove-micky\\\/#breadcrumb\",\"itemListElement\":[{\"@type\":\"ListItem\",\"position\":1,\"name\":\"Dom\u016f\",\"item\":\"https:\\\/\\\/www.jamkoviste.cz\\\/obchod\\\/\"},{\"@type\":\"ListItem\",\"position\":2,\"name\":\"Obchod\",\"item\":\"https:\\\/\\\/www.jamkoviste.cz\\\/obchod\\\/?page_id=6\"},{\"@type\":\"ListItem\",\"position\":3,\"name\":\"Callaway Chrome Tour White Basic Golfov\u00e9 m\u00ed\u010dky\"}]},{\"@type\":\"WebSite\",\"@id\":\"https:\\\/\\\/www.jamkoviste.cz\\\/obchod\\\/#website\",\"url\":\"https:\\\/\\\/www.jamkoviste.cz\\\/obchod\\\/\",\"name\":\"Jamkovi\u0161t\u011b\",\"description\":\"V\u00fdb\u011br t\u011bch nejlep\u0161\u00edch golfov\u00fdch produkt\u016f\",\"publisher\":{\"@id\":\"https:\\\/\\\/www.jamkoviste.cz\\\/obchod\\\/#organization\"},\"potentialAction\":[{\"@type\":\"SearchAction\",\"target\":{\"@type\":\"EntryPoint\",\"urlTemplate\":\"https:\\\/\\\/www.jamkoviste.cz\\\/obchod\\\/?s={search_term_string}\"},\"query-input\":{\"@type\":\"PropertyValueSpecification\",\"valueRequired\":true,\"valueName\":\"search_term_string\"}}],\"inLanguage\":\"cs\"},{\"@type\":\"Organization\",\"@id\":\"https:\\\/\\\/www.jamkoviste.cz\\\/obchod\\\/#organization\",\"name\":\"Jamkovi\u0161t\u011b\",\"url\":\"https:\\\/\\\/www.jamkoviste.cz\\\/obchod\\\/\",\"logo\":{\"@type\":\"ImageObject\",\"inLanguage\":\"cs\",\"@id\":\"https:\\\/\\\/www.jamkoviste.cz\\\/obchod\\\/#\\\/schema\\\/logo\\\/image\\\/\",\"url\":\"https:\\\/\\\/www.jamkoviste.cz\\\/obchod\\\/wp-content\\\/uploads\\\/2021\\\/03\\\/cropped-logo.png\",\"contentUrl\":\"https:\\\/\\\/www.jamkoviste.cz\\\/obchod\\\/wp-content\\\/uploads\\\/2021\\\/03\\\/cropped-logo.png\",\"width\":351,\"height\":82,\"caption\":\"Jamkovi\u0161t\u011b\"},\"image\":{\"@id\":\"https:\\\/\\\/www.jamkoviste.cz\\\/obchod\\\/#\\\/schema\\\/logo\\\/image\\\/\"}}]}<\/script>\n<!-- \/ Yoast SEO plugin. -->","yoast_head_json":{"title":"Callaway Chrome Tour White Basic Golfov\u00e9 m\u00ed\u010dky za 1 156 K\u010d skladem - Jamkovi\u0161t\u011b","description":"Callaway Chrome Tour White Basic Golfov\u00e9 m\u00ed\u010dky za skv\u011blou cenu 1 156 K\u010d skladem \u2714\ufe0f ihned k odesl\u00e1n\u00ed.","robots":{"index":"index","follow":"follow","max-snippet":"max-snippet:-1","max-image-preview":"max-image-preview:large","max-video-preview":"max-video-preview:-1"},"canonical":"https:\/\/www.jamkoviste.cz\/obchod\/produkt\/callaway-chrome-tour-white-basic-golfove-micky\/","og_locale":"cs_CZ","og_type":"article","og_title":"Callaway Chrome Tour White Basic Golfov\u00e9 m\u00ed\u010dky za 1 156 K\u010d skladem - Jamkovi\u0161t\u011b","og_description":"Callaway Chrome Tour White Basic Golfov\u00e9 m\u00ed\u010dky za skv\u011blou cenu 1 156 K\u010d skladem \u2714\ufe0f ihned k odesl\u00e1n\u00ed.","og_url":"https:\/\/www.jamkoviste.cz\/obchod\/produkt\/callaway-chrome-tour-white-basic-golfove-micky\/","og_site_name":"Jamkovi\u0161t\u011b","article_modified_time":"2025-11-06T23:30:46+00:00","og_image":[{"width":800,"height":632,"url":"https:\/\/www.jamkoviste.cz\/obchod\/wp-content\/uploads\/2024\/02\/main_f62d7670.jpg","type":"image\/jpeg"}],"twitter_card":"summary_large_image","twitter_misc":{"Odhadovan\u00e1 doba \u010dten\u00ed":"1 minuta"},"schema":{"@context":"https:\/\/schema.org","@graph":[{"@type":"WebPage","@id":"https:\/\/www.jamkoviste.cz\/obchod\/produkt\/callaway-chrome-tour-white-basic-golfove-micky\/","url":"https:\/\/www.jamkoviste.cz\/obchod\/produkt\/callaway-chrome-tour-white-basic-golfove-micky\/","name":"Callaway Chrome Tour White Basic Golfov\u00e9 m\u00ed\u010dky za 1 156 K\u010d skladem - Jamkovi\u0161t\u011b","isPartOf":{"@id":"https:\/\/www.jamkoviste.cz\/obchod\/#website"},"primaryImageOfPage":{"@id":"https:\/\/www.jamkoviste.cz\/obchod\/produkt\/callaway-chrome-tour-white-basic-golfove-micky\/#primaryimage"},"image":{"@id":"https:\/\/www.jamkoviste.cz\/obchod\/produkt\/callaway-chrome-tour-white-basic-golfove-micky\/#primaryimage"},"thumbnailUrl":"https:\/\/www.jamkoviste.cz\/obchod\/wp-content\/uploads\/2024\/02\/main_f62d7670.jpg","datePublished":"2025-11-06T23:30:45+00:00","dateModified":"2025-11-06T23:30:46+00:00","description":"Callaway Chrome Tour White Basic Golfov\u00e9 m\u00ed\u010dky za skv\u011blou cenu 1 156 K\u010d skladem \u2714\ufe0f ihned k odesl\u00e1n\u00ed.","breadcrumb":{"@id":"https:\/\/www.jamkoviste.cz\/obchod\/produkt\/callaway-chrome-tour-white-basic-golfove-micky\/#breadcrumb"},"inLanguage":"cs","potentialAction":[{"@type":"ReadAction","target":["https:\/\/www.jamkoviste.cz\/obchod\/produkt\/callaway-chrome-tour-white-basic-golfove-micky\/"]}]},{"@type":"ImageObject","inLanguage":"cs","@id":"https:\/\/www.jamkoviste.cz\/obchod\/produkt\/callaway-chrome-tour-white-basic-golfove-micky\/#primaryimage","url":"https:\/\/www.jamkoviste.cz\/obchod\/wp-content\/uploads\/2024\/02\/main_f62d7670.jpg","contentUrl":"https:\/\/www.jamkoviste.cz\/obchod\/wp-content\/uploads\/2024\/02\/main_f62d7670.jpg","width":800,"height":632},{"@type":"BreadcrumbList","@id":"https:\/\/www.jamkoviste.cz\/obchod\/produkt\/callaway-chrome-tour-white-basic-golfove-micky\/#breadcrumb","itemListElement":[{"@type":"ListItem","position":1,"name":"Dom\u016f","item":"https:\/\/www.jamkoviste.cz\/obchod\/"},{"@type":"ListItem","position":2,"name":"Obchod","item":"https:\/\/www.jamkoviste.cz\/obchod\/?page_id=6"},{"@type":"ListItem","position":3,"name":"Callaway Chrome Tour White Basic Golfov\u00e9 m\u00ed\u010dky"}]},{"@type":"WebSite","@id":"https:\/\/www.jamkoviste.cz\/obchod\/#website","url":"https:\/\/www.jamkoviste.cz\/obchod\/","name":"Jamkovi\u0161t\u011b","description":"V\u00fdb\u011br t\u011bch nejlep\u0161\u00edch golfov\u00fdch produkt\u016f","publisher":{"@id":"https:\/\/www.jamkoviste.cz\/obchod\/#organization"},"potentialAction":[{"@type":"SearchAction","target":{"@type":"EntryPoint","urlTemplate":"https:\/\/www.jamkoviste.cz\/obchod\/?s={search_term_string}"},"query-input":{"@type":"PropertyValueSpecification","valueRequired":true,"valueName":"search_term_string"}}],"inLanguage":"cs"},{"@type":"Organization","@id":"https:\/\/www.jamkoviste.cz\/obchod\/#organization","name":"Jamkovi\u0161t\u011b","url":"https:\/\/www.jamkoviste.cz\/obchod\/","logo":{"@type":"ImageObject","inLanguage":"cs","@id":"https:\/\/www.jamkoviste.cz\/obchod\/#\/schema\/logo\/image\/","url":"https:\/\/www.jamkoviste.cz\/obchod\/wp-content\/uploads\/2021\/03\/cropped-logo.png","contentUrl":"https:\/\/www.jamkoviste.cz\/obchod\/wp-content\/uploads\/2021\/03\/cropped-logo.png","width":351,"height":82,"caption":"Jamkovi\u0161t\u011b"},"image":{"@id":"https:\/\/www.jamkoviste.cz\/obchod\/#\/schema\/logo\/image\/"}}]}},"brands":[{"id":16,"name":"Callaway","slug":"callaway"}],"_links":{"self":[{"href":"https:\/\/www.jamkoviste.cz\/obchod\/wp-json\/wp\/v2\/product\/35677","targetHints":{"allow":["GET"]}}],"collection":[{"href":"https:\/\/www.jamkoviste.cz\/obchod\/wp-json\/wp\/v2\/product"}],"about":[{"href":"https:\/\/www.jamkoviste.cz\/obchod\/wp-json\/wp\/v2\/types\/product"}],"replies":[{"embeddable":true,"href":"https:\/\/www.jamkoviste.cz\/obchod\/wp-json\/wp\/v2\/comments?post=35677"}],"wp:featuredmedia":[{"embeddable":true,"href":"https:\/\/www.jamkoviste.cz\/obchod\/wp-json\/wp\/v2\/media\/35678"}],"wp:attachment":[{"href":"https:\/\/www.jamkoviste.cz\/obchod\/wp-json\/wp\/v2\/media?parent=35677"}],"wp:term":[{"taxonomy":"pwb-brand","embeddable":true,"href":"https:\/\/www.jamkoviste.cz\/obchod\/wp-json\/wp\/v2\/pwb-brand?post=35677"},{"taxonomy":"product_brand","embeddable":true,"href":"https:\/\/www.jamkoviste.cz\/obchod\/wp-json\/wp\/v2\/product_brand?post=35677"},{"taxonomy":"product_cat","embeddable":true,"href":"https:\/\/www.jamkoviste.cz\/obchod\/wp-json\/wp\/v2\/product_cat?post=35677"},{"taxonomy":"product_tag","embeddable":true,"href":"https:\/\/www.jamkoviste.cz\/obchod\/wp-json\/wp\/v2\/product_tag?post=35677"}],"curies":[{"name":"wp","href":"https:\/\/api.w.org\/{rel}","templated":true}]}}