{"id":38245,"date":"2025-11-07T00:23:16","date_gmt":"2025-11-06T23:23:16","guid":{"rendered":"https:\/\/www.jamkoviste.cz\/obchod\/produkt\/jucad-drive-sl-titan-silence-2-0-set-titan-elektricky-golfovy-vozik\/"},"modified":"2025-11-07T00:23:18","modified_gmt":"2025-11-06T23:23:18","slug":"jucad-drive-sl-titan-silence-2-0-set-titan-elektricky-golfovy-vozik","status":"publish","type":"product","link":"https:\/\/www.jamkoviste.cz\/obchod\/produkt\/jucad-drive-sl-titan-silence-2-0-set-titan-elektricky-golfovy-vozik\/","title":{"rendered":"Jucad Drive SL Titan Silence 2.0 SET Titan Elektrick\u00fd golfov\u00fd voz\u00edk"},"content":{"rendered":"<p>Zv&yacute;hodn\u011bn&yacute; set s p\u0159&iacute;slu&scaron;enstv&iacute;m je navr\u017een tak, aby v&scaron;echny v&yacute;robky tvo\u0159ily spolu dokonalou harmonii. Koup&iacute; setu z&aacute;rove\u0148 u&scaron;et\u0159&iacute;&scaron;, proto\u017ee je levn\u011bj&scaron;&iacute; ne\u017e jednotliv&eacute; produkty samostatn\u011b. Hlavn&iacute; obr&aacute;zek setu je ilustra\u010dn&iacute;.<br \/>\nMateri\u00e1l: Titan<br \/>\nAdapt\u00e9r sou\u010d\u00e1st\u00ed: Ano<br \/>\nZem\u011b p\u016fvodu: N\u011bmecko<br \/>\nKapacita: 45 jamek<br \/>\nPo\u010det kole\u010dek: 3<br \/>\nBarva kole\u010dek: Black<br \/>\nTyp baterie: Lithium<br \/>\nProvoz na baterie: Ano<br \/>\nNap\u00e1jen\u00ed: 230V<br \/>\nBarva podle v\u00fdrobce: Titan<br \/>\nD\u00e1lkov\u00e9 ovl\u00e1d\u00e1n\u00ed: Ne<br \/>\nBarva r\u00e1mu: St\u0159\u00edbrn\u00e1<br \/>\nSet: Ano<br \/>\nHmotnost: 8,9 kg<\/p>\n","protected":false},"excerpt":{"rendered":"<p>Zv&yacute;hodn\u011bn&yacute; set s p\u0159&iacute;slu&scaron;enstv&iacute;m je navr\u017een tak, aby v&scaron;echny v&yacute;robky tvo\u0159ily spolu dokonalou harmonii. Koup&iacute; setu z&aacute;rove\u0148 u&scaron;et\u0159&iacute;&scaron;, proto\u017ee je levn\u011bj&scaron;&iacute; ne\u017e jednotliv&eacute; produkty samostatn\u011b. Hlavn&iacute; obr&aacute;zek setu je ilustra\u010dn&iacute;. Materi\u00e1l: Titan Adapt\u00e9r sou\u010d\u00e1st\u00ed: Ano Zem\u011b p\u016fvodu: N\u011bmecko Kapacita: 45 jamek Po\u010det kole\u010dek: 3 Barva kole\u010dek: Black Typ baterie: Lithium Provoz na baterie: Ano Nap\u00e1jen\u00ed: [&hellip;]<\/p>\n","protected":false},"featured_media":38246,"comment_status":"closed","ping_status":"open","template":"","meta":{"_acf_changed":false,"_monsterinsights_skip_tracking":false,"_monsterinsights_sitenote_active":false,"_monsterinsights_sitenote_note":"","_monsterinsights_sitenote_category":0},"pwb-brand":[54],"product_brand":[],"product_cat":[141,118],"product_tag":[],"class_list":{"0":"post-38245","1":"product","2":"type-product","3":"status-publish","4":"has-post-thumbnail","6":"pwb-brand-jucad","7":"product_cat-elektricke-golfove-voziky-golfove-voziky","8":"product_cat-golfove-voziky","9":"pa_barva-stribrna","11":"first","12":"instock","13":"product-type-external"},"acf":[],"yoast_head":"<!-- This site is optimized with the Yoast SEO plugin v27.4 - https:\/\/yoast.com\/product\/yoast-seo-wordpress\/ -->\n<title>Jucad Drive SL Titan Silence 2.0 SET Titan Elektrick\u00fd golfov\u00fd voz\u00edk za 99 290 K\u010d skladem - Jamkovi\u0161t\u011b<\/title>\n<meta name=\"description\" content=\"Jucad Drive SL Titan Silence 2.0 SET Titan Elektrick\u00fd golfov\u00fd voz\u00edk za skv\u011blou cenu 99 290 K\u010d skladem \u2714\ufe0f ihned k odesl\u00e1n\u00ed.\" \/>\n<meta name=\"robots\" content=\"index, follow, max-snippet:-1, max-image-preview:large, max-video-preview:-1\" \/>\n<link rel=\"canonical\" href=\"https:\/\/www.jamkoviste.cz\/obchod\/produkt\/jucad-drive-sl-titan-silence-2-0-set-titan-elektricky-golfovy-vozik\/\" \/>\n<meta property=\"og:locale\" content=\"cs_CZ\" \/>\n<meta property=\"og:type\" content=\"article\" \/>\n<meta property=\"og:title\" content=\"Jucad Drive SL Titan Silence 2.0 SET Titan Elektrick\u00fd golfov\u00fd voz\u00edk za 99 290 K\u010d skladem - Jamkovi\u0161t\u011b\" \/>\n<meta property=\"og:description\" content=\"Jucad Drive SL Titan Silence 2.0 SET Titan Elektrick\u00fd golfov\u00fd voz\u00edk za skv\u011blou cenu 99 290 K\u010d skladem \u2714\ufe0f ihned k odesl\u00e1n\u00ed.\" \/>\n<meta property=\"og:url\" content=\"https:\/\/www.jamkoviste.cz\/obchod\/produkt\/jucad-drive-sl-titan-silence-2-0-set-titan-elektricky-golfovy-vozik\/\" \/>\n<meta property=\"og:site_name\" content=\"Jamkovi\u0161t\u011b\" \/>\n<meta property=\"article:modified_time\" content=\"2025-11-06T23:23:18+00:00\" \/>\n<meta property=\"og:image\" content=\"https:\/\/www.jamkoviste.cz\/obchod\/wp-content\/uploads\/2024\/04\/main_43513874.jpg\" \/>\n\t<meta property=\"og:image:width\" content=\"737\" \/>\n\t<meta property=\"og:image:height\" content=\"600\" \/>\n\t<meta property=\"og:image:type\" content=\"image\/jpeg\" \/>\n<meta name=\"twitter:card\" content=\"summary_large_image\" \/>\n<meta name=\"twitter:label1\" content=\"Odhadovan\u00e1 doba \u010dten\u00ed\" \/>\n\t<meta name=\"twitter:data1\" content=\"1 minuta\" \/>\n<script type=\"application\/ld+json\" class=\"yoast-schema-graph\">{\"@context\":\"https:\\\/\\\/schema.org\",\"@graph\":[{\"@type\":\"WebPage\",\"@id\":\"https:\\\/\\\/www.jamkoviste.cz\\\/obchod\\\/produkt\\\/jucad-drive-sl-titan-silence-2-0-set-titan-elektricky-golfovy-vozik\\\/\",\"url\":\"https:\\\/\\\/www.jamkoviste.cz\\\/obchod\\\/produkt\\\/jucad-drive-sl-titan-silence-2-0-set-titan-elektricky-golfovy-vozik\\\/\",\"name\":\"Jucad Drive SL Titan Silence 2.0 SET Titan Elektrick\u00fd golfov\u00fd voz\u00edk za 99 290 K\u010d skladem - Jamkovi\u0161t\u011b\",\"isPartOf\":{\"@id\":\"https:\\\/\\\/www.jamkoviste.cz\\\/obchod\\\/#website\"},\"primaryImageOfPage\":{\"@id\":\"https:\\\/\\\/www.jamkoviste.cz\\\/obchod\\\/produkt\\\/jucad-drive-sl-titan-silence-2-0-set-titan-elektricky-golfovy-vozik\\\/#primaryimage\"},\"image\":{\"@id\":\"https:\\\/\\\/www.jamkoviste.cz\\\/obchod\\\/produkt\\\/jucad-drive-sl-titan-silence-2-0-set-titan-elektricky-golfovy-vozik\\\/#primaryimage\"},\"thumbnailUrl\":\"https:\\\/\\\/www.jamkoviste.cz\\\/obchod\\\/wp-content\\\/uploads\\\/2024\\\/04\\\/main_43513874.jpg\",\"datePublished\":\"2025-11-06T23:23:16+00:00\",\"dateModified\":\"2025-11-06T23:23:18+00:00\",\"description\":\"Jucad Drive SL Titan Silence 2.0 SET Titan Elektrick\u00fd golfov\u00fd voz\u00edk za skv\u011blou cenu 99 290 K\u010d skladem \u2714\ufe0f ihned k odesl\u00e1n\u00ed.\",\"breadcrumb\":{\"@id\":\"https:\\\/\\\/www.jamkoviste.cz\\\/obchod\\\/produkt\\\/jucad-drive-sl-titan-silence-2-0-set-titan-elektricky-golfovy-vozik\\\/#breadcrumb\"},\"inLanguage\":\"cs\",\"potentialAction\":[{\"@type\":\"ReadAction\",\"target\":[\"https:\\\/\\\/www.jamkoviste.cz\\\/obchod\\\/produkt\\\/jucad-drive-sl-titan-silence-2-0-set-titan-elektricky-golfovy-vozik\\\/\"]}]},{\"@type\":\"ImageObject\",\"inLanguage\":\"cs\",\"@id\":\"https:\\\/\\\/www.jamkoviste.cz\\\/obchod\\\/produkt\\\/jucad-drive-sl-titan-silence-2-0-set-titan-elektricky-golfovy-vozik\\\/#primaryimage\",\"url\":\"https:\\\/\\\/www.jamkoviste.cz\\\/obchod\\\/wp-content\\\/uploads\\\/2024\\\/04\\\/main_43513874.jpg\",\"contentUrl\":\"https:\\\/\\\/www.jamkoviste.cz\\\/obchod\\\/wp-content\\\/uploads\\\/2024\\\/04\\\/main_43513874.jpg\",\"width\":737,\"height\":600},{\"@type\":\"BreadcrumbList\",\"@id\":\"https:\\\/\\\/www.jamkoviste.cz\\\/obchod\\\/produkt\\\/jucad-drive-sl-titan-silence-2-0-set-titan-elektricky-golfovy-vozik\\\/#breadcrumb\",\"itemListElement\":[{\"@type\":\"ListItem\",\"position\":1,\"name\":\"Dom\u016f\",\"item\":\"https:\\\/\\\/www.jamkoviste.cz\\\/obchod\\\/\"},{\"@type\":\"ListItem\",\"position\":2,\"name\":\"Obchod\",\"item\":\"https:\\\/\\\/www.jamkoviste.cz\\\/obchod\\\/?page_id=6\"},{\"@type\":\"ListItem\",\"position\":3,\"name\":\"Jucad Drive SL Titan Silence 2.0 SET Titan Elektrick\u00fd golfov\u00fd voz\u00edk\"}]},{\"@type\":\"WebSite\",\"@id\":\"https:\\\/\\\/www.jamkoviste.cz\\\/obchod\\\/#website\",\"url\":\"https:\\\/\\\/www.jamkoviste.cz\\\/obchod\\\/\",\"name\":\"Jamkovi\u0161t\u011b\",\"description\":\"V\u00fdb\u011br t\u011bch nejlep\u0161\u00edch golfov\u00fdch produkt\u016f\",\"publisher\":{\"@id\":\"https:\\\/\\\/www.jamkoviste.cz\\\/obchod\\\/#organization\"},\"potentialAction\":[{\"@type\":\"SearchAction\",\"target\":{\"@type\":\"EntryPoint\",\"urlTemplate\":\"https:\\\/\\\/www.jamkoviste.cz\\\/obchod\\\/?s={search_term_string}\"},\"query-input\":{\"@type\":\"PropertyValueSpecification\",\"valueRequired\":true,\"valueName\":\"search_term_string\"}}],\"inLanguage\":\"cs\"},{\"@type\":\"Organization\",\"@id\":\"https:\\\/\\\/www.jamkoviste.cz\\\/obchod\\\/#organization\",\"name\":\"Jamkovi\u0161t\u011b\",\"url\":\"https:\\\/\\\/www.jamkoviste.cz\\\/obchod\\\/\",\"logo\":{\"@type\":\"ImageObject\",\"inLanguage\":\"cs\",\"@id\":\"https:\\\/\\\/www.jamkoviste.cz\\\/obchod\\\/#\\\/schema\\\/logo\\\/image\\\/\",\"url\":\"https:\\\/\\\/www.jamkoviste.cz\\\/obchod\\\/wp-content\\\/uploads\\\/2021\\\/03\\\/cropped-logo.png\",\"contentUrl\":\"https:\\\/\\\/www.jamkoviste.cz\\\/obchod\\\/wp-content\\\/uploads\\\/2021\\\/03\\\/cropped-logo.png\",\"width\":351,\"height\":82,\"caption\":\"Jamkovi\u0161t\u011b\"},\"image\":{\"@id\":\"https:\\\/\\\/www.jamkoviste.cz\\\/obchod\\\/#\\\/schema\\\/logo\\\/image\\\/\"}}]}<\/script>\n<!-- \/ Yoast SEO plugin. -->","yoast_head_json":{"title":"Jucad Drive SL Titan Silence 2.0 SET Titan Elektrick\u00fd golfov\u00fd voz\u00edk za 99 290 K\u010d skladem - Jamkovi\u0161t\u011b","description":"Jucad Drive SL Titan Silence 2.0 SET Titan Elektrick\u00fd golfov\u00fd voz\u00edk za skv\u011blou cenu 99 290 K\u010d skladem \u2714\ufe0f ihned k odesl\u00e1n\u00ed.","robots":{"index":"index","follow":"follow","max-snippet":"max-snippet:-1","max-image-preview":"max-image-preview:large","max-video-preview":"max-video-preview:-1"},"canonical":"https:\/\/www.jamkoviste.cz\/obchod\/produkt\/jucad-drive-sl-titan-silence-2-0-set-titan-elektricky-golfovy-vozik\/","og_locale":"cs_CZ","og_type":"article","og_title":"Jucad Drive SL Titan Silence 2.0 SET Titan Elektrick\u00fd golfov\u00fd voz\u00edk za 99 290 K\u010d skladem - Jamkovi\u0161t\u011b","og_description":"Jucad Drive SL Titan Silence 2.0 SET Titan Elektrick\u00fd golfov\u00fd voz\u00edk za skv\u011blou cenu 99 290 K\u010d skladem \u2714\ufe0f ihned k odesl\u00e1n\u00ed.","og_url":"https:\/\/www.jamkoviste.cz\/obchod\/produkt\/jucad-drive-sl-titan-silence-2-0-set-titan-elektricky-golfovy-vozik\/","og_site_name":"Jamkovi\u0161t\u011b","article_modified_time":"2025-11-06T23:23:18+00:00","og_image":[{"width":737,"height":600,"url":"https:\/\/www.jamkoviste.cz\/obchod\/wp-content\/uploads\/2024\/04\/main_43513874.jpg","type":"image\/jpeg"}],"twitter_card":"summary_large_image","twitter_misc":{"Odhadovan\u00e1 doba \u010dten\u00ed":"1 minuta"},"schema":{"@context":"https:\/\/schema.org","@graph":[{"@type":"WebPage","@id":"https:\/\/www.jamkoviste.cz\/obchod\/produkt\/jucad-drive-sl-titan-silence-2-0-set-titan-elektricky-golfovy-vozik\/","url":"https:\/\/www.jamkoviste.cz\/obchod\/produkt\/jucad-drive-sl-titan-silence-2-0-set-titan-elektricky-golfovy-vozik\/","name":"Jucad Drive SL Titan Silence 2.0 SET Titan Elektrick\u00fd golfov\u00fd voz\u00edk za 99 290 K\u010d skladem - Jamkovi\u0161t\u011b","isPartOf":{"@id":"https:\/\/www.jamkoviste.cz\/obchod\/#website"},"primaryImageOfPage":{"@id":"https:\/\/www.jamkoviste.cz\/obchod\/produkt\/jucad-drive-sl-titan-silence-2-0-set-titan-elektricky-golfovy-vozik\/#primaryimage"},"image":{"@id":"https:\/\/www.jamkoviste.cz\/obchod\/produkt\/jucad-drive-sl-titan-silence-2-0-set-titan-elektricky-golfovy-vozik\/#primaryimage"},"thumbnailUrl":"https:\/\/www.jamkoviste.cz\/obchod\/wp-content\/uploads\/2024\/04\/main_43513874.jpg","datePublished":"2025-11-06T23:23:16+00:00","dateModified":"2025-11-06T23:23:18+00:00","description":"Jucad Drive SL Titan Silence 2.0 SET Titan Elektrick\u00fd golfov\u00fd voz\u00edk za skv\u011blou cenu 99 290 K\u010d skladem \u2714\ufe0f ihned k odesl\u00e1n\u00ed.","breadcrumb":{"@id":"https:\/\/www.jamkoviste.cz\/obchod\/produkt\/jucad-drive-sl-titan-silence-2-0-set-titan-elektricky-golfovy-vozik\/#breadcrumb"},"inLanguage":"cs","potentialAction":[{"@type":"ReadAction","target":["https:\/\/www.jamkoviste.cz\/obchod\/produkt\/jucad-drive-sl-titan-silence-2-0-set-titan-elektricky-golfovy-vozik\/"]}]},{"@type":"ImageObject","inLanguage":"cs","@id":"https:\/\/www.jamkoviste.cz\/obchod\/produkt\/jucad-drive-sl-titan-silence-2-0-set-titan-elektricky-golfovy-vozik\/#primaryimage","url":"https:\/\/www.jamkoviste.cz\/obchod\/wp-content\/uploads\/2024\/04\/main_43513874.jpg","contentUrl":"https:\/\/www.jamkoviste.cz\/obchod\/wp-content\/uploads\/2024\/04\/main_43513874.jpg","width":737,"height":600},{"@type":"BreadcrumbList","@id":"https:\/\/www.jamkoviste.cz\/obchod\/produkt\/jucad-drive-sl-titan-silence-2-0-set-titan-elektricky-golfovy-vozik\/#breadcrumb","itemListElement":[{"@type":"ListItem","position":1,"name":"Dom\u016f","item":"https:\/\/www.jamkoviste.cz\/obchod\/"},{"@type":"ListItem","position":2,"name":"Obchod","item":"https:\/\/www.jamkoviste.cz\/obchod\/?page_id=6"},{"@type":"ListItem","position":3,"name":"Jucad Drive SL Titan Silence 2.0 SET Titan Elektrick\u00fd golfov\u00fd voz\u00edk"}]},{"@type":"WebSite","@id":"https:\/\/www.jamkoviste.cz\/obchod\/#website","url":"https:\/\/www.jamkoviste.cz\/obchod\/","name":"Jamkovi\u0161t\u011b","description":"V\u00fdb\u011br t\u011bch nejlep\u0161\u00edch golfov\u00fdch produkt\u016f","publisher":{"@id":"https:\/\/www.jamkoviste.cz\/obchod\/#organization"},"potentialAction":[{"@type":"SearchAction","target":{"@type":"EntryPoint","urlTemplate":"https:\/\/www.jamkoviste.cz\/obchod\/?s={search_term_string}"},"query-input":{"@type":"PropertyValueSpecification","valueRequired":true,"valueName":"search_term_string"}}],"inLanguage":"cs"},{"@type":"Organization","@id":"https:\/\/www.jamkoviste.cz\/obchod\/#organization","name":"Jamkovi\u0161t\u011b","url":"https:\/\/www.jamkoviste.cz\/obchod\/","logo":{"@type":"ImageObject","inLanguage":"cs","@id":"https:\/\/www.jamkoviste.cz\/obchod\/#\/schema\/logo\/image\/","url":"https:\/\/www.jamkoviste.cz\/obchod\/wp-content\/uploads\/2021\/03\/cropped-logo.png","contentUrl":"https:\/\/www.jamkoviste.cz\/obchod\/wp-content\/uploads\/2021\/03\/cropped-logo.png","width":351,"height":82,"caption":"Jamkovi\u0161t\u011b"},"image":{"@id":"https:\/\/www.jamkoviste.cz\/obchod\/#\/schema\/logo\/image\/"}}]}},"brands":[{"id":54,"name":"Jucad","slug":"jucad"}],"_links":{"self":[{"href":"https:\/\/www.jamkoviste.cz\/obchod\/wp-json\/wp\/v2\/product\/38245","targetHints":{"allow":["GET"]}}],"collection":[{"href":"https:\/\/www.jamkoviste.cz\/obchod\/wp-json\/wp\/v2\/product"}],"about":[{"href":"https:\/\/www.jamkoviste.cz\/obchod\/wp-json\/wp\/v2\/types\/product"}],"replies":[{"embeddable":true,"href":"https:\/\/www.jamkoviste.cz\/obchod\/wp-json\/wp\/v2\/comments?post=38245"}],"wp:featuredmedia":[{"embeddable":true,"href":"https:\/\/www.jamkoviste.cz\/obchod\/wp-json\/wp\/v2\/media\/38246"}],"wp:attachment":[{"href":"https:\/\/www.jamkoviste.cz\/obchod\/wp-json\/wp\/v2\/media?parent=38245"}],"wp:term":[{"taxonomy":"pwb-brand","embeddable":true,"href":"https:\/\/www.jamkoviste.cz\/obchod\/wp-json\/wp\/v2\/pwb-brand?post=38245"},{"taxonomy":"product_brand","embeddable":true,"href":"https:\/\/www.jamkoviste.cz\/obchod\/wp-json\/wp\/v2\/product_brand?post=38245"},{"taxonomy":"product_cat","embeddable":true,"href":"https:\/\/www.jamkoviste.cz\/obchod\/wp-json\/wp\/v2\/product_cat?post=38245"},{"taxonomy":"product_tag","embeddable":true,"href":"https:\/\/www.jamkoviste.cz\/obchod\/wp-json\/wp\/v2\/product_tag?post=38245"}],"curies":[{"name":"wp","href":"https:\/\/api.w.org\/{rel}","templated":true}]}}