{"id":38531,"date":"2025-11-07T00:30:55","date_gmt":"2025-11-06T23:30:55","guid":{"rendered":"https:\/\/www.jamkoviste.cz\/obchod\/produkt\/ogio-fuse-black-sport-stand-bag\/"},"modified":"2025-11-07T00:30:55","modified_gmt":"2025-11-06T23:30:55","slug":"ogio-fuse-stand-bag-black-sport","status":"publish","type":"product","link":"https:\/\/www.jamkoviste.cz\/obchod\/produkt\/ogio-fuse-stand-bag-black-sport\/","title":{"rendered":"Ogio Fuse Stand Bag Black Sport"},"content":{"rendered":"<p>Stand bag FUSE je lehk&aacute; a z&aacute;bavn&aacute; mo\u017enost p\u0159en&aacute;&scaron;en&iacute; va&scaron;eho vybaven&iacute; na h\u0159i&scaron;t\u011b. Ta&scaron;ka je vybavena ikonick&yacute;mi funkcemi, kter&eacute; zn&aacute;te a milujete, jako je kapsa na m&iacute;\u010dky a nosn&yacute; syst&eacute;m Fit-Disk, spolu s kapsami pro rychl&yacute; p\u0159&iacute;stup. Py&scaron;n&iacute; se prvot\u0159&iacute;dn&iacute; organizac&iacute; a v&yacute;razn&yacute;mi barevn&yacute;mi odst&iacute;ny, na golfov&eacute;m h\u0159i&scaron;ti ur\u010dit\u011b vyniknete. Vlastnosti  4-sm\u011brn&yacute; vrch po cel&eacute; d&eacute;lce pro tradi\u010dn&iacute; organizaci va&scaron;eho d\u0159eva, \u017eelez a putteru 6 p\u0159edn&iacute;ch kapes v\u010detn\u011b kapsy s rychl&yacute;m p\u0159&iacute;stupem na m&iacute;\u010dky Kapsa na cennosti a kapsa na l&aacute;hev s odtokov&yacute;m otvorem Kapsa na m&iacute;\u010dky s n&iacute;zk&yacute;m profilem Dr\u017e&aacute;k na de&scaron;tn&iacute;ky Dvojit&yacute; ramenn&iacute; popruh tvarovan&yacute; z p\u011bny s uzav\u0159en&yacute;mi bu\u0148kami se samovyva\u017eovac&iacute;m syst&eacute;mem popruh\u016f Fit Disc N&aacute;&scaron;ivka na rukavice na such&yacute; zip Dr\u017e&aacute;k na ru\u010dn&iacute;k Dr\u017e&aacute;k na pera<br \/>\nBarva podle v\u00fdrobce: Black Sport<br \/>\nZem\u011b p\u016fvodu: \u010c\u00edna<br \/>\nHmotnost: 2,2 kg<br \/>\nRozm\u011bry: 92,5 x 34,5 x 25,5 cm<br \/>\nV\u011bkov\u00e1 skupina: Dosp\u011bl\u00fd<br \/>\nPohlav\u00ed: Unisex<br \/>\nPo\u010det komor pro hole: 4slo\u017ekov\u00fd<br \/>\nBarva: Modr\u00e1<\/p>\n","protected":false},"excerpt":{"rendered":"<p>Stand bag FUSE je lehk&aacute; a z&aacute;bavn&aacute; mo\u017enost p\u0159en&aacute;&scaron;en&iacute; va&scaron;eho vybaven&iacute; na h\u0159i&scaron;t\u011b. Ta&scaron;ka je vybavena ikonick&yacute;mi funkcemi, kter&eacute; zn&aacute;te a milujete, jako je kapsa na m&iacute;\u010dky a nosn&yacute; syst&eacute;m Fit-Disk, spolu s kapsami pro rychl&yacute; p\u0159&iacute;stup. Py&scaron;n&iacute; se prvot\u0159&iacute;dn&iacute; organizac&iacute; a v&yacute;razn&yacute;mi barevn&yacute;mi odst&iacute;ny, na golfov&eacute;m h\u0159i&scaron;ti ur\u010dit\u011b vyniknete. Vlastnosti 4-sm\u011brn&yacute; vrch po cel&eacute; [&hellip;]<\/p>\n","protected":false},"featured_media":38532,"comment_status":"closed","ping_status":"open","template":"","meta":{"_acf_changed":false,"_monsterinsights_skip_tracking":false,"_monsterinsights_sitenote_active":false,"_monsterinsights_sitenote_note":"","_monsterinsights_sitenote_category":0},"pwb-brand":[75],"product_brand":[],"product_cat":[76,150],"product_tag":[],"class_list":{"0":"post-38531","1":"product","2":"type-product","3":"status-publish","4":"has-post-thumbnail","6":"pwb-brand-ogio","7":"product_cat-golfove-bagy","8":"product_cat-golfove-stand-bagy","9":"pa_barva-modra","10":"pa_pohlavi-unisex","11":"pa_vek-dospeli","13":"first","14":"instock","15":"sale","16":"product-type-external"},"acf":[],"yoast_head":"<!-- This site is optimized with the Yoast SEO plugin v27.4 - https:\/\/yoast.com\/product\/yoast-seo-wordpress\/ -->\n<title>Ogio Fuse Stand Bag Black Sport za 4 823 K\u010d skladem - Jamkovi\u0161t\u011b<\/title>\n<meta name=\"description\" content=\"Ogio Fuse Stand Bag Black Sport za skv\u011blou cenu 4 823 K\u010d skladem \u2714\ufe0f ihned k odesl\u00e1n\u00ed.\" \/>\n<meta name=\"robots\" content=\"index, follow, max-snippet:-1, max-image-preview:large, max-video-preview:-1\" \/>\n<link rel=\"canonical\" href=\"https:\/\/www.jamkoviste.cz\/obchod\/produkt\/ogio-fuse-stand-bag-black-sport\/\" \/>\n<meta property=\"og:locale\" content=\"cs_CZ\" \/>\n<meta property=\"og:type\" content=\"article\" \/>\n<meta property=\"og:title\" content=\"Ogio Fuse Stand Bag Black Sport za 4 823 K\u010d skladem - Jamkovi\u0161t\u011b\" \/>\n<meta property=\"og:description\" content=\"Ogio Fuse Stand Bag Black Sport za skv\u011blou cenu 4 823 K\u010d skladem \u2714\ufe0f ihned k odesl\u00e1n\u00ed.\" \/>\n<meta property=\"og:url\" content=\"https:\/\/www.jamkoviste.cz\/obchod\/produkt\/ogio-fuse-stand-bag-black-sport\/\" \/>\n<meta property=\"og:site_name\" content=\"Jamkovi\u0161t\u011b\" \/>\n<meta property=\"og:image\" content=\"https:\/\/www.jamkoviste.cz\/obchod\/wp-content\/uploads\/2024\/04\/main_952a3b1b.jpg\" \/>\n\t<meta property=\"og:image:width\" content=\"800\" \/>\n\t<meta property=\"og:image:height\" content=\"715\" \/>\n\t<meta property=\"og:image:type\" content=\"image\/jpeg\" \/>\n<meta name=\"twitter:card\" content=\"summary_large_image\" \/>\n<meta name=\"twitter:label1\" content=\"Odhadovan\u00e1 doba \u010dten\u00ed\" \/>\n\t<meta name=\"twitter:data1\" content=\"1 minuta\" \/>\n<script type=\"application\/ld+json\" class=\"yoast-schema-graph\">{\"@context\":\"https:\\\/\\\/schema.org\",\"@graph\":[{\"@type\":\"WebPage\",\"@id\":\"https:\\\/\\\/www.jamkoviste.cz\\\/obchod\\\/produkt\\\/ogio-fuse-stand-bag-black-sport\\\/\",\"url\":\"https:\\\/\\\/www.jamkoviste.cz\\\/obchod\\\/produkt\\\/ogio-fuse-stand-bag-black-sport\\\/\",\"name\":\"Ogio Fuse Stand Bag Black Sport za 4 823 K\u010d skladem - Jamkovi\u0161t\u011b\",\"isPartOf\":{\"@id\":\"https:\\\/\\\/www.jamkoviste.cz\\\/obchod\\\/#website\"},\"primaryImageOfPage\":{\"@id\":\"https:\\\/\\\/www.jamkoviste.cz\\\/obchod\\\/produkt\\\/ogio-fuse-stand-bag-black-sport\\\/#primaryimage\"},\"image\":{\"@id\":\"https:\\\/\\\/www.jamkoviste.cz\\\/obchod\\\/produkt\\\/ogio-fuse-stand-bag-black-sport\\\/#primaryimage\"},\"thumbnailUrl\":\"https:\\\/\\\/www.jamkoviste.cz\\\/obchod\\\/wp-content\\\/uploads\\\/2024\\\/04\\\/main_952a3b1b.jpg\",\"datePublished\":\"2025-11-06T23:30:55+00:00\",\"description\":\"Ogio Fuse Stand Bag Black Sport za skv\u011blou cenu 4 823 K\u010d skladem \u2714\ufe0f ihned k odesl\u00e1n\u00ed.\",\"breadcrumb\":{\"@id\":\"https:\\\/\\\/www.jamkoviste.cz\\\/obchod\\\/produkt\\\/ogio-fuse-stand-bag-black-sport\\\/#breadcrumb\"},\"inLanguage\":\"cs\",\"potentialAction\":[{\"@type\":\"ReadAction\",\"target\":[\"https:\\\/\\\/www.jamkoviste.cz\\\/obchod\\\/produkt\\\/ogio-fuse-stand-bag-black-sport\\\/\"]}]},{\"@type\":\"ImageObject\",\"inLanguage\":\"cs\",\"@id\":\"https:\\\/\\\/www.jamkoviste.cz\\\/obchod\\\/produkt\\\/ogio-fuse-stand-bag-black-sport\\\/#primaryimage\",\"url\":\"https:\\\/\\\/www.jamkoviste.cz\\\/obchod\\\/wp-content\\\/uploads\\\/2024\\\/04\\\/main_952a3b1b.jpg\",\"contentUrl\":\"https:\\\/\\\/www.jamkoviste.cz\\\/obchod\\\/wp-content\\\/uploads\\\/2024\\\/04\\\/main_952a3b1b.jpg\",\"width\":800,\"height\":715},{\"@type\":\"BreadcrumbList\",\"@id\":\"https:\\\/\\\/www.jamkoviste.cz\\\/obchod\\\/produkt\\\/ogio-fuse-stand-bag-black-sport\\\/#breadcrumb\",\"itemListElement\":[{\"@type\":\"ListItem\",\"position\":1,\"name\":\"Dom\u016f\",\"item\":\"https:\\\/\\\/www.jamkoviste.cz\\\/obchod\\\/\"},{\"@type\":\"ListItem\",\"position\":2,\"name\":\"Obchod\",\"item\":\"https:\\\/\\\/www.jamkoviste.cz\\\/obchod\\\/?page_id=6\"},{\"@type\":\"ListItem\",\"position\":3,\"name\":\"Ogio Fuse Stand Bag Black Sport\"}]},{\"@type\":\"WebSite\",\"@id\":\"https:\\\/\\\/www.jamkoviste.cz\\\/obchod\\\/#website\",\"url\":\"https:\\\/\\\/www.jamkoviste.cz\\\/obchod\\\/\",\"name\":\"Jamkovi\u0161t\u011b\",\"description\":\"V\u00fdb\u011br t\u011bch nejlep\u0161\u00edch golfov\u00fdch produkt\u016f\",\"publisher\":{\"@id\":\"https:\\\/\\\/www.jamkoviste.cz\\\/obchod\\\/#organization\"},\"potentialAction\":[{\"@type\":\"SearchAction\",\"target\":{\"@type\":\"EntryPoint\",\"urlTemplate\":\"https:\\\/\\\/www.jamkoviste.cz\\\/obchod\\\/?s={search_term_string}\"},\"query-input\":{\"@type\":\"PropertyValueSpecification\",\"valueRequired\":true,\"valueName\":\"search_term_string\"}}],\"inLanguage\":\"cs\"},{\"@type\":\"Organization\",\"@id\":\"https:\\\/\\\/www.jamkoviste.cz\\\/obchod\\\/#organization\",\"name\":\"Jamkovi\u0161t\u011b\",\"url\":\"https:\\\/\\\/www.jamkoviste.cz\\\/obchod\\\/\",\"logo\":{\"@type\":\"ImageObject\",\"inLanguage\":\"cs\",\"@id\":\"https:\\\/\\\/www.jamkoviste.cz\\\/obchod\\\/#\\\/schema\\\/logo\\\/image\\\/\",\"url\":\"https:\\\/\\\/www.jamkoviste.cz\\\/obchod\\\/wp-content\\\/uploads\\\/2021\\\/03\\\/cropped-logo.png\",\"contentUrl\":\"https:\\\/\\\/www.jamkoviste.cz\\\/obchod\\\/wp-content\\\/uploads\\\/2021\\\/03\\\/cropped-logo.png\",\"width\":351,\"height\":82,\"caption\":\"Jamkovi\u0161t\u011b\"},\"image\":{\"@id\":\"https:\\\/\\\/www.jamkoviste.cz\\\/obchod\\\/#\\\/schema\\\/logo\\\/image\\\/\"}}]}<\/script>\n<!-- \/ Yoast SEO plugin. -->","yoast_head_json":{"title":"Ogio Fuse Stand Bag Black Sport za 4 823 K\u010d skladem - Jamkovi\u0161t\u011b","description":"Ogio Fuse Stand Bag Black Sport za skv\u011blou cenu 4 823 K\u010d skladem \u2714\ufe0f ihned k odesl\u00e1n\u00ed.","robots":{"index":"index","follow":"follow","max-snippet":"max-snippet:-1","max-image-preview":"max-image-preview:large","max-video-preview":"max-video-preview:-1"},"canonical":"https:\/\/www.jamkoviste.cz\/obchod\/produkt\/ogio-fuse-stand-bag-black-sport\/","og_locale":"cs_CZ","og_type":"article","og_title":"Ogio Fuse Stand Bag Black Sport za 4 823 K\u010d skladem - Jamkovi\u0161t\u011b","og_description":"Ogio Fuse Stand Bag Black Sport za skv\u011blou cenu 4 823 K\u010d skladem \u2714\ufe0f ihned k odesl\u00e1n\u00ed.","og_url":"https:\/\/www.jamkoviste.cz\/obchod\/produkt\/ogio-fuse-stand-bag-black-sport\/","og_site_name":"Jamkovi\u0161t\u011b","og_image":[{"width":800,"height":715,"url":"https:\/\/www.jamkoviste.cz\/obchod\/wp-content\/uploads\/2024\/04\/main_952a3b1b.jpg","type":"image\/jpeg"}],"twitter_card":"summary_large_image","twitter_misc":{"Odhadovan\u00e1 doba \u010dten\u00ed":"1 minuta"},"schema":{"@context":"https:\/\/schema.org","@graph":[{"@type":"WebPage","@id":"https:\/\/www.jamkoviste.cz\/obchod\/produkt\/ogio-fuse-stand-bag-black-sport\/","url":"https:\/\/www.jamkoviste.cz\/obchod\/produkt\/ogio-fuse-stand-bag-black-sport\/","name":"Ogio Fuse Stand Bag Black Sport za 4 823 K\u010d skladem - Jamkovi\u0161t\u011b","isPartOf":{"@id":"https:\/\/www.jamkoviste.cz\/obchod\/#website"},"primaryImageOfPage":{"@id":"https:\/\/www.jamkoviste.cz\/obchod\/produkt\/ogio-fuse-stand-bag-black-sport\/#primaryimage"},"image":{"@id":"https:\/\/www.jamkoviste.cz\/obchod\/produkt\/ogio-fuse-stand-bag-black-sport\/#primaryimage"},"thumbnailUrl":"https:\/\/www.jamkoviste.cz\/obchod\/wp-content\/uploads\/2024\/04\/main_952a3b1b.jpg","datePublished":"2025-11-06T23:30:55+00:00","description":"Ogio Fuse Stand Bag Black Sport za skv\u011blou cenu 4 823 K\u010d skladem \u2714\ufe0f ihned k odesl\u00e1n\u00ed.","breadcrumb":{"@id":"https:\/\/www.jamkoviste.cz\/obchod\/produkt\/ogio-fuse-stand-bag-black-sport\/#breadcrumb"},"inLanguage":"cs","potentialAction":[{"@type":"ReadAction","target":["https:\/\/www.jamkoviste.cz\/obchod\/produkt\/ogio-fuse-stand-bag-black-sport\/"]}]},{"@type":"ImageObject","inLanguage":"cs","@id":"https:\/\/www.jamkoviste.cz\/obchod\/produkt\/ogio-fuse-stand-bag-black-sport\/#primaryimage","url":"https:\/\/www.jamkoviste.cz\/obchod\/wp-content\/uploads\/2024\/04\/main_952a3b1b.jpg","contentUrl":"https:\/\/www.jamkoviste.cz\/obchod\/wp-content\/uploads\/2024\/04\/main_952a3b1b.jpg","width":800,"height":715},{"@type":"BreadcrumbList","@id":"https:\/\/www.jamkoviste.cz\/obchod\/produkt\/ogio-fuse-stand-bag-black-sport\/#breadcrumb","itemListElement":[{"@type":"ListItem","position":1,"name":"Dom\u016f","item":"https:\/\/www.jamkoviste.cz\/obchod\/"},{"@type":"ListItem","position":2,"name":"Obchod","item":"https:\/\/www.jamkoviste.cz\/obchod\/?page_id=6"},{"@type":"ListItem","position":3,"name":"Ogio Fuse Stand Bag Black Sport"}]},{"@type":"WebSite","@id":"https:\/\/www.jamkoviste.cz\/obchod\/#website","url":"https:\/\/www.jamkoviste.cz\/obchod\/","name":"Jamkovi\u0161t\u011b","description":"V\u00fdb\u011br t\u011bch nejlep\u0161\u00edch golfov\u00fdch produkt\u016f","publisher":{"@id":"https:\/\/www.jamkoviste.cz\/obchod\/#organization"},"potentialAction":[{"@type":"SearchAction","target":{"@type":"EntryPoint","urlTemplate":"https:\/\/www.jamkoviste.cz\/obchod\/?s={search_term_string}"},"query-input":{"@type":"PropertyValueSpecification","valueRequired":true,"valueName":"search_term_string"}}],"inLanguage":"cs"},{"@type":"Organization","@id":"https:\/\/www.jamkoviste.cz\/obchod\/#organization","name":"Jamkovi\u0161t\u011b","url":"https:\/\/www.jamkoviste.cz\/obchod\/","logo":{"@type":"ImageObject","inLanguage":"cs","@id":"https:\/\/www.jamkoviste.cz\/obchod\/#\/schema\/logo\/image\/","url":"https:\/\/www.jamkoviste.cz\/obchod\/wp-content\/uploads\/2021\/03\/cropped-logo.png","contentUrl":"https:\/\/www.jamkoviste.cz\/obchod\/wp-content\/uploads\/2021\/03\/cropped-logo.png","width":351,"height":82,"caption":"Jamkovi\u0161t\u011b"},"image":{"@id":"https:\/\/www.jamkoviste.cz\/obchod\/#\/schema\/logo\/image\/"}}]}},"brands":[{"id":75,"name":"Ogio","slug":"ogio"}],"_links":{"self":[{"href":"https:\/\/www.jamkoviste.cz\/obchod\/wp-json\/wp\/v2\/product\/38531","targetHints":{"allow":["GET"]}}],"collection":[{"href":"https:\/\/www.jamkoviste.cz\/obchod\/wp-json\/wp\/v2\/product"}],"about":[{"href":"https:\/\/www.jamkoviste.cz\/obchod\/wp-json\/wp\/v2\/types\/product"}],"replies":[{"embeddable":true,"href":"https:\/\/www.jamkoviste.cz\/obchod\/wp-json\/wp\/v2\/comments?post=38531"}],"wp:featuredmedia":[{"embeddable":true,"href":"https:\/\/www.jamkoviste.cz\/obchod\/wp-json\/wp\/v2\/media\/38532"}],"wp:attachment":[{"href":"https:\/\/www.jamkoviste.cz\/obchod\/wp-json\/wp\/v2\/media?parent=38531"}],"wp:term":[{"taxonomy":"pwb-brand","embeddable":true,"href":"https:\/\/www.jamkoviste.cz\/obchod\/wp-json\/wp\/v2\/pwb-brand?post=38531"},{"taxonomy":"product_brand","embeddable":true,"href":"https:\/\/www.jamkoviste.cz\/obchod\/wp-json\/wp\/v2\/product_brand?post=38531"},{"taxonomy":"product_cat","embeddable":true,"href":"https:\/\/www.jamkoviste.cz\/obchod\/wp-json\/wp\/v2\/product_cat?post=38531"},{"taxonomy":"product_tag","embeddable":true,"href":"https:\/\/www.jamkoviste.cz\/obchod\/wp-json\/wp\/v2\/product_tag?post=38531"}],"curies":[{"name":"wp","href":"https:\/\/api.w.org\/{rel}","templated":true}]}}