{"id":42907,"date":"2025-11-07T00:37:30","date_gmt":"2025-11-06T23:37:30","guid":{"rendered":"https:\/\/www.jamkoviste.cz\/obchod\/produkt\/taylormade-flextech-carry-sage-orange-print-stand-bag\/"},"modified":"2025-11-07T00:37:30","modified_gmt":"2025-11-06T23:37:30","slug":"taylormade-flextech-carry-stand-bag-sage-orange-print","status":"publish","type":"product","link":"https:\/\/www.jamkoviste.cz\/obchod\/produkt\/taylormade-flextech-carry-stand-bag-sage-orange-print\/","title":{"rendered":"TaylorMade Flextech Carry Stand Bag Sage\/Orange Print"},"content":{"rendered":"<p>Pro ty, kte\u0159&iacute; miluj&iacute; hru v jej&iacute; nej\u010dist&scaron;&iacute; podob\u011b, nen&iacute; hez\u010d&iacute;ho pocitu ne\u017e rytmick&eacute; klep&aacute;n&iacute; hol&iacute; na z&aacute;dech a pocit tr&aacute;vy pod nohama. To je d\u016fvod, pro\u010d jsme si dali z&aacute;le\u017eet na ka\u017ed&eacute;m detailu t&eacute;to lehk&eacute; ta&scaron;ky, aby v&aacute;m pomohla proj&iacute;t celou hrou v pohodl&iacute; a bez omezen&iacute;. Leg Lock Technology  Technologie Leg Lock vyu\u017e&iacute;v&aacute; strategicky um&iacute;st\u011bn&yacute;ch magnet\u016f, kter&eacute; zaji&scaron;\u0165uj&iacute;, \u017ee nohy na ta&scaron;ce zapadnou na m&iacute;sto b\u011bhem ch\u016fze. Jsou dokonale vylad\u011bny tak, aby zachovaly struktur&aacute;ln&iacute; integritu, p\u0159i\u010dem\u017e se rychle a snadno uvoln&iacute;, kdy\u017e ta&scaron;ku polo\u017e&iacute;te. Tento inovativn&iacute; design byl vytvo\u0159en s c&iacute;lem zlep&scaron;it z&aacute;\u017eitek z ch\u016fze.  3-sm\u011brn&yacute; vrch  P\u0159isp&iacute;v&aacute; k celkov&eacute;mu lehk&eacute;mu profilu ta&scaron;ky a z&aacute;rove\u0148 v&aacute;m pom&aacute;h&aacute; efektivn\u011b organizovat hole.  Kapsa na l&aacute;hev s vodou  Snadno p\u0159&iacute;stupn&aacute; kapsa na l&aacute;hev s vodou usnad\u0148uje hydrataci b\u011bhem ch\u016fze. Je ergonomicky navr\u017eena tak, abyste p\u0159i ch\u016fzi dos&aacute;hli na l&aacute;hev, ani\u017e byste se museli zastavit a sundat ta&scaron;ku ze zad.<br \/>\nHmotnost: 1,4 kg<br \/>\nZem\u011b p\u016fvodu: \u010c\u00edna<br \/>\nPo\u010det komor pro hole: 3slo\u017ekov\u00fd<br \/>\nBarva podle v\u00fdrobce: Sage\/Orange Print<br \/>\nPohlav\u00ed: Unisex<br \/>\nBarva: Zelen\u00e1<br \/>\nNepromokav\u00e9: Ne<br \/>\nV\u011bkov\u00e1 skupina: Dosp\u011bl\u00fd<\/p>\n","protected":false},"excerpt":{"rendered":"<p>Pro ty, kte\u0159&iacute; miluj&iacute; hru v jej&iacute; nej\u010dist&scaron;&iacute; podob\u011b, nen&iacute; hez\u010d&iacute;ho pocitu ne\u017e rytmick&eacute; klep&aacute;n&iacute; hol&iacute; na z&aacute;dech a pocit tr&aacute;vy pod nohama. To je d\u016fvod, pro\u010d jsme si dali z&aacute;le\u017eet na ka\u017ed&eacute;m detailu t&eacute;to lehk&eacute; ta&scaron;ky, aby v&aacute;m pomohla proj&iacute;t celou hrou v pohodl&iacute; a bez omezen&iacute;. Leg Lock Technology Technologie Leg Lock vyu\u017e&iacute;v&aacute; [&hellip;]<\/p>\n","protected":false},"featured_media":42908,"comment_status":"closed","ping_status":"open","template":"","meta":{"_acf_changed":false,"_monsterinsights_skip_tracking":false,"_monsterinsights_sitenote_active":false,"_monsterinsights_sitenote_note":"","_monsterinsights_sitenote_category":0},"pwb-brand":[29],"product_brand":[],"product_cat":[76,150],"product_tag":[],"class_list":{"0":"post-42907","1":"product","2":"type-product","3":"status-publish","4":"has-post-thumbnail","6":"pwb-brand-taylormade","7":"product_cat-golfove-bagy","8":"product_cat-golfove-stand-bagy","9":"pa_barva-zelena","10":"pa_pohlavi-unisex","11":"pa_vek-dospeli","13":"first","14":"instock","15":"sale","16":"product-type-external"},"acf":[],"yoast_head":"<!-- This site is optimized with the Yoast SEO plugin v27.4 - https:\/\/yoast.com\/product\/yoast-seo-wordpress\/ -->\n<title>TaylorMade Flextech Carry Stand Bag Sage\/Orange Print za 4 080 K\u010d skladem - Jamkovi\u0161t\u011b<\/title>\n<meta name=\"description\" content=\"TaylorMade Flextech Carry Stand Bag Sage\/Orange Print za skv\u011blou cenu 4 080 K\u010d skladem \u2714\ufe0f ihned k odesl\u00e1n\u00ed.\" \/>\n<meta name=\"robots\" content=\"index, follow, max-snippet:-1, max-image-preview:large, max-video-preview:-1\" \/>\n<link rel=\"canonical\" href=\"https:\/\/www.jamkoviste.cz\/obchod\/produkt\/taylormade-flextech-carry-stand-bag-sage-orange-print\/\" \/>\n<meta property=\"og:locale\" content=\"cs_CZ\" \/>\n<meta property=\"og:type\" content=\"article\" \/>\n<meta property=\"og:title\" content=\"TaylorMade Flextech Carry Stand Bag Sage\/Orange Print za 4 080 K\u010d skladem - Jamkovi\u0161t\u011b\" \/>\n<meta property=\"og:description\" content=\"TaylorMade Flextech Carry Stand Bag Sage\/Orange Print za skv\u011blou cenu 4 080 K\u010d skladem \u2714\ufe0f ihned k odesl\u00e1n\u00ed.\" \/>\n<meta property=\"og:url\" content=\"https:\/\/www.jamkoviste.cz\/obchod\/produkt\/taylormade-flextech-carry-stand-bag-sage-orange-print\/\" \/>\n<meta property=\"og:site_name\" content=\"Jamkovi\u0161t\u011b\" \/>\n<meta property=\"og:image\" content=\"https:\/\/www.jamkoviste.cz\/obchod\/wp-content\/uploads\/2024\/06\/main_c6826b97.jpeg\" \/>\n\t<meta property=\"og:image:width\" content=\"1432\" \/>\n\t<meta property=\"og:image:height\" content=\"1600\" \/>\n\t<meta property=\"og:image:type\" content=\"image\/jpeg\" \/>\n<meta name=\"twitter:card\" content=\"summary_large_image\" \/>\n<meta name=\"twitter:label1\" content=\"Odhadovan\u00e1 doba \u010dten\u00ed\" \/>\n\t<meta name=\"twitter:data1\" content=\"1 minuta\" \/>\n<script type=\"application\/ld+json\" class=\"yoast-schema-graph\">{\"@context\":\"https:\\\/\\\/schema.org\",\"@graph\":[{\"@type\":\"WebPage\",\"@id\":\"https:\\\/\\\/www.jamkoviste.cz\\\/obchod\\\/produkt\\\/taylormade-flextech-carry-stand-bag-sage-orange-print\\\/\",\"url\":\"https:\\\/\\\/www.jamkoviste.cz\\\/obchod\\\/produkt\\\/taylormade-flextech-carry-stand-bag-sage-orange-print\\\/\",\"name\":\"TaylorMade Flextech Carry Stand Bag Sage\\\/Orange Print za 4 080 K\u010d skladem - Jamkovi\u0161t\u011b\",\"isPartOf\":{\"@id\":\"https:\\\/\\\/www.jamkoviste.cz\\\/obchod\\\/#website\"},\"primaryImageOfPage\":{\"@id\":\"https:\\\/\\\/www.jamkoviste.cz\\\/obchod\\\/produkt\\\/taylormade-flextech-carry-stand-bag-sage-orange-print\\\/#primaryimage\"},\"image\":{\"@id\":\"https:\\\/\\\/www.jamkoviste.cz\\\/obchod\\\/produkt\\\/taylormade-flextech-carry-stand-bag-sage-orange-print\\\/#primaryimage\"},\"thumbnailUrl\":\"https:\\\/\\\/www.jamkoviste.cz\\\/obchod\\\/wp-content\\\/uploads\\\/2024\\\/06\\\/main_c6826b97.jpeg\",\"datePublished\":\"2025-11-06T23:37:30+00:00\",\"description\":\"TaylorMade Flextech Carry Stand Bag Sage\\\/Orange Print za skv\u011blou cenu 4 080 K\u010d skladem \u2714\ufe0f ihned k odesl\u00e1n\u00ed.\",\"breadcrumb\":{\"@id\":\"https:\\\/\\\/www.jamkoviste.cz\\\/obchod\\\/produkt\\\/taylormade-flextech-carry-stand-bag-sage-orange-print\\\/#breadcrumb\"},\"inLanguage\":\"cs\",\"potentialAction\":[{\"@type\":\"ReadAction\",\"target\":[\"https:\\\/\\\/www.jamkoviste.cz\\\/obchod\\\/produkt\\\/taylormade-flextech-carry-stand-bag-sage-orange-print\\\/\"]}]},{\"@type\":\"ImageObject\",\"inLanguage\":\"cs\",\"@id\":\"https:\\\/\\\/www.jamkoviste.cz\\\/obchod\\\/produkt\\\/taylormade-flextech-carry-stand-bag-sage-orange-print\\\/#primaryimage\",\"url\":\"https:\\\/\\\/www.jamkoviste.cz\\\/obchod\\\/wp-content\\\/uploads\\\/2024\\\/06\\\/main_c6826b97.jpeg\",\"contentUrl\":\"https:\\\/\\\/www.jamkoviste.cz\\\/obchod\\\/wp-content\\\/uploads\\\/2024\\\/06\\\/main_c6826b97.jpeg\",\"width\":1432,\"height\":1600},{\"@type\":\"BreadcrumbList\",\"@id\":\"https:\\\/\\\/www.jamkoviste.cz\\\/obchod\\\/produkt\\\/taylormade-flextech-carry-stand-bag-sage-orange-print\\\/#breadcrumb\",\"itemListElement\":[{\"@type\":\"ListItem\",\"position\":1,\"name\":\"Dom\u016f\",\"item\":\"https:\\\/\\\/www.jamkoviste.cz\\\/obchod\\\/\"},{\"@type\":\"ListItem\",\"position\":2,\"name\":\"Obchod\",\"item\":\"https:\\\/\\\/www.jamkoviste.cz\\\/obchod\\\/?page_id=6\"},{\"@type\":\"ListItem\",\"position\":3,\"name\":\"TaylorMade Flextech Carry Stand Bag Sage\\\/Orange Print\"}]},{\"@type\":\"WebSite\",\"@id\":\"https:\\\/\\\/www.jamkoviste.cz\\\/obchod\\\/#website\",\"url\":\"https:\\\/\\\/www.jamkoviste.cz\\\/obchod\\\/\",\"name\":\"Jamkovi\u0161t\u011b\",\"description\":\"V\u00fdb\u011br t\u011bch nejlep\u0161\u00edch golfov\u00fdch produkt\u016f\",\"publisher\":{\"@id\":\"https:\\\/\\\/www.jamkoviste.cz\\\/obchod\\\/#organization\"},\"potentialAction\":[{\"@type\":\"SearchAction\",\"target\":{\"@type\":\"EntryPoint\",\"urlTemplate\":\"https:\\\/\\\/www.jamkoviste.cz\\\/obchod\\\/?s={search_term_string}\"},\"query-input\":{\"@type\":\"PropertyValueSpecification\",\"valueRequired\":true,\"valueName\":\"search_term_string\"}}],\"inLanguage\":\"cs\"},{\"@type\":\"Organization\",\"@id\":\"https:\\\/\\\/www.jamkoviste.cz\\\/obchod\\\/#organization\",\"name\":\"Jamkovi\u0161t\u011b\",\"url\":\"https:\\\/\\\/www.jamkoviste.cz\\\/obchod\\\/\",\"logo\":{\"@type\":\"ImageObject\",\"inLanguage\":\"cs\",\"@id\":\"https:\\\/\\\/www.jamkoviste.cz\\\/obchod\\\/#\\\/schema\\\/logo\\\/image\\\/\",\"url\":\"https:\\\/\\\/www.jamkoviste.cz\\\/obchod\\\/wp-content\\\/uploads\\\/2021\\\/03\\\/cropped-logo.png\",\"contentUrl\":\"https:\\\/\\\/www.jamkoviste.cz\\\/obchod\\\/wp-content\\\/uploads\\\/2021\\\/03\\\/cropped-logo.png\",\"width\":351,\"height\":82,\"caption\":\"Jamkovi\u0161t\u011b\"},\"image\":{\"@id\":\"https:\\\/\\\/www.jamkoviste.cz\\\/obchod\\\/#\\\/schema\\\/logo\\\/image\\\/\"}}]}<\/script>\n<!-- \/ Yoast SEO plugin. -->","yoast_head_json":{"title":"TaylorMade Flextech Carry Stand Bag Sage\/Orange Print za 4 080 K\u010d skladem - Jamkovi\u0161t\u011b","description":"TaylorMade Flextech Carry Stand Bag Sage\/Orange Print za skv\u011blou cenu 4 080 K\u010d skladem \u2714\ufe0f ihned k odesl\u00e1n\u00ed.","robots":{"index":"index","follow":"follow","max-snippet":"max-snippet:-1","max-image-preview":"max-image-preview:large","max-video-preview":"max-video-preview:-1"},"canonical":"https:\/\/www.jamkoviste.cz\/obchod\/produkt\/taylormade-flextech-carry-stand-bag-sage-orange-print\/","og_locale":"cs_CZ","og_type":"article","og_title":"TaylorMade Flextech Carry Stand Bag Sage\/Orange Print za 4 080 K\u010d skladem - Jamkovi\u0161t\u011b","og_description":"TaylorMade Flextech Carry Stand Bag Sage\/Orange Print za skv\u011blou cenu 4 080 K\u010d skladem \u2714\ufe0f ihned k odesl\u00e1n\u00ed.","og_url":"https:\/\/www.jamkoviste.cz\/obchod\/produkt\/taylormade-flextech-carry-stand-bag-sage-orange-print\/","og_site_name":"Jamkovi\u0161t\u011b","og_image":[{"width":1432,"height":1600,"url":"https:\/\/www.jamkoviste.cz\/obchod\/wp-content\/uploads\/2024\/06\/main_c6826b97.jpeg","type":"image\/jpeg"}],"twitter_card":"summary_large_image","twitter_misc":{"Odhadovan\u00e1 doba \u010dten\u00ed":"1 minuta"},"schema":{"@context":"https:\/\/schema.org","@graph":[{"@type":"WebPage","@id":"https:\/\/www.jamkoviste.cz\/obchod\/produkt\/taylormade-flextech-carry-stand-bag-sage-orange-print\/","url":"https:\/\/www.jamkoviste.cz\/obchod\/produkt\/taylormade-flextech-carry-stand-bag-sage-orange-print\/","name":"TaylorMade Flextech Carry Stand Bag Sage\/Orange Print za 4 080 K\u010d skladem - Jamkovi\u0161t\u011b","isPartOf":{"@id":"https:\/\/www.jamkoviste.cz\/obchod\/#website"},"primaryImageOfPage":{"@id":"https:\/\/www.jamkoviste.cz\/obchod\/produkt\/taylormade-flextech-carry-stand-bag-sage-orange-print\/#primaryimage"},"image":{"@id":"https:\/\/www.jamkoviste.cz\/obchod\/produkt\/taylormade-flextech-carry-stand-bag-sage-orange-print\/#primaryimage"},"thumbnailUrl":"https:\/\/www.jamkoviste.cz\/obchod\/wp-content\/uploads\/2024\/06\/main_c6826b97.jpeg","datePublished":"2025-11-06T23:37:30+00:00","description":"TaylorMade Flextech Carry Stand Bag Sage\/Orange Print za skv\u011blou cenu 4 080 K\u010d skladem \u2714\ufe0f ihned k odesl\u00e1n\u00ed.","breadcrumb":{"@id":"https:\/\/www.jamkoviste.cz\/obchod\/produkt\/taylormade-flextech-carry-stand-bag-sage-orange-print\/#breadcrumb"},"inLanguage":"cs","potentialAction":[{"@type":"ReadAction","target":["https:\/\/www.jamkoviste.cz\/obchod\/produkt\/taylormade-flextech-carry-stand-bag-sage-orange-print\/"]}]},{"@type":"ImageObject","inLanguage":"cs","@id":"https:\/\/www.jamkoviste.cz\/obchod\/produkt\/taylormade-flextech-carry-stand-bag-sage-orange-print\/#primaryimage","url":"https:\/\/www.jamkoviste.cz\/obchod\/wp-content\/uploads\/2024\/06\/main_c6826b97.jpeg","contentUrl":"https:\/\/www.jamkoviste.cz\/obchod\/wp-content\/uploads\/2024\/06\/main_c6826b97.jpeg","width":1432,"height":1600},{"@type":"BreadcrumbList","@id":"https:\/\/www.jamkoviste.cz\/obchod\/produkt\/taylormade-flextech-carry-stand-bag-sage-orange-print\/#breadcrumb","itemListElement":[{"@type":"ListItem","position":1,"name":"Dom\u016f","item":"https:\/\/www.jamkoviste.cz\/obchod\/"},{"@type":"ListItem","position":2,"name":"Obchod","item":"https:\/\/www.jamkoviste.cz\/obchod\/?page_id=6"},{"@type":"ListItem","position":3,"name":"TaylorMade Flextech Carry Stand Bag Sage\/Orange Print"}]},{"@type":"WebSite","@id":"https:\/\/www.jamkoviste.cz\/obchod\/#website","url":"https:\/\/www.jamkoviste.cz\/obchod\/","name":"Jamkovi\u0161t\u011b","description":"V\u00fdb\u011br t\u011bch nejlep\u0161\u00edch golfov\u00fdch produkt\u016f","publisher":{"@id":"https:\/\/www.jamkoviste.cz\/obchod\/#organization"},"potentialAction":[{"@type":"SearchAction","target":{"@type":"EntryPoint","urlTemplate":"https:\/\/www.jamkoviste.cz\/obchod\/?s={search_term_string}"},"query-input":{"@type":"PropertyValueSpecification","valueRequired":true,"valueName":"search_term_string"}}],"inLanguage":"cs"},{"@type":"Organization","@id":"https:\/\/www.jamkoviste.cz\/obchod\/#organization","name":"Jamkovi\u0161t\u011b","url":"https:\/\/www.jamkoviste.cz\/obchod\/","logo":{"@type":"ImageObject","inLanguage":"cs","@id":"https:\/\/www.jamkoviste.cz\/obchod\/#\/schema\/logo\/image\/","url":"https:\/\/www.jamkoviste.cz\/obchod\/wp-content\/uploads\/2021\/03\/cropped-logo.png","contentUrl":"https:\/\/www.jamkoviste.cz\/obchod\/wp-content\/uploads\/2021\/03\/cropped-logo.png","width":351,"height":82,"caption":"Jamkovi\u0161t\u011b"},"image":{"@id":"https:\/\/www.jamkoviste.cz\/obchod\/#\/schema\/logo\/image\/"}}]}},"brands":[{"id":29,"name":"TaylorMade","slug":"taylormade"}],"_links":{"self":[{"href":"https:\/\/www.jamkoviste.cz\/obchod\/wp-json\/wp\/v2\/product\/42907","targetHints":{"allow":["GET"]}}],"collection":[{"href":"https:\/\/www.jamkoviste.cz\/obchod\/wp-json\/wp\/v2\/product"}],"about":[{"href":"https:\/\/www.jamkoviste.cz\/obchod\/wp-json\/wp\/v2\/types\/product"}],"replies":[{"embeddable":true,"href":"https:\/\/www.jamkoviste.cz\/obchod\/wp-json\/wp\/v2\/comments?post=42907"}],"wp:featuredmedia":[{"embeddable":true,"href":"https:\/\/www.jamkoviste.cz\/obchod\/wp-json\/wp\/v2\/media\/42908"}],"wp:attachment":[{"href":"https:\/\/www.jamkoviste.cz\/obchod\/wp-json\/wp\/v2\/media?parent=42907"}],"wp:term":[{"taxonomy":"pwb-brand","embeddable":true,"href":"https:\/\/www.jamkoviste.cz\/obchod\/wp-json\/wp\/v2\/pwb-brand?post=42907"},{"taxonomy":"product_brand","embeddable":true,"href":"https:\/\/www.jamkoviste.cz\/obchod\/wp-json\/wp\/v2\/product_brand?post=42907"},{"taxonomy":"product_cat","embeddable":true,"href":"https:\/\/www.jamkoviste.cz\/obchod\/wp-json\/wp\/v2\/product_cat?post=42907"},{"taxonomy":"product_tag","embeddable":true,"href":"https:\/\/www.jamkoviste.cz\/obchod\/wp-json\/wp\/v2\/product_tag?post=42907"}],"curies":[{"name":"wp","href":"https:\/\/api.w.org\/{rel}","templated":true}]}}