{"id":43776,"date":"2025-11-07T00:08:21","date_gmt":"2025-11-06T23:08:21","guid":{"rendered":"https:\/\/www.jamkoviste.cz\/obchod\/produkt\/cobra-golf-fly-xl-prava-ruka-ocel-regular-golfovy-set\/"},"modified":"2025-11-07T00:08:22","modified_gmt":"2025-11-06T23:08:22","slug":"cobra-golf-fly-xl-blue-white-prava-ruka-ocel-regular-standard-golfovy-set","status":"publish","type":"product","link":"https:\/\/www.jamkoviste.cz\/obchod\/produkt\/cobra-golf-fly-xl-blue-white-prava-ruka-ocel-regular-standard-golfovy-set\/","title":{"rendered":"Cobra Golf Fly XL Blue\/White Prav\u00e1 ruka Ocel Regular Standard Golfov\u00fd set"},"content":{"rendered":"<p>Tato sada je ide\u00e1ln\u00ed pro golfisty na v\u0161ech \u00farovn\u00edch, kte\u0159\u00ed cht\u011bj\u00ed vylep\u0161it svou hru.<br \/>\nPohlav\u00ed: P\u00e1nsk\u00e9<br \/>\nPo\u010det hol\u00ed: 10<br \/>\nV\u011bkov\u00e1 skupina: Dosp\u011bl\u00fd<br \/>\nShaft: Ocel<br \/>\nPreferovan\u00e1 ruka: Prav\u00e1 ruka<br \/>\nSlo\u017een\u00ed setu: Putter;5H;5 FW;Driver 10,5\u00b0;6-PWSW<br \/>\nFlex: Regular<br \/>\nBarva podle v\u00fdrobce: Blue\/White<br \/>\nD\u00e9lka shaftu: Standard<br \/>\nZem\u011b p\u016fvodu: \u010c\u00edna<br \/>\nTyp bagu:  Cart bag<\/p>\n","protected":false},"excerpt":{"rendered":"<p>Tato sada je ide\u00e1ln\u00ed pro golfisty na v\u0161ech \u00farovn\u00edch, kte\u0159\u00ed cht\u011bj\u00ed vylep\u0161it svou hru. Pohlav\u00ed: P\u00e1nsk\u00e9 Po\u010det hol\u00ed: 10 V\u011bkov\u00e1 skupina: Dosp\u011bl\u00fd Shaft: Ocel Preferovan\u00e1 ruka: Prav\u00e1 ruka Slo\u017een\u00ed setu: Putter;5H;5 FW;Driver 10,5\u00b0;6-PWSW Flex: Regular Barva podle v\u00fdrobce: Blue\/White D\u00e9lka shaftu: Standard Zem\u011b p\u016fvodu: \u010c\u00edna Typ bagu: Cart bag<\/p>\n","protected":false},"featured_media":43777,"comment_status":"closed","ping_status":"open","template":"","meta":{"_acf_changed":false,"_monsterinsights_skip_tracking":false,"_monsterinsights_sitenote_active":false,"_monsterinsights_sitenote_note":"","_monsterinsights_sitenote_category":0},"pwb-brand":[56],"product_brand":[],"product_cat":[115,137],"product_tag":[],"class_list":{"0":"post-43776","1":"product","2":"type-product","3":"status-publish","4":"has-post-thumbnail","6":"pwb-brand-cobra-golf","7":"product_cat-golfove-hole","8":"product_cat-kompletni-golfove-sety-golfove-hole","9":"pa_pohlavi-panske","10":"pa_vek-dospeli","12":"first","13":"instock","14":"product-type-external"},"acf":[],"yoast_head":"<!-- This site is optimized with the Yoast SEO plugin v27.4 - https:\/\/yoast.com\/product\/yoast-seo-wordpress\/ -->\n<title>Cobra Golf Fly XL Blue\/White Prav\u00e1 ruka Ocel Regular Standard Golfov\u00fd set za 16 290 K\u010d skladem - Jamkovi\u0161t\u011b<\/title>\n<meta name=\"description\" content=\"Cobra Golf Fly XL Blue\/White Prav\u00e1 ruka Ocel Regular Standard Golfov\u00fd set za skv\u011blou cenu 16 290 K\u010d skladem \u2714\ufe0f ihned k odesl\u00e1n\u00ed.\" \/>\n<meta name=\"robots\" content=\"index, follow, max-snippet:-1, max-image-preview:large, max-video-preview:-1\" \/>\n<link rel=\"canonical\" href=\"https:\/\/www.jamkoviste.cz\/obchod\/produkt\/cobra-golf-fly-xl-blue-white-prava-ruka-ocel-regular-standard-golfovy-set\/\" \/>\n<meta property=\"og:locale\" content=\"cs_CZ\" \/>\n<meta property=\"og:type\" content=\"article\" \/>\n<meta property=\"og:title\" content=\"Cobra Golf Fly XL Blue\/White Prav\u00e1 ruka Ocel Regular Standard Golfov\u00fd set za 16 290 K\u010d skladem - Jamkovi\u0161t\u011b\" \/>\n<meta property=\"og:description\" content=\"Cobra Golf Fly XL Blue\/White Prav\u00e1 ruka Ocel Regular Standard Golfov\u00fd set za skv\u011blou cenu 16 290 K\u010d skladem \u2714\ufe0f ihned k odesl\u00e1n\u00ed.\" \/>\n<meta property=\"og:url\" content=\"https:\/\/www.jamkoviste.cz\/obchod\/produkt\/cobra-golf-fly-xl-blue-white-prava-ruka-ocel-regular-standard-golfovy-set\/\" \/>\n<meta property=\"og:site_name\" content=\"Jamkovi\u0161t\u011b\" \/>\n<meta property=\"article:modified_time\" content=\"2025-11-06T23:08:22+00:00\" \/>\n<meta property=\"og:image\" content=\"https:\/\/www.jamkoviste.cz\/obchod\/wp-content\/uploads\/2024\/07\/main_12ce4a61.jpg\" \/>\n\t<meta property=\"og:image:width\" content=\"267\" \/>\n\t<meta property=\"og:image:height\" content=\"725\" \/>\n\t<meta property=\"og:image:type\" content=\"image\/jpeg\" \/>\n<meta name=\"twitter:card\" content=\"summary_large_image\" \/>\n<script type=\"application\/ld+json\" class=\"yoast-schema-graph\">{\"@context\":\"https:\\\/\\\/schema.org\",\"@graph\":[{\"@type\":\"WebPage\",\"@id\":\"https:\\\/\\\/www.jamkoviste.cz\\\/obchod\\\/produkt\\\/cobra-golf-fly-xl-blue-white-prava-ruka-ocel-regular-standard-golfovy-set\\\/\",\"url\":\"https:\\\/\\\/www.jamkoviste.cz\\\/obchod\\\/produkt\\\/cobra-golf-fly-xl-blue-white-prava-ruka-ocel-regular-standard-golfovy-set\\\/\",\"name\":\"Cobra Golf Fly XL Blue\\\/White Prav\u00e1 ruka Ocel Regular Standard Golfov\u00fd set za 16 290 K\u010d skladem - Jamkovi\u0161t\u011b\",\"isPartOf\":{\"@id\":\"https:\\\/\\\/www.jamkoviste.cz\\\/obchod\\\/#website\"},\"primaryImageOfPage\":{\"@id\":\"https:\\\/\\\/www.jamkoviste.cz\\\/obchod\\\/produkt\\\/cobra-golf-fly-xl-blue-white-prava-ruka-ocel-regular-standard-golfovy-set\\\/#primaryimage\"},\"image\":{\"@id\":\"https:\\\/\\\/www.jamkoviste.cz\\\/obchod\\\/produkt\\\/cobra-golf-fly-xl-blue-white-prava-ruka-ocel-regular-standard-golfovy-set\\\/#primaryimage\"},\"thumbnailUrl\":\"https:\\\/\\\/www.jamkoviste.cz\\\/obchod\\\/wp-content\\\/uploads\\\/2024\\\/07\\\/main_12ce4a61.jpg\",\"datePublished\":\"2025-11-06T23:08:21+00:00\",\"dateModified\":\"2025-11-06T23:08:22+00:00\",\"description\":\"Cobra Golf Fly XL Blue\\\/White Prav\u00e1 ruka Ocel Regular Standard Golfov\u00fd set za skv\u011blou cenu 16 290 K\u010d skladem \u2714\ufe0f ihned k odesl\u00e1n\u00ed.\",\"breadcrumb\":{\"@id\":\"https:\\\/\\\/www.jamkoviste.cz\\\/obchod\\\/produkt\\\/cobra-golf-fly-xl-blue-white-prava-ruka-ocel-regular-standard-golfovy-set\\\/#breadcrumb\"},\"inLanguage\":\"cs\",\"potentialAction\":[{\"@type\":\"ReadAction\",\"target\":[\"https:\\\/\\\/www.jamkoviste.cz\\\/obchod\\\/produkt\\\/cobra-golf-fly-xl-blue-white-prava-ruka-ocel-regular-standard-golfovy-set\\\/\"]}]},{\"@type\":\"ImageObject\",\"inLanguage\":\"cs\",\"@id\":\"https:\\\/\\\/www.jamkoviste.cz\\\/obchod\\\/produkt\\\/cobra-golf-fly-xl-blue-white-prava-ruka-ocel-regular-standard-golfovy-set\\\/#primaryimage\",\"url\":\"https:\\\/\\\/www.jamkoviste.cz\\\/obchod\\\/wp-content\\\/uploads\\\/2024\\\/07\\\/main_12ce4a61.jpg\",\"contentUrl\":\"https:\\\/\\\/www.jamkoviste.cz\\\/obchod\\\/wp-content\\\/uploads\\\/2024\\\/07\\\/main_12ce4a61.jpg\",\"width\":267,\"height\":725},{\"@type\":\"BreadcrumbList\",\"@id\":\"https:\\\/\\\/www.jamkoviste.cz\\\/obchod\\\/produkt\\\/cobra-golf-fly-xl-blue-white-prava-ruka-ocel-regular-standard-golfovy-set\\\/#breadcrumb\",\"itemListElement\":[{\"@type\":\"ListItem\",\"position\":1,\"name\":\"Dom\u016f\",\"item\":\"https:\\\/\\\/www.jamkoviste.cz\\\/obchod\\\/\"},{\"@type\":\"ListItem\",\"position\":2,\"name\":\"Obchod\",\"item\":\"https:\\\/\\\/www.jamkoviste.cz\\\/obchod\\\/?page_id=6\"},{\"@type\":\"ListItem\",\"position\":3,\"name\":\"Cobra Golf Fly XL Blue\\\/White Prav\u00e1 ruka Ocel Regular Standard Golfov\u00fd set\"}]},{\"@type\":\"WebSite\",\"@id\":\"https:\\\/\\\/www.jamkoviste.cz\\\/obchod\\\/#website\",\"url\":\"https:\\\/\\\/www.jamkoviste.cz\\\/obchod\\\/\",\"name\":\"Jamkovi\u0161t\u011b\",\"description\":\"V\u00fdb\u011br t\u011bch nejlep\u0161\u00edch golfov\u00fdch produkt\u016f\",\"publisher\":{\"@id\":\"https:\\\/\\\/www.jamkoviste.cz\\\/obchod\\\/#organization\"},\"potentialAction\":[{\"@type\":\"SearchAction\",\"target\":{\"@type\":\"EntryPoint\",\"urlTemplate\":\"https:\\\/\\\/www.jamkoviste.cz\\\/obchod\\\/?s={search_term_string}\"},\"query-input\":{\"@type\":\"PropertyValueSpecification\",\"valueRequired\":true,\"valueName\":\"search_term_string\"}}],\"inLanguage\":\"cs\"},{\"@type\":\"Organization\",\"@id\":\"https:\\\/\\\/www.jamkoviste.cz\\\/obchod\\\/#organization\",\"name\":\"Jamkovi\u0161t\u011b\",\"url\":\"https:\\\/\\\/www.jamkoviste.cz\\\/obchod\\\/\",\"logo\":{\"@type\":\"ImageObject\",\"inLanguage\":\"cs\",\"@id\":\"https:\\\/\\\/www.jamkoviste.cz\\\/obchod\\\/#\\\/schema\\\/logo\\\/image\\\/\",\"url\":\"https:\\\/\\\/www.jamkoviste.cz\\\/obchod\\\/wp-content\\\/uploads\\\/2021\\\/03\\\/cropped-logo.png\",\"contentUrl\":\"https:\\\/\\\/www.jamkoviste.cz\\\/obchod\\\/wp-content\\\/uploads\\\/2021\\\/03\\\/cropped-logo.png\",\"width\":351,\"height\":82,\"caption\":\"Jamkovi\u0161t\u011b\"},\"image\":{\"@id\":\"https:\\\/\\\/www.jamkoviste.cz\\\/obchod\\\/#\\\/schema\\\/logo\\\/image\\\/\"}}]}<\/script>\n<!-- \/ Yoast SEO plugin. -->","yoast_head_json":{"title":"Cobra Golf Fly XL Blue\/White Prav\u00e1 ruka Ocel Regular Standard Golfov\u00fd set za 16 290 K\u010d skladem - Jamkovi\u0161t\u011b","description":"Cobra Golf Fly XL Blue\/White Prav\u00e1 ruka Ocel Regular Standard Golfov\u00fd set za skv\u011blou cenu 16 290 K\u010d skladem \u2714\ufe0f ihned k odesl\u00e1n\u00ed.","robots":{"index":"index","follow":"follow","max-snippet":"max-snippet:-1","max-image-preview":"max-image-preview:large","max-video-preview":"max-video-preview:-1"},"canonical":"https:\/\/www.jamkoviste.cz\/obchod\/produkt\/cobra-golf-fly-xl-blue-white-prava-ruka-ocel-regular-standard-golfovy-set\/","og_locale":"cs_CZ","og_type":"article","og_title":"Cobra Golf Fly XL Blue\/White Prav\u00e1 ruka Ocel Regular Standard Golfov\u00fd set za 16 290 K\u010d skladem - Jamkovi\u0161t\u011b","og_description":"Cobra Golf Fly XL Blue\/White Prav\u00e1 ruka Ocel Regular Standard Golfov\u00fd set za skv\u011blou cenu 16 290 K\u010d skladem \u2714\ufe0f ihned k odesl\u00e1n\u00ed.","og_url":"https:\/\/www.jamkoviste.cz\/obchod\/produkt\/cobra-golf-fly-xl-blue-white-prava-ruka-ocel-regular-standard-golfovy-set\/","og_site_name":"Jamkovi\u0161t\u011b","article_modified_time":"2025-11-06T23:08:22+00:00","og_image":[{"width":267,"height":725,"url":"https:\/\/www.jamkoviste.cz\/obchod\/wp-content\/uploads\/2024\/07\/main_12ce4a61.jpg","type":"image\/jpeg"}],"twitter_card":"summary_large_image","schema":{"@context":"https:\/\/schema.org","@graph":[{"@type":"WebPage","@id":"https:\/\/www.jamkoviste.cz\/obchod\/produkt\/cobra-golf-fly-xl-blue-white-prava-ruka-ocel-regular-standard-golfovy-set\/","url":"https:\/\/www.jamkoviste.cz\/obchod\/produkt\/cobra-golf-fly-xl-blue-white-prava-ruka-ocel-regular-standard-golfovy-set\/","name":"Cobra Golf Fly XL Blue\/White Prav\u00e1 ruka Ocel Regular Standard Golfov\u00fd set za 16 290 K\u010d skladem - Jamkovi\u0161t\u011b","isPartOf":{"@id":"https:\/\/www.jamkoviste.cz\/obchod\/#website"},"primaryImageOfPage":{"@id":"https:\/\/www.jamkoviste.cz\/obchod\/produkt\/cobra-golf-fly-xl-blue-white-prava-ruka-ocel-regular-standard-golfovy-set\/#primaryimage"},"image":{"@id":"https:\/\/www.jamkoviste.cz\/obchod\/produkt\/cobra-golf-fly-xl-blue-white-prava-ruka-ocel-regular-standard-golfovy-set\/#primaryimage"},"thumbnailUrl":"https:\/\/www.jamkoviste.cz\/obchod\/wp-content\/uploads\/2024\/07\/main_12ce4a61.jpg","datePublished":"2025-11-06T23:08:21+00:00","dateModified":"2025-11-06T23:08:22+00:00","description":"Cobra Golf Fly XL Blue\/White Prav\u00e1 ruka Ocel Regular Standard Golfov\u00fd set za skv\u011blou cenu 16 290 K\u010d skladem \u2714\ufe0f ihned k odesl\u00e1n\u00ed.","breadcrumb":{"@id":"https:\/\/www.jamkoviste.cz\/obchod\/produkt\/cobra-golf-fly-xl-blue-white-prava-ruka-ocel-regular-standard-golfovy-set\/#breadcrumb"},"inLanguage":"cs","potentialAction":[{"@type":"ReadAction","target":["https:\/\/www.jamkoviste.cz\/obchod\/produkt\/cobra-golf-fly-xl-blue-white-prava-ruka-ocel-regular-standard-golfovy-set\/"]}]},{"@type":"ImageObject","inLanguage":"cs","@id":"https:\/\/www.jamkoviste.cz\/obchod\/produkt\/cobra-golf-fly-xl-blue-white-prava-ruka-ocel-regular-standard-golfovy-set\/#primaryimage","url":"https:\/\/www.jamkoviste.cz\/obchod\/wp-content\/uploads\/2024\/07\/main_12ce4a61.jpg","contentUrl":"https:\/\/www.jamkoviste.cz\/obchod\/wp-content\/uploads\/2024\/07\/main_12ce4a61.jpg","width":267,"height":725},{"@type":"BreadcrumbList","@id":"https:\/\/www.jamkoviste.cz\/obchod\/produkt\/cobra-golf-fly-xl-blue-white-prava-ruka-ocel-regular-standard-golfovy-set\/#breadcrumb","itemListElement":[{"@type":"ListItem","position":1,"name":"Dom\u016f","item":"https:\/\/www.jamkoviste.cz\/obchod\/"},{"@type":"ListItem","position":2,"name":"Obchod","item":"https:\/\/www.jamkoviste.cz\/obchod\/?page_id=6"},{"@type":"ListItem","position":3,"name":"Cobra Golf Fly XL Blue\/White Prav\u00e1 ruka Ocel Regular Standard Golfov\u00fd set"}]},{"@type":"WebSite","@id":"https:\/\/www.jamkoviste.cz\/obchod\/#website","url":"https:\/\/www.jamkoviste.cz\/obchod\/","name":"Jamkovi\u0161t\u011b","description":"V\u00fdb\u011br t\u011bch nejlep\u0161\u00edch golfov\u00fdch produkt\u016f","publisher":{"@id":"https:\/\/www.jamkoviste.cz\/obchod\/#organization"},"potentialAction":[{"@type":"SearchAction","target":{"@type":"EntryPoint","urlTemplate":"https:\/\/www.jamkoviste.cz\/obchod\/?s={search_term_string}"},"query-input":{"@type":"PropertyValueSpecification","valueRequired":true,"valueName":"search_term_string"}}],"inLanguage":"cs"},{"@type":"Organization","@id":"https:\/\/www.jamkoviste.cz\/obchod\/#organization","name":"Jamkovi\u0161t\u011b","url":"https:\/\/www.jamkoviste.cz\/obchod\/","logo":{"@type":"ImageObject","inLanguage":"cs","@id":"https:\/\/www.jamkoviste.cz\/obchod\/#\/schema\/logo\/image\/","url":"https:\/\/www.jamkoviste.cz\/obchod\/wp-content\/uploads\/2021\/03\/cropped-logo.png","contentUrl":"https:\/\/www.jamkoviste.cz\/obchod\/wp-content\/uploads\/2021\/03\/cropped-logo.png","width":351,"height":82,"caption":"Jamkovi\u0161t\u011b"},"image":{"@id":"https:\/\/www.jamkoviste.cz\/obchod\/#\/schema\/logo\/image\/"}}]}},"brands":[{"id":56,"name":"Cobra Golf","slug":"cobra-golf"}],"_links":{"self":[{"href":"https:\/\/www.jamkoviste.cz\/obchod\/wp-json\/wp\/v2\/product\/43776","targetHints":{"allow":["GET"]}}],"collection":[{"href":"https:\/\/www.jamkoviste.cz\/obchod\/wp-json\/wp\/v2\/product"}],"about":[{"href":"https:\/\/www.jamkoviste.cz\/obchod\/wp-json\/wp\/v2\/types\/product"}],"replies":[{"embeddable":true,"href":"https:\/\/www.jamkoviste.cz\/obchod\/wp-json\/wp\/v2\/comments?post=43776"}],"wp:featuredmedia":[{"embeddable":true,"href":"https:\/\/www.jamkoviste.cz\/obchod\/wp-json\/wp\/v2\/media\/43777"}],"wp:attachment":[{"href":"https:\/\/www.jamkoviste.cz\/obchod\/wp-json\/wp\/v2\/media?parent=43776"}],"wp:term":[{"taxonomy":"pwb-brand","embeddable":true,"href":"https:\/\/www.jamkoviste.cz\/obchod\/wp-json\/wp\/v2\/pwb-brand?post=43776"},{"taxonomy":"product_brand","embeddable":true,"href":"https:\/\/www.jamkoviste.cz\/obchod\/wp-json\/wp\/v2\/product_brand?post=43776"},{"taxonomy":"product_cat","embeddable":true,"href":"https:\/\/www.jamkoviste.cz\/obchod\/wp-json\/wp\/v2\/product_cat?post=43776"},{"taxonomy":"product_tag","embeddable":true,"href":"https:\/\/www.jamkoviste.cz\/obchod\/wp-json\/wp\/v2\/product_tag?post=43776"}],"curies":[{"name":"wp","href":"https:\/\/api.w.org\/{rel}","templated":true}]}}