{"id":45165,"date":"2025-11-07T00:08:07","date_gmt":"2025-11-06T23:08:07","guid":{"rendered":"https:\/\/www.jamkoviste.cz\/obchod\/produkt\/taylormade-distance-white-standard-golfove-micky\/"},"modified":"2025-11-07T00:08:08","modified_gmt":"2025-11-06T23:08:08","slug":"taylormade-distance-white-standard-golfove-micky","status":"publish","type":"product","link":"https:\/\/www.jamkoviste.cz\/obchod\/produkt\/taylormade-distance-white-standard-golfove-micky\/","title":{"rendered":"TaylorMade Distance+ White Standard Golfov\u00e9 m\u00ed\u010dky"},"content":{"rendered":"<p>Navr\u017eeno pro rychlost a lep&scaron;&iacute; vyrovn&aacute;n&iacute;<br \/>\nRychlostn&iacute; j&aacute;dro REACTTM<br \/>\nKomprese 77<br \/>\nAerodynamick&yacute; model 342<br \/>\nBarva podle v\u00fdrobce: White<br \/>\nVarianta: Standard<br \/>\nPo\u010det vrstev: 2<br \/>\nBarva: B\u00edl\u00e1<br \/>\nPohlav\u00ed: Unisex<br \/>\nZem\u011b p\u016fvodu: \u010c\u00edna<br \/>\nV\u011bkov\u00e1 skupina: Dosp\u011bl\u00fd<br \/>\nPo\u010det m\u00ed\u010dk\u016f v balen\u00ed: 12<br \/>\nS\u00e9rie: Distance+<\/p>\n","protected":false},"excerpt":{"rendered":"<p>Navr\u017eeno pro rychlost a lep&scaron;&iacute; vyrovn&aacute;n&iacute; Rychlostn&iacute; j&aacute;dro REACTTM Komprese 77 Aerodynamick&yacute; model 342 Barva podle v\u00fdrobce: White Varianta: Standard Po\u010det vrstev: 2 Barva: B\u00edl\u00e1 Pohlav\u00ed: Unisex Zem\u011b p\u016fvodu: \u010c\u00edna V\u011bkov\u00e1 skupina: Dosp\u011bl\u00fd Po\u010det m\u00ed\u010dk\u016f v balen\u00ed: 12 S\u00e9rie: Distance+<\/p>\n","protected":false},"featured_media":45166,"comment_status":"closed","ping_status":"open","template":"","meta":{"_acf_changed":false,"_monsterinsights_skip_tracking":false,"_monsterinsights_sitenote_active":false,"_monsterinsights_sitenote_note":"","_monsterinsights_sitenote_category":0},"pwb-brand":[29],"product_brand":[],"product_cat":[23,24],"product_tag":[],"class_list":{"0":"post-45165","1":"product","2":"type-product","3":"status-publish","4":"has-post-thumbnail","6":"pwb-brand-taylormade","7":"product_cat-golfove-micky","8":"product_cat-nove-golfove-mice","9":"pa_barva-bila","10":"pa_pohlavi-unisex","11":"pa_vek-dospeli","13":"first","14":"instock","15":"product-type-external"},"acf":[],"yoast_head":"<!-- This site is optimized with the Yoast SEO plugin v27.4 - https:\/\/yoast.com\/product\/yoast-seo-wordpress\/ -->\n<title>TaylorMade Distance+ White Standard Golfov\u00e9 m\u00ed\u010dky za 512 K\u010d skladem - Jamkovi\u0161t\u011b<\/title>\n<meta name=\"description\" content=\"TaylorMade Distance+ White Standard Golfov\u00e9 m\u00ed\u010dky za skv\u011blou cenu 512 K\u010d skladem \u2714\ufe0f ihned k odesl\u00e1n\u00ed.\" \/>\n<meta name=\"robots\" content=\"index, follow, max-snippet:-1, max-image-preview:large, max-video-preview:-1\" \/>\n<link rel=\"canonical\" href=\"https:\/\/www.jamkoviste.cz\/obchod\/produkt\/taylormade-distance-white-standard-golfove-micky\/\" \/>\n<meta property=\"og:locale\" content=\"cs_CZ\" \/>\n<meta property=\"og:type\" content=\"article\" \/>\n<meta property=\"og:title\" content=\"TaylorMade Distance+ White Standard Golfov\u00e9 m\u00ed\u010dky za 512 K\u010d skladem - Jamkovi\u0161t\u011b\" \/>\n<meta property=\"og:description\" content=\"TaylorMade Distance+ White Standard Golfov\u00e9 m\u00ed\u010dky za skv\u011blou cenu 512 K\u010d skladem \u2714\ufe0f ihned k odesl\u00e1n\u00ed.\" \/>\n<meta property=\"og:url\" content=\"https:\/\/www.jamkoviste.cz\/obchod\/produkt\/taylormade-distance-white-standard-golfove-micky\/\" \/>\n<meta property=\"og:site_name\" content=\"Jamkovi\u0161t\u011b\" \/>\n<meta property=\"article:modified_time\" content=\"2025-11-06T23:08:08+00:00\" \/>\n<meta property=\"og:image\" content=\"https:\/\/www.jamkoviste.cz\/obchod\/wp-content\/uploads\/2024\/08\/main_50de1ae5.jpg\" \/>\n\t<meta property=\"og:image:width\" content=\"800\" \/>\n\t<meta property=\"og:image:height\" content=\"634\" \/>\n\t<meta property=\"og:image:type\" content=\"image\/jpeg\" \/>\n<meta name=\"twitter:card\" content=\"summary_large_image\" \/>\n<script type=\"application\/ld+json\" class=\"yoast-schema-graph\">{\"@context\":\"https:\\\/\\\/schema.org\",\"@graph\":[{\"@type\":\"WebPage\",\"@id\":\"https:\\\/\\\/www.jamkoviste.cz\\\/obchod\\\/produkt\\\/taylormade-distance-white-standard-golfove-micky\\\/\",\"url\":\"https:\\\/\\\/www.jamkoviste.cz\\\/obchod\\\/produkt\\\/taylormade-distance-white-standard-golfove-micky\\\/\",\"name\":\"TaylorMade Distance+ White Standard Golfov\u00e9 m\u00ed\u010dky za 512 K\u010d skladem - Jamkovi\u0161t\u011b\",\"isPartOf\":{\"@id\":\"https:\\\/\\\/www.jamkoviste.cz\\\/obchod\\\/#website\"},\"primaryImageOfPage\":{\"@id\":\"https:\\\/\\\/www.jamkoviste.cz\\\/obchod\\\/produkt\\\/taylormade-distance-white-standard-golfove-micky\\\/#primaryimage\"},\"image\":{\"@id\":\"https:\\\/\\\/www.jamkoviste.cz\\\/obchod\\\/produkt\\\/taylormade-distance-white-standard-golfove-micky\\\/#primaryimage\"},\"thumbnailUrl\":\"https:\\\/\\\/www.jamkoviste.cz\\\/obchod\\\/wp-content\\\/uploads\\\/2024\\\/08\\\/main_50de1ae5.jpg\",\"datePublished\":\"2025-11-06T23:08:07+00:00\",\"dateModified\":\"2025-11-06T23:08:08+00:00\",\"description\":\"TaylorMade Distance+ White Standard Golfov\u00e9 m\u00ed\u010dky za skv\u011blou cenu 512 K\u010d skladem \u2714\ufe0f ihned k odesl\u00e1n\u00ed.\",\"breadcrumb\":{\"@id\":\"https:\\\/\\\/www.jamkoviste.cz\\\/obchod\\\/produkt\\\/taylormade-distance-white-standard-golfove-micky\\\/#breadcrumb\"},\"inLanguage\":\"cs\",\"potentialAction\":[{\"@type\":\"ReadAction\",\"target\":[\"https:\\\/\\\/www.jamkoviste.cz\\\/obchod\\\/produkt\\\/taylormade-distance-white-standard-golfove-micky\\\/\"]}]},{\"@type\":\"ImageObject\",\"inLanguage\":\"cs\",\"@id\":\"https:\\\/\\\/www.jamkoviste.cz\\\/obchod\\\/produkt\\\/taylormade-distance-white-standard-golfove-micky\\\/#primaryimage\",\"url\":\"https:\\\/\\\/www.jamkoviste.cz\\\/obchod\\\/wp-content\\\/uploads\\\/2024\\\/08\\\/main_50de1ae5.jpg\",\"contentUrl\":\"https:\\\/\\\/www.jamkoviste.cz\\\/obchod\\\/wp-content\\\/uploads\\\/2024\\\/08\\\/main_50de1ae5.jpg\",\"width\":800,\"height\":634},{\"@type\":\"BreadcrumbList\",\"@id\":\"https:\\\/\\\/www.jamkoviste.cz\\\/obchod\\\/produkt\\\/taylormade-distance-white-standard-golfove-micky\\\/#breadcrumb\",\"itemListElement\":[{\"@type\":\"ListItem\",\"position\":1,\"name\":\"Dom\u016f\",\"item\":\"https:\\\/\\\/www.jamkoviste.cz\\\/obchod\\\/\"},{\"@type\":\"ListItem\",\"position\":2,\"name\":\"Obchod\",\"item\":\"https:\\\/\\\/www.jamkoviste.cz\\\/obchod\\\/?page_id=6\"},{\"@type\":\"ListItem\",\"position\":3,\"name\":\"TaylorMade Distance+ White Standard Golfov\u00e9 m\u00ed\u010dky\"}]},{\"@type\":\"WebSite\",\"@id\":\"https:\\\/\\\/www.jamkoviste.cz\\\/obchod\\\/#website\",\"url\":\"https:\\\/\\\/www.jamkoviste.cz\\\/obchod\\\/\",\"name\":\"Jamkovi\u0161t\u011b\",\"description\":\"V\u00fdb\u011br t\u011bch nejlep\u0161\u00edch golfov\u00fdch produkt\u016f\",\"publisher\":{\"@id\":\"https:\\\/\\\/www.jamkoviste.cz\\\/obchod\\\/#organization\"},\"potentialAction\":[{\"@type\":\"SearchAction\",\"target\":{\"@type\":\"EntryPoint\",\"urlTemplate\":\"https:\\\/\\\/www.jamkoviste.cz\\\/obchod\\\/?s={search_term_string}\"},\"query-input\":{\"@type\":\"PropertyValueSpecification\",\"valueRequired\":true,\"valueName\":\"search_term_string\"}}],\"inLanguage\":\"cs\"},{\"@type\":\"Organization\",\"@id\":\"https:\\\/\\\/www.jamkoviste.cz\\\/obchod\\\/#organization\",\"name\":\"Jamkovi\u0161t\u011b\",\"url\":\"https:\\\/\\\/www.jamkoviste.cz\\\/obchod\\\/\",\"logo\":{\"@type\":\"ImageObject\",\"inLanguage\":\"cs\",\"@id\":\"https:\\\/\\\/www.jamkoviste.cz\\\/obchod\\\/#\\\/schema\\\/logo\\\/image\\\/\",\"url\":\"https:\\\/\\\/www.jamkoviste.cz\\\/obchod\\\/wp-content\\\/uploads\\\/2021\\\/03\\\/cropped-logo.png\",\"contentUrl\":\"https:\\\/\\\/www.jamkoviste.cz\\\/obchod\\\/wp-content\\\/uploads\\\/2021\\\/03\\\/cropped-logo.png\",\"width\":351,\"height\":82,\"caption\":\"Jamkovi\u0161t\u011b\"},\"image\":{\"@id\":\"https:\\\/\\\/www.jamkoviste.cz\\\/obchod\\\/#\\\/schema\\\/logo\\\/image\\\/\"}}]}<\/script>\n<!-- \/ Yoast SEO plugin. -->","yoast_head_json":{"title":"TaylorMade Distance+ White Standard Golfov\u00e9 m\u00ed\u010dky za 512 K\u010d skladem - Jamkovi\u0161t\u011b","description":"TaylorMade Distance+ White Standard Golfov\u00e9 m\u00ed\u010dky za skv\u011blou cenu 512 K\u010d skladem \u2714\ufe0f ihned k odesl\u00e1n\u00ed.","robots":{"index":"index","follow":"follow","max-snippet":"max-snippet:-1","max-image-preview":"max-image-preview:large","max-video-preview":"max-video-preview:-1"},"canonical":"https:\/\/www.jamkoviste.cz\/obchod\/produkt\/taylormade-distance-white-standard-golfove-micky\/","og_locale":"cs_CZ","og_type":"article","og_title":"TaylorMade Distance+ White Standard Golfov\u00e9 m\u00ed\u010dky za 512 K\u010d skladem - Jamkovi\u0161t\u011b","og_description":"TaylorMade Distance+ White Standard Golfov\u00e9 m\u00ed\u010dky za skv\u011blou cenu 512 K\u010d skladem \u2714\ufe0f ihned k odesl\u00e1n\u00ed.","og_url":"https:\/\/www.jamkoviste.cz\/obchod\/produkt\/taylormade-distance-white-standard-golfove-micky\/","og_site_name":"Jamkovi\u0161t\u011b","article_modified_time":"2025-11-06T23:08:08+00:00","og_image":[{"width":800,"height":634,"url":"https:\/\/www.jamkoviste.cz\/obchod\/wp-content\/uploads\/2024\/08\/main_50de1ae5.jpg","type":"image\/jpeg"}],"twitter_card":"summary_large_image","schema":{"@context":"https:\/\/schema.org","@graph":[{"@type":"WebPage","@id":"https:\/\/www.jamkoviste.cz\/obchod\/produkt\/taylormade-distance-white-standard-golfove-micky\/","url":"https:\/\/www.jamkoviste.cz\/obchod\/produkt\/taylormade-distance-white-standard-golfove-micky\/","name":"TaylorMade Distance+ White Standard Golfov\u00e9 m\u00ed\u010dky za 512 K\u010d skladem - Jamkovi\u0161t\u011b","isPartOf":{"@id":"https:\/\/www.jamkoviste.cz\/obchod\/#website"},"primaryImageOfPage":{"@id":"https:\/\/www.jamkoviste.cz\/obchod\/produkt\/taylormade-distance-white-standard-golfove-micky\/#primaryimage"},"image":{"@id":"https:\/\/www.jamkoviste.cz\/obchod\/produkt\/taylormade-distance-white-standard-golfove-micky\/#primaryimage"},"thumbnailUrl":"https:\/\/www.jamkoviste.cz\/obchod\/wp-content\/uploads\/2024\/08\/main_50de1ae5.jpg","datePublished":"2025-11-06T23:08:07+00:00","dateModified":"2025-11-06T23:08:08+00:00","description":"TaylorMade Distance+ White Standard Golfov\u00e9 m\u00ed\u010dky za skv\u011blou cenu 512 K\u010d skladem \u2714\ufe0f ihned k odesl\u00e1n\u00ed.","breadcrumb":{"@id":"https:\/\/www.jamkoviste.cz\/obchod\/produkt\/taylormade-distance-white-standard-golfove-micky\/#breadcrumb"},"inLanguage":"cs","potentialAction":[{"@type":"ReadAction","target":["https:\/\/www.jamkoviste.cz\/obchod\/produkt\/taylormade-distance-white-standard-golfove-micky\/"]}]},{"@type":"ImageObject","inLanguage":"cs","@id":"https:\/\/www.jamkoviste.cz\/obchod\/produkt\/taylormade-distance-white-standard-golfove-micky\/#primaryimage","url":"https:\/\/www.jamkoviste.cz\/obchod\/wp-content\/uploads\/2024\/08\/main_50de1ae5.jpg","contentUrl":"https:\/\/www.jamkoviste.cz\/obchod\/wp-content\/uploads\/2024\/08\/main_50de1ae5.jpg","width":800,"height":634},{"@type":"BreadcrumbList","@id":"https:\/\/www.jamkoviste.cz\/obchod\/produkt\/taylormade-distance-white-standard-golfove-micky\/#breadcrumb","itemListElement":[{"@type":"ListItem","position":1,"name":"Dom\u016f","item":"https:\/\/www.jamkoviste.cz\/obchod\/"},{"@type":"ListItem","position":2,"name":"Obchod","item":"https:\/\/www.jamkoviste.cz\/obchod\/?page_id=6"},{"@type":"ListItem","position":3,"name":"TaylorMade Distance+ White Standard Golfov\u00e9 m\u00ed\u010dky"}]},{"@type":"WebSite","@id":"https:\/\/www.jamkoviste.cz\/obchod\/#website","url":"https:\/\/www.jamkoviste.cz\/obchod\/","name":"Jamkovi\u0161t\u011b","description":"V\u00fdb\u011br t\u011bch nejlep\u0161\u00edch golfov\u00fdch produkt\u016f","publisher":{"@id":"https:\/\/www.jamkoviste.cz\/obchod\/#organization"},"potentialAction":[{"@type":"SearchAction","target":{"@type":"EntryPoint","urlTemplate":"https:\/\/www.jamkoviste.cz\/obchod\/?s={search_term_string}"},"query-input":{"@type":"PropertyValueSpecification","valueRequired":true,"valueName":"search_term_string"}}],"inLanguage":"cs"},{"@type":"Organization","@id":"https:\/\/www.jamkoviste.cz\/obchod\/#organization","name":"Jamkovi\u0161t\u011b","url":"https:\/\/www.jamkoviste.cz\/obchod\/","logo":{"@type":"ImageObject","inLanguage":"cs","@id":"https:\/\/www.jamkoviste.cz\/obchod\/#\/schema\/logo\/image\/","url":"https:\/\/www.jamkoviste.cz\/obchod\/wp-content\/uploads\/2021\/03\/cropped-logo.png","contentUrl":"https:\/\/www.jamkoviste.cz\/obchod\/wp-content\/uploads\/2021\/03\/cropped-logo.png","width":351,"height":82,"caption":"Jamkovi\u0161t\u011b"},"image":{"@id":"https:\/\/www.jamkoviste.cz\/obchod\/#\/schema\/logo\/image\/"}}]}},"brands":[{"id":29,"name":"TaylorMade","slug":"taylormade"}],"_links":{"self":[{"href":"https:\/\/www.jamkoviste.cz\/obchod\/wp-json\/wp\/v2\/product\/45165","targetHints":{"allow":["GET"]}}],"collection":[{"href":"https:\/\/www.jamkoviste.cz\/obchod\/wp-json\/wp\/v2\/product"}],"about":[{"href":"https:\/\/www.jamkoviste.cz\/obchod\/wp-json\/wp\/v2\/types\/product"}],"replies":[{"embeddable":true,"href":"https:\/\/www.jamkoviste.cz\/obchod\/wp-json\/wp\/v2\/comments?post=45165"}],"wp:featuredmedia":[{"embeddable":true,"href":"https:\/\/www.jamkoviste.cz\/obchod\/wp-json\/wp\/v2\/media\/45166"}],"wp:attachment":[{"href":"https:\/\/www.jamkoviste.cz\/obchod\/wp-json\/wp\/v2\/media?parent=45165"}],"wp:term":[{"taxonomy":"pwb-brand","embeddable":true,"href":"https:\/\/www.jamkoviste.cz\/obchod\/wp-json\/wp\/v2\/pwb-brand?post=45165"},{"taxonomy":"product_brand","embeddable":true,"href":"https:\/\/www.jamkoviste.cz\/obchod\/wp-json\/wp\/v2\/product_brand?post=45165"},{"taxonomy":"product_cat","embeddable":true,"href":"https:\/\/www.jamkoviste.cz\/obchod\/wp-json\/wp\/v2\/product_cat?post=45165"},{"taxonomy":"product_tag","embeddable":true,"href":"https:\/\/www.jamkoviste.cz\/obchod\/wp-json\/wp\/v2\/product_tag?post=45165"}],"curies":[{"name":"wp","href":"https:\/\/api.w.org\/{rel}","templated":true}]}}