{"id":45566,"date":"2025-11-07T00:23:35","date_gmt":"2025-11-06T23:23:35","guid":{"rendered":"https:\/\/www.jamkoviste.cz\/obchod\/produkt\/volvik-bull-dog-golfove-micky\/"},"modified":"2025-11-07T00:23:38","modified_gmt":"2025-11-06T23:23:38","slug":"volvik-bull-dog-golfove-micky","status":"publish","type":"product","link":"https:\/\/www.jamkoviste.cz\/obchod\/produkt\/volvik-bull-dog-golfove-micky\/","title":{"rendered":"Volvik Bull Dog Golfov\u00e9 m\u00ed\u010dky"},"content":{"rendered":"<p>Kombinace v&yacute;konu a stylu pro v&aacute;&scaron;niv&eacute;ho golfistu. Tato sada, navr\u017een&aacute; spole\u010dnost&iacute; Volvik, kter&aacute; je zn&aacute;m&aacute; inovativn&iacute;m designem golfov&yacute;ch m&iacute;\u010dk\u016f, se m\u016f\u017ee pochlubit jedine\u010dnou kombinac&iacute; technologie a estetiky.  Ka\u017ed&yacute; m&iacute;\u010dek v balen&iacute; je vyroben s preciznost&iacute; s vyu\u017eit&iacute;m nejmodern\u011bj&scaron;&iacute;ch materi&aacute;l\u016f a konstruk\u010dn&iacute;ch technik pro zlep&scaron;en&iacute; vzd&aacute;lenosti, p\u0159esnosti a kontroly na h\u0159i&scaron;ti. M&iacute;\u010dky jsou vybaveny odoln&yacute;m, vysoce v&yacute;konn&yacute;m krytem, kter&yacute; optimalizuje rychlost rotace a poskytuje vynikaj&iacute;c&iacute; greenside kontrolu, co\u017e umo\u017e\u0148uje golfist\u016fm s jistotou vylep&scaron;it sv&eacute; &uacute;dery. D&iacute;ky sv&yacute;m z&aacute;\u0159iv&yacute;m barv&aacute;m a v&yacute;jime\u010dn&eacute;mu vzhledu jsou tyto golfov&eacute; m&iacute;\u010dky nejen vysoce v&yacute;konn&eacute;, ale tak&eacute; poutav&eacute; na ferveji. A\u0165 u\u017e chcete zlep&scaron;it svoji hru nebo jednodu&scaron;e vyniknout na h\u0159i&scaron;ti, tato sada je d\u016fkazem kvality, stylu a funk\u010dnosti ve sv\u011bt\u011b golfov&yacute;ch dopl\u0148k\u016f.<br \/>\nBarva: B\u00edl\u00e1;\u010cerven\u00e1<br \/>\nPo\u010det vrstev: 3<br \/>\nPo\u010det m\u00ed\u010dk\u016f v balen\u00ed: 4<br \/>\nPohlav\u00ed: Unisex<\/p>\n","protected":false},"excerpt":{"rendered":"<p>Kombinace v&yacute;konu a stylu pro v&aacute;&scaron;niv&eacute;ho golfistu. Tato sada, navr\u017een&aacute; spole\u010dnost&iacute; Volvik, kter&aacute; je zn&aacute;m&aacute; inovativn&iacute;m designem golfov&yacute;ch m&iacute;\u010dk\u016f, se m\u016f\u017ee pochlubit jedine\u010dnou kombinac&iacute; technologie a estetiky. Ka\u017ed&yacute; m&iacute;\u010dek v balen&iacute; je vyroben s preciznost&iacute; s vyu\u017eit&iacute;m nejmodern\u011bj&scaron;&iacute;ch materi&aacute;l\u016f a konstruk\u010dn&iacute;ch technik pro zlep&scaron;en&iacute; vzd&aacute;lenosti, p\u0159esnosti a kontroly na h\u0159i&scaron;ti. M&iacute;\u010dky jsou vybaveny odoln&yacute;m, vysoce [&hellip;]<\/p>\n","protected":false},"featured_media":45567,"comment_status":"closed","ping_status":"open","template":"","meta":{"_acf_changed":false,"_monsterinsights_skip_tracking":false,"_monsterinsights_sitenote_active":false,"_monsterinsights_sitenote_note":"","_monsterinsights_sitenote_category":0},"pwb-brand":[22],"product_brand":[],"product_cat":[23,24],"product_tag":[],"class_list":{"0":"post-45566","1":"product","2":"type-product","3":"status-publish","4":"has-post-thumbnail","6":"pwb-brand-volvik","7":"product_cat-golfove-micky","8":"product_cat-nove-golfove-mice","9":"pa_barva-red-white","10":"pa_pohlavi-unisex","12":"first","13":"instock","14":"product-type-external"},"acf":[],"yoast_head":"<!-- This site is optimized with the Yoast SEO plugin v27.4 - https:\/\/yoast.com\/product\/yoast-seo-wordpress\/ -->\n<title>Volvik Bull Dog Golfov\u00e9 m\u00ed\u010dky za 635 K\u010d skladem - Jamkovi\u0161t\u011b<\/title>\n<meta name=\"description\" content=\"Volvik Bull Dog Golfov\u00e9 m\u00ed\u010dky za skv\u011blou cenu 635 K\u010d skladem \u2714\ufe0f ihned k odesl\u00e1n\u00ed.\" \/>\n<meta name=\"robots\" content=\"index, follow, max-snippet:-1, max-image-preview:large, max-video-preview:-1\" \/>\n<link rel=\"canonical\" href=\"https:\/\/www.jamkoviste.cz\/obchod\/produkt\/volvik-bull-dog-golfove-micky\/\" \/>\n<meta property=\"og:locale\" content=\"cs_CZ\" \/>\n<meta property=\"og:type\" content=\"article\" \/>\n<meta property=\"og:title\" content=\"Volvik Bull Dog Golfov\u00e9 m\u00ed\u010dky za 635 K\u010d skladem - Jamkovi\u0161t\u011b\" \/>\n<meta property=\"og:description\" content=\"Volvik Bull Dog Golfov\u00e9 m\u00ed\u010dky za skv\u011blou cenu 635 K\u010d skladem \u2714\ufe0f ihned k odesl\u00e1n\u00ed.\" \/>\n<meta property=\"og:url\" content=\"https:\/\/www.jamkoviste.cz\/obchod\/produkt\/volvik-bull-dog-golfove-micky\/\" \/>\n<meta property=\"og:site_name\" content=\"Jamkovi\u0161t\u011b\" \/>\n<meta property=\"article:modified_time\" content=\"2025-11-06T23:23:38+00:00\" \/>\n<meta property=\"og:image\" content=\"https:\/\/www.jamkoviste.cz\/obchod\/wp-content\/uploads\/2024\/08\/main_437230eb.jpg\" \/>\n\t<meta property=\"og:image:width\" content=\"800\" \/>\n\t<meta property=\"og:image:height\" content=\"602\" \/>\n\t<meta property=\"og:image:type\" content=\"image\/jpeg\" \/>\n<meta name=\"twitter:card\" content=\"summary_large_image\" \/>\n<meta name=\"twitter:label1\" content=\"Odhadovan\u00e1 doba \u010dten\u00ed\" \/>\n\t<meta name=\"twitter:data1\" content=\"1 minuta\" \/>\n<script type=\"application\/ld+json\" class=\"yoast-schema-graph\">{\"@context\":\"https:\\\/\\\/schema.org\",\"@graph\":[{\"@type\":\"WebPage\",\"@id\":\"https:\\\/\\\/www.jamkoviste.cz\\\/obchod\\\/produkt\\\/volvik-bull-dog-golfove-micky\\\/\",\"url\":\"https:\\\/\\\/www.jamkoviste.cz\\\/obchod\\\/produkt\\\/volvik-bull-dog-golfove-micky\\\/\",\"name\":\"Volvik Bull Dog Golfov\u00e9 m\u00ed\u010dky za 635 K\u010d skladem - Jamkovi\u0161t\u011b\",\"isPartOf\":{\"@id\":\"https:\\\/\\\/www.jamkoviste.cz\\\/obchod\\\/#website\"},\"primaryImageOfPage\":{\"@id\":\"https:\\\/\\\/www.jamkoviste.cz\\\/obchod\\\/produkt\\\/volvik-bull-dog-golfove-micky\\\/#primaryimage\"},\"image\":{\"@id\":\"https:\\\/\\\/www.jamkoviste.cz\\\/obchod\\\/produkt\\\/volvik-bull-dog-golfove-micky\\\/#primaryimage\"},\"thumbnailUrl\":\"https:\\\/\\\/www.jamkoviste.cz\\\/obchod\\\/wp-content\\\/uploads\\\/2024\\\/08\\\/main_437230eb.jpg\",\"datePublished\":\"2025-11-06T23:23:35+00:00\",\"dateModified\":\"2025-11-06T23:23:38+00:00\",\"description\":\"Volvik Bull Dog Golfov\u00e9 m\u00ed\u010dky za skv\u011blou cenu 635 K\u010d skladem \u2714\ufe0f ihned k odesl\u00e1n\u00ed.\",\"breadcrumb\":{\"@id\":\"https:\\\/\\\/www.jamkoviste.cz\\\/obchod\\\/produkt\\\/volvik-bull-dog-golfove-micky\\\/#breadcrumb\"},\"inLanguage\":\"cs\",\"potentialAction\":[{\"@type\":\"ReadAction\",\"target\":[\"https:\\\/\\\/www.jamkoviste.cz\\\/obchod\\\/produkt\\\/volvik-bull-dog-golfove-micky\\\/\"]}]},{\"@type\":\"ImageObject\",\"inLanguage\":\"cs\",\"@id\":\"https:\\\/\\\/www.jamkoviste.cz\\\/obchod\\\/produkt\\\/volvik-bull-dog-golfove-micky\\\/#primaryimage\",\"url\":\"https:\\\/\\\/www.jamkoviste.cz\\\/obchod\\\/wp-content\\\/uploads\\\/2024\\\/08\\\/main_437230eb.jpg\",\"contentUrl\":\"https:\\\/\\\/www.jamkoviste.cz\\\/obchod\\\/wp-content\\\/uploads\\\/2024\\\/08\\\/main_437230eb.jpg\",\"width\":800,\"height\":602},{\"@type\":\"BreadcrumbList\",\"@id\":\"https:\\\/\\\/www.jamkoviste.cz\\\/obchod\\\/produkt\\\/volvik-bull-dog-golfove-micky\\\/#breadcrumb\",\"itemListElement\":[{\"@type\":\"ListItem\",\"position\":1,\"name\":\"Dom\u016f\",\"item\":\"https:\\\/\\\/www.jamkoviste.cz\\\/obchod\\\/\"},{\"@type\":\"ListItem\",\"position\":2,\"name\":\"Obchod\",\"item\":\"https:\\\/\\\/www.jamkoviste.cz\\\/obchod\\\/?page_id=6\"},{\"@type\":\"ListItem\",\"position\":3,\"name\":\"Volvik Bull Dog Golfov\u00e9 m\u00ed\u010dky\"}]},{\"@type\":\"WebSite\",\"@id\":\"https:\\\/\\\/www.jamkoviste.cz\\\/obchod\\\/#website\",\"url\":\"https:\\\/\\\/www.jamkoviste.cz\\\/obchod\\\/\",\"name\":\"Jamkovi\u0161t\u011b\",\"description\":\"V\u00fdb\u011br t\u011bch nejlep\u0161\u00edch golfov\u00fdch produkt\u016f\",\"publisher\":{\"@id\":\"https:\\\/\\\/www.jamkoviste.cz\\\/obchod\\\/#organization\"},\"potentialAction\":[{\"@type\":\"SearchAction\",\"target\":{\"@type\":\"EntryPoint\",\"urlTemplate\":\"https:\\\/\\\/www.jamkoviste.cz\\\/obchod\\\/?s={search_term_string}\"},\"query-input\":{\"@type\":\"PropertyValueSpecification\",\"valueRequired\":true,\"valueName\":\"search_term_string\"}}],\"inLanguage\":\"cs\"},{\"@type\":\"Organization\",\"@id\":\"https:\\\/\\\/www.jamkoviste.cz\\\/obchod\\\/#organization\",\"name\":\"Jamkovi\u0161t\u011b\",\"url\":\"https:\\\/\\\/www.jamkoviste.cz\\\/obchod\\\/\",\"logo\":{\"@type\":\"ImageObject\",\"inLanguage\":\"cs\",\"@id\":\"https:\\\/\\\/www.jamkoviste.cz\\\/obchod\\\/#\\\/schema\\\/logo\\\/image\\\/\",\"url\":\"https:\\\/\\\/www.jamkoviste.cz\\\/obchod\\\/wp-content\\\/uploads\\\/2021\\\/03\\\/cropped-logo.png\",\"contentUrl\":\"https:\\\/\\\/www.jamkoviste.cz\\\/obchod\\\/wp-content\\\/uploads\\\/2021\\\/03\\\/cropped-logo.png\",\"width\":351,\"height\":82,\"caption\":\"Jamkovi\u0161t\u011b\"},\"image\":{\"@id\":\"https:\\\/\\\/www.jamkoviste.cz\\\/obchod\\\/#\\\/schema\\\/logo\\\/image\\\/\"}}]}<\/script>\n<!-- \/ Yoast SEO plugin. -->","yoast_head_json":{"title":"Volvik Bull Dog Golfov\u00e9 m\u00ed\u010dky za 635 K\u010d skladem - Jamkovi\u0161t\u011b","description":"Volvik Bull Dog Golfov\u00e9 m\u00ed\u010dky za skv\u011blou cenu 635 K\u010d skladem \u2714\ufe0f ihned k odesl\u00e1n\u00ed.","robots":{"index":"index","follow":"follow","max-snippet":"max-snippet:-1","max-image-preview":"max-image-preview:large","max-video-preview":"max-video-preview:-1"},"canonical":"https:\/\/www.jamkoviste.cz\/obchod\/produkt\/volvik-bull-dog-golfove-micky\/","og_locale":"cs_CZ","og_type":"article","og_title":"Volvik Bull Dog Golfov\u00e9 m\u00ed\u010dky za 635 K\u010d skladem - Jamkovi\u0161t\u011b","og_description":"Volvik Bull Dog Golfov\u00e9 m\u00ed\u010dky za skv\u011blou cenu 635 K\u010d skladem \u2714\ufe0f ihned k odesl\u00e1n\u00ed.","og_url":"https:\/\/www.jamkoviste.cz\/obchod\/produkt\/volvik-bull-dog-golfove-micky\/","og_site_name":"Jamkovi\u0161t\u011b","article_modified_time":"2025-11-06T23:23:38+00:00","og_image":[{"width":800,"height":602,"url":"https:\/\/www.jamkoviste.cz\/obchod\/wp-content\/uploads\/2024\/08\/main_437230eb.jpg","type":"image\/jpeg"}],"twitter_card":"summary_large_image","twitter_misc":{"Odhadovan\u00e1 doba \u010dten\u00ed":"1 minuta"},"schema":{"@context":"https:\/\/schema.org","@graph":[{"@type":"WebPage","@id":"https:\/\/www.jamkoviste.cz\/obchod\/produkt\/volvik-bull-dog-golfove-micky\/","url":"https:\/\/www.jamkoviste.cz\/obchod\/produkt\/volvik-bull-dog-golfove-micky\/","name":"Volvik Bull Dog Golfov\u00e9 m\u00ed\u010dky za 635 K\u010d skladem - Jamkovi\u0161t\u011b","isPartOf":{"@id":"https:\/\/www.jamkoviste.cz\/obchod\/#website"},"primaryImageOfPage":{"@id":"https:\/\/www.jamkoviste.cz\/obchod\/produkt\/volvik-bull-dog-golfove-micky\/#primaryimage"},"image":{"@id":"https:\/\/www.jamkoviste.cz\/obchod\/produkt\/volvik-bull-dog-golfove-micky\/#primaryimage"},"thumbnailUrl":"https:\/\/www.jamkoviste.cz\/obchod\/wp-content\/uploads\/2024\/08\/main_437230eb.jpg","datePublished":"2025-11-06T23:23:35+00:00","dateModified":"2025-11-06T23:23:38+00:00","description":"Volvik Bull Dog Golfov\u00e9 m\u00ed\u010dky za skv\u011blou cenu 635 K\u010d skladem \u2714\ufe0f ihned k odesl\u00e1n\u00ed.","breadcrumb":{"@id":"https:\/\/www.jamkoviste.cz\/obchod\/produkt\/volvik-bull-dog-golfove-micky\/#breadcrumb"},"inLanguage":"cs","potentialAction":[{"@type":"ReadAction","target":["https:\/\/www.jamkoviste.cz\/obchod\/produkt\/volvik-bull-dog-golfove-micky\/"]}]},{"@type":"ImageObject","inLanguage":"cs","@id":"https:\/\/www.jamkoviste.cz\/obchod\/produkt\/volvik-bull-dog-golfove-micky\/#primaryimage","url":"https:\/\/www.jamkoviste.cz\/obchod\/wp-content\/uploads\/2024\/08\/main_437230eb.jpg","contentUrl":"https:\/\/www.jamkoviste.cz\/obchod\/wp-content\/uploads\/2024\/08\/main_437230eb.jpg","width":800,"height":602},{"@type":"BreadcrumbList","@id":"https:\/\/www.jamkoviste.cz\/obchod\/produkt\/volvik-bull-dog-golfove-micky\/#breadcrumb","itemListElement":[{"@type":"ListItem","position":1,"name":"Dom\u016f","item":"https:\/\/www.jamkoviste.cz\/obchod\/"},{"@type":"ListItem","position":2,"name":"Obchod","item":"https:\/\/www.jamkoviste.cz\/obchod\/?page_id=6"},{"@type":"ListItem","position":3,"name":"Volvik Bull Dog Golfov\u00e9 m\u00ed\u010dky"}]},{"@type":"WebSite","@id":"https:\/\/www.jamkoviste.cz\/obchod\/#website","url":"https:\/\/www.jamkoviste.cz\/obchod\/","name":"Jamkovi\u0161t\u011b","description":"V\u00fdb\u011br t\u011bch nejlep\u0161\u00edch golfov\u00fdch produkt\u016f","publisher":{"@id":"https:\/\/www.jamkoviste.cz\/obchod\/#organization"},"potentialAction":[{"@type":"SearchAction","target":{"@type":"EntryPoint","urlTemplate":"https:\/\/www.jamkoviste.cz\/obchod\/?s={search_term_string}"},"query-input":{"@type":"PropertyValueSpecification","valueRequired":true,"valueName":"search_term_string"}}],"inLanguage":"cs"},{"@type":"Organization","@id":"https:\/\/www.jamkoviste.cz\/obchod\/#organization","name":"Jamkovi\u0161t\u011b","url":"https:\/\/www.jamkoviste.cz\/obchod\/","logo":{"@type":"ImageObject","inLanguage":"cs","@id":"https:\/\/www.jamkoviste.cz\/obchod\/#\/schema\/logo\/image\/","url":"https:\/\/www.jamkoviste.cz\/obchod\/wp-content\/uploads\/2021\/03\/cropped-logo.png","contentUrl":"https:\/\/www.jamkoviste.cz\/obchod\/wp-content\/uploads\/2021\/03\/cropped-logo.png","width":351,"height":82,"caption":"Jamkovi\u0161t\u011b"},"image":{"@id":"https:\/\/www.jamkoviste.cz\/obchod\/#\/schema\/logo\/image\/"}}]}},"brands":[{"id":22,"name":"Volvik","slug":"volvik"}],"_links":{"self":[{"href":"https:\/\/www.jamkoviste.cz\/obchod\/wp-json\/wp\/v2\/product\/45566","targetHints":{"allow":["GET"]}}],"collection":[{"href":"https:\/\/www.jamkoviste.cz\/obchod\/wp-json\/wp\/v2\/product"}],"about":[{"href":"https:\/\/www.jamkoviste.cz\/obchod\/wp-json\/wp\/v2\/types\/product"}],"replies":[{"embeddable":true,"href":"https:\/\/www.jamkoviste.cz\/obchod\/wp-json\/wp\/v2\/comments?post=45566"}],"wp:featuredmedia":[{"embeddable":true,"href":"https:\/\/www.jamkoviste.cz\/obchod\/wp-json\/wp\/v2\/media\/45567"}],"wp:attachment":[{"href":"https:\/\/www.jamkoviste.cz\/obchod\/wp-json\/wp\/v2\/media?parent=45566"}],"wp:term":[{"taxonomy":"pwb-brand","embeddable":true,"href":"https:\/\/www.jamkoviste.cz\/obchod\/wp-json\/wp\/v2\/pwb-brand?post=45566"},{"taxonomy":"product_brand","embeddable":true,"href":"https:\/\/www.jamkoviste.cz\/obchod\/wp-json\/wp\/v2\/product_brand?post=45566"},{"taxonomy":"product_cat","embeddable":true,"href":"https:\/\/www.jamkoviste.cz\/obchod\/wp-json\/wp\/v2\/product_cat?post=45566"},{"taxonomy":"product_tag","embeddable":true,"href":"https:\/\/www.jamkoviste.cz\/obchod\/wp-json\/wp\/v2\/product_tag?post=45566"}],"curies":[{"name":"wp","href":"https:\/\/api.w.org\/{rel}","templated":true}]}}