{"id":45940,"date":"2025-11-07T00:01:15","date_gmt":"2025-11-06T23:01:15","guid":{"rendered":"https:\/\/www.jamkoviste.cz\/obchod\/produkt\/footjoy-spectrum-blue-m-panske-rukavice\/"},"modified":"2025-11-07T00:01:16","modified_gmt":"2025-11-06T23:01:16","slug":"footjoy-spectrum-blue-leva-ruka-m-panske-rukavice","status":"publish","type":"product","link":"https:\/\/www.jamkoviste.cz\/obchod\/produkt\/footjoy-spectrum-blue-leva-ruka-m-panske-rukavice\/","title":{"rendered":"Footjoy Spectrum Blue Lev\u00e1 ruka M P\u00e1nsk\u00e9 rukavice"},"content":{"rendered":"<p>P\u00e1nsk\u00e1 golfov\u00e1 rukavice t\u0159\u00eddy Spectrum pro levou ruku vyrobena z kombinace exkluzivn\u00ed v\u00fdb\u011brov\u00e9 k\u016f\u017ee Cabretta a speci\u00e1ln\u00edho elastick\u00e9ho mikrovl\u00e1kna FiberSof pro zaji\u0161t\u011bn\u00ed pru\u017enosti, d\u00edky \u010demu\u017e zaru\u010duje v\u017edy p\u0159esn\u00fd fit a dokonal\u00fd kontakt s hol\u00ed. Barva: Blue , zap\u00edn\u00e1n\u00ed na such\u00fd zip, dvojit\u00e9 pro\u0161\u00edv\u00e1n\u00ed, \u010dern\u00e9 lemov\u00e1n\u00ed, Velikost: M.<br \/>\nTyp produktu: Rukavice<br \/>\nRuka: Lev\u00e1 ruka<br \/>\nSez\u00f3na: Jaro;Podzim;L\u00e9to;Zima<br \/>\nBarva: Modr\u00e1<br \/>\nV\u011bkov\u00e1 skupina: Dosp\u011bl\u00fd<br \/>\nTyp: P\u00e1nsk\u00e9 rukavice<br \/>\nBarva podle v\u00fdrobce: Blue<br \/>\nPohlav\u00ed: P\u00e1nsk\u00e9<br \/>\nZem\u011b p\u016fvodu: \u010c\u00edna<br \/>\nVelikost: M<\/p>\n","protected":false},"excerpt":{"rendered":"<p>P\u00e1nsk\u00e1 golfov\u00e1 rukavice t\u0159\u00eddy Spectrum pro levou ruku vyrobena z kombinace exkluzivn\u00ed v\u00fdb\u011brov\u00e9 k\u016f\u017ee Cabretta a speci\u00e1ln\u00edho elastick\u00e9ho mikrovl\u00e1kna FiberSof pro zaji\u0161t\u011bn\u00ed pru\u017enosti, d\u00edky \u010demu\u017e zaru\u010duje v\u017edy p\u0159esn\u00fd fit a dokonal\u00fd kontakt s hol\u00ed. Barva: Blue , zap\u00edn\u00e1n\u00ed na such\u00fd zip, dvojit\u00e9 pro\u0161\u00edv\u00e1n\u00ed, \u010dern\u00e9 lemov\u00e1n\u00ed, Velikost: M. Typ produktu: Rukavice Ruka: Lev\u00e1 ruka Sez\u00f3na: Jaro;Podzim;L\u00e9to;Zima [&hellip;]<\/p>\n","protected":false},"featured_media":45941,"comment_status":"closed","ping_status":"open","template":"","meta":{"_acf_changed":false,"_monsterinsights_skip_tracking":false,"_monsterinsights_sitenote_active":false,"_monsterinsights_sitenote_note":"","_monsterinsights_sitenote_category":0},"pwb-brand":[35],"product_brand":[],"product_cat":[774,775],"product_tag":[],"class_list":{"0":"post-45940","1":"product","2":"type-product","3":"status-publish","4":"has-post-thumbnail","6":"pwb-brand-footjoy","7":"product_cat-golf-obleceni","8":"product_cat-golfove-rukavice-golf-obleceni","9":"pa_barva-modra","10":"pa_pohlavi-panske","11":"pa_vek-dospeli","13":"first","14":"instock","15":"sale","16":"product-type-external"},"acf":[],"yoast_head":"<!-- This site is optimized with the Yoast SEO plugin v27.4 - https:\/\/yoast.com\/product\/yoast-seo-wordpress\/ -->\n<title>Footjoy Spectrum Blue Lev\u00e1 ruka M P\u00e1nsk\u00e9 rukavice za 666 K\u010d skladem - Jamkovi\u0161t\u011b<\/title>\n<meta name=\"description\" content=\"Footjoy Spectrum Blue Lev\u00e1 ruka M P\u00e1nsk\u00e9 rukavice za skv\u011blou cenu 666 K\u010d skladem \u2714\ufe0f ihned k odesl\u00e1n\u00ed.\" \/>\n<meta name=\"robots\" content=\"index, follow, max-snippet:-1, max-image-preview:large, max-video-preview:-1\" \/>\n<link rel=\"canonical\" href=\"https:\/\/www.jamkoviste.cz\/obchod\/produkt\/footjoy-spectrum-blue-leva-ruka-m-panske-rukavice\/\" \/>\n<meta property=\"og:locale\" content=\"cs_CZ\" \/>\n<meta property=\"og:type\" content=\"article\" \/>\n<meta property=\"og:title\" content=\"Footjoy Spectrum Blue Lev\u00e1 ruka M P\u00e1nsk\u00e9 rukavice za 666 K\u010d skladem - Jamkovi\u0161t\u011b\" \/>\n<meta property=\"og:description\" content=\"Footjoy Spectrum Blue Lev\u00e1 ruka M P\u00e1nsk\u00e9 rukavice za skv\u011blou cenu 666 K\u010d skladem \u2714\ufe0f ihned k odesl\u00e1n\u00ed.\" \/>\n<meta property=\"og:url\" content=\"https:\/\/www.jamkoviste.cz\/obchod\/produkt\/footjoy-spectrum-blue-leva-ruka-m-panske-rukavice\/\" \/>\n<meta property=\"og:site_name\" content=\"Jamkovi\u0161t\u011b\" \/>\n<meta property=\"article:modified_time\" content=\"2025-11-06T23:01:16+00:00\" \/>\n<meta property=\"og:image\" content=\"https:\/\/www.jamkoviste.cz\/obchod\/wp-content\/uploads\/2024\/08\/main_583ef9a6.jpg\" \/>\n\t<meta property=\"og:image:width\" content=\"450\" \/>\n\t<meta property=\"og:image:height\" content=\"834\" \/>\n\t<meta property=\"og:image:type\" content=\"image\/jpeg\" \/>\n<meta name=\"twitter:card\" content=\"summary_large_image\" \/>\n<meta name=\"twitter:label1\" content=\"Odhadovan\u00e1 doba \u010dten\u00ed\" \/>\n\t<meta name=\"twitter:data1\" content=\"1 minuta\" \/>\n<script type=\"application\/ld+json\" class=\"yoast-schema-graph\">{\"@context\":\"https:\\\/\\\/schema.org\",\"@graph\":[{\"@type\":\"WebPage\",\"@id\":\"https:\\\/\\\/www.jamkoviste.cz\\\/obchod\\\/produkt\\\/footjoy-spectrum-blue-leva-ruka-m-panske-rukavice\\\/\",\"url\":\"https:\\\/\\\/www.jamkoviste.cz\\\/obchod\\\/produkt\\\/footjoy-spectrum-blue-leva-ruka-m-panske-rukavice\\\/\",\"name\":\"Footjoy Spectrum Blue Lev\u00e1 ruka M P\u00e1nsk\u00e9 rukavice za 666 K\u010d skladem - Jamkovi\u0161t\u011b\",\"isPartOf\":{\"@id\":\"https:\\\/\\\/www.jamkoviste.cz\\\/obchod\\\/#website\"},\"primaryImageOfPage\":{\"@id\":\"https:\\\/\\\/www.jamkoviste.cz\\\/obchod\\\/produkt\\\/footjoy-spectrum-blue-leva-ruka-m-panske-rukavice\\\/#primaryimage\"},\"image\":{\"@id\":\"https:\\\/\\\/www.jamkoviste.cz\\\/obchod\\\/produkt\\\/footjoy-spectrum-blue-leva-ruka-m-panske-rukavice\\\/#primaryimage\"},\"thumbnailUrl\":\"https:\\\/\\\/www.jamkoviste.cz\\\/obchod\\\/wp-content\\\/uploads\\\/2024\\\/08\\\/main_583ef9a6.jpg\",\"datePublished\":\"2025-11-06T23:01:15+00:00\",\"dateModified\":\"2025-11-06T23:01:16+00:00\",\"description\":\"Footjoy Spectrum Blue Lev\u00e1 ruka M P\u00e1nsk\u00e9 rukavice za skv\u011blou cenu 666 K\u010d skladem \u2714\ufe0f ihned k odesl\u00e1n\u00ed.\",\"breadcrumb\":{\"@id\":\"https:\\\/\\\/www.jamkoviste.cz\\\/obchod\\\/produkt\\\/footjoy-spectrum-blue-leva-ruka-m-panske-rukavice\\\/#breadcrumb\"},\"inLanguage\":\"cs\",\"potentialAction\":[{\"@type\":\"ReadAction\",\"target\":[\"https:\\\/\\\/www.jamkoviste.cz\\\/obchod\\\/produkt\\\/footjoy-spectrum-blue-leva-ruka-m-panske-rukavice\\\/\"]}]},{\"@type\":\"ImageObject\",\"inLanguage\":\"cs\",\"@id\":\"https:\\\/\\\/www.jamkoviste.cz\\\/obchod\\\/produkt\\\/footjoy-spectrum-blue-leva-ruka-m-panske-rukavice\\\/#primaryimage\",\"url\":\"https:\\\/\\\/www.jamkoviste.cz\\\/obchod\\\/wp-content\\\/uploads\\\/2024\\\/08\\\/main_583ef9a6.jpg\",\"contentUrl\":\"https:\\\/\\\/www.jamkoviste.cz\\\/obchod\\\/wp-content\\\/uploads\\\/2024\\\/08\\\/main_583ef9a6.jpg\",\"width\":450,\"height\":834},{\"@type\":\"BreadcrumbList\",\"@id\":\"https:\\\/\\\/www.jamkoviste.cz\\\/obchod\\\/produkt\\\/footjoy-spectrum-blue-leva-ruka-m-panske-rukavice\\\/#breadcrumb\",\"itemListElement\":[{\"@type\":\"ListItem\",\"position\":1,\"name\":\"Dom\u016f\",\"item\":\"https:\\\/\\\/www.jamkoviste.cz\\\/obchod\\\/\"},{\"@type\":\"ListItem\",\"position\":2,\"name\":\"Obchod\",\"item\":\"https:\\\/\\\/www.jamkoviste.cz\\\/obchod\\\/?page_id=6\"},{\"@type\":\"ListItem\",\"position\":3,\"name\":\"Footjoy Spectrum Blue Lev\u00e1 ruka M P\u00e1nsk\u00e9 rukavice\"}]},{\"@type\":\"WebSite\",\"@id\":\"https:\\\/\\\/www.jamkoviste.cz\\\/obchod\\\/#website\",\"url\":\"https:\\\/\\\/www.jamkoviste.cz\\\/obchod\\\/\",\"name\":\"Jamkovi\u0161t\u011b\",\"description\":\"V\u00fdb\u011br t\u011bch nejlep\u0161\u00edch golfov\u00fdch produkt\u016f\",\"publisher\":{\"@id\":\"https:\\\/\\\/www.jamkoviste.cz\\\/obchod\\\/#organization\"},\"potentialAction\":[{\"@type\":\"SearchAction\",\"target\":{\"@type\":\"EntryPoint\",\"urlTemplate\":\"https:\\\/\\\/www.jamkoviste.cz\\\/obchod\\\/?s={search_term_string}\"},\"query-input\":{\"@type\":\"PropertyValueSpecification\",\"valueRequired\":true,\"valueName\":\"search_term_string\"}}],\"inLanguage\":\"cs\"},{\"@type\":\"Organization\",\"@id\":\"https:\\\/\\\/www.jamkoviste.cz\\\/obchod\\\/#organization\",\"name\":\"Jamkovi\u0161t\u011b\",\"url\":\"https:\\\/\\\/www.jamkoviste.cz\\\/obchod\\\/\",\"logo\":{\"@type\":\"ImageObject\",\"inLanguage\":\"cs\",\"@id\":\"https:\\\/\\\/www.jamkoviste.cz\\\/obchod\\\/#\\\/schema\\\/logo\\\/image\\\/\",\"url\":\"https:\\\/\\\/www.jamkoviste.cz\\\/obchod\\\/wp-content\\\/uploads\\\/2021\\\/03\\\/cropped-logo.png\",\"contentUrl\":\"https:\\\/\\\/www.jamkoviste.cz\\\/obchod\\\/wp-content\\\/uploads\\\/2021\\\/03\\\/cropped-logo.png\",\"width\":351,\"height\":82,\"caption\":\"Jamkovi\u0161t\u011b\"},\"image\":{\"@id\":\"https:\\\/\\\/www.jamkoviste.cz\\\/obchod\\\/#\\\/schema\\\/logo\\\/image\\\/\"}}]}<\/script>\n<!-- \/ Yoast SEO plugin. -->","yoast_head_json":{"title":"Footjoy Spectrum Blue Lev\u00e1 ruka M P\u00e1nsk\u00e9 rukavice za 666 K\u010d skladem - Jamkovi\u0161t\u011b","description":"Footjoy Spectrum Blue Lev\u00e1 ruka M P\u00e1nsk\u00e9 rukavice za skv\u011blou cenu 666 K\u010d skladem \u2714\ufe0f ihned k odesl\u00e1n\u00ed.","robots":{"index":"index","follow":"follow","max-snippet":"max-snippet:-1","max-image-preview":"max-image-preview:large","max-video-preview":"max-video-preview:-1"},"canonical":"https:\/\/www.jamkoviste.cz\/obchod\/produkt\/footjoy-spectrum-blue-leva-ruka-m-panske-rukavice\/","og_locale":"cs_CZ","og_type":"article","og_title":"Footjoy Spectrum Blue Lev\u00e1 ruka M P\u00e1nsk\u00e9 rukavice za 666 K\u010d skladem - Jamkovi\u0161t\u011b","og_description":"Footjoy Spectrum Blue Lev\u00e1 ruka M P\u00e1nsk\u00e9 rukavice za skv\u011blou cenu 666 K\u010d skladem \u2714\ufe0f ihned k odesl\u00e1n\u00ed.","og_url":"https:\/\/www.jamkoviste.cz\/obchod\/produkt\/footjoy-spectrum-blue-leva-ruka-m-panske-rukavice\/","og_site_name":"Jamkovi\u0161t\u011b","article_modified_time":"2025-11-06T23:01:16+00:00","og_image":[{"width":450,"height":834,"url":"https:\/\/www.jamkoviste.cz\/obchod\/wp-content\/uploads\/2024\/08\/main_583ef9a6.jpg","type":"image\/jpeg"}],"twitter_card":"summary_large_image","twitter_misc":{"Odhadovan\u00e1 doba \u010dten\u00ed":"1 minuta"},"schema":{"@context":"https:\/\/schema.org","@graph":[{"@type":"WebPage","@id":"https:\/\/www.jamkoviste.cz\/obchod\/produkt\/footjoy-spectrum-blue-leva-ruka-m-panske-rukavice\/","url":"https:\/\/www.jamkoviste.cz\/obchod\/produkt\/footjoy-spectrum-blue-leva-ruka-m-panske-rukavice\/","name":"Footjoy Spectrum Blue Lev\u00e1 ruka M P\u00e1nsk\u00e9 rukavice za 666 K\u010d skladem - Jamkovi\u0161t\u011b","isPartOf":{"@id":"https:\/\/www.jamkoviste.cz\/obchod\/#website"},"primaryImageOfPage":{"@id":"https:\/\/www.jamkoviste.cz\/obchod\/produkt\/footjoy-spectrum-blue-leva-ruka-m-panske-rukavice\/#primaryimage"},"image":{"@id":"https:\/\/www.jamkoviste.cz\/obchod\/produkt\/footjoy-spectrum-blue-leva-ruka-m-panske-rukavice\/#primaryimage"},"thumbnailUrl":"https:\/\/www.jamkoviste.cz\/obchod\/wp-content\/uploads\/2024\/08\/main_583ef9a6.jpg","datePublished":"2025-11-06T23:01:15+00:00","dateModified":"2025-11-06T23:01:16+00:00","description":"Footjoy Spectrum Blue Lev\u00e1 ruka M P\u00e1nsk\u00e9 rukavice za skv\u011blou cenu 666 K\u010d skladem \u2714\ufe0f ihned k odesl\u00e1n\u00ed.","breadcrumb":{"@id":"https:\/\/www.jamkoviste.cz\/obchod\/produkt\/footjoy-spectrum-blue-leva-ruka-m-panske-rukavice\/#breadcrumb"},"inLanguage":"cs","potentialAction":[{"@type":"ReadAction","target":["https:\/\/www.jamkoviste.cz\/obchod\/produkt\/footjoy-spectrum-blue-leva-ruka-m-panske-rukavice\/"]}]},{"@type":"ImageObject","inLanguage":"cs","@id":"https:\/\/www.jamkoviste.cz\/obchod\/produkt\/footjoy-spectrum-blue-leva-ruka-m-panske-rukavice\/#primaryimage","url":"https:\/\/www.jamkoviste.cz\/obchod\/wp-content\/uploads\/2024\/08\/main_583ef9a6.jpg","contentUrl":"https:\/\/www.jamkoviste.cz\/obchod\/wp-content\/uploads\/2024\/08\/main_583ef9a6.jpg","width":450,"height":834},{"@type":"BreadcrumbList","@id":"https:\/\/www.jamkoviste.cz\/obchod\/produkt\/footjoy-spectrum-blue-leva-ruka-m-panske-rukavice\/#breadcrumb","itemListElement":[{"@type":"ListItem","position":1,"name":"Dom\u016f","item":"https:\/\/www.jamkoviste.cz\/obchod\/"},{"@type":"ListItem","position":2,"name":"Obchod","item":"https:\/\/www.jamkoviste.cz\/obchod\/?page_id=6"},{"@type":"ListItem","position":3,"name":"Footjoy Spectrum Blue Lev\u00e1 ruka M P\u00e1nsk\u00e9 rukavice"}]},{"@type":"WebSite","@id":"https:\/\/www.jamkoviste.cz\/obchod\/#website","url":"https:\/\/www.jamkoviste.cz\/obchod\/","name":"Jamkovi\u0161t\u011b","description":"V\u00fdb\u011br t\u011bch nejlep\u0161\u00edch golfov\u00fdch produkt\u016f","publisher":{"@id":"https:\/\/www.jamkoviste.cz\/obchod\/#organization"},"potentialAction":[{"@type":"SearchAction","target":{"@type":"EntryPoint","urlTemplate":"https:\/\/www.jamkoviste.cz\/obchod\/?s={search_term_string}"},"query-input":{"@type":"PropertyValueSpecification","valueRequired":true,"valueName":"search_term_string"}}],"inLanguage":"cs"},{"@type":"Organization","@id":"https:\/\/www.jamkoviste.cz\/obchod\/#organization","name":"Jamkovi\u0161t\u011b","url":"https:\/\/www.jamkoviste.cz\/obchod\/","logo":{"@type":"ImageObject","inLanguage":"cs","@id":"https:\/\/www.jamkoviste.cz\/obchod\/#\/schema\/logo\/image\/","url":"https:\/\/www.jamkoviste.cz\/obchod\/wp-content\/uploads\/2021\/03\/cropped-logo.png","contentUrl":"https:\/\/www.jamkoviste.cz\/obchod\/wp-content\/uploads\/2021\/03\/cropped-logo.png","width":351,"height":82,"caption":"Jamkovi\u0161t\u011b"},"image":{"@id":"https:\/\/www.jamkoviste.cz\/obchod\/#\/schema\/logo\/image\/"}}]}},"brands":[{"id":35,"name":"Footjoy","slug":"footjoy"}],"_links":{"self":[{"href":"https:\/\/www.jamkoviste.cz\/obchod\/wp-json\/wp\/v2\/product\/45940","targetHints":{"allow":["GET"]}}],"collection":[{"href":"https:\/\/www.jamkoviste.cz\/obchod\/wp-json\/wp\/v2\/product"}],"about":[{"href":"https:\/\/www.jamkoviste.cz\/obchod\/wp-json\/wp\/v2\/types\/product"}],"replies":[{"embeddable":true,"href":"https:\/\/www.jamkoviste.cz\/obchod\/wp-json\/wp\/v2\/comments?post=45940"}],"wp:featuredmedia":[{"embeddable":true,"href":"https:\/\/www.jamkoviste.cz\/obchod\/wp-json\/wp\/v2\/media\/45941"}],"wp:attachment":[{"href":"https:\/\/www.jamkoviste.cz\/obchod\/wp-json\/wp\/v2\/media?parent=45940"}],"wp:term":[{"taxonomy":"pwb-brand","embeddable":true,"href":"https:\/\/www.jamkoviste.cz\/obchod\/wp-json\/wp\/v2\/pwb-brand?post=45940"},{"taxonomy":"product_brand","embeddable":true,"href":"https:\/\/www.jamkoviste.cz\/obchod\/wp-json\/wp\/v2\/product_brand?post=45940"},{"taxonomy":"product_cat","embeddable":true,"href":"https:\/\/www.jamkoviste.cz\/obchod\/wp-json\/wp\/v2\/product_cat?post=45940"},{"taxonomy":"product_tag","embeddable":true,"href":"https:\/\/www.jamkoviste.cz\/obchod\/wp-json\/wp\/v2\/product_tag?post=45940"}],"curies":[{"name":"wp","href":"https:\/\/api.w.org\/{rel}","templated":true}]}}