{"id":47693,"date":"2025-11-07T00:15:38","date_gmt":"2025-11-06T23:15:38","guid":{"rendered":"https:\/\/www.jamkoviste.cz\/obchod\/produkt\/callaway-supersoft-2023-orange-golfove-micky\/"},"modified":"2025-11-07T00:15:40","modified_gmt":"2025-11-06T23:15:40","slug":"callaway-supersoft-2023-orange-golfove-micky","status":"publish","type":"product","link":"https:\/\/www.jamkoviste.cz\/obchod\/produkt\/callaway-supersoft-2023-orange-golfove-micky\/","title":{"rendered":"Callaway Supersoft 2023 Orange Golfov\u00e9 m\u00ed\u010dky"},"content":{"rendered":"<p>Callaway Supersoft je jedn&iacute;m z nejobl&iacute;ben\u011bj&scaron;&iacute;ch m&iacute;\u010dk\u016f v golfu, zejm&eacute;na pro svoji dlouhou, p\u0159&iacute;mou vzd&aacute;lenost a p\u0159edev&scaron;&iacute;m super m\u011bkk&yacute; pocit. Pokro\u010dili jsme s technologi&iacute; krytu, j&aacute;dra a konstrukce, abychom zv&yacute;&scaron;ili tyto kl&iacute;\u010dov&eacute; v&yacute;hody, se zlep&scaron;en&yacute;m v&yacute;konem od t&iacute;\u010dka po green. Hyperelastick&eacute; j&aacute;dro SoftFast poskytuje vy&scaron;&scaron;&iacute; rychlost m&iacute;\u010de s m\u011bkk&yacute;m pocitem  Optimalizov&aacute;no pro vy&scaron;&scaron;&iacute; rychlost a m\u011bkk&yacute; pocit kolem greenu.  V&yacute;jime\u010dn&yacute; pocit, ovl&aacute;d&aacute;n&iacute; a rotace s dlouhou vzd&aacute;lenost&iacute; od hybridn&iacute;ho krytu  Umo\u017e\u0148uje n&aacute;m vytvo\u0159it v\u011bt&scaron;&iacute; wedge kontrolu a z&aacute;rove\u0148 maximalizovat vzd&aacute;lenost, velmi m\u011bkk&yacute; pocit a odolnost.<br \/>\nMateri\u00e1l: Uretan;Ionomer<br \/>\nPo\u010det m\u00ed\u010dk\u016f v balen\u00ed: 12<br \/>\nBarva: Oran\u017eov\u00e1<br \/>\nPohlav\u00ed: Unisex<br \/>\nV\u011bkov\u00e1 skupina: Dosp\u011bl\u00fd<br \/>\nBarva podle v\u00fdrobce: Orange<br \/>\nPo\u010det vrstev: 2<br \/>\nZem\u011b p\u016fvodu: \u010c\u00edna<\/p>\n","protected":false},"excerpt":{"rendered":"<p>Callaway Supersoft je jedn&iacute;m z nejobl&iacute;ben\u011bj&scaron;&iacute;ch m&iacute;\u010dk\u016f v golfu, zejm&eacute;na pro svoji dlouhou, p\u0159&iacute;mou vzd&aacute;lenost a p\u0159edev&scaron;&iacute;m super m\u011bkk&yacute; pocit. Pokro\u010dili jsme s technologi&iacute; krytu, j&aacute;dra a konstrukce, abychom zv&yacute;&scaron;ili tyto kl&iacute;\u010dov&eacute; v&yacute;hody, se zlep&scaron;en&yacute;m v&yacute;konem od t&iacute;\u010dka po green. Hyperelastick&eacute; j&aacute;dro SoftFast poskytuje vy&scaron;&scaron;&iacute; rychlost m&iacute;\u010de s m\u011bkk&yacute;m pocitem Optimalizov&aacute;no pro vy&scaron;&scaron;&iacute; rychlost a [&hellip;]<\/p>\n","protected":false},"featured_media":47694,"comment_status":"closed","ping_status":"open","template":"","meta":{"_acf_changed":false,"_monsterinsights_skip_tracking":false,"_monsterinsights_sitenote_active":false,"_monsterinsights_sitenote_note":"","_monsterinsights_sitenote_category":0},"pwb-brand":[16],"product_brand":[],"product_cat":[23,24],"product_tag":[],"class_list":{"0":"post-47693","1":"product","2":"type-product","3":"status-publish","4":"has-post-thumbnail","6":"pwb-brand-callaway","7":"product_cat-golfove-micky","8":"product_cat-nove-golfove-mice","9":"pa_barva-oranzova","10":"pa_pohlavi-unisex","11":"pa_vek-dospeli","13":"first","14":"instock","15":"sale","16":"product-type-external"},"acf":[],"yoast_head":"<!-- This site is optimized with the Yoast SEO plugin v27.4 - https:\/\/yoast.com\/product\/yoast-seo-wordpress\/ -->\n<title>Callaway Supersoft 2023 Orange Golfov\u00e9 m\u00ed\u010dky za 727 K\u010d skladem - Jamkovi\u0161t\u011b<\/title>\n<meta name=\"description\" content=\"Callaway Supersoft 2023 Orange Golfov\u00e9 m\u00ed\u010dky za skv\u011blou cenu 727 K\u010d skladem \u2714\ufe0f ihned k odesl\u00e1n\u00ed.\" \/>\n<meta name=\"robots\" content=\"index, follow, max-snippet:-1, max-image-preview:large, max-video-preview:-1\" \/>\n<link rel=\"canonical\" href=\"https:\/\/www.jamkoviste.cz\/obchod\/produkt\/callaway-supersoft-2023-orange-golfove-micky\/\" \/>\n<meta property=\"og:locale\" content=\"cs_CZ\" \/>\n<meta property=\"og:type\" content=\"article\" \/>\n<meta property=\"og:title\" content=\"Callaway Supersoft 2023 Orange Golfov\u00e9 m\u00ed\u010dky za 727 K\u010d skladem - Jamkovi\u0161t\u011b\" \/>\n<meta property=\"og:description\" content=\"Callaway Supersoft 2023 Orange Golfov\u00e9 m\u00ed\u010dky za skv\u011blou cenu 727 K\u010d skladem \u2714\ufe0f ihned k odesl\u00e1n\u00ed.\" \/>\n<meta property=\"og:url\" content=\"https:\/\/www.jamkoviste.cz\/obchod\/produkt\/callaway-supersoft-2023-orange-golfove-micky\/\" \/>\n<meta property=\"og:site_name\" content=\"Jamkovi\u0161t\u011b\" \/>\n<meta property=\"article:modified_time\" content=\"2025-11-06T23:15:40+00:00\" \/>\n<meta property=\"og:image\" content=\"https:\/\/www.jamkoviste.cz\/obchod\/wp-content\/uploads\/2024\/10\/main_f54042b7.jpg\" \/>\n\t<meta property=\"og:image:width\" content=\"800\" \/>\n\t<meta property=\"og:image:height\" content=\"641\" \/>\n\t<meta property=\"og:image:type\" content=\"image\/jpeg\" \/>\n<meta name=\"twitter:card\" content=\"summary_large_image\" \/>\n<meta name=\"twitter:label1\" content=\"Odhadovan\u00e1 doba \u010dten\u00ed\" \/>\n\t<meta name=\"twitter:data1\" content=\"1 minuta\" \/>\n<script type=\"application\/ld+json\" class=\"yoast-schema-graph\">{\"@context\":\"https:\\\/\\\/schema.org\",\"@graph\":[{\"@type\":\"WebPage\",\"@id\":\"https:\\\/\\\/www.jamkoviste.cz\\\/obchod\\\/produkt\\\/callaway-supersoft-2023-orange-golfove-micky\\\/\",\"url\":\"https:\\\/\\\/www.jamkoviste.cz\\\/obchod\\\/produkt\\\/callaway-supersoft-2023-orange-golfove-micky\\\/\",\"name\":\"Callaway Supersoft 2023 Orange Golfov\u00e9 m\u00ed\u010dky za 727 K\u010d skladem - Jamkovi\u0161t\u011b\",\"isPartOf\":{\"@id\":\"https:\\\/\\\/www.jamkoviste.cz\\\/obchod\\\/#website\"},\"primaryImageOfPage\":{\"@id\":\"https:\\\/\\\/www.jamkoviste.cz\\\/obchod\\\/produkt\\\/callaway-supersoft-2023-orange-golfove-micky\\\/#primaryimage\"},\"image\":{\"@id\":\"https:\\\/\\\/www.jamkoviste.cz\\\/obchod\\\/produkt\\\/callaway-supersoft-2023-orange-golfove-micky\\\/#primaryimage\"},\"thumbnailUrl\":\"https:\\\/\\\/www.jamkoviste.cz\\\/obchod\\\/wp-content\\\/uploads\\\/2024\\\/10\\\/main_f54042b7.jpg\",\"datePublished\":\"2025-11-06T23:15:38+00:00\",\"dateModified\":\"2025-11-06T23:15:40+00:00\",\"description\":\"Callaway Supersoft 2023 Orange Golfov\u00e9 m\u00ed\u010dky za skv\u011blou cenu 727 K\u010d skladem \u2714\ufe0f ihned k odesl\u00e1n\u00ed.\",\"breadcrumb\":{\"@id\":\"https:\\\/\\\/www.jamkoviste.cz\\\/obchod\\\/produkt\\\/callaway-supersoft-2023-orange-golfove-micky\\\/#breadcrumb\"},\"inLanguage\":\"cs\",\"potentialAction\":[{\"@type\":\"ReadAction\",\"target\":[\"https:\\\/\\\/www.jamkoviste.cz\\\/obchod\\\/produkt\\\/callaway-supersoft-2023-orange-golfove-micky\\\/\"]}]},{\"@type\":\"ImageObject\",\"inLanguage\":\"cs\",\"@id\":\"https:\\\/\\\/www.jamkoviste.cz\\\/obchod\\\/produkt\\\/callaway-supersoft-2023-orange-golfove-micky\\\/#primaryimage\",\"url\":\"https:\\\/\\\/www.jamkoviste.cz\\\/obchod\\\/wp-content\\\/uploads\\\/2024\\\/10\\\/main_f54042b7.jpg\",\"contentUrl\":\"https:\\\/\\\/www.jamkoviste.cz\\\/obchod\\\/wp-content\\\/uploads\\\/2024\\\/10\\\/main_f54042b7.jpg\",\"width\":800,\"height\":641},{\"@type\":\"BreadcrumbList\",\"@id\":\"https:\\\/\\\/www.jamkoviste.cz\\\/obchod\\\/produkt\\\/callaway-supersoft-2023-orange-golfove-micky\\\/#breadcrumb\",\"itemListElement\":[{\"@type\":\"ListItem\",\"position\":1,\"name\":\"Dom\u016f\",\"item\":\"https:\\\/\\\/www.jamkoviste.cz\\\/obchod\\\/\"},{\"@type\":\"ListItem\",\"position\":2,\"name\":\"Obchod\",\"item\":\"https:\\\/\\\/www.jamkoviste.cz\\\/obchod\\\/?page_id=6\"},{\"@type\":\"ListItem\",\"position\":3,\"name\":\"Callaway Supersoft 2023 Orange Golfov\u00e9 m\u00ed\u010dky\"}]},{\"@type\":\"WebSite\",\"@id\":\"https:\\\/\\\/www.jamkoviste.cz\\\/obchod\\\/#website\",\"url\":\"https:\\\/\\\/www.jamkoviste.cz\\\/obchod\\\/\",\"name\":\"Jamkovi\u0161t\u011b\",\"description\":\"V\u00fdb\u011br t\u011bch nejlep\u0161\u00edch golfov\u00fdch produkt\u016f\",\"publisher\":{\"@id\":\"https:\\\/\\\/www.jamkoviste.cz\\\/obchod\\\/#organization\"},\"potentialAction\":[{\"@type\":\"SearchAction\",\"target\":{\"@type\":\"EntryPoint\",\"urlTemplate\":\"https:\\\/\\\/www.jamkoviste.cz\\\/obchod\\\/?s={search_term_string}\"},\"query-input\":{\"@type\":\"PropertyValueSpecification\",\"valueRequired\":true,\"valueName\":\"search_term_string\"}}],\"inLanguage\":\"cs\"},{\"@type\":\"Organization\",\"@id\":\"https:\\\/\\\/www.jamkoviste.cz\\\/obchod\\\/#organization\",\"name\":\"Jamkovi\u0161t\u011b\",\"url\":\"https:\\\/\\\/www.jamkoviste.cz\\\/obchod\\\/\",\"logo\":{\"@type\":\"ImageObject\",\"inLanguage\":\"cs\",\"@id\":\"https:\\\/\\\/www.jamkoviste.cz\\\/obchod\\\/#\\\/schema\\\/logo\\\/image\\\/\",\"url\":\"https:\\\/\\\/www.jamkoviste.cz\\\/obchod\\\/wp-content\\\/uploads\\\/2021\\\/03\\\/cropped-logo.png\",\"contentUrl\":\"https:\\\/\\\/www.jamkoviste.cz\\\/obchod\\\/wp-content\\\/uploads\\\/2021\\\/03\\\/cropped-logo.png\",\"width\":351,\"height\":82,\"caption\":\"Jamkovi\u0161t\u011b\"},\"image\":{\"@id\":\"https:\\\/\\\/www.jamkoviste.cz\\\/obchod\\\/#\\\/schema\\\/logo\\\/image\\\/\"}}]}<\/script>\n<!-- \/ Yoast SEO plugin. -->","yoast_head_json":{"title":"Callaway Supersoft 2023 Orange Golfov\u00e9 m\u00ed\u010dky za 727 K\u010d skladem - Jamkovi\u0161t\u011b","description":"Callaway Supersoft 2023 Orange Golfov\u00e9 m\u00ed\u010dky za skv\u011blou cenu 727 K\u010d skladem \u2714\ufe0f ihned k odesl\u00e1n\u00ed.","robots":{"index":"index","follow":"follow","max-snippet":"max-snippet:-1","max-image-preview":"max-image-preview:large","max-video-preview":"max-video-preview:-1"},"canonical":"https:\/\/www.jamkoviste.cz\/obchod\/produkt\/callaway-supersoft-2023-orange-golfove-micky\/","og_locale":"cs_CZ","og_type":"article","og_title":"Callaway Supersoft 2023 Orange Golfov\u00e9 m\u00ed\u010dky za 727 K\u010d skladem - Jamkovi\u0161t\u011b","og_description":"Callaway Supersoft 2023 Orange Golfov\u00e9 m\u00ed\u010dky za skv\u011blou cenu 727 K\u010d skladem \u2714\ufe0f ihned k odesl\u00e1n\u00ed.","og_url":"https:\/\/www.jamkoviste.cz\/obchod\/produkt\/callaway-supersoft-2023-orange-golfove-micky\/","og_site_name":"Jamkovi\u0161t\u011b","article_modified_time":"2025-11-06T23:15:40+00:00","og_image":[{"width":800,"height":641,"url":"https:\/\/www.jamkoviste.cz\/obchod\/wp-content\/uploads\/2024\/10\/main_f54042b7.jpg","type":"image\/jpeg"}],"twitter_card":"summary_large_image","twitter_misc":{"Odhadovan\u00e1 doba \u010dten\u00ed":"1 minuta"},"schema":{"@context":"https:\/\/schema.org","@graph":[{"@type":"WebPage","@id":"https:\/\/www.jamkoviste.cz\/obchod\/produkt\/callaway-supersoft-2023-orange-golfove-micky\/","url":"https:\/\/www.jamkoviste.cz\/obchod\/produkt\/callaway-supersoft-2023-orange-golfove-micky\/","name":"Callaway Supersoft 2023 Orange Golfov\u00e9 m\u00ed\u010dky za 727 K\u010d skladem - Jamkovi\u0161t\u011b","isPartOf":{"@id":"https:\/\/www.jamkoviste.cz\/obchod\/#website"},"primaryImageOfPage":{"@id":"https:\/\/www.jamkoviste.cz\/obchod\/produkt\/callaway-supersoft-2023-orange-golfove-micky\/#primaryimage"},"image":{"@id":"https:\/\/www.jamkoviste.cz\/obchod\/produkt\/callaway-supersoft-2023-orange-golfove-micky\/#primaryimage"},"thumbnailUrl":"https:\/\/www.jamkoviste.cz\/obchod\/wp-content\/uploads\/2024\/10\/main_f54042b7.jpg","datePublished":"2025-11-06T23:15:38+00:00","dateModified":"2025-11-06T23:15:40+00:00","description":"Callaway Supersoft 2023 Orange Golfov\u00e9 m\u00ed\u010dky za skv\u011blou cenu 727 K\u010d skladem \u2714\ufe0f ihned k odesl\u00e1n\u00ed.","breadcrumb":{"@id":"https:\/\/www.jamkoviste.cz\/obchod\/produkt\/callaway-supersoft-2023-orange-golfove-micky\/#breadcrumb"},"inLanguage":"cs","potentialAction":[{"@type":"ReadAction","target":["https:\/\/www.jamkoviste.cz\/obchod\/produkt\/callaway-supersoft-2023-orange-golfove-micky\/"]}]},{"@type":"ImageObject","inLanguage":"cs","@id":"https:\/\/www.jamkoviste.cz\/obchod\/produkt\/callaway-supersoft-2023-orange-golfove-micky\/#primaryimage","url":"https:\/\/www.jamkoviste.cz\/obchod\/wp-content\/uploads\/2024\/10\/main_f54042b7.jpg","contentUrl":"https:\/\/www.jamkoviste.cz\/obchod\/wp-content\/uploads\/2024\/10\/main_f54042b7.jpg","width":800,"height":641},{"@type":"BreadcrumbList","@id":"https:\/\/www.jamkoviste.cz\/obchod\/produkt\/callaway-supersoft-2023-orange-golfove-micky\/#breadcrumb","itemListElement":[{"@type":"ListItem","position":1,"name":"Dom\u016f","item":"https:\/\/www.jamkoviste.cz\/obchod\/"},{"@type":"ListItem","position":2,"name":"Obchod","item":"https:\/\/www.jamkoviste.cz\/obchod\/?page_id=6"},{"@type":"ListItem","position":3,"name":"Callaway Supersoft 2023 Orange Golfov\u00e9 m\u00ed\u010dky"}]},{"@type":"WebSite","@id":"https:\/\/www.jamkoviste.cz\/obchod\/#website","url":"https:\/\/www.jamkoviste.cz\/obchod\/","name":"Jamkovi\u0161t\u011b","description":"V\u00fdb\u011br t\u011bch nejlep\u0161\u00edch golfov\u00fdch produkt\u016f","publisher":{"@id":"https:\/\/www.jamkoviste.cz\/obchod\/#organization"},"potentialAction":[{"@type":"SearchAction","target":{"@type":"EntryPoint","urlTemplate":"https:\/\/www.jamkoviste.cz\/obchod\/?s={search_term_string}"},"query-input":{"@type":"PropertyValueSpecification","valueRequired":true,"valueName":"search_term_string"}}],"inLanguage":"cs"},{"@type":"Organization","@id":"https:\/\/www.jamkoviste.cz\/obchod\/#organization","name":"Jamkovi\u0161t\u011b","url":"https:\/\/www.jamkoviste.cz\/obchod\/","logo":{"@type":"ImageObject","inLanguage":"cs","@id":"https:\/\/www.jamkoviste.cz\/obchod\/#\/schema\/logo\/image\/","url":"https:\/\/www.jamkoviste.cz\/obchod\/wp-content\/uploads\/2021\/03\/cropped-logo.png","contentUrl":"https:\/\/www.jamkoviste.cz\/obchod\/wp-content\/uploads\/2021\/03\/cropped-logo.png","width":351,"height":82,"caption":"Jamkovi\u0161t\u011b"},"image":{"@id":"https:\/\/www.jamkoviste.cz\/obchod\/#\/schema\/logo\/image\/"}}]}},"brands":[{"id":16,"name":"Callaway","slug":"callaway"}],"_links":{"self":[{"href":"https:\/\/www.jamkoviste.cz\/obchod\/wp-json\/wp\/v2\/product\/47693","targetHints":{"allow":["GET"]}}],"collection":[{"href":"https:\/\/www.jamkoviste.cz\/obchod\/wp-json\/wp\/v2\/product"}],"about":[{"href":"https:\/\/www.jamkoviste.cz\/obchod\/wp-json\/wp\/v2\/types\/product"}],"replies":[{"embeddable":true,"href":"https:\/\/www.jamkoviste.cz\/obchod\/wp-json\/wp\/v2\/comments?post=47693"}],"wp:featuredmedia":[{"embeddable":true,"href":"https:\/\/www.jamkoviste.cz\/obchod\/wp-json\/wp\/v2\/media\/47694"}],"wp:attachment":[{"href":"https:\/\/www.jamkoviste.cz\/obchod\/wp-json\/wp\/v2\/media?parent=47693"}],"wp:term":[{"taxonomy":"pwb-brand","embeddable":true,"href":"https:\/\/www.jamkoviste.cz\/obchod\/wp-json\/wp\/v2\/pwb-brand?post=47693"},{"taxonomy":"product_brand","embeddable":true,"href":"https:\/\/www.jamkoviste.cz\/obchod\/wp-json\/wp\/v2\/product_brand?post=47693"},{"taxonomy":"product_cat","embeddable":true,"href":"https:\/\/www.jamkoviste.cz\/obchod\/wp-json\/wp\/v2\/product_cat?post=47693"},{"taxonomy":"product_tag","embeddable":true,"href":"https:\/\/www.jamkoviste.cz\/obchod\/wp-json\/wp\/v2\/product_tag?post=47693"}],"curies":[{"name":"wp","href":"https:\/\/api.w.org\/{rel}","templated":true}]}}