{"id":47743,"date":"2025-11-07T00:15:57","date_gmt":"2025-11-06T23:15:57","guid":{"rendered":"https:\/\/www.jamkoviste.cz\/obchod\/produkt\/big-max-aqua-tour-4-off-white-navy-red-cart-bag\/"},"modified":"2025-11-07T00:15:59","modified_gmt":"2025-11-06T23:15:59","slug":"big-max-aqua-tour-4-off-white-navy-red-cart-bag","status":"publish","type":"product","link":"https:\/\/www.jamkoviste.cz\/obchod\/produkt\/big-max-aqua-tour-4-off-white-navy-red-cart-bag\/","title":{"rendered":"Big Max Aqua Tour 4 Off White\/Navy\/Red Cart Bag"},"content":{"rendered":"<p>AQUA Tour 4 kombinuje prostor a prakti\u010dnost Tour bagu s odleh\u010denou vod\u011bodolnou technologi&iacute; BIG MAX. Je kompaktn\u011bj&scaron;&iacute; a m&aacute; v&iacute;ce &uacute;lo\u017en&eacute;ho prostoru v 11 prostorn&yacute;ch kaps&aacute;ch, &scaron;t&iacute;hlej&scaron;&iacute; design a flexibiln&iacute; polohov&aacute;n&iacute; popruhu. Aktualizovan&aacute; kapsa organiz&eacute;ru na cennosti se dv\u011bma vnit\u0159n&iacute;mi p\u0159ihr&aacute;dkami je&scaron;t\u011b v&iacute;ce usnad\u0148uje uspo\u0159&aacute;d&aacute;n&iacute; z&aacute;kladn&iacute;ch v\u011bc&iacute;. Syst&eacute;m AQUA I-Dry zna\u010dky BIG MAX zaru\u010duje 100 % vod\u011bodoln&yacute; materi&aacute;l a podlepen&eacute; &scaron;vy a zipy. Golfov&aacute; kola v de&scaron;ti u\u017e nejsou probl&eacute;mem, ta&scaron;ka z\u016fst&aacute;v&aacute; uvnit\u0159 such&aacute; a va&scaron;e golfov&eacute; vybaven&iacute; je chr&aacute;n\u011bno p\u0159ed pov\u011btrnostn&iacute;mi vlivy. V&Yacute;HODY  Vod\u011bodoln&yacute; materi&aacute;l Vodot\u011bsn&eacute; zipy Zataven&eacute; &scaron;vy Vylep&scaron;en&yacute; s&iacute;\u0165ovan&yacute; materi&aacute;l v horn&iacute; \u010d&aacute;sti Snadno p\u0159&iacute;stupn&eacute; kapsy Kapsy na cennosti Organiz&eacute;r na cennosti se dv\u011bma vnit\u0159n&iacute;mi p\u0159ihr&aacute;dkami Ide&aacute;ln&iacute; na turnaje &Scaron;t&iacute;hl&yacute; Tour design  VLASTNOSTI  14-cestn&yacute; rozd\u011blova\u010d po cel&eacute; d&eacute;lce XL hybridn&iacute; p\u0159ihr&aacute;dka na putter \/ de&scaron;tn&iacute;k 11 prostorn&yacute;ch kapes v\u010d. 6 kapes na cennosti Oversize chlad&iacute;c&iacute; kapsa Vyhrazen&aacute; kapsa na pl&aacute;&scaron;t\u011bnku \/ baterii Integrovan&aacute; pl&aacute;&scaron;t\u011bnka 2 dr\u017e&aacute;ky na de&scaron;tn&iacute;ky Dr\u017e&aacute;k na rukavice a ru\u010dn&iacute;k Dr\u017e&aacute;k na tu\u017eku Jednoduch&eacute; rukojeti pro p\u0159en&aacute;&scaron;en&iacute; Mo\u017enost uchycen&iacute; dvojit&eacute;ho nosn&eacute;ho popruhu<br \/>\nVarianta: Standardn\u00ed nab\u00eddka<br \/>\nBarva podle v\u00fdrobce: Off White\/Navy\/Red<br \/>\nZem\u011b p\u016fvodu: \u010c\u00edna<br \/>\nNepromokav\u00e9: Ano<br \/>\nPohlav\u00ed: Unisex<br \/>\nV\u011bkov\u00e1 skupina: Dosp\u011bl\u00fd<br \/>\nBarva: Modr\u00e1;B\u00edl\u00e1<br \/>\nPo\u010det komor pro hole: 14slo\u017ekov\u00fd<br \/>\nS\u00e9rie: Aqua<br \/>\nHmotnost: 2,7 kg<\/p>\n","protected":false},"excerpt":{"rendered":"<p>AQUA Tour 4 kombinuje prostor a prakti\u010dnost Tour bagu s odleh\u010denou vod\u011bodolnou technologi&iacute; BIG MAX. Je kompaktn\u011bj&scaron;&iacute; a m&aacute; v&iacute;ce &uacute;lo\u017en&eacute;ho prostoru v 11 prostorn&yacute;ch kaps&aacute;ch, &scaron;t&iacute;hlej&scaron;&iacute; design a flexibiln&iacute; polohov&aacute;n&iacute; popruhu. Aktualizovan&aacute; kapsa organiz&eacute;ru na cennosti se dv\u011bma vnit\u0159n&iacute;mi p\u0159ihr&aacute;dkami je&scaron;t\u011b v&iacute;ce usnad\u0148uje uspo\u0159&aacute;d&aacute;n&iacute; z&aacute;kladn&iacute;ch v\u011bc&iacute;. Syst&eacute;m AQUA I-Dry zna\u010dky BIG MAX zaru\u010duje 100 [&hellip;]<\/p>\n","protected":false},"featured_media":47744,"comment_status":"closed","ping_status":"open","template":"","meta":{"_acf_changed":false,"_monsterinsights_skip_tracking":false,"_monsterinsights_sitenote_active":false,"_monsterinsights_sitenote_note":"","_monsterinsights_sitenote_category":0},"pwb-brand":[40],"product_brand":[],"product_cat":[76,153],"product_tag":[],"class_list":{"0":"post-47743","1":"product","2":"type-product","3":"status-publish","4":"has-post-thumbnail","6":"pwb-brand-big-max","7":"product_cat-golfove-bagy","8":"product_cat-golfove-cart-bagy","9":"pa_barva-white-blue","10":"pa_pohlavi-unisex","11":"pa_vek-dospeli","13":"first","14":"instock","15":"product-type-external"},"acf":[],"yoast_head":"<!-- This site is optimized with the Yoast SEO plugin v27.4 - https:\/\/yoast.com\/product\/yoast-seo-wordpress\/ -->\n<title>Big Max Aqua Tour 4 Off White\/Navy\/Red Cart Bag za 5 937 K\u010d skladem - Jamkovi\u0161t\u011b<\/title>\n<meta name=\"description\" content=\"Big Max Aqua Tour 4 Off White\/Navy\/Red Cart Bag za skv\u011blou cenu 5 937 K\u010d skladem \u2714\ufe0f ihned k odesl\u00e1n\u00ed.\" \/>\n<meta name=\"robots\" content=\"index, follow, max-snippet:-1, max-image-preview:large, max-video-preview:-1\" \/>\n<link rel=\"canonical\" href=\"https:\/\/www.jamkoviste.cz\/obchod\/produkt\/big-max-aqua-tour-4-off-white-navy-red-cart-bag\/\" \/>\n<meta property=\"og:locale\" content=\"cs_CZ\" \/>\n<meta property=\"og:type\" content=\"article\" \/>\n<meta property=\"og:title\" content=\"Big Max Aqua Tour 4 Off White\/Navy\/Red Cart Bag za 5 937 K\u010d skladem - Jamkovi\u0161t\u011b\" \/>\n<meta property=\"og:description\" content=\"Big Max Aqua Tour 4 Off White\/Navy\/Red Cart Bag za skv\u011blou cenu 5 937 K\u010d skladem \u2714\ufe0f ihned k odesl\u00e1n\u00ed.\" \/>\n<meta property=\"og:url\" content=\"https:\/\/www.jamkoviste.cz\/obchod\/produkt\/big-max-aqua-tour-4-off-white-navy-red-cart-bag\/\" \/>\n<meta property=\"og:site_name\" content=\"Jamkovi\u0161t\u011b\" \/>\n<meta property=\"article:modified_time\" content=\"2025-11-06T23:15:59+00:00\" \/>\n<meta property=\"og:image\" content=\"https:\/\/www.jamkoviste.cz\/obchod\/wp-content\/uploads\/2024\/10\/main_6ee4a333.jpg\" \/>\n\t<meta property=\"og:image:width\" content=\"430\" \/>\n\t<meta property=\"og:image:height\" content=\"800\" \/>\n\t<meta property=\"og:image:type\" content=\"image\/jpeg\" \/>\n<meta name=\"twitter:card\" content=\"summary_large_image\" \/>\n<meta name=\"twitter:label1\" content=\"Odhadovan\u00e1 doba \u010dten\u00ed\" \/>\n\t<meta name=\"twitter:data1\" content=\"2 minuty\" \/>\n<script type=\"application\/ld+json\" class=\"yoast-schema-graph\">{\"@context\":\"https:\\\/\\\/schema.org\",\"@graph\":[{\"@type\":\"WebPage\",\"@id\":\"https:\\\/\\\/www.jamkoviste.cz\\\/obchod\\\/produkt\\\/big-max-aqua-tour-4-off-white-navy-red-cart-bag\\\/\",\"url\":\"https:\\\/\\\/www.jamkoviste.cz\\\/obchod\\\/produkt\\\/big-max-aqua-tour-4-off-white-navy-red-cart-bag\\\/\",\"name\":\"Big Max Aqua Tour 4 Off White\\\/Navy\\\/Red Cart Bag za 5 937 K\u010d skladem - Jamkovi\u0161t\u011b\",\"isPartOf\":{\"@id\":\"https:\\\/\\\/www.jamkoviste.cz\\\/obchod\\\/#website\"},\"primaryImageOfPage\":{\"@id\":\"https:\\\/\\\/www.jamkoviste.cz\\\/obchod\\\/produkt\\\/big-max-aqua-tour-4-off-white-navy-red-cart-bag\\\/#primaryimage\"},\"image\":{\"@id\":\"https:\\\/\\\/www.jamkoviste.cz\\\/obchod\\\/produkt\\\/big-max-aqua-tour-4-off-white-navy-red-cart-bag\\\/#primaryimage\"},\"thumbnailUrl\":\"https:\\\/\\\/www.jamkoviste.cz\\\/obchod\\\/wp-content\\\/uploads\\\/2024\\\/10\\\/main_6ee4a333.jpg\",\"datePublished\":\"2025-11-06T23:15:57+00:00\",\"dateModified\":\"2025-11-06T23:15:59+00:00\",\"description\":\"Big Max Aqua Tour 4 Off White\\\/Navy\\\/Red Cart Bag za skv\u011blou cenu 5 937 K\u010d skladem \u2714\ufe0f ihned k odesl\u00e1n\u00ed.\",\"breadcrumb\":{\"@id\":\"https:\\\/\\\/www.jamkoviste.cz\\\/obchod\\\/produkt\\\/big-max-aqua-tour-4-off-white-navy-red-cart-bag\\\/#breadcrumb\"},\"inLanguage\":\"cs\",\"potentialAction\":[{\"@type\":\"ReadAction\",\"target\":[\"https:\\\/\\\/www.jamkoviste.cz\\\/obchod\\\/produkt\\\/big-max-aqua-tour-4-off-white-navy-red-cart-bag\\\/\"]}]},{\"@type\":\"ImageObject\",\"inLanguage\":\"cs\",\"@id\":\"https:\\\/\\\/www.jamkoviste.cz\\\/obchod\\\/produkt\\\/big-max-aqua-tour-4-off-white-navy-red-cart-bag\\\/#primaryimage\",\"url\":\"https:\\\/\\\/www.jamkoviste.cz\\\/obchod\\\/wp-content\\\/uploads\\\/2024\\\/10\\\/main_6ee4a333.jpg\",\"contentUrl\":\"https:\\\/\\\/www.jamkoviste.cz\\\/obchod\\\/wp-content\\\/uploads\\\/2024\\\/10\\\/main_6ee4a333.jpg\",\"width\":430,\"height\":800},{\"@type\":\"BreadcrumbList\",\"@id\":\"https:\\\/\\\/www.jamkoviste.cz\\\/obchod\\\/produkt\\\/big-max-aqua-tour-4-off-white-navy-red-cart-bag\\\/#breadcrumb\",\"itemListElement\":[{\"@type\":\"ListItem\",\"position\":1,\"name\":\"Dom\u016f\",\"item\":\"https:\\\/\\\/www.jamkoviste.cz\\\/obchod\\\/\"},{\"@type\":\"ListItem\",\"position\":2,\"name\":\"Obchod\",\"item\":\"https:\\\/\\\/www.jamkoviste.cz\\\/obchod\\\/?page_id=6\"},{\"@type\":\"ListItem\",\"position\":3,\"name\":\"Big Max Aqua Tour 4 Off White\\\/Navy\\\/Red Cart Bag\"}]},{\"@type\":\"WebSite\",\"@id\":\"https:\\\/\\\/www.jamkoviste.cz\\\/obchod\\\/#website\",\"url\":\"https:\\\/\\\/www.jamkoviste.cz\\\/obchod\\\/\",\"name\":\"Jamkovi\u0161t\u011b\",\"description\":\"V\u00fdb\u011br t\u011bch nejlep\u0161\u00edch golfov\u00fdch produkt\u016f\",\"publisher\":{\"@id\":\"https:\\\/\\\/www.jamkoviste.cz\\\/obchod\\\/#organization\"},\"potentialAction\":[{\"@type\":\"SearchAction\",\"target\":{\"@type\":\"EntryPoint\",\"urlTemplate\":\"https:\\\/\\\/www.jamkoviste.cz\\\/obchod\\\/?s={search_term_string}\"},\"query-input\":{\"@type\":\"PropertyValueSpecification\",\"valueRequired\":true,\"valueName\":\"search_term_string\"}}],\"inLanguage\":\"cs\"},{\"@type\":\"Organization\",\"@id\":\"https:\\\/\\\/www.jamkoviste.cz\\\/obchod\\\/#organization\",\"name\":\"Jamkovi\u0161t\u011b\",\"url\":\"https:\\\/\\\/www.jamkoviste.cz\\\/obchod\\\/\",\"logo\":{\"@type\":\"ImageObject\",\"inLanguage\":\"cs\",\"@id\":\"https:\\\/\\\/www.jamkoviste.cz\\\/obchod\\\/#\\\/schema\\\/logo\\\/image\\\/\",\"url\":\"https:\\\/\\\/www.jamkoviste.cz\\\/obchod\\\/wp-content\\\/uploads\\\/2021\\\/03\\\/cropped-logo.png\",\"contentUrl\":\"https:\\\/\\\/www.jamkoviste.cz\\\/obchod\\\/wp-content\\\/uploads\\\/2021\\\/03\\\/cropped-logo.png\",\"width\":351,\"height\":82,\"caption\":\"Jamkovi\u0161t\u011b\"},\"image\":{\"@id\":\"https:\\\/\\\/www.jamkoviste.cz\\\/obchod\\\/#\\\/schema\\\/logo\\\/image\\\/\"}}]}<\/script>\n<!-- \/ Yoast SEO plugin. -->","yoast_head_json":{"title":"Big Max Aqua Tour 4 Off White\/Navy\/Red Cart Bag za 5 937 K\u010d skladem - Jamkovi\u0161t\u011b","description":"Big Max Aqua Tour 4 Off White\/Navy\/Red Cart Bag za skv\u011blou cenu 5 937 K\u010d skladem \u2714\ufe0f ihned k odesl\u00e1n\u00ed.","robots":{"index":"index","follow":"follow","max-snippet":"max-snippet:-1","max-image-preview":"max-image-preview:large","max-video-preview":"max-video-preview:-1"},"canonical":"https:\/\/www.jamkoviste.cz\/obchod\/produkt\/big-max-aqua-tour-4-off-white-navy-red-cart-bag\/","og_locale":"cs_CZ","og_type":"article","og_title":"Big Max Aqua Tour 4 Off White\/Navy\/Red Cart Bag za 5 937 K\u010d skladem - Jamkovi\u0161t\u011b","og_description":"Big Max Aqua Tour 4 Off White\/Navy\/Red Cart Bag za skv\u011blou cenu 5 937 K\u010d skladem \u2714\ufe0f ihned k odesl\u00e1n\u00ed.","og_url":"https:\/\/www.jamkoviste.cz\/obchod\/produkt\/big-max-aqua-tour-4-off-white-navy-red-cart-bag\/","og_site_name":"Jamkovi\u0161t\u011b","article_modified_time":"2025-11-06T23:15:59+00:00","og_image":[{"width":430,"height":800,"url":"https:\/\/www.jamkoviste.cz\/obchod\/wp-content\/uploads\/2024\/10\/main_6ee4a333.jpg","type":"image\/jpeg"}],"twitter_card":"summary_large_image","twitter_misc":{"Odhadovan\u00e1 doba \u010dten\u00ed":"2 minuty"},"schema":{"@context":"https:\/\/schema.org","@graph":[{"@type":"WebPage","@id":"https:\/\/www.jamkoviste.cz\/obchod\/produkt\/big-max-aqua-tour-4-off-white-navy-red-cart-bag\/","url":"https:\/\/www.jamkoviste.cz\/obchod\/produkt\/big-max-aqua-tour-4-off-white-navy-red-cart-bag\/","name":"Big Max Aqua Tour 4 Off White\/Navy\/Red Cart Bag za 5 937 K\u010d skladem - Jamkovi\u0161t\u011b","isPartOf":{"@id":"https:\/\/www.jamkoviste.cz\/obchod\/#website"},"primaryImageOfPage":{"@id":"https:\/\/www.jamkoviste.cz\/obchod\/produkt\/big-max-aqua-tour-4-off-white-navy-red-cart-bag\/#primaryimage"},"image":{"@id":"https:\/\/www.jamkoviste.cz\/obchod\/produkt\/big-max-aqua-tour-4-off-white-navy-red-cart-bag\/#primaryimage"},"thumbnailUrl":"https:\/\/www.jamkoviste.cz\/obchod\/wp-content\/uploads\/2024\/10\/main_6ee4a333.jpg","datePublished":"2025-11-06T23:15:57+00:00","dateModified":"2025-11-06T23:15:59+00:00","description":"Big Max Aqua Tour 4 Off White\/Navy\/Red Cart Bag za skv\u011blou cenu 5 937 K\u010d skladem \u2714\ufe0f ihned k odesl\u00e1n\u00ed.","breadcrumb":{"@id":"https:\/\/www.jamkoviste.cz\/obchod\/produkt\/big-max-aqua-tour-4-off-white-navy-red-cart-bag\/#breadcrumb"},"inLanguage":"cs","potentialAction":[{"@type":"ReadAction","target":["https:\/\/www.jamkoviste.cz\/obchod\/produkt\/big-max-aqua-tour-4-off-white-navy-red-cart-bag\/"]}]},{"@type":"ImageObject","inLanguage":"cs","@id":"https:\/\/www.jamkoviste.cz\/obchod\/produkt\/big-max-aqua-tour-4-off-white-navy-red-cart-bag\/#primaryimage","url":"https:\/\/www.jamkoviste.cz\/obchod\/wp-content\/uploads\/2024\/10\/main_6ee4a333.jpg","contentUrl":"https:\/\/www.jamkoviste.cz\/obchod\/wp-content\/uploads\/2024\/10\/main_6ee4a333.jpg","width":430,"height":800},{"@type":"BreadcrumbList","@id":"https:\/\/www.jamkoviste.cz\/obchod\/produkt\/big-max-aqua-tour-4-off-white-navy-red-cart-bag\/#breadcrumb","itemListElement":[{"@type":"ListItem","position":1,"name":"Dom\u016f","item":"https:\/\/www.jamkoviste.cz\/obchod\/"},{"@type":"ListItem","position":2,"name":"Obchod","item":"https:\/\/www.jamkoviste.cz\/obchod\/?page_id=6"},{"@type":"ListItem","position":3,"name":"Big Max Aqua Tour 4 Off White\/Navy\/Red Cart Bag"}]},{"@type":"WebSite","@id":"https:\/\/www.jamkoviste.cz\/obchod\/#website","url":"https:\/\/www.jamkoviste.cz\/obchod\/","name":"Jamkovi\u0161t\u011b","description":"V\u00fdb\u011br t\u011bch nejlep\u0161\u00edch golfov\u00fdch produkt\u016f","publisher":{"@id":"https:\/\/www.jamkoviste.cz\/obchod\/#organization"},"potentialAction":[{"@type":"SearchAction","target":{"@type":"EntryPoint","urlTemplate":"https:\/\/www.jamkoviste.cz\/obchod\/?s={search_term_string}"},"query-input":{"@type":"PropertyValueSpecification","valueRequired":true,"valueName":"search_term_string"}}],"inLanguage":"cs"},{"@type":"Organization","@id":"https:\/\/www.jamkoviste.cz\/obchod\/#organization","name":"Jamkovi\u0161t\u011b","url":"https:\/\/www.jamkoviste.cz\/obchod\/","logo":{"@type":"ImageObject","inLanguage":"cs","@id":"https:\/\/www.jamkoviste.cz\/obchod\/#\/schema\/logo\/image\/","url":"https:\/\/www.jamkoviste.cz\/obchod\/wp-content\/uploads\/2021\/03\/cropped-logo.png","contentUrl":"https:\/\/www.jamkoviste.cz\/obchod\/wp-content\/uploads\/2021\/03\/cropped-logo.png","width":351,"height":82,"caption":"Jamkovi\u0161t\u011b"},"image":{"@id":"https:\/\/www.jamkoviste.cz\/obchod\/#\/schema\/logo\/image\/"}}]}},"brands":[{"id":40,"name":"Big Max","slug":"big-max"}],"_links":{"self":[{"href":"https:\/\/www.jamkoviste.cz\/obchod\/wp-json\/wp\/v2\/product\/47743","targetHints":{"allow":["GET"]}}],"collection":[{"href":"https:\/\/www.jamkoviste.cz\/obchod\/wp-json\/wp\/v2\/product"}],"about":[{"href":"https:\/\/www.jamkoviste.cz\/obchod\/wp-json\/wp\/v2\/types\/product"}],"replies":[{"embeddable":true,"href":"https:\/\/www.jamkoviste.cz\/obchod\/wp-json\/wp\/v2\/comments?post=47743"}],"wp:featuredmedia":[{"embeddable":true,"href":"https:\/\/www.jamkoviste.cz\/obchod\/wp-json\/wp\/v2\/media\/47744"}],"wp:attachment":[{"href":"https:\/\/www.jamkoviste.cz\/obchod\/wp-json\/wp\/v2\/media?parent=47743"}],"wp:term":[{"taxonomy":"pwb-brand","embeddable":true,"href":"https:\/\/www.jamkoviste.cz\/obchod\/wp-json\/wp\/v2\/pwb-brand?post=47743"},{"taxonomy":"product_brand","embeddable":true,"href":"https:\/\/www.jamkoviste.cz\/obchod\/wp-json\/wp\/v2\/product_brand?post=47743"},{"taxonomy":"product_cat","embeddable":true,"href":"https:\/\/www.jamkoviste.cz\/obchod\/wp-json\/wp\/v2\/product_cat?post=47743"},{"taxonomy":"product_tag","embeddable":true,"href":"https:\/\/www.jamkoviste.cz\/obchod\/wp-json\/wp\/v2\/product_tag?post=47743"}],"curies":[{"name":"wp","href":"https:\/\/api.w.org\/{rel}","templated":true}]}}