{"id":47861,"date":"2025-11-07T00:22:13","date_gmt":"2025-11-06T23:22:13","guid":{"rendered":"https:\/\/www.jamkoviste.cz\/obchod\/produkt\/pitchfix-original-2-0-vypichovatka-2\/"},"modified":"2025-11-07T00:22:13","modified_gmt":"2025-11-06T23:22:13","slug":"pitchfix-original-2-0-vypichovatka","status":"publish","type":"product","link":"https:\/\/www.jamkoviste.cz\/obchod\/produkt\/pitchfix-original-2-0-vypichovatka\/","title":{"rendered":"Pitchfix Original 2.0 Vypichov\u00e1tka"},"content":{"rendered":"<p>Poci\u0165te n\u011bco jin&eacute;ho! Ikonick&yacute; mechanismus otev&iacute;r&aacute;n&iacute; a zav&iacute;r&aacute;n&iacute;, kter&yacute; pou\u017e&iacute;vaj&iacute; miliony golfist\u016f na cel&eacute;m sv\u011bt\u011b, je \u010dasto napodobov&aacute;n, ale nikdy nep\u0159ekon&aacute;n kvalitou, stylem a v&yacute;konem.  Funkce Switchblade Vysoce kvalitn&iacute; ABS rukojeti Odn&iacute;mateln&eacute; markov&aacute;tko  DOKONAL&Eacute; TVAROV&Aacute;N&Iacute;  Designov&eacute; klasiky maj&iacute; \u010dasto jednoduchou formu a Original 2.0 ji ur\u010dit\u011b m&aacute; tak&eacute;. Nab&iacute;z&iacute; hladk&eacute; linie, vysoce kvalitn&iacute; materi&aacute;ly, robustn&iacute; \u0159emesln&eacute; zpracov&aacute;n&iacute; a ergonomick&eacute; dr\u017een&iacute; v ruce p\u0159i otev\u0159en&iacute; nebo zav\u0159en&iacute;.  NEJLEP&Scaron;&Iacute; KOUSEK VE VA&Scaron;EM VYBAVEN&Iacute;  Original 2.0 je lehk&yacute; n&aacute;stroj vyroben&yacute; z vysoce kvalitn&iacute;ho ABS plastu, a proto m&aacute; velmi n&iacute;zkou hmotnost.<br \/>\nZem\u011b p\u016fvodu: \u010c\u00edna<br \/>\nBarva podle v\u00fdrobce: Black<br \/>\nBarva: \u010cern\u00e1<\/p>\n","protected":false},"excerpt":{"rendered":"<p>Poci\u0165te n\u011bco jin&eacute;ho! Ikonick&yacute; mechanismus otev&iacute;r&aacute;n&iacute; a zav&iacute;r&aacute;n&iacute;, kter&yacute; pou\u017e&iacute;vaj&iacute; miliony golfist\u016f na cel&eacute;m sv\u011bt\u011b, je \u010dasto napodobov&aacute;n, ale nikdy nep\u0159ekon&aacute;n kvalitou, stylem a v&yacute;konem. Funkce Switchblade Vysoce kvalitn&iacute; ABS rukojeti Odn&iacute;mateln&eacute; markov&aacute;tko DOKONAL&Eacute; TVAROV&Aacute;N&Iacute; Designov&eacute; klasiky maj&iacute; \u010dasto jednoduchou formu a Original 2.0 ji ur\u010dit\u011b m&aacute; tak&eacute;. Nab&iacute;z&iacute; hladk&eacute; linie, vysoce kvalitn&iacute; materi&aacute;ly, robustn&iacute; [&hellip;]<\/p>\n","protected":false},"featured_media":47862,"comment_status":"closed","ping_status":"open","template":"","meta":{"_acf_changed":false,"_monsterinsights_skip_tracking":false,"_monsterinsights_sitenote_active":false,"_monsterinsights_sitenote_note":"","_monsterinsights_sitenote_category":0},"pwb-brand":[93],"product_brand":[],"product_cat":[149,36],"product_tag":[],"class_list":{"0":"post-47861","1":"product","2":"type-product","3":"status-publish","4":"has-post-thumbnail","6":"pwb-brand-pitchfix","7":"product_cat-golfova-vypichovatka","8":"product_cat-golfove-doplnky","9":"pa_barva-cerna","11":"first","12":"instock","13":"sale","14":"product-type-external"},"acf":[],"yoast_head":"<!-- This site is optimized with the Yoast SEO plugin v27.4 - https:\/\/yoast.com\/product\/yoast-seo-wordpress\/ -->\n<title>Pitchfix Original 2.0 Vypichov\u00e1tka za 364 K\u010d skladem - Jamkovi\u0161t\u011b<\/title>\n<meta name=\"description\" content=\"Pitchfix Original 2.0 Vypichov\u00e1tka za skv\u011blou cenu 364 K\u010d skladem \u2714\ufe0f ihned k odesl\u00e1n\u00ed.\" \/>\n<meta name=\"robots\" content=\"index, follow, max-snippet:-1, max-image-preview:large, max-video-preview:-1\" \/>\n<link rel=\"canonical\" href=\"https:\/\/www.jamkoviste.cz\/obchod\/produkt\/pitchfix-original-2-0-vypichovatka\/\" \/>\n<meta property=\"og:locale\" content=\"cs_CZ\" \/>\n<meta property=\"og:type\" content=\"article\" \/>\n<meta property=\"og:title\" content=\"Pitchfix Original 2.0 Vypichov\u00e1tka za 364 K\u010d skladem - Jamkovi\u0161t\u011b\" \/>\n<meta property=\"og:description\" content=\"Pitchfix Original 2.0 Vypichov\u00e1tka za skv\u011blou cenu 364 K\u010d skladem \u2714\ufe0f ihned k odesl\u00e1n\u00ed.\" \/>\n<meta property=\"og:url\" content=\"https:\/\/www.jamkoviste.cz\/obchod\/produkt\/pitchfix-original-2-0-vypichovatka\/\" \/>\n<meta property=\"og:site_name\" content=\"Jamkovi\u0161t\u011b\" \/>\n<meta property=\"og:image\" content=\"https:\/\/www.jamkoviste.cz\/obchod\/wp-content\/uploads\/2024\/10\/main_dfdcd306.jpg\" \/>\n\t<meta property=\"og:image:width\" content=\"205\" \/>\n\t<meta property=\"og:image:height\" content=\"488\" \/>\n\t<meta property=\"og:image:type\" content=\"image\/jpeg\" \/>\n<meta name=\"twitter:card\" content=\"summary_large_image\" \/>\n<meta name=\"twitter:label1\" content=\"Odhadovan\u00e1 doba \u010dten\u00ed\" \/>\n\t<meta name=\"twitter:data1\" content=\"1 minuta\" \/>\n<script type=\"application\/ld+json\" class=\"yoast-schema-graph\">{\"@context\":\"https:\\\/\\\/schema.org\",\"@graph\":[{\"@type\":\"WebPage\",\"@id\":\"https:\\\/\\\/www.jamkoviste.cz\\\/obchod\\\/produkt\\\/pitchfix-original-2-0-vypichovatka\\\/\",\"url\":\"https:\\\/\\\/www.jamkoviste.cz\\\/obchod\\\/produkt\\\/pitchfix-original-2-0-vypichovatka\\\/\",\"name\":\"Pitchfix Original 2.0 Vypichov\u00e1tka za 364 K\u010d skladem - Jamkovi\u0161t\u011b\",\"isPartOf\":{\"@id\":\"https:\\\/\\\/www.jamkoviste.cz\\\/obchod\\\/#website\"},\"primaryImageOfPage\":{\"@id\":\"https:\\\/\\\/www.jamkoviste.cz\\\/obchod\\\/produkt\\\/pitchfix-original-2-0-vypichovatka\\\/#primaryimage\"},\"image\":{\"@id\":\"https:\\\/\\\/www.jamkoviste.cz\\\/obchod\\\/produkt\\\/pitchfix-original-2-0-vypichovatka\\\/#primaryimage\"},\"thumbnailUrl\":\"https:\\\/\\\/www.jamkoviste.cz\\\/obchod\\\/wp-content\\\/uploads\\\/2024\\\/10\\\/main_dfdcd306.jpg\",\"datePublished\":\"2025-11-06T23:22:13+00:00\",\"description\":\"Pitchfix Original 2.0 Vypichov\u00e1tka za skv\u011blou cenu 364 K\u010d skladem \u2714\ufe0f ihned k odesl\u00e1n\u00ed.\",\"breadcrumb\":{\"@id\":\"https:\\\/\\\/www.jamkoviste.cz\\\/obchod\\\/produkt\\\/pitchfix-original-2-0-vypichovatka\\\/#breadcrumb\"},\"inLanguage\":\"cs\",\"potentialAction\":[{\"@type\":\"ReadAction\",\"target\":[\"https:\\\/\\\/www.jamkoviste.cz\\\/obchod\\\/produkt\\\/pitchfix-original-2-0-vypichovatka\\\/\"]}]},{\"@type\":\"ImageObject\",\"inLanguage\":\"cs\",\"@id\":\"https:\\\/\\\/www.jamkoviste.cz\\\/obchod\\\/produkt\\\/pitchfix-original-2-0-vypichovatka\\\/#primaryimage\",\"url\":\"https:\\\/\\\/www.jamkoviste.cz\\\/obchod\\\/wp-content\\\/uploads\\\/2024\\\/10\\\/main_dfdcd306.jpg\",\"contentUrl\":\"https:\\\/\\\/www.jamkoviste.cz\\\/obchod\\\/wp-content\\\/uploads\\\/2024\\\/10\\\/main_dfdcd306.jpg\",\"width\":205,\"height\":488},{\"@type\":\"BreadcrumbList\",\"@id\":\"https:\\\/\\\/www.jamkoviste.cz\\\/obchod\\\/produkt\\\/pitchfix-original-2-0-vypichovatka\\\/#breadcrumb\",\"itemListElement\":[{\"@type\":\"ListItem\",\"position\":1,\"name\":\"Dom\u016f\",\"item\":\"https:\\\/\\\/www.jamkoviste.cz\\\/obchod\\\/\"},{\"@type\":\"ListItem\",\"position\":2,\"name\":\"Obchod\",\"item\":\"https:\\\/\\\/www.jamkoviste.cz\\\/obchod\\\/?page_id=6\"},{\"@type\":\"ListItem\",\"position\":3,\"name\":\"Pitchfix Original 2.0 Vypichov\u00e1tka\"}]},{\"@type\":\"WebSite\",\"@id\":\"https:\\\/\\\/www.jamkoviste.cz\\\/obchod\\\/#website\",\"url\":\"https:\\\/\\\/www.jamkoviste.cz\\\/obchod\\\/\",\"name\":\"Jamkovi\u0161t\u011b\",\"description\":\"V\u00fdb\u011br t\u011bch nejlep\u0161\u00edch golfov\u00fdch produkt\u016f\",\"publisher\":{\"@id\":\"https:\\\/\\\/www.jamkoviste.cz\\\/obchod\\\/#organization\"},\"potentialAction\":[{\"@type\":\"SearchAction\",\"target\":{\"@type\":\"EntryPoint\",\"urlTemplate\":\"https:\\\/\\\/www.jamkoviste.cz\\\/obchod\\\/?s={search_term_string}\"},\"query-input\":{\"@type\":\"PropertyValueSpecification\",\"valueRequired\":true,\"valueName\":\"search_term_string\"}}],\"inLanguage\":\"cs\"},{\"@type\":\"Organization\",\"@id\":\"https:\\\/\\\/www.jamkoviste.cz\\\/obchod\\\/#organization\",\"name\":\"Jamkovi\u0161t\u011b\",\"url\":\"https:\\\/\\\/www.jamkoviste.cz\\\/obchod\\\/\",\"logo\":{\"@type\":\"ImageObject\",\"inLanguage\":\"cs\",\"@id\":\"https:\\\/\\\/www.jamkoviste.cz\\\/obchod\\\/#\\\/schema\\\/logo\\\/image\\\/\",\"url\":\"https:\\\/\\\/www.jamkoviste.cz\\\/obchod\\\/wp-content\\\/uploads\\\/2021\\\/03\\\/cropped-logo.png\",\"contentUrl\":\"https:\\\/\\\/www.jamkoviste.cz\\\/obchod\\\/wp-content\\\/uploads\\\/2021\\\/03\\\/cropped-logo.png\",\"width\":351,\"height\":82,\"caption\":\"Jamkovi\u0161t\u011b\"},\"image\":{\"@id\":\"https:\\\/\\\/www.jamkoviste.cz\\\/obchod\\\/#\\\/schema\\\/logo\\\/image\\\/\"}}]}<\/script>\n<!-- \/ Yoast SEO plugin. -->","yoast_head_json":{"title":"Pitchfix Original 2.0 Vypichov\u00e1tka za 364 K\u010d skladem - Jamkovi\u0161t\u011b","description":"Pitchfix Original 2.0 Vypichov\u00e1tka za skv\u011blou cenu 364 K\u010d skladem \u2714\ufe0f ihned k odesl\u00e1n\u00ed.","robots":{"index":"index","follow":"follow","max-snippet":"max-snippet:-1","max-image-preview":"max-image-preview:large","max-video-preview":"max-video-preview:-1"},"canonical":"https:\/\/www.jamkoviste.cz\/obchod\/produkt\/pitchfix-original-2-0-vypichovatka\/","og_locale":"cs_CZ","og_type":"article","og_title":"Pitchfix Original 2.0 Vypichov\u00e1tka za 364 K\u010d skladem - Jamkovi\u0161t\u011b","og_description":"Pitchfix Original 2.0 Vypichov\u00e1tka za skv\u011blou cenu 364 K\u010d skladem \u2714\ufe0f ihned k odesl\u00e1n\u00ed.","og_url":"https:\/\/www.jamkoviste.cz\/obchod\/produkt\/pitchfix-original-2-0-vypichovatka\/","og_site_name":"Jamkovi\u0161t\u011b","og_image":[{"width":205,"height":488,"url":"https:\/\/www.jamkoviste.cz\/obchod\/wp-content\/uploads\/2024\/10\/main_dfdcd306.jpg","type":"image\/jpeg"}],"twitter_card":"summary_large_image","twitter_misc":{"Odhadovan\u00e1 doba \u010dten\u00ed":"1 minuta"},"schema":{"@context":"https:\/\/schema.org","@graph":[{"@type":"WebPage","@id":"https:\/\/www.jamkoviste.cz\/obchod\/produkt\/pitchfix-original-2-0-vypichovatka\/","url":"https:\/\/www.jamkoviste.cz\/obchod\/produkt\/pitchfix-original-2-0-vypichovatka\/","name":"Pitchfix Original 2.0 Vypichov\u00e1tka za 364 K\u010d skladem - Jamkovi\u0161t\u011b","isPartOf":{"@id":"https:\/\/www.jamkoviste.cz\/obchod\/#website"},"primaryImageOfPage":{"@id":"https:\/\/www.jamkoviste.cz\/obchod\/produkt\/pitchfix-original-2-0-vypichovatka\/#primaryimage"},"image":{"@id":"https:\/\/www.jamkoviste.cz\/obchod\/produkt\/pitchfix-original-2-0-vypichovatka\/#primaryimage"},"thumbnailUrl":"https:\/\/www.jamkoviste.cz\/obchod\/wp-content\/uploads\/2024\/10\/main_dfdcd306.jpg","datePublished":"2025-11-06T23:22:13+00:00","description":"Pitchfix Original 2.0 Vypichov\u00e1tka za skv\u011blou cenu 364 K\u010d skladem \u2714\ufe0f ihned k odesl\u00e1n\u00ed.","breadcrumb":{"@id":"https:\/\/www.jamkoviste.cz\/obchod\/produkt\/pitchfix-original-2-0-vypichovatka\/#breadcrumb"},"inLanguage":"cs","potentialAction":[{"@type":"ReadAction","target":["https:\/\/www.jamkoviste.cz\/obchod\/produkt\/pitchfix-original-2-0-vypichovatka\/"]}]},{"@type":"ImageObject","inLanguage":"cs","@id":"https:\/\/www.jamkoviste.cz\/obchod\/produkt\/pitchfix-original-2-0-vypichovatka\/#primaryimage","url":"https:\/\/www.jamkoviste.cz\/obchod\/wp-content\/uploads\/2024\/10\/main_dfdcd306.jpg","contentUrl":"https:\/\/www.jamkoviste.cz\/obchod\/wp-content\/uploads\/2024\/10\/main_dfdcd306.jpg","width":205,"height":488},{"@type":"BreadcrumbList","@id":"https:\/\/www.jamkoviste.cz\/obchod\/produkt\/pitchfix-original-2-0-vypichovatka\/#breadcrumb","itemListElement":[{"@type":"ListItem","position":1,"name":"Dom\u016f","item":"https:\/\/www.jamkoviste.cz\/obchod\/"},{"@type":"ListItem","position":2,"name":"Obchod","item":"https:\/\/www.jamkoviste.cz\/obchod\/?page_id=6"},{"@type":"ListItem","position":3,"name":"Pitchfix Original 2.0 Vypichov\u00e1tka"}]},{"@type":"WebSite","@id":"https:\/\/www.jamkoviste.cz\/obchod\/#website","url":"https:\/\/www.jamkoviste.cz\/obchod\/","name":"Jamkovi\u0161t\u011b","description":"V\u00fdb\u011br t\u011bch nejlep\u0161\u00edch golfov\u00fdch produkt\u016f","publisher":{"@id":"https:\/\/www.jamkoviste.cz\/obchod\/#organization"},"potentialAction":[{"@type":"SearchAction","target":{"@type":"EntryPoint","urlTemplate":"https:\/\/www.jamkoviste.cz\/obchod\/?s={search_term_string}"},"query-input":{"@type":"PropertyValueSpecification","valueRequired":true,"valueName":"search_term_string"}}],"inLanguage":"cs"},{"@type":"Organization","@id":"https:\/\/www.jamkoviste.cz\/obchod\/#organization","name":"Jamkovi\u0161t\u011b","url":"https:\/\/www.jamkoviste.cz\/obchod\/","logo":{"@type":"ImageObject","inLanguage":"cs","@id":"https:\/\/www.jamkoviste.cz\/obchod\/#\/schema\/logo\/image\/","url":"https:\/\/www.jamkoviste.cz\/obchod\/wp-content\/uploads\/2021\/03\/cropped-logo.png","contentUrl":"https:\/\/www.jamkoviste.cz\/obchod\/wp-content\/uploads\/2021\/03\/cropped-logo.png","width":351,"height":82,"caption":"Jamkovi\u0161t\u011b"},"image":{"@id":"https:\/\/www.jamkoviste.cz\/obchod\/#\/schema\/logo\/image\/"}}]}},"brands":[{"id":93,"name":"Pitchfix","slug":"pitchfix"}],"_links":{"self":[{"href":"https:\/\/www.jamkoviste.cz\/obchod\/wp-json\/wp\/v2\/product\/47861","targetHints":{"allow":["GET"]}}],"collection":[{"href":"https:\/\/www.jamkoviste.cz\/obchod\/wp-json\/wp\/v2\/product"}],"about":[{"href":"https:\/\/www.jamkoviste.cz\/obchod\/wp-json\/wp\/v2\/types\/product"}],"replies":[{"embeddable":true,"href":"https:\/\/www.jamkoviste.cz\/obchod\/wp-json\/wp\/v2\/comments?post=47861"}],"wp:featuredmedia":[{"embeddable":true,"href":"https:\/\/www.jamkoviste.cz\/obchod\/wp-json\/wp\/v2\/media\/47862"}],"wp:attachment":[{"href":"https:\/\/www.jamkoviste.cz\/obchod\/wp-json\/wp\/v2\/media?parent=47861"}],"wp:term":[{"taxonomy":"pwb-brand","embeddable":true,"href":"https:\/\/www.jamkoviste.cz\/obchod\/wp-json\/wp\/v2\/pwb-brand?post=47861"},{"taxonomy":"product_brand","embeddable":true,"href":"https:\/\/www.jamkoviste.cz\/obchod\/wp-json\/wp\/v2\/product_brand?post=47861"},{"taxonomy":"product_cat","embeddable":true,"href":"https:\/\/www.jamkoviste.cz\/obchod\/wp-json\/wp\/v2\/product_cat?post=47861"},{"taxonomy":"product_tag","embeddable":true,"href":"https:\/\/www.jamkoviste.cz\/obchod\/wp-json\/wp\/v2\/product_tag?post=47861"}],"curies":[{"name":"wp","href":"https:\/\/api.w.org\/{rel}","templated":true}]}}