{"id":48113,"date":"2025-11-07T00:30:30","date_gmt":"2025-11-06T23:30:30","guid":{"rendered":"https:\/\/www.jamkoviste.cz\/obchod\/produkt\/big-max-aqua-sport-4-off-white-steel-blue-fuchsia-cart-bag\/"},"modified":"2025-11-07T00:30:32","modified_gmt":"2025-11-06T23:30:32","slug":"big-max-aqua-sport-4-off-white-steel-blue-fuchsia-cart-bag","status":"publish","type":"product","link":"https:\/\/www.jamkoviste.cz\/obchod\/produkt\/big-max-aqua-sport-4-off-white-steel-blue-fuchsia-cart-bag\/","title":{"rendered":"Big Max Aqua Sport 4 Off White\/Steel Blue\/Fuchsia Cart Bag"},"content":{"rendered":"<p>Tato vysoce v&yacute;konn&aacute; ta&scaron;ka, navr\u017een&aacute; pro v&scaron;echny podm&iacute;nky, nab&iacute;z&iacute; 100 % vodot\u011bsnou ochranu, roz&scaron;&iacute;\u0159en&yacute; chlad&iacute;c&iacute; prostor a komplexn\u011bj&scaron;&iacute; design kapes pro snadn&yacute; p\u0159&iacute;stup. Kompaktn\u011bj&scaron;&iacute;, ale prostorn\u011bj&scaron;&iacute;, s funkcemi, jako je 14-sm\u011brn&aacute; p\u0159ep&aacute;\u017eka po cel&eacute; d&eacute;lce a du&aacute;ln&iacute; nosn&eacute; popruhy, AQUA Sport 4 p\u0159edstavuje sm\u011bs odolnosti, pohodl&iacute; a sofistikovan&eacute; organizace pro modern&iacute;ho golfistu.100 % z&aacute;ruka vodot\u011bsnostiVyroben&aacute; z vod\u011bodoln&yacute;ch materi&aacute;l\u016f a zip\u016f a zataven&yacute;ch &scaron;v\u016f, AQUA Sport 4 zaji&scaron;\u0165uje, \u017ee v&scaron;e, co nos&iacute;te, z\u016fstane v suchu a bezpe\u010d&iacute;, bez ohledu na podm&iacute;nky na h\u0159i&scaron;ti.Vylep&scaron;en&yacute; chlad&iacute;c&iacute; prostorProdlou\u017een&aacute; chlad&iacute;c&iacute; kapsa s dostate\u010dn&yacute;m prostorem a\u017e pro dv\u011b l&aacute;hve zaji&scaron;\u0165uje, \u017ee va&scaron;e n&aacute;poje jsou snadno p\u0159&iacute;stupn&eacute; a chlazen&eacute;, abyste byli na h\u0159i&scaron;ti hydratovan&iacute;.Dostupnost a &uacute;lo\u017ei&scaron;t\u011b, p\u0159edefinovan&eacute;D&iacute;ky snadno p\u0159&iacute;stupn&yacute;m kaps&aacute;m se &scaron;ir&scaron;&iacute;m designem nab&iacute;z&iacute; AQUA Sport 4 neb&yacute;val&eacute; pohodl&iacute;. Ve spojen&iacute; s nes\u010detn&yacute;mi kapsami a obrovsk&yacute;m &uacute;lo\u017en&yacute;m prostorem uspokoj&iacute; i ty nejn&aacute;ro\u010dn\u011bj&scaron;&iacute; organiza\u010dn&iacute; pot\u0159eby.Lehk&aacute; jako pe\u0159&iacute;, bohat&aacute; na funkceUltralehk&aacute; konstrukce neob\u011btuje \u017e&aacute;dnou vlastnost. D&iacute;ky 14-sm\u011brn&eacute; p\u0159ep&aacute;\u017ece po cel&eacute; d&eacute;lce s p\u0159ihr&aacute;dkou na putter a speci&aacute;ln&iacute;mi kapsami pro v&scaron;echny pot\u0159eby, v\u010detn\u011b dvojit&yacute;ch dr\u017e&aacute;k\u016f na de&scaron;tn&iacute;ky, bude v&aacute;&scaron; golfov&yacute; z&aacute;\u017eitek efektivn\u011bj&scaron;&iacute; ne\u017e kdykoli p\u0159edt&iacute;m.SpecifikaceVrch: 14-sm\u011brn&yacute;Po\u010det kapes: 7<br \/>\nHmotnost: 2,5 kg<br \/>\nVarianta: Standardn\u00ed nab\u00eddka<br \/>\nPo\u010det komor pro hole: 14slo\u017ekov\u00fd<br \/>\nNepromokav\u00e9: Ano<br \/>\nPohlav\u00ed: Unisex<br \/>\nRozm\u011bry: 95 x 40 x 46 cm<br \/>\nBarva: B\u00edl\u00e1<br \/>\nZem\u011b p\u016fvodu: \u010c\u00edna<br \/>\nV\u011bkov\u00e1 skupina: Dosp\u011bl\u00fd<br \/>\nBarva podle v\u00fdrobce: Off White\/Steel Blue\/Fuchsia<br \/>\nS\u00e9rie: Aqua<\/p>\n","protected":false},"excerpt":{"rendered":"<p>Tato vysoce v&yacute;konn&aacute; ta&scaron;ka, navr\u017een&aacute; pro v&scaron;echny podm&iacute;nky, nab&iacute;z&iacute; 100 % vodot\u011bsnou ochranu, roz&scaron;&iacute;\u0159en&yacute; chlad&iacute;c&iacute; prostor a komplexn\u011bj&scaron;&iacute; design kapes pro snadn&yacute; p\u0159&iacute;stup. Kompaktn\u011bj&scaron;&iacute;, ale prostorn\u011bj&scaron;&iacute;, s funkcemi, jako je 14-sm\u011brn&aacute; p\u0159ep&aacute;\u017eka po cel&eacute; d&eacute;lce a du&aacute;ln&iacute; nosn&eacute; popruhy, AQUA Sport 4 p\u0159edstavuje sm\u011bs odolnosti, pohodl&iacute; a sofistikovan&eacute; organizace pro modern&iacute;ho golfistu.100 % z&aacute;ruka vodot\u011bsnostiVyroben&aacute; [&hellip;]<\/p>\n","protected":false},"featured_media":48114,"comment_status":"closed","ping_status":"open","template":"","meta":{"_acf_changed":false,"_monsterinsights_skip_tracking":false,"_monsterinsights_sitenote_active":false,"_monsterinsights_sitenote_note":"","_monsterinsights_sitenote_category":0},"pwb-brand":[40],"product_brand":[],"product_cat":[76,153],"product_tag":[],"class_list":{"0":"post-48113","1":"product","2":"type-product","3":"status-publish","4":"has-post-thumbnail","6":"pwb-brand-big-max","7":"product_cat-golfove-bagy","8":"product_cat-golfove-cart-bagy","9":"pa_barva-bila","10":"pa_pohlavi-unisex","11":"pa_vek-dospeli","13":"first","14":"instock","15":"product-type-external"},"acf":[],"yoast_head":"<!-- This site is optimized with the Yoast SEO plugin v27.4 - https:\/\/yoast.com\/product\/yoast-seo-wordpress\/ -->\n<title>Big Max Aqua Sport 4 Off White\/Steel Blue\/Fuchsia Cart Bag za 5 990 K\u010d skladem - Jamkovi\u0161t\u011b<\/title>\n<meta name=\"description\" content=\"Big Max Aqua Sport 4 Off White\/Steel Blue\/Fuchsia Cart Bag za skv\u011blou cenu 5 990 K\u010d skladem \u2714\ufe0f ihned k odesl\u00e1n\u00ed.\" \/>\n<meta name=\"robots\" content=\"index, follow, max-snippet:-1, max-image-preview:large, max-video-preview:-1\" \/>\n<link rel=\"canonical\" href=\"https:\/\/www.jamkoviste.cz\/obchod\/produkt\/big-max-aqua-sport-4-off-white-steel-blue-fuchsia-cart-bag\/\" \/>\n<meta property=\"og:locale\" content=\"cs_CZ\" \/>\n<meta property=\"og:type\" content=\"article\" \/>\n<meta property=\"og:title\" content=\"Big Max Aqua Sport 4 Off White\/Steel Blue\/Fuchsia Cart Bag za 5 990 K\u010d skladem - Jamkovi\u0161t\u011b\" \/>\n<meta property=\"og:description\" content=\"Big Max Aqua Sport 4 Off White\/Steel Blue\/Fuchsia Cart Bag za skv\u011blou cenu 5 990 K\u010d skladem \u2714\ufe0f ihned k odesl\u00e1n\u00ed.\" \/>\n<meta property=\"og:url\" content=\"https:\/\/www.jamkoviste.cz\/obchod\/produkt\/big-max-aqua-sport-4-off-white-steel-blue-fuchsia-cart-bag\/\" \/>\n<meta property=\"og:site_name\" content=\"Jamkovi\u0161t\u011b\" \/>\n<meta property=\"article:modified_time\" content=\"2025-11-06T23:30:32+00:00\" \/>\n<meta property=\"og:image\" content=\"https:\/\/www.jamkoviste.cz\/obchod\/wp-content\/uploads\/2024\/10\/main_fba32ac6.jpg\" \/>\n\t<meta property=\"og:image:width\" content=\"443\" \/>\n\t<meta property=\"og:image:height\" content=\"800\" \/>\n\t<meta property=\"og:image:type\" content=\"image\/jpeg\" \/>\n<meta name=\"twitter:card\" content=\"summary_large_image\" \/>\n<meta name=\"twitter:label1\" content=\"Odhadovan\u00e1 doba \u010dten\u00ed\" \/>\n\t<meta name=\"twitter:data1\" content=\"2 minuty\" \/>\n<script type=\"application\/ld+json\" class=\"yoast-schema-graph\">{\"@context\":\"https:\\\/\\\/schema.org\",\"@graph\":[{\"@type\":\"WebPage\",\"@id\":\"https:\\\/\\\/www.jamkoviste.cz\\\/obchod\\\/produkt\\\/big-max-aqua-sport-4-off-white-steel-blue-fuchsia-cart-bag\\\/\",\"url\":\"https:\\\/\\\/www.jamkoviste.cz\\\/obchod\\\/produkt\\\/big-max-aqua-sport-4-off-white-steel-blue-fuchsia-cart-bag\\\/\",\"name\":\"Big Max Aqua Sport 4 Off White\\\/Steel Blue\\\/Fuchsia Cart Bag za 5 990 K\u010d skladem - Jamkovi\u0161t\u011b\",\"isPartOf\":{\"@id\":\"https:\\\/\\\/www.jamkoviste.cz\\\/obchod\\\/#website\"},\"primaryImageOfPage\":{\"@id\":\"https:\\\/\\\/www.jamkoviste.cz\\\/obchod\\\/produkt\\\/big-max-aqua-sport-4-off-white-steel-blue-fuchsia-cart-bag\\\/#primaryimage\"},\"image\":{\"@id\":\"https:\\\/\\\/www.jamkoviste.cz\\\/obchod\\\/produkt\\\/big-max-aqua-sport-4-off-white-steel-blue-fuchsia-cart-bag\\\/#primaryimage\"},\"thumbnailUrl\":\"https:\\\/\\\/www.jamkoviste.cz\\\/obchod\\\/wp-content\\\/uploads\\\/2024\\\/10\\\/main_fba32ac6.jpg\",\"datePublished\":\"2025-11-06T23:30:30+00:00\",\"dateModified\":\"2025-11-06T23:30:32+00:00\",\"description\":\"Big Max Aqua Sport 4 Off White\\\/Steel Blue\\\/Fuchsia Cart Bag za skv\u011blou cenu 5 990 K\u010d skladem \u2714\ufe0f ihned k odesl\u00e1n\u00ed.\",\"breadcrumb\":{\"@id\":\"https:\\\/\\\/www.jamkoviste.cz\\\/obchod\\\/produkt\\\/big-max-aqua-sport-4-off-white-steel-blue-fuchsia-cart-bag\\\/#breadcrumb\"},\"inLanguage\":\"cs\",\"potentialAction\":[{\"@type\":\"ReadAction\",\"target\":[\"https:\\\/\\\/www.jamkoviste.cz\\\/obchod\\\/produkt\\\/big-max-aqua-sport-4-off-white-steel-blue-fuchsia-cart-bag\\\/\"]}]},{\"@type\":\"ImageObject\",\"inLanguage\":\"cs\",\"@id\":\"https:\\\/\\\/www.jamkoviste.cz\\\/obchod\\\/produkt\\\/big-max-aqua-sport-4-off-white-steel-blue-fuchsia-cart-bag\\\/#primaryimage\",\"url\":\"https:\\\/\\\/www.jamkoviste.cz\\\/obchod\\\/wp-content\\\/uploads\\\/2024\\\/10\\\/main_fba32ac6.jpg\",\"contentUrl\":\"https:\\\/\\\/www.jamkoviste.cz\\\/obchod\\\/wp-content\\\/uploads\\\/2024\\\/10\\\/main_fba32ac6.jpg\",\"width\":443,\"height\":800},{\"@type\":\"BreadcrumbList\",\"@id\":\"https:\\\/\\\/www.jamkoviste.cz\\\/obchod\\\/produkt\\\/big-max-aqua-sport-4-off-white-steel-blue-fuchsia-cart-bag\\\/#breadcrumb\",\"itemListElement\":[{\"@type\":\"ListItem\",\"position\":1,\"name\":\"Dom\u016f\",\"item\":\"https:\\\/\\\/www.jamkoviste.cz\\\/obchod\\\/\"},{\"@type\":\"ListItem\",\"position\":2,\"name\":\"Obchod\",\"item\":\"https:\\\/\\\/www.jamkoviste.cz\\\/obchod\\\/?page_id=6\"},{\"@type\":\"ListItem\",\"position\":3,\"name\":\"Big Max Aqua Sport 4 Off White\\\/Steel Blue\\\/Fuchsia Cart Bag\"}]},{\"@type\":\"WebSite\",\"@id\":\"https:\\\/\\\/www.jamkoviste.cz\\\/obchod\\\/#website\",\"url\":\"https:\\\/\\\/www.jamkoviste.cz\\\/obchod\\\/\",\"name\":\"Jamkovi\u0161t\u011b\",\"description\":\"V\u00fdb\u011br t\u011bch nejlep\u0161\u00edch golfov\u00fdch produkt\u016f\",\"publisher\":{\"@id\":\"https:\\\/\\\/www.jamkoviste.cz\\\/obchod\\\/#organization\"},\"potentialAction\":[{\"@type\":\"SearchAction\",\"target\":{\"@type\":\"EntryPoint\",\"urlTemplate\":\"https:\\\/\\\/www.jamkoviste.cz\\\/obchod\\\/?s={search_term_string}\"},\"query-input\":{\"@type\":\"PropertyValueSpecification\",\"valueRequired\":true,\"valueName\":\"search_term_string\"}}],\"inLanguage\":\"cs\"},{\"@type\":\"Organization\",\"@id\":\"https:\\\/\\\/www.jamkoviste.cz\\\/obchod\\\/#organization\",\"name\":\"Jamkovi\u0161t\u011b\",\"url\":\"https:\\\/\\\/www.jamkoviste.cz\\\/obchod\\\/\",\"logo\":{\"@type\":\"ImageObject\",\"inLanguage\":\"cs\",\"@id\":\"https:\\\/\\\/www.jamkoviste.cz\\\/obchod\\\/#\\\/schema\\\/logo\\\/image\\\/\",\"url\":\"https:\\\/\\\/www.jamkoviste.cz\\\/obchod\\\/wp-content\\\/uploads\\\/2021\\\/03\\\/cropped-logo.png\",\"contentUrl\":\"https:\\\/\\\/www.jamkoviste.cz\\\/obchod\\\/wp-content\\\/uploads\\\/2021\\\/03\\\/cropped-logo.png\",\"width\":351,\"height\":82,\"caption\":\"Jamkovi\u0161t\u011b\"},\"image\":{\"@id\":\"https:\\\/\\\/www.jamkoviste.cz\\\/obchod\\\/#\\\/schema\\\/logo\\\/image\\\/\"}}]}<\/script>\n<!-- \/ Yoast SEO plugin. -->","yoast_head_json":{"title":"Big Max Aqua Sport 4 Off White\/Steel Blue\/Fuchsia Cart Bag za 5 990 K\u010d skladem - Jamkovi\u0161t\u011b","description":"Big Max Aqua Sport 4 Off White\/Steel Blue\/Fuchsia Cart Bag za skv\u011blou cenu 5 990 K\u010d skladem \u2714\ufe0f ihned k odesl\u00e1n\u00ed.","robots":{"index":"index","follow":"follow","max-snippet":"max-snippet:-1","max-image-preview":"max-image-preview:large","max-video-preview":"max-video-preview:-1"},"canonical":"https:\/\/www.jamkoviste.cz\/obchod\/produkt\/big-max-aqua-sport-4-off-white-steel-blue-fuchsia-cart-bag\/","og_locale":"cs_CZ","og_type":"article","og_title":"Big Max Aqua Sport 4 Off White\/Steel Blue\/Fuchsia Cart Bag za 5 990 K\u010d skladem - Jamkovi\u0161t\u011b","og_description":"Big Max Aqua Sport 4 Off White\/Steel Blue\/Fuchsia Cart Bag za skv\u011blou cenu 5 990 K\u010d skladem \u2714\ufe0f ihned k odesl\u00e1n\u00ed.","og_url":"https:\/\/www.jamkoviste.cz\/obchod\/produkt\/big-max-aqua-sport-4-off-white-steel-blue-fuchsia-cart-bag\/","og_site_name":"Jamkovi\u0161t\u011b","article_modified_time":"2025-11-06T23:30:32+00:00","og_image":[{"width":443,"height":800,"url":"https:\/\/www.jamkoviste.cz\/obchod\/wp-content\/uploads\/2024\/10\/main_fba32ac6.jpg","type":"image\/jpeg"}],"twitter_card":"summary_large_image","twitter_misc":{"Odhadovan\u00e1 doba \u010dten\u00ed":"2 minuty"},"schema":{"@context":"https:\/\/schema.org","@graph":[{"@type":"WebPage","@id":"https:\/\/www.jamkoviste.cz\/obchod\/produkt\/big-max-aqua-sport-4-off-white-steel-blue-fuchsia-cart-bag\/","url":"https:\/\/www.jamkoviste.cz\/obchod\/produkt\/big-max-aqua-sport-4-off-white-steel-blue-fuchsia-cart-bag\/","name":"Big Max Aqua Sport 4 Off White\/Steel Blue\/Fuchsia Cart Bag za 5 990 K\u010d skladem - Jamkovi\u0161t\u011b","isPartOf":{"@id":"https:\/\/www.jamkoviste.cz\/obchod\/#website"},"primaryImageOfPage":{"@id":"https:\/\/www.jamkoviste.cz\/obchod\/produkt\/big-max-aqua-sport-4-off-white-steel-blue-fuchsia-cart-bag\/#primaryimage"},"image":{"@id":"https:\/\/www.jamkoviste.cz\/obchod\/produkt\/big-max-aqua-sport-4-off-white-steel-blue-fuchsia-cart-bag\/#primaryimage"},"thumbnailUrl":"https:\/\/www.jamkoviste.cz\/obchod\/wp-content\/uploads\/2024\/10\/main_fba32ac6.jpg","datePublished":"2025-11-06T23:30:30+00:00","dateModified":"2025-11-06T23:30:32+00:00","description":"Big Max Aqua Sport 4 Off White\/Steel Blue\/Fuchsia Cart Bag za skv\u011blou cenu 5 990 K\u010d skladem \u2714\ufe0f ihned k odesl\u00e1n\u00ed.","breadcrumb":{"@id":"https:\/\/www.jamkoviste.cz\/obchod\/produkt\/big-max-aqua-sport-4-off-white-steel-blue-fuchsia-cart-bag\/#breadcrumb"},"inLanguage":"cs","potentialAction":[{"@type":"ReadAction","target":["https:\/\/www.jamkoviste.cz\/obchod\/produkt\/big-max-aqua-sport-4-off-white-steel-blue-fuchsia-cart-bag\/"]}]},{"@type":"ImageObject","inLanguage":"cs","@id":"https:\/\/www.jamkoviste.cz\/obchod\/produkt\/big-max-aqua-sport-4-off-white-steel-blue-fuchsia-cart-bag\/#primaryimage","url":"https:\/\/www.jamkoviste.cz\/obchod\/wp-content\/uploads\/2024\/10\/main_fba32ac6.jpg","contentUrl":"https:\/\/www.jamkoviste.cz\/obchod\/wp-content\/uploads\/2024\/10\/main_fba32ac6.jpg","width":443,"height":800},{"@type":"BreadcrumbList","@id":"https:\/\/www.jamkoviste.cz\/obchod\/produkt\/big-max-aqua-sport-4-off-white-steel-blue-fuchsia-cart-bag\/#breadcrumb","itemListElement":[{"@type":"ListItem","position":1,"name":"Dom\u016f","item":"https:\/\/www.jamkoviste.cz\/obchod\/"},{"@type":"ListItem","position":2,"name":"Obchod","item":"https:\/\/www.jamkoviste.cz\/obchod\/?page_id=6"},{"@type":"ListItem","position":3,"name":"Big Max Aqua Sport 4 Off White\/Steel Blue\/Fuchsia Cart Bag"}]},{"@type":"WebSite","@id":"https:\/\/www.jamkoviste.cz\/obchod\/#website","url":"https:\/\/www.jamkoviste.cz\/obchod\/","name":"Jamkovi\u0161t\u011b","description":"V\u00fdb\u011br t\u011bch nejlep\u0161\u00edch golfov\u00fdch produkt\u016f","publisher":{"@id":"https:\/\/www.jamkoviste.cz\/obchod\/#organization"},"potentialAction":[{"@type":"SearchAction","target":{"@type":"EntryPoint","urlTemplate":"https:\/\/www.jamkoviste.cz\/obchod\/?s={search_term_string}"},"query-input":{"@type":"PropertyValueSpecification","valueRequired":true,"valueName":"search_term_string"}}],"inLanguage":"cs"},{"@type":"Organization","@id":"https:\/\/www.jamkoviste.cz\/obchod\/#organization","name":"Jamkovi\u0161t\u011b","url":"https:\/\/www.jamkoviste.cz\/obchod\/","logo":{"@type":"ImageObject","inLanguage":"cs","@id":"https:\/\/www.jamkoviste.cz\/obchod\/#\/schema\/logo\/image\/","url":"https:\/\/www.jamkoviste.cz\/obchod\/wp-content\/uploads\/2021\/03\/cropped-logo.png","contentUrl":"https:\/\/www.jamkoviste.cz\/obchod\/wp-content\/uploads\/2021\/03\/cropped-logo.png","width":351,"height":82,"caption":"Jamkovi\u0161t\u011b"},"image":{"@id":"https:\/\/www.jamkoviste.cz\/obchod\/#\/schema\/logo\/image\/"}}]}},"brands":[{"id":40,"name":"Big Max","slug":"big-max"}],"_links":{"self":[{"href":"https:\/\/www.jamkoviste.cz\/obchod\/wp-json\/wp\/v2\/product\/48113","targetHints":{"allow":["GET"]}}],"collection":[{"href":"https:\/\/www.jamkoviste.cz\/obchod\/wp-json\/wp\/v2\/product"}],"about":[{"href":"https:\/\/www.jamkoviste.cz\/obchod\/wp-json\/wp\/v2\/types\/product"}],"replies":[{"embeddable":true,"href":"https:\/\/www.jamkoviste.cz\/obchod\/wp-json\/wp\/v2\/comments?post=48113"}],"wp:featuredmedia":[{"embeddable":true,"href":"https:\/\/www.jamkoviste.cz\/obchod\/wp-json\/wp\/v2\/media\/48114"}],"wp:attachment":[{"href":"https:\/\/www.jamkoviste.cz\/obchod\/wp-json\/wp\/v2\/media?parent=48113"}],"wp:term":[{"taxonomy":"pwb-brand","embeddable":true,"href":"https:\/\/www.jamkoviste.cz\/obchod\/wp-json\/wp\/v2\/pwb-brand?post=48113"},{"taxonomy":"product_brand","embeddable":true,"href":"https:\/\/www.jamkoviste.cz\/obchod\/wp-json\/wp\/v2\/product_brand?post=48113"},{"taxonomy":"product_cat","embeddable":true,"href":"https:\/\/www.jamkoviste.cz\/obchod\/wp-json\/wp\/v2\/product_cat?post=48113"},{"taxonomy":"product_tag","embeddable":true,"href":"https:\/\/www.jamkoviste.cz\/obchod\/wp-json\/wp\/v2\/product_tag?post=48113"}],"curies":[{"name":"wp","href":"https:\/\/api.w.org\/{rel}","templated":true}]}}