{"id":49270,"date":"2025-11-07T00:23:25","date_gmt":"2025-11-06T23:23:25","guid":{"rendered":"https:\/\/www.jamkoviste.cz\/obchod\/produkt\/mgi-ai-navigator-gps-black-elektricky-golfovy-vozik\/"},"modified":"2025-11-07T00:23:26","modified_gmt":"2025-11-06T23:23:26","slug":"mgi-ai-navigator-gps-black-elektricky-golfovy-vozik","status":"publish","type":"product","link":"https:\/\/www.jamkoviste.cz\/obchod\/produkt\/mgi-ai-navigator-gps-black-elektricky-golfovy-vozik\/","title":{"rendered":"MGI AI Navigator GPS+ Black Elektrick\u00fd golfov\u00fd voz\u00edk"},"content":{"rendered":"<p>MGI AI Navigator GPS+ je navr\u017een s integrovan\u00fdm syst\u00e9mem GPS zabudovan\u00fdm do super citliv\u00e9ho 4&#39;&#39; plnobarevn\u00e9ho dotykov\u00e9ho displeje s vysok\u00fdm rozli\u0161en\u00edm, kter\u00fd v\u00e1s spoj\u00ed s v\u00edce ne\u017e 40 000 h\u0159i\u0161ti po cel\u00e9m sv\u011bt\u011b.Integrovan\u00fd, vysoce v\u00fdkonn\u00fd syst\u00e9m GPS poskytuje rychl\u00e9 a p\u0159esn\u00e9 vzd\u00e1lenosti do v\u0161ech \u010d\u00e1st\u00ed h\u0159i\u0161t\u011b, d\u00e1le bude vylep\u0161en bezplatnou interaktivn\u00ed aplikac\u00ed MGI. Aplikace p\u0159ich\u00e1z\u00ed s mapami, bodov\u00e1n\u00edm a m\u016f\u017ee b\u00fdt va\u0161\u00edm za\u0159\u00edzen\u00edm MGI Sureshot, kter\u00e9 si m\u016f\u017eete vz\u00edt kamkoli. Po p\u0159ipojen\u00ed p\u0159es Bluetooth budete dost\u00e1vat upozorn\u011bn\u00ed z telefonu, kter\u00e1 v\u00e1s upozorn\u00ed na SMS, e-maily a p\u0159\u00edchoz\u00ed hovory.MGI Ai Navigator GPS+ je tak\u00e9 dod\u00e1v\u00e1n s celosv\u011btov\u011b uzn\u00e1van\u00fdm ru\u010dn\u00edm d\u00e1lkov\u00fdm ovl\u00e1d\u00e1n\u00edm, kter\u00e9 lze pou\u017e\u00edt na vzd\u00e1lenost v\u00edce ne\u017e 100 metr\u016f, co\u017e v\u00e1m umo\u017en\u00ed snadno projet h\u0159i\u0161t\u011b. D\u00edky patentovan\u00e9 technologii p\u0159\u00edm\u00e9ho sledov\u00e1n\u00ed gyroskopu od spole\u010dnosti MGI z\u016fstane v\u00e1\u0161 MGI Ai Navigator GPS+ na trase v jak\u00e9mkoli ter\u00e9nu.Aplikace MGI je dostupn\u00e1 pro za\u0159\u00edzen\u00ed se syst\u00e9mem iOS a Android.MGI AI Navigator GPS+ lze pou\u017e\u00edvat pouze s:Lithiov\u00e1 baterie MGI 24 V 380 Wh.<br \/>\nMateri\u00e1l: Nerezov\u00e1 ocel<br \/>\nBarva r\u00e1mu: \u010cern\u00e1<br \/>\nKapacita: 36 jamek<br \/>\nPo\u010det kole\u010dek: 4<br \/>\nD\u00e1lkov\u00e9 ovl\u00e1d\u00e1n\u00ed: Ano<br \/>\nAdapt\u00e9r sou\u010d\u00e1st\u00ed: Ano<br \/>\nProvoz na baterie: Ano<br \/>\nNap\u00e1jen\u00ed: 24 V<br \/>\nBarva podle v\u00fdrobce: Black<br \/>\nBarva kole\u010dek: Black<br \/>\nTyp baterie: 380 Wh<br \/>\nZem\u011b p\u016fvodu: \u010c\u00edna<br \/>\nHmotnost: 17,69 kg<br \/>\nDetail baterie: Li<\/p>\n","protected":false},"excerpt":{"rendered":"<p>MGI AI Navigator GPS+ je navr\u017een s integrovan\u00fdm syst\u00e9mem GPS zabudovan\u00fdm do super citliv\u00e9ho 4&#39;&#39; plnobarevn\u00e9ho dotykov\u00e9ho displeje s vysok\u00fdm rozli\u0161en\u00edm, kter\u00fd v\u00e1s spoj\u00ed s v\u00edce ne\u017e 40 000 h\u0159i\u0161ti po cel\u00e9m sv\u011bt\u011b.Integrovan\u00fd, vysoce v\u00fdkonn\u00fd syst\u00e9m GPS poskytuje rychl\u00e9 a p\u0159esn\u00e9 vzd\u00e1lenosti do v\u0161ech \u010d\u00e1st\u00ed h\u0159i\u0161t\u011b, d\u00e1le bude vylep\u0161en bezplatnou interaktivn\u00ed aplikac\u00ed MGI. Aplikace p\u0159ich\u00e1z\u00ed [&hellip;]<\/p>\n","protected":false},"featured_media":49271,"comment_status":"closed","ping_status":"open","template":"","meta":{"_acf_changed":false,"_monsterinsights_skip_tracking":false,"_monsterinsights_sitenote_active":false,"_monsterinsights_sitenote_note":"","_monsterinsights_sitenote_category":0},"pwb-brand":[86],"product_brand":[],"product_cat":[141,118],"product_tag":[],"class_list":{"0":"post-49270","1":"product","2":"type-product","3":"status-publish","4":"has-post-thumbnail","6":"pwb-brand-mgi","7":"product_cat-elektricke-golfove-voziky-golfove-voziky","8":"product_cat-golfove-voziky","9":"pa_barva-cerna","11":"first","12":"instock","13":"product-type-external"},"acf":[],"yoast_head":"<!-- This site is optimized with the Yoast SEO plugin v27.4 - https:\/\/yoast.com\/product\/yoast-seo-wordpress\/ -->\n<title>MGI AI Navigator GPS+ Black Elektrick\u00fd golfov\u00fd voz\u00edk za 47 750 K\u010d skladem - Jamkovi\u0161t\u011b<\/title>\n<meta name=\"description\" content=\"MGI AI Navigator GPS+ Black Elektrick\u00fd golfov\u00fd voz\u00edk za skv\u011blou cenu 47 750 K\u010d skladem \u2714\ufe0f ihned k odesl\u00e1n\u00ed.\" \/>\n<meta name=\"robots\" content=\"index, follow, max-snippet:-1, max-image-preview:large, max-video-preview:-1\" \/>\n<link rel=\"canonical\" href=\"https:\/\/www.jamkoviste.cz\/obchod\/produkt\/mgi-ai-navigator-gps-black-elektricky-golfovy-vozik\/\" \/>\n<meta property=\"og:locale\" content=\"cs_CZ\" \/>\n<meta property=\"og:type\" content=\"article\" \/>\n<meta property=\"og:title\" content=\"MGI AI Navigator GPS+ Black Elektrick\u00fd golfov\u00fd voz\u00edk za 47 750 K\u010d skladem - Jamkovi\u0161t\u011b\" \/>\n<meta property=\"og:description\" content=\"MGI AI Navigator GPS+ Black Elektrick\u00fd golfov\u00fd voz\u00edk za skv\u011blou cenu 47 750 K\u010d skladem \u2714\ufe0f ihned k odesl\u00e1n\u00ed.\" \/>\n<meta property=\"og:url\" content=\"https:\/\/www.jamkoviste.cz\/obchod\/produkt\/mgi-ai-navigator-gps-black-elektricky-golfovy-vozik\/\" \/>\n<meta property=\"og:site_name\" content=\"Jamkovi\u0161t\u011b\" \/>\n<meta property=\"article:modified_time\" content=\"2025-11-06T23:23:26+00:00\" \/>\n<meta property=\"og:image\" content=\"https:\/\/www.jamkoviste.cz\/obchod\/wp-content\/uploads\/2024\/11\/main_81961d65.jpg\" \/>\n\t<meta property=\"og:image:width\" content=\"867\" \/>\n\t<meta property=\"og:image:height\" content=\"800\" \/>\n\t<meta property=\"og:image:type\" content=\"image\/jpeg\" \/>\n<meta name=\"twitter:card\" content=\"summary_large_image\" \/>\n<meta name=\"twitter:label1\" content=\"Odhadovan\u00e1 doba \u010dten\u00ed\" \/>\n\t<meta name=\"twitter:data1\" content=\"1 minuta\" \/>\n<script type=\"application\/ld+json\" class=\"yoast-schema-graph\">{\"@context\":\"https:\\\/\\\/schema.org\",\"@graph\":[{\"@type\":\"WebPage\",\"@id\":\"https:\\\/\\\/www.jamkoviste.cz\\\/obchod\\\/produkt\\\/mgi-ai-navigator-gps-black-elektricky-golfovy-vozik\\\/\",\"url\":\"https:\\\/\\\/www.jamkoviste.cz\\\/obchod\\\/produkt\\\/mgi-ai-navigator-gps-black-elektricky-golfovy-vozik\\\/\",\"name\":\"MGI AI Navigator GPS+ Black Elektrick\u00fd golfov\u00fd voz\u00edk za 47 750 K\u010d skladem - Jamkovi\u0161t\u011b\",\"isPartOf\":{\"@id\":\"https:\\\/\\\/www.jamkoviste.cz\\\/obchod\\\/#website\"},\"primaryImageOfPage\":{\"@id\":\"https:\\\/\\\/www.jamkoviste.cz\\\/obchod\\\/produkt\\\/mgi-ai-navigator-gps-black-elektricky-golfovy-vozik\\\/#primaryimage\"},\"image\":{\"@id\":\"https:\\\/\\\/www.jamkoviste.cz\\\/obchod\\\/produkt\\\/mgi-ai-navigator-gps-black-elektricky-golfovy-vozik\\\/#primaryimage\"},\"thumbnailUrl\":\"https:\\\/\\\/www.jamkoviste.cz\\\/obchod\\\/wp-content\\\/uploads\\\/2024\\\/11\\\/main_81961d65.jpg\",\"datePublished\":\"2025-11-06T23:23:25+00:00\",\"dateModified\":\"2025-11-06T23:23:26+00:00\",\"description\":\"MGI AI Navigator GPS+ Black Elektrick\u00fd golfov\u00fd voz\u00edk za skv\u011blou cenu 47 750 K\u010d skladem \u2714\ufe0f ihned k odesl\u00e1n\u00ed.\",\"breadcrumb\":{\"@id\":\"https:\\\/\\\/www.jamkoviste.cz\\\/obchod\\\/produkt\\\/mgi-ai-navigator-gps-black-elektricky-golfovy-vozik\\\/#breadcrumb\"},\"inLanguage\":\"cs\",\"potentialAction\":[{\"@type\":\"ReadAction\",\"target\":[\"https:\\\/\\\/www.jamkoviste.cz\\\/obchod\\\/produkt\\\/mgi-ai-navigator-gps-black-elektricky-golfovy-vozik\\\/\"]}]},{\"@type\":\"ImageObject\",\"inLanguage\":\"cs\",\"@id\":\"https:\\\/\\\/www.jamkoviste.cz\\\/obchod\\\/produkt\\\/mgi-ai-navigator-gps-black-elektricky-golfovy-vozik\\\/#primaryimage\",\"url\":\"https:\\\/\\\/www.jamkoviste.cz\\\/obchod\\\/wp-content\\\/uploads\\\/2024\\\/11\\\/main_81961d65.jpg\",\"contentUrl\":\"https:\\\/\\\/www.jamkoviste.cz\\\/obchod\\\/wp-content\\\/uploads\\\/2024\\\/11\\\/main_81961d65.jpg\",\"width\":867,\"height\":800},{\"@type\":\"BreadcrumbList\",\"@id\":\"https:\\\/\\\/www.jamkoviste.cz\\\/obchod\\\/produkt\\\/mgi-ai-navigator-gps-black-elektricky-golfovy-vozik\\\/#breadcrumb\",\"itemListElement\":[{\"@type\":\"ListItem\",\"position\":1,\"name\":\"Dom\u016f\",\"item\":\"https:\\\/\\\/www.jamkoviste.cz\\\/obchod\\\/\"},{\"@type\":\"ListItem\",\"position\":2,\"name\":\"Obchod\",\"item\":\"https:\\\/\\\/www.jamkoviste.cz\\\/obchod\\\/?page_id=6\"},{\"@type\":\"ListItem\",\"position\":3,\"name\":\"MGI AI Navigator GPS+ Black Elektrick\u00fd golfov\u00fd voz\u00edk\"}]},{\"@type\":\"WebSite\",\"@id\":\"https:\\\/\\\/www.jamkoviste.cz\\\/obchod\\\/#website\",\"url\":\"https:\\\/\\\/www.jamkoviste.cz\\\/obchod\\\/\",\"name\":\"Jamkovi\u0161t\u011b\",\"description\":\"V\u00fdb\u011br t\u011bch nejlep\u0161\u00edch golfov\u00fdch produkt\u016f\",\"publisher\":{\"@id\":\"https:\\\/\\\/www.jamkoviste.cz\\\/obchod\\\/#organization\"},\"potentialAction\":[{\"@type\":\"SearchAction\",\"target\":{\"@type\":\"EntryPoint\",\"urlTemplate\":\"https:\\\/\\\/www.jamkoviste.cz\\\/obchod\\\/?s={search_term_string}\"},\"query-input\":{\"@type\":\"PropertyValueSpecification\",\"valueRequired\":true,\"valueName\":\"search_term_string\"}}],\"inLanguage\":\"cs\"},{\"@type\":\"Organization\",\"@id\":\"https:\\\/\\\/www.jamkoviste.cz\\\/obchod\\\/#organization\",\"name\":\"Jamkovi\u0161t\u011b\",\"url\":\"https:\\\/\\\/www.jamkoviste.cz\\\/obchod\\\/\",\"logo\":{\"@type\":\"ImageObject\",\"inLanguage\":\"cs\",\"@id\":\"https:\\\/\\\/www.jamkoviste.cz\\\/obchod\\\/#\\\/schema\\\/logo\\\/image\\\/\",\"url\":\"https:\\\/\\\/www.jamkoviste.cz\\\/obchod\\\/wp-content\\\/uploads\\\/2021\\\/03\\\/cropped-logo.png\",\"contentUrl\":\"https:\\\/\\\/www.jamkoviste.cz\\\/obchod\\\/wp-content\\\/uploads\\\/2021\\\/03\\\/cropped-logo.png\",\"width\":351,\"height\":82,\"caption\":\"Jamkovi\u0161t\u011b\"},\"image\":{\"@id\":\"https:\\\/\\\/www.jamkoviste.cz\\\/obchod\\\/#\\\/schema\\\/logo\\\/image\\\/\"}}]}<\/script>\n<!-- \/ Yoast SEO plugin. -->","yoast_head_json":{"title":"MGI AI Navigator GPS+ Black Elektrick\u00fd golfov\u00fd voz\u00edk za 47 750 K\u010d skladem - Jamkovi\u0161t\u011b","description":"MGI AI Navigator GPS+ Black Elektrick\u00fd golfov\u00fd voz\u00edk za skv\u011blou cenu 47 750 K\u010d skladem \u2714\ufe0f ihned k odesl\u00e1n\u00ed.","robots":{"index":"index","follow":"follow","max-snippet":"max-snippet:-1","max-image-preview":"max-image-preview:large","max-video-preview":"max-video-preview:-1"},"canonical":"https:\/\/www.jamkoviste.cz\/obchod\/produkt\/mgi-ai-navigator-gps-black-elektricky-golfovy-vozik\/","og_locale":"cs_CZ","og_type":"article","og_title":"MGI AI Navigator GPS+ Black Elektrick\u00fd golfov\u00fd voz\u00edk za 47 750 K\u010d skladem - Jamkovi\u0161t\u011b","og_description":"MGI AI Navigator GPS+ Black Elektrick\u00fd golfov\u00fd voz\u00edk za skv\u011blou cenu 47 750 K\u010d skladem \u2714\ufe0f ihned k odesl\u00e1n\u00ed.","og_url":"https:\/\/www.jamkoviste.cz\/obchod\/produkt\/mgi-ai-navigator-gps-black-elektricky-golfovy-vozik\/","og_site_name":"Jamkovi\u0161t\u011b","article_modified_time":"2025-11-06T23:23:26+00:00","og_image":[{"width":867,"height":800,"url":"https:\/\/www.jamkoviste.cz\/obchod\/wp-content\/uploads\/2024\/11\/main_81961d65.jpg","type":"image\/jpeg"}],"twitter_card":"summary_large_image","twitter_misc":{"Odhadovan\u00e1 doba \u010dten\u00ed":"1 minuta"},"schema":{"@context":"https:\/\/schema.org","@graph":[{"@type":"WebPage","@id":"https:\/\/www.jamkoviste.cz\/obchod\/produkt\/mgi-ai-navigator-gps-black-elektricky-golfovy-vozik\/","url":"https:\/\/www.jamkoviste.cz\/obchod\/produkt\/mgi-ai-navigator-gps-black-elektricky-golfovy-vozik\/","name":"MGI AI Navigator GPS+ Black Elektrick\u00fd golfov\u00fd voz\u00edk za 47 750 K\u010d skladem - Jamkovi\u0161t\u011b","isPartOf":{"@id":"https:\/\/www.jamkoviste.cz\/obchod\/#website"},"primaryImageOfPage":{"@id":"https:\/\/www.jamkoviste.cz\/obchod\/produkt\/mgi-ai-navigator-gps-black-elektricky-golfovy-vozik\/#primaryimage"},"image":{"@id":"https:\/\/www.jamkoviste.cz\/obchod\/produkt\/mgi-ai-navigator-gps-black-elektricky-golfovy-vozik\/#primaryimage"},"thumbnailUrl":"https:\/\/www.jamkoviste.cz\/obchod\/wp-content\/uploads\/2024\/11\/main_81961d65.jpg","datePublished":"2025-11-06T23:23:25+00:00","dateModified":"2025-11-06T23:23:26+00:00","description":"MGI AI Navigator GPS+ Black Elektrick\u00fd golfov\u00fd voz\u00edk za skv\u011blou cenu 47 750 K\u010d skladem \u2714\ufe0f ihned k odesl\u00e1n\u00ed.","breadcrumb":{"@id":"https:\/\/www.jamkoviste.cz\/obchod\/produkt\/mgi-ai-navigator-gps-black-elektricky-golfovy-vozik\/#breadcrumb"},"inLanguage":"cs","potentialAction":[{"@type":"ReadAction","target":["https:\/\/www.jamkoviste.cz\/obchod\/produkt\/mgi-ai-navigator-gps-black-elektricky-golfovy-vozik\/"]}]},{"@type":"ImageObject","inLanguage":"cs","@id":"https:\/\/www.jamkoviste.cz\/obchod\/produkt\/mgi-ai-navigator-gps-black-elektricky-golfovy-vozik\/#primaryimage","url":"https:\/\/www.jamkoviste.cz\/obchod\/wp-content\/uploads\/2024\/11\/main_81961d65.jpg","contentUrl":"https:\/\/www.jamkoviste.cz\/obchod\/wp-content\/uploads\/2024\/11\/main_81961d65.jpg","width":867,"height":800},{"@type":"BreadcrumbList","@id":"https:\/\/www.jamkoviste.cz\/obchod\/produkt\/mgi-ai-navigator-gps-black-elektricky-golfovy-vozik\/#breadcrumb","itemListElement":[{"@type":"ListItem","position":1,"name":"Dom\u016f","item":"https:\/\/www.jamkoviste.cz\/obchod\/"},{"@type":"ListItem","position":2,"name":"Obchod","item":"https:\/\/www.jamkoviste.cz\/obchod\/?page_id=6"},{"@type":"ListItem","position":3,"name":"MGI AI Navigator GPS+ Black Elektrick\u00fd golfov\u00fd voz\u00edk"}]},{"@type":"WebSite","@id":"https:\/\/www.jamkoviste.cz\/obchod\/#website","url":"https:\/\/www.jamkoviste.cz\/obchod\/","name":"Jamkovi\u0161t\u011b","description":"V\u00fdb\u011br t\u011bch nejlep\u0161\u00edch golfov\u00fdch produkt\u016f","publisher":{"@id":"https:\/\/www.jamkoviste.cz\/obchod\/#organization"},"potentialAction":[{"@type":"SearchAction","target":{"@type":"EntryPoint","urlTemplate":"https:\/\/www.jamkoviste.cz\/obchod\/?s={search_term_string}"},"query-input":{"@type":"PropertyValueSpecification","valueRequired":true,"valueName":"search_term_string"}}],"inLanguage":"cs"},{"@type":"Organization","@id":"https:\/\/www.jamkoviste.cz\/obchod\/#organization","name":"Jamkovi\u0161t\u011b","url":"https:\/\/www.jamkoviste.cz\/obchod\/","logo":{"@type":"ImageObject","inLanguage":"cs","@id":"https:\/\/www.jamkoviste.cz\/obchod\/#\/schema\/logo\/image\/","url":"https:\/\/www.jamkoviste.cz\/obchod\/wp-content\/uploads\/2021\/03\/cropped-logo.png","contentUrl":"https:\/\/www.jamkoviste.cz\/obchod\/wp-content\/uploads\/2021\/03\/cropped-logo.png","width":351,"height":82,"caption":"Jamkovi\u0161t\u011b"},"image":{"@id":"https:\/\/www.jamkoviste.cz\/obchod\/#\/schema\/logo\/image\/"}}]}},"brands":[{"id":86,"name":"MGI","slug":"mgi"}],"_links":{"self":[{"href":"https:\/\/www.jamkoviste.cz\/obchod\/wp-json\/wp\/v2\/product\/49270","targetHints":{"allow":["GET"]}}],"collection":[{"href":"https:\/\/www.jamkoviste.cz\/obchod\/wp-json\/wp\/v2\/product"}],"about":[{"href":"https:\/\/www.jamkoviste.cz\/obchod\/wp-json\/wp\/v2\/types\/product"}],"replies":[{"embeddable":true,"href":"https:\/\/www.jamkoviste.cz\/obchod\/wp-json\/wp\/v2\/comments?post=49270"}],"wp:featuredmedia":[{"embeddable":true,"href":"https:\/\/www.jamkoviste.cz\/obchod\/wp-json\/wp\/v2\/media\/49271"}],"wp:attachment":[{"href":"https:\/\/www.jamkoviste.cz\/obchod\/wp-json\/wp\/v2\/media?parent=49270"}],"wp:term":[{"taxonomy":"pwb-brand","embeddable":true,"href":"https:\/\/www.jamkoviste.cz\/obchod\/wp-json\/wp\/v2\/pwb-brand?post=49270"},{"taxonomy":"product_brand","embeddable":true,"href":"https:\/\/www.jamkoviste.cz\/obchod\/wp-json\/wp\/v2\/product_brand?post=49270"},{"taxonomy":"product_cat","embeddable":true,"href":"https:\/\/www.jamkoviste.cz\/obchod\/wp-json\/wp\/v2\/product_cat?post=49270"},{"taxonomy":"product_tag","embeddable":true,"href":"https:\/\/www.jamkoviste.cz\/obchod\/wp-json\/wp\/v2\/product_tag?post=49270"}],"curies":[{"name":"wp","href":"https:\/\/api.w.org\/{rel}","templated":true}]}}