{"id":49573,"date":"2025-11-07T00:08:32","date_gmt":"2025-11-06T23:08:32","guid":{"rendered":"https:\/\/www.jamkoviste.cz\/obchod\/produkt\/big-max-rainstar-qf-classic-umbrella-holde-black\/"},"modified":"2025-11-07T00:08:34","modified_gmt":"2025-11-06T23:08:34","slug":"big-max-rainstar-qf-classic-umbrella-holde-black","status":"publish","type":"product","link":"https:\/\/www.jamkoviste.cz\/obchod\/produkt\/big-max-rainstar-qf-classic-umbrella-holde-black\/","title":{"rendered":"Big Max Rainstar QF Classic Umbrella Holde Black"},"content":{"rendered":"<p>Dr\u017e&aacute;k na de&scaron;tn&iacute;k Big Max Quick Fix Classic je nutnost&iacute; pro v&scaron;echny voz&iacute;ky Big Max se z&aacute;kladnou QF (krom\u011b voz&iacute;k\u016f e-lite a voz&iacute;ku eQ).<br \/>\nDr\u017e&aacute;k de&scaron;tn&iacute;ku, kter&yacute; lze snadno a bezpe\u010dn\u011b p\u0159ipevnit k z&aacute;kladn\u011b Quick Fix, udr\u017e&iacute; v&aacute;&scaron; de&scaron;tn&iacute;k bezpe\u010dn\u011b na m&iacute;st\u011b. To chr&aacute;n&iacute; va&scaron;i ta&scaron;ku a hole p\u0159ed pov\u011btrnostn&iacute;mi vlivy, co\u017e usnad\u0148uje hru v nep\u0159&iacute;zniv&yacute;ch podm&iacute;nk&aacute;ch a pom&aacute;h&aacute; v&aacute;m soust\u0159edit se.<br \/>\nBarva: \u010cern\u00e1<br \/>\nBarva podle v\u00fdrobce: Black<br \/>\nZem\u011b p\u016fvodu: \u010c\u00edna<\/p>\n","protected":false},"excerpt":{"rendered":"<p>Dr\u017e&aacute;k na de&scaron;tn&iacute;k Big Max Quick Fix Classic je nutnost&iacute; pro v&scaron;echny voz&iacute;ky Big Max se z&aacute;kladnou QF (krom\u011b voz&iacute;k\u016f e-lite a voz&iacute;ku eQ). Dr\u017e&aacute;k de&scaron;tn&iacute;ku, kter&yacute; lze snadno a bezpe\u010dn\u011b p\u0159ipevnit k z&aacute;kladn\u011b Quick Fix, udr\u017e&iacute; v&aacute;&scaron; de&scaron;tn&iacute;k bezpe\u010dn\u011b na m&iacute;st\u011b. To chr&aacute;n&iacute; va&scaron;i ta&scaron;ku a hole p\u0159ed pov\u011btrnostn&iacute;mi vlivy, co\u017e usnad\u0148uje hru v [&hellip;]<\/p>\n","protected":false},"featured_media":49574,"comment_status":"closed","ping_status":"open","template":"","meta":{"_acf_changed":false,"_monsterinsights_skip_tracking":false,"_monsterinsights_sitenote_active":false,"_monsterinsights_sitenote_note":"","_monsterinsights_sitenote_category":0},"pwb-brand":[40],"product_brand":[],"product_cat":[118,121],"product_tag":[],"class_list":{"0":"post-49573","1":"product","2":"type-product","3":"status-publish","4":"has-post-thumbnail","6":"pwb-brand-big-max","7":"product_cat-golfove-voziky","8":"product_cat-prislusenstvi-ke-golfovym-vozikum","9":"pa_barva-cerna","11":"first","12":"instock","13":"sale","14":"product-type-external"},"acf":[],"yoast_head":"<!-- This site is optimized with the Yoast SEO plugin v27.4 - https:\/\/yoast.com\/product\/yoast-seo-wordpress\/ -->\n<title>Big Max Rainstar QF Classic Umbrella Holde Black za 681 K\u010d skladem - Jamkovi\u0161t\u011b<\/title>\n<meta name=\"description\" content=\"Big Max Rainstar QF Classic Umbrella Holde Black za skv\u011blou cenu 681 K\u010d skladem \u2714\ufe0f ihned k odesl\u00e1n\u00ed.\" \/>\n<meta name=\"robots\" content=\"index, follow, max-snippet:-1, max-image-preview:large, max-video-preview:-1\" \/>\n<link rel=\"canonical\" href=\"https:\/\/www.jamkoviste.cz\/obchod\/produkt\/big-max-rainstar-qf-classic-umbrella-holde-black\/\" \/>\n<meta property=\"og:locale\" content=\"cs_CZ\" \/>\n<meta property=\"og:type\" content=\"article\" \/>\n<meta property=\"og:title\" content=\"Big Max Rainstar QF Classic Umbrella Holde Black za 681 K\u010d skladem - Jamkovi\u0161t\u011b\" \/>\n<meta property=\"og:description\" content=\"Big Max Rainstar QF Classic Umbrella Holde Black za skv\u011blou cenu 681 K\u010d skladem \u2714\ufe0f ihned k odesl\u00e1n\u00ed.\" \/>\n<meta property=\"og:url\" content=\"https:\/\/www.jamkoviste.cz\/obchod\/produkt\/big-max-rainstar-qf-classic-umbrella-holde-black\/\" \/>\n<meta property=\"og:site_name\" content=\"Jamkovi\u0161t\u011b\" \/>\n<meta property=\"article:modified_time\" content=\"2025-11-06T23:08:34+00:00\" \/>\n<meta property=\"og:image\" content=\"https:\/\/www.jamkoviste.cz\/obchod\/wp-content\/uploads\/2025\/02\/main_3c563f76.jpg\" \/>\n\t<meta property=\"og:image:width\" content=\"490\" \/>\n\t<meta property=\"og:image:height\" content=\"554\" \/>\n\t<meta property=\"og:image:type\" content=\"image\/jpeg\" \/>\n<meta name=\"twitter:card\" content=\"summary_large_image\" \/>\n<meta name=\"twitter:label1\" content=\"Odhadovan\u00e1 doba \u010dten\u00ed\" \/>\n\t<meta name=\"twitter:data1\" content=\"1 minuta\" \/>\n<script type=\"application\/ld+json\" class=\"yoast-schema-graph\">{\"@context\":\"https:\\\/\\\/schema.org\",\"@graph\":[{\"@type\":\"WebPage\",\"@id\":\"https:\\\/\\\/www.jamkoviste.cz\\\/obchod\\\/produkt\\\/big-max-rainstar-qf-classic-umbrella-holde-black\\\/\",\"url\":\"https:\\\/\\\/www.jamkoviste.cz\\\/obchod\\\/produkt\\\/big-max-rainstar-qf-classic-umbrella-holde-black\\\/\",\"name\":\"Big Max Rainstar QF Classic Umbrella Holde Black za 681 K\u010d skladem - Jamkovi\u0161t\u011b\",\"isPartOf\":{\"@id\":\"https:\\\/\\\/www.jamkoviste.cz\\\/obchod\\\/#website\"},\"primaryImageOfPage\":{\"@id\":\"https:\\\/\\\/www.jamkoviste.cz\\\/obchod\\\/produkt\\\/big-max-rainstar-qf-classic-umbrella-holde-black\\\/#primaryimage\"},\"image\":{\"@id\":\"https:\\\/\\\/www.jamkoviste.cz\\\/obchod\\\/produkt\\\/big-max-rainstar-qf-classic-umbrella-holde-black\\\/#primaryimage\"},\"thumbnailUrl\":\"https:\\\/\\\/www.jamkoviste.cz\\\/obchod\\\/wp-content\\\/uploads\\\/2025\\\/02\\\/main_3c563f76.jpg\",\"datePublished\":\"2025-11-06T23:08:32+00:00\",\"dateModified\":\"2025-11-06T23:08:34+00:00\",\"description\":\"Big Max Rainstar QF Classic Umbrella Holde Black za skv\u011blou cenu 681 K\u010d skladem \u2714\ufe0f ihned k odesl\u00e1n\u00ed.\",\"breadcrumb\":{\"@id\":\"https:\\\/\\\/www.jamkoviste.cz\\\/obchod\\\/produkt\\\/big-max-rainstar-qf-classic-umbrella-holde-black\\\/#breadcrumb\"},\"inLanguage\":\"cs\",\"potentialAction\":[{\"@type\":\"ReadAction\",\"target\":[\"https:\\\/\\\/www.jamkoviste.cz\\\/obchod\\\/produkt\\\/big-max-rainstar-qf-classic-umbrella-holde-black\\\/\"]}]},{\"@type\":\"ImageObject\",\"inLanguage\":\"cs\",\"@id\":\"https:\\\/\\\/www.jamkoviste.cz\\\/obchod\\\/produkt\\\/big-max-rainstar-qf-classic-umbrella-holde-black\\\/#primaryimage\",\"url\":\"https:\\\/\\\/www.jamkoviste.cz\\\/obchod\\\/wp-content\\\/uploads\\\/2025\\\/02\\\/main_3c563f76.jpg\",\"contentUrl\":\"https:\\\/\\\/www.jamkoviste.cz\\\/obchod\\\/wp-content\\\/uploads\\\/2025\\\/02\\\/main_3c563f76.jpg\",\"width\":490,\"height\":554},{\"@type\":\"BreadcrumbList\",\"@id\":\"https:\\\/\\\/www.jamkoviste.cz\\\/obchod\\\/produkt\\\/big-max-rainstar-qf-classic-umbrella-holde-black\\\/#breadcrumb\",\"itemListElement\":[{\"@type\":\"ListItem\",\"position\":1,\"name\":\"Dom\u016f\",\"item\":\"https:\\\/\\\/www.jamkoviste.cz\\\/obchod\\\/\"},{\"@type\":\"ListItem\",\"position\":2,\"name\":\"Obchod\",\"item\":\"https:\\\/\\\/www.jamkoviste.cz\\\/obchod\\\/?page_id=6\"},{\"@type\":\"ListItem\",\"position\":3,\"name\":\"Big Max Rainstar QF Classic Umbrella Holde Black\"}]},{\"@type\":\"WebSite\",\"@id\":\"https:\\\/\\\/www.jamkoviste.cz\\\/obchod\\\/#website\",\"url\":\"https:\\\/\\\/www.jamkoviste.cz\\\/obchod\\\/\",\"name\":\"Jamkovi\u0161t\u011b\",\"description\":\"V\u00fdb\u011br t\u011bch nejlep\u0161\u00edch golfov\u00fdch produkt\u016f\",\"publisher\":{\"@id\":\"https:\\\/\\\/www.jamkoviste.cz\\\/obchod\\\/#organization\"},\"potentialAction\":[{\"@type\":\"SearchAction\",\"target\":{\"@type\":\"EntryPoint\",\"urlTemplate\":\"https:\\\/\\\/www.jamkoviste.cz\\\/obchod\\\/?s={search_term_string}\"},\"query-input\":{\"@type\":\"PropertyValueSpecification\",\"valueRequired\":true,\"valueName\":\"search_term_string\"}}],\"inLanguage\":\"cs\"},{\"@type\":\"Organization\",\"@id\":\"https:\\\/\\\/www.jamkoviste.cz\\\/obchod\\\/#organization\",\"name\":\"Jamkovi\u0161t\u011b\",\"url\":\"https:\\\/\\\/www.jamkoviste.cz\\\/obchod\\\/\",\"logo\":{\"@type\":\"ImageObject\",\"inLanguage\":\"cs\",\"@id\":\"https:\\\/\\\/www.jamkoviste.cz\\\/obchod\\\/#\\\/schema\\\/logo\\\/image\\\/\",\"url\":\"https:\\\/\\\/www.jamkoviste.cz\\\/obchod\\\/wp-content\\\/uploads\\\/2021\\\/03\\\/cropped-logo.png\",\"contentUrl\":\"https:\\\/\\\/www.jamkoviste.cz\\\/obchod\\\/wp-content\\\/uploads\\\/2021\\\/03\\\/cropped-logo.png\",\"width\":351,\"height\":82,\"caption\":\"Jamkovi\u0161t\u011b\"},\"image\":{\"@id\":\"https:\\\/\\\/www.jamkoviste.cz\\\/obchod\\\/#\\\/schema\\\/logo\\\/image\\\/\"}}]}<\/script>\n<!-- \/ Yoast SEO plugin. -->","yoast_head_json":{"title":"Big Max Rainstar QF Classic Umbrella Holde Black za 681 K\u010d skladem - Jamkovi\u0161t\u011b","description":"Big Max Rainstar QF Classic Umbrella Holde Black za skv\u011blou cenu 681 K\u010d skladem \u2714\ufe0f ihned k odesl\u00e1n\u00ed.","robots":{"index":"index","follow":"follow","max-snippet":"max-snippet:-1","max-image-preview":"max-image-preview:large","max-video-preview":"max-video-preview:-1"},"canonical":"https:\/\/www.jamkoviste.cz\/obchod\/produkt\/big-max-rainstar-qf-classic-umbrella-holde-black\/","og_locale":"cs_CZ","og_type":"article","og_title":"Big Max Rainstar QF Classic Umbrella Holde Black za 681 K\u010d skladem - Jamkovi\u0161t\u011b","og_description":"Big Max Rainstar QF Classic Umbrella Holde Black za skv\u011blou cenu 681 K\u010d skladem \u2714\ufe0f ihned k odesl\u00e1n\u00ed.","og_url":"https:\/\/www.jamkoviste.cz\/obchod\/produkt\/big-max-rainstar-qf-classic-umbrella-holde-black\/","og_site_name":"Jamkovi\u0161t\u011b","article_modified_time":"2025-11-06T23:08:34+00:00","og_image":[{"width":490,"height":554,"url":"https:\/\/www.jamkoviste.cz\/obchod\/wp-content\/uploads\/2025\/02\/main_3c563f76.jpg","type":"image\/jpeg"}],"twitter_card":"summary_large_image","twitter_misc":{"Odhadovan\u00e1 doba \u010dten\u00ed":"1 minuta"},"schema":{"@context":"https:\/\/schema.org","@graph":[{"@type":"WebPage","@id":"https:\/\/www.jamkoviste.cz\/obchod\/produkt\/big-max-rainstar-qf-classic-umbrella-holde-black\/","url":"https:\/\/www.jamkoviste.cz\/obchod\/produkt\/big-max-rainstar-qf-classic-umbrella-holde-black\/","name":"Big Max Rainstar QF Classic Umbrella Holde Black za 681 K\u010d skladem - Jamkovi\u0161t\u011b","isPartOf":{"@id":"https:\/\/www.jamkoviste.cz\/obchod\/#website"},"primaryImageOfPage":{"@id":"https:\/\/www.jamkoviste.cz\/obchod\/produkt\/big-max-rainstar-qf-classic-umbrella-holde-black\/#primaryimage"},"image":{"@id":"https:\/\/www.jamkoviste.cz\/obchod\/produkt\/big-max-rainstar-qf-classic-umbrella-holde-black\/#primaryimage"},"thumbnailUrl":"https:\/\/www.jamkoviste.cz\/obchod\/wp-content\/uploads\/2025\/02\/main_3c563f76.jpg","datePublished":"2025-11-06T23:08:32+00:00","dateModified":"2025-11-06T23:08:34+00:00","description":"Big Max Rainstar QF Classic Umbrella Holde Black za skv\u011blou cenu 681 K\u010d skladem \u2714\ufe0f ihned k odesl\u00e1n\u00ed.","breadcrumb":{"@id":"https:\/\/www.jamkoviste.cz\/obchod\/produkt\/big-max-rainstar-qf-classic-umbrella-holde-black\/#breadcrumb"},"inLanguage":"cs","potentialAction":[{"@type":"ReadAction","target":["https:\/\/www.jamkoviste.cz\/obchod\/produkt\/big-max-rainstar-qf-classic-umbrella-holde-black\/"]}]},{"@type":"ImageObject","inLanguage":"cs","@id":"https:\/\/www.jamkoviste.cz\/obchod\/produkt\/big-max-rainstar-qf-classic-umbrella-holde-black\/#primaryimage","url":"https:\/\/www.jamkoviste.cz\/obchod\/wp-content\/uploads\/2025\/02\/main_3c563f76.jpg","contentUrl":"https:\/\/www.jamkoviste.cz\/obchod\/wp-content\/uploads\/2025\/02\/main_3c563f76.jpg","width":490,"height":554},{"@type":"BreadcrumbList","@id":"https:\/\/www.jamkoviste.cz\/obchod\/produkt\/big-max-rainstar-qf-classic-umbrella-holde-black\/#breadcrumb","itemListElement":[{"@type":"ListItem","position":1,"name":"Dom\u016f","item":"https:\/\/www.jamkoviste.cz\/obchod\/"},{"@type":"ListItem","position":2,"name":"Obchod","item":"https:\/\/www.jamkoviste.cz\/obchod\/?page_id=6"},{"@type":"ListItem","position":3,"name":"Big Max Rainstar QF Classic Umbrella Holde Black"}]},{"@type":"WebSite","@id":"https:\/\/www.jamkoviste.cz\/obchod\/#website","url":"https:\/\/www.jamkoviste.cz\/obchod\/","name":"Jamkovi\u0161t\u011b","description":"V\u00fdb\u011br t\u011bch nejlep\u0161\u00edch golfov\u00fdch produkt\u016f","publisher":{"@id":"https:\/\/www.jamkoviste.cz\/obchod\/#organization"},"potentialAction":[{"@type":"SearchAction","target":{"@type":"EntryPoint","urlTemplate":"https:\/\/www.jamkoviste.cz\/obchod\/?s={search_term_string}"},"query-input":{"@type":"PropertyValueSpecification","valueRequired":true,"valueName":"search_term_string"}}],"inLanguage":"cs"},{"@type":"Organization","@id":"https:\/\/www.jamkoviste.cz\/obchod\/#organization","name":"Jamkovi\u0161t\u011b","url":"https:\/\/www.jamkoviste.cz\/obchod\/","logo":{"@type":"ImageObject","inLanguage":"cs","@id":"https:\/\/www.jamkoviste.cz\/obchod\/#\/schema\/logo\/image\/","url":"https:\/\/www.jamkoviste.cz\/obchod\/wp-content\/uploads\/2021\/03\/cropped-logo.png","contentUrl":"https:\/\/www.jamkoviste.cz\/obchod\/wp-content\/uploads\/2021\/03\/cropped-logo.png","width":351,"height":82,"caption":"Jamkovi\u0161t\u011b"},"image":{"@id":"https:\/\/www.jamkoviste.cz\/obchod\/#\/schema\/logo\/image\/"}}]}},"brands":[{"id":40,"name":"Big Max","slug":"big-max"}],"_links":{"self":[{"href":"https:\/\/www.jamkoviste.cz\/obchod\/wp-json\/wp\/v2\/product\/49573","targetHints":{"allow":["GET"]}}],"collection":[{"href":"https:\/\/www.jamkoviste.cz\/obchod\/wp-json\/wp\/v2\/product"}],"about":[{"href":"https:\/\/www.jamkoviste.cz\/obchod\/wp-json\/wp\/v2\/types\/product"}],"replies":[{"embeddable":true,"href":"https:\/\/www.jamkoviste.cz\/obchod\/wp-json\/wp\/v2\/comments?post=49573"}],"wp:featuredmedia":[{"embeddable":true,"href":"https:\/\/www.jamkoviste.cz\/obchod\/wp-json\/wp\/v2\/media\/49574"}],"wp:attachment":[{"href":"https:\/\/www.jamkoviste.cz\/obchod\/wp-json\/wp\/v2\/media?parent=49573"}],"wp:term":[{"taxonomy":"pwb-brand","embeddable":true,"href":"https:\/\/www.jamkoviste.cz\/obchod\/wp-json\/wp\/v2\/pwb-brand?post=49573"},{"taxonomy":"product_brand","embeddable":true,"href":"https:\/\/www.jamkoviste.cz\/obchod\/wp-json\/wp\/v2\/product_brand?post=49573"},{"taxonomy":"product_cat","embeddable":true,"href":"https:\/\/www.jamkoviste.cz\/obchod\/wp-json\/wp\/v2\/product_cat?post=49573"},{"taxonomy":"product_tag","embeddable":true,"href":"https:\/\/www.jamkoviste.cz\/obchod\/wp-json\/wp\/v2\/product_tag?post=49573"}],"curies":[{"name":"wp","href":"https:\/\/api.w.org\/{rel}","templated":true}]}}