{"id":49633,"date":"2025-11-07T00:15:10","date_gmt":"2025-11-06T23:15:10","guid":{"rendered":"https:\/\/www.jamkoviste.cz\/obchod\/produkt\/daphnes-headcovers-driver-rottweiller-rottweiller-driver-headcover\/"},"modified":"2025-11-07T00:15:12","modified_gmt":"2025-11-06T23:15:12","slug":"daphnes-headcovers-driver-rottweiller-rottweiller-driver-headcover","status":"publish","type":"product","link":"https:\/\/www.jamkoviste.cz\/obchod\/produkt\/daphnes-headcovers-driver-rottweiller-rottweiller-driver-headcover\/","title":{"rendered":"Daphne&#39;s Headcovers Driver Rottweiller Rottweiller Driver Headcover"},"content":{"rendered":"<p>Budete-li nosit na&scaron;e headcovery, m\u016f\u017eeme v&aacute;m sl&iacute;bit, \u017ee si v&aacute;s na h\u0159i&scaron;ti v&scaron;imnou. Budou obdivovat v&aacute;&scaron; smysl pro humor a osobnost. S hrdost&iacute; m\u016f\u017eeme \u0159&iacute;ci, \u017ee Daphne Headcovery je p\u0159edn&iacute;m sv\u011btov&yacute;m v&yacute;robcem v oblasti zv&iacute;\u0159ec&iacute;ch golfov&yacute;ch headcover\u016f. Se s&iacute;dlem ve Phoenixu v Arizon\u011b se prod&aacute;vaj&iacute; ve v&iacute;ce ne\u017e 75 zem&iacute;ch. Spole\u010dnost se stala d\u016fv\u011bryhodn&yacute;m jm&eacute;nem v golfov&eacute;m pr\u016fmyslu.  Headcover je vhodn&yacute; pro driver do 460 cm3 Ka\u017ed&yacute; headcover je vyroben z nejkvalitn\u011bj&scaron;&iacute;ch materi&aacute;l\u016f Nejlep&scaron;&iacute; ochrana za skv\u011blou cenu Dod&aacute; va&scaron;emu golfov&eacute;mu bagu individualitu a osobnost<br \/>\nBarva podle v\u00fdrobce: Rottweiller<br \/>\nZem\u011b p\u016fvodu: \u010c\u00edna<br \/>\nVhodn\u00e9 pro: Driver<br \/>\nBarva: Hn\u011bd\u00e1;\u010cern\u00e1<\/p>\n","protected":false},"excerpt":{"rendered":"<p>Budete-li nosit na&scaron;e headcovery, m\u016f\u017eeme v&aacute;m sl&iacute;bit, \u017ee si v&aacute;s na h\u0159i&scaron;ti v&scaron;imnou. Budou obdivovat v&aacute;&scaron; smysl pro humor a osobnost. S hrdost&iacute; m\u016f\u017eeme \u0159&iacute;ci, \u017ee Daphne Headcovery je p\u0159edn&iacute;m sv\u011btov&yacute;m v&yacute;robcem v oblasti zv&iacute;\u0159ec&iacute;ch golfov&yacute;ch headcover\u016f. Se s&iacute;dlem ve Phoenixu v Arizon\u011b se prod&aacute;vaj&iacute; ve v&iacute;ce ne\u017e 75 zem&iacute;ch. Spole\u010dnost se stala d\u016fv\u011bryhodn&yacute;m jm&eacute;nem [&hellip;]<\/p>\n","protected":false},"featured_media":49634,"comment_status":"closed","ping_status":"open","template":"","meta":{"_acf_changed":false,"_monsterinsights_skip_tracking":false,"_monsterinsights_sitenote_active":false,"_monsterinsights_sitenote_note":"","_monsterinsights_sitenote_category":0},"pwb-brand":[226],"product_brand":[],"product_cat":[36,130],"product_tag":[],"class_list":{"0":"post-49633","1":"product","2":"type-product","3":"status-publish","4":"has-post-thumbnail","6":"pwb-brand-daphnes-headcovers","7":"product_cat-golfove-doplnky","8":"product_cat-golfove-headcovery","9":"pa_barva-black-brown","11":"first","12":"instock","13":"sale","14":"product-type-external"},"acf":[],"yoast_head":"<!-- This site is optimized with the Yoast SEO plugin v27.4 - https:\/\/yoast.com\/product\/yoast-seo-wordpress\/ -->\n<title>Daphne&#039;s Headcovers Driver Rottweiller Rottweiller Driver Headcover za 1 079 K\u010d skladem - Jamkovi\u0161t\u011b<\/title>\n<meta name=\"description\" content=\"Daphne&#039;s Headcovers Driver Rottweiller Rottweiller Driver Headcover za skv\u011blou cenu 1 079 K\u010d skladem \u2714\ufe0f ihned k odesl\u00e1n\u00ed.\" \/>\n<meta name=\"robots\" content=\"index, follow, max-snippet:-1, max-image-preview:large, max-video-preview:-1\" \/>\n<link rel=\"canonical\" href=\"https:\/\/www.jamkoviste.cz\/obchod\/produkt\/daphnes-headcovers-driver-rottweiller-rottweiller-driver-headcover\/\" \/>\n<meta property=\"og:locale\" content=\"cs_CZ\" \/>\n<meta property=\"og:type\" content=\"article\" \/>\n<meta property=\"og:title\" content=\"Daphne&#039;s Headcovers Driver Rottweiller Rottweiller Driver Headcover za 1 079 K\u010d skladem - Jamkovi\u0161t\u011b\" \/>\n<meta property=\"og:description\" content=\"Daphne&#039;s Headcovers Driver Rottweiller Rottweiller Driver Headcover za skv\u011blou cenu 1 079 K\u010d skladem \u2714\ufe0f ihned k odesl\u00e1n\u00ed.\" \/>\n<meta property=\"og:url\" content=\"https:\/\/www.jamkoviste.cz\/obchod\/produkt\/daphnes-headcovers-driver-rottweiller-rottweiller-driver-headcover\/\" \/>\n<meta property=\"og:site_name\" content=\"Jamkovi\u0161t\u011b\" \/>\n<meta property=\"article:modified_time\" content=\"2025-11-06T23:15:12+00:00\" \/>\n<meta property=\"og:image\" content=\"https:\/\/www.jamkoviste.cz\/obchod\/wp-content\/uploads\/2025\/02\/main_84545c4d.jpg\" \/>\n\t<meta property=\"og:image:width\" content=\"282\" \/>\n\t<meta property=\"og:image:height\" content=\"500\" \/>\n\t<meta property=\"og:image:type\" content=\"image\/jpeg\" \/>\n<meta name=\"twitter:card\" content=\"summary_large_image\" \/>\n<meta name=\"twitter:label1\" content=\"Odhadovan\u00e1 doba \u010dten\u00ed\" \/>\n\t<meta name=\"twitter:data1\" content=\"1 minuta\" \/>\n<script type=\"application\/ld+json\" class=\"yoast-schema-graph\">{\"@context\":\"https:\\\/\\\/schema.org\",\"@graph\":[{\"@type\":\"WebPage\",\"@id\":\"https:\\\/\\\/www.jamkoviste.cz\\\/obchod\\\/produkt\\\/daphnes-headcovers-driver-rottweiller-rottweiller-driver-headcover\\\/\",\"url\":\"https:\\\/\\\/www.jamkoviste.cz\\\/obchod\\\/produkt\\\/daphnes-headcovers-driver-rottweiller-rottweiller-driver-headcover\\\/\",\"name\":\"Daphne&#39;s Headcovers Driver Rottweiller Rottweiller Driver Headcover za 1 079 K\u010d skladem - Jamkovi\u0161t\u011b\",\"isPartOf\":{\"@id\":\"https:\\\/\\\/www.jamkoviste.cz\\\/obchod\\\/#website\"},\"primaryImageOfPage\":{\"@id\":\"https:\\\/\\\/www.jamkoviste.cz\\\/obchod\\\/produkt\\\/daphnes-headcovers-driver-rottweiller-rottweiller-driver-headcover\\\/#primaryimage\"},\"image\":{\"@id\":\"https:\\\/\\\/www.jamkoviste.cz\\\/obchod\\\/produkt\\\/daphnes-headcovers-driver-rottweiller-rottweiller-driver-headcover\\\/#primaryimage\"},\"thumbnailUrl\":\"https:\\\/\\\/www.jamkoviste.cz\\\/obchod\\\/wp-content\\\/uploads\\\/2025\\\/02\\\/main_84545c4d.jpg\",\"datePublished\":\"2025-11-06T23:15:10+00:00\",\"dateModified\":\"2025-11-06T23:15:12+00:00\",\"description\":\"Daphne&#39;s Headcovers Driver Rottweiller Rottweiller Driver Headcover za skv\u011blou cenu 1 079 K\u010d skladem \u2714\ufe0f ihned k odesl\u00e1n\u00ed.\",\"breadcrumb\":{\"@id\":\"https:\\\/\\\/www.jamkoviste.cz\\\/obchod\\\/produkt\\\/daphnes-headcovers-driver-rottweiller-rottweiller-driver-headcover\\\/#breadcrumb\"},\"inLanguage\":\"cs\",\"potentialAction\":[{\"@type\":\"ReadAction\",\"target\":[\"https:\\\/\\\/www.jamkoviste.cz\\\/obchod\\\/produkt\\\/daphnes-headcovers-driver-rottweiller-rottweiller-driver-headcover\\\/\"]}]},{\"@type\":\"ImageObject\",\"inLanguage\":\"cs\",\"@id\":\"https:\\\/\\\/www.jamkoviste.cz\\\/obchod\\\/produkt\\\/daphnes-headcovers-driver-rottweiller-rottweiller-driver-headcover\\\/#primaryimage\",\"url\":\"https:\\\/\\\/www.jamkoviste.cz\\\/obchod\\\/wp-content\\\/uploads\\\/2025\\\/02\\\/main_84545c4d.jpg\",\"contentUrl\":\"https:\\\/\\\/www.jamkoviste.cz\\\/obchod\\\/wp-content\\\/uploads\\\/2025\\\/02\\\/main_84545c4d.jpg\",\"width\":282,\"height\":500},{\"@type\":\"BreadcrumbList\",\"@id\":\"https:\\\/\\\/www.jamkoviste.cz\\\/obchod\\\/produkt\\\/daphnes-headcovers-driver-rottweiller-rottweiller-driver-headcover\\\/#breadcrumb\",\"itemListElement\":[{\"@type\":\"ListItem\",\"position\":1,\"name\":\"Dom\u016f\",\"item\":\"https:\\\/\\\/www.jamkoviste.cz\\\/obchod\\\/\"},{\"@type\":\"ListItem\",\"position\":2,\"name\":\"Obchod\",\"item\":\"https:\\\/\\\/www.jamkoviste.cz\\\/obchod\\\/?page_id=6\"},{\"@type\":\"ListItem\",\"position\":3,\"name\":\"Daphne&#39;s Headcovers Driver Rottweiller Rottweiller Driver Headcover\"}]},{\"@type\":\"WebSite\",\"@id\":\"https:\\\/\\\/www.jamkoviste.cz\\\/obchod\\\/#website\",\"url\":\"https:\\\/\\\/www.jamkoviste.cz\\\/obchod\\\/\",\"name\":\"Jamkovi\u0161t\u011b\",\"description\":\"V\u00fdb\u011br t\u011bch nejlep\u0161\u00edch golfov\u00fdch produkt\u016f\",\"publisher\":{\"@id\":\"https:\\\/\\\/www.jamkoviste.cz\\\/obchod\\\/#organization\"},\"potentialAction\":[{\"@type\":\"SearchAction\",\"target\":{\"@type\":\"EntryPoint\",\"urlTemplate\":\"https:\\\/\\\/www.jamkoviste.cz\\\/obchod\\\/?s={search_term_string}\"},\"query-input\":{\"@type\":\"PropertyValueSpecification\",\"valueRequired\":true,\"valueName\":\"search_term_string\"}}],\"inLanguage\":\"cs\"},{\"@type\":\"Organization\",\"@id\":\"https:\\\/\\\/www.jamkoviste.cz\\\/obchod\\\/#organization\",\"name\":\"Jamkovi\u0161t\u011b\",\"url\":\"https:\\\/\\\/www.jamkoviste.cz\\\/obchod\\\/\",\"logo\":{\"@type\":\"ImageObject\",\"inLanguage\":\"cs\",\"@id\":\"https:\\\/\\\/www.jamkoviste.cz\\\/obchod\\\/#\\\/schema\\\/logo\\\/image\\\/\",\"url\":\"https:\\\/\\\/www.jamkoviste.cz\\\/obchod\\\/wp-content\\\/uploads\\\/2021\\\/03\\\/cropped-logo.png\",\"contentUrl\":\"https:\\\/\\\/www.jamkoviste.cz\\\/obchod\\\/wp-content\\\/uploads\\\/2021\\\/03\\\/cropped-logo.png\",\"width\":351,\"height\":82,\"caption\":\"Jamkovi\u0161t\u011b\"},\"image\":{\"@id\":\"https:\\\/\\\/www.jamkoviste.cz\\\/obchod\\\/#\\\/schema\\\/logo\\\/image\\\/\"}}]}<\/script>\n<!-- \/ Yoast SEO plugin. -->","yoast_head_json":{"title":"Daphne&#39;s Headcovers Driver Rottweiller Rottweiller Driver Headcover za 1 079 K\u010d skladem - Jamkovi\u0161t\u011b","description":"Daphne&#39;s Headcovers Driver Rottweiller Rottweiller Driver Headcover za skv\u011blou cenu 1 079 K\u010d skladem \u2714\ufe0f ihned k odesl\u00e1n\u00ed.","robots":{"index":"index","follow":"follow","max-snippet":"max-snippet:-1","max-image-preview":"max-image-preview:large","max-video-preview":"max-video-preview:-1"},"canonical":"https:\/\/www.jamkoviste.cz\/obchod\/produkt\/daphnes-headcovers-driver-rottweiller-rottweiller-driver-headcover\/","og_locale":"cs_CZ","og_type":"article","og_title":"Daphne&#39;s Headcovers Driver Rottweiller Rottweiller Driver Headcover za 1 079 K\u010d skladem - Jamkovi\u0161t\u011b","og_description":"Daphne&#39;s Headcovers Driver Rottweiller Rottweiller Driver Headcover za skv\u011blou cenu 1 079 K\u010d skladem \u2714\ufe0f ihned k odesl\u00e1n\u00ed.","og_url":"https:\/\/www.jamkoviste.cz\/obchod\/produkt\/daphnes-headcovers-driver-rottweiller-rottweiller-driver-headcover\/","og_site_name":"Jamkovi\u0161t\u011b","article_modified_time":"2025-11-06T23:15:12+00:00","og_image":[{"width":282,"height":500,"url":"https:\/\/www.jamkoviste.cz\/obchod\/wp-content\/uploads\/2025\/02\/main_84545c4d.jpg","type":"image\/jpeg"}],"twitter_card":"summary_large_image","twitter_misc":{"Odhadovan\u00e1 doba \u010dten\u00ed":"1 minuta"},"schema":{"@context":"https:\/\/schema.org","@graph":[{"@type":"WebPage","@id":"https:\/\/www.jamkoviste.cz\/obchod\/produkt\/daphnes-headcovers-driver-rottweiller-rottweiller-driver-headcover\/","url":"https:\/\/www.jamkoviste.cz\/obchod\/produkt\/daphnes-headcovers-driver-rottweiller-rottweiller-driver-headcover\/","name":"Daphne&#39;s Headcovers Driver Rottweiller Rottweiller Driver Headcover za 1 079 K\u010d skladem - Jamkovi\u0161t\u011b","isPartOf":{"@id":"https:\/\/www.jamkoviste.cz\/obchod\/#website"},"primaryImageOfPage":{"@id":"https:\/\/www.jamkoviste.cz\/obchod\/produkt\/daphnes-headcovers-driver-rottweiller-rottweiller-driver-headcover\/#primaryimage"},"image":{"@id":"https:\/\/www.jamkoviste.cz\/obchod\/produkt\/daphnes-headcovers-driver-rottweiller-rottweiller-driver-headcover\/#primaryimage"},"thumbnailUrl":"https:\/\/www.jamkoviste.cz\/obchod\/wp-content\/uploads\/2025\/02\/main_84545c4d.jpg","datePublished":"2025-11-06T23:15:10+00:00","dateModified":"2025-11-06T23:15:12+00:00","description":"Daphne&#39;s Headcovers Driver Rottweiller Rottweiller Driver Headcover za skv\u011blou cenu 1 079 K\u010d skladem \u2714\ufe0f ihned k odesl\u00e1n\u00ed.","breadcrumb":{"@id":"https:\/\/www.jamkoviste.cz\/obchod\/produkt\/daphnes-headcovers-driver-rottweiller-rottweiller-driver-headcover\/#breadcrumb"},"inLanguage":"cs","potentialAction":[{"@type":"ReadAction","target":["https:\/\/www.jamkoviste.cz\/obchod\/produkt\/daphnes-headcovers-driver-rottweiller-rottweiller-driver-headcover\/"]}]},{"@type":"ImageObject","inLanguage":"cs","@id":"https:\/\/www.jamkoviste.cz\/obchod\/produkt\/daphnes-headcovers-driver-rottweiller-rottweiller-driver-headcover\/#primaryimage","url":"https:\/\/www.jamkoviste.cz\/obchod\/wp-content\/uploads\/2025\/02\/main_84545c4d.jpg","contentUrl":"https:\/\/www.jamkoviste.cz\/obchod\/wp-content\/uploads\/2025\/02\/main_84545c4d.jpg","width":282,"height":500},{"@type":"BreadcrumbList","@id":"https:\/\/www.jamkoviste.cz\/obchod\/produkt\/daphnes-headcovers-driver-rottweiller-rottweiller-driver-headcover\/#breadcrumb","itemListElement":[{"@type":"ListItem","position":1,"name":"Dom\u016f","item":"https:\/\/www.jamkoviste.cz\/obchod\/"},{"@type":"ListItem","position":2,"name":"Obchod","item":"https:\/\/www.jamkoviste.cz\/obchod\/?page_id=6"},{"@type":"ListItem","position":3,"name":"Daphne&#39;s Headcovers Driver Rottweiller Rottweiller Driver Headcover"}]},{"@type":"WebSite","@id":"https:\/\/www.jamkoviste.cz\/obchod\/#website","url":"https:\/\/www.jamkoviste.cz\/obchod\/","name":"Jamkovi\u0161t\u011b","description":"V\u00fdb\u011br t\u011bch nejlep\u0161\u00edch golfov\u00fdch produkt\u016f","publisher":{"@id":"https:\/\/www.jamkoviste.cz\/obchod\/#organization"},"potentialAction":[{"@type":"SearchAction","target":{"@type":"EntryPoint","urlTemplate":"https:\/\/www.jamkoviste.cz\/obchod\/?s={search_term_string}"},"query-input":{"@type":"PropertyValueSpecification","valueRequired":true,"valueName":"search_term_string"}}],"inLanguage":"cs"},{"@type":"Organization","@id":"https:\/\/www.jamkoviste.cz\/obchod\/#organization","name":"Jamkovi\u0161t\u011b","url":"https:\/\/www.jamkoviste.cz\/obchod\/","logo":{"@type":"ImageObject","inLanguage":"cs","@id":"https:\/\/www.jamkoviste.cz\/obchod\/#\/schema\/logo\/image\/","url":"https:\/\/www.jamkoviste.cz\/obchod\/wp-content\/uploads\/2021\/03\/cropped-logo.png","contentUrl":"https:\/\/www.jamkoviste.cz\/obchod\/wp-content\/uploads\/2021\/03\/cropped-logo.png","width":351,"height":82,"caption":"Jamkovi\u0161t\u011b"},"image":{"@id":"https:\/\/www.jamkoviste.cz\/obchod\/#\/schema\/logo\/image\/"}}]}},"brands":[{"id":226,"name":"Daphne&#039;s Headcovers","slug":"daphnes-headcovers"}],"_links":{"self":[{"href":"https:\/\/www.jamkoviste.cz\/obchod\/wp-json\/wp\/v2\/product\/49633","targetHints":{"allow":["GET"]}}],"collection":[{"href":"https:\/\/www.jamkoviste.cz\/obchod\/wp-json\/wp\/v2\/product"}],"about":[{"href":"https:\/\/www.jamkoviste.cz\/obchod\/wp-json\/wp\/v2\/types\/product"}],"replies":[{"embeddable":true,"href":"https:\/\/www.jamkoviste.cz\/obchod\/wp-json\/wp\/v2\/comments?post=49633"}],"wp:featuredmedia":[{"embeddable":true,"href":"https:\/\/www.jamkoviste.cz\/obchod\/wp-json\/wp\/v2\/media\/49634"}],"wp:attachment":[{"href":"https:\/\/www.jamkoviste.cz\/obchod\/wp-json\/wp\/v2\/media?parent=49633"}],"wp:term":[{"taxonomy":"pwb-brand","embeddable":true,"href":"https:\/\/www.jamkoviste.cz\/obchod\/wp-json\/wp\/v2\/pwb-brand?post=49633"},{"taxonomy":"product_brand","embeddable":true,"href":"https:\/\/www.jamkoviste.cz\/obchod\/wp-json\/wp\/v2\/product_brand?post=49633"},{"taxonomy":"product_cat","embeddable":true,"href":"https:\/\/www.jamkoviste.cz\/obchod\/wp-json\/wp\/v2\/product_cat?post=49633"},{"taxonomy":"product_tag","embeddable":true,"href":"https:\/\/www.jamkoviste.cz\/obchod\/wp-json\/wp\/v2\/product_tag?post=49633"}],"curies":[{"name":"wp","href":"https:\/\/api.w.org\/{rel}","templated":true}]}}