{"id":49641,"date":"2025-11-07T00:15:13","date_gmt":"2025-11-06T23:15:13","guid":{"rendered":"https:\/\/www.jamkoviste.cz\/obchod\/produkt\/volvik-vivid-disney-characters-4-pack-donald-duck-golfove-micky\/"},"modified":"2025-11-07T00:15:14","modified_gmt":"2025-11-06T23:15:14","slug":"volvik-vivid-disney-characters-4-pack-donald-duck-golfove-micky","status":"publish","type":"product","link":"https:\/\/www.jamkoviste.cz\/obchod\/produkt\/volvik-vivid-disney-characters-4-pack-donald-duck-golfove-micky\/","title":{"rendered":"Volvik Vivid Disney Characters 4 Pack Donald Duck Golfov\u00e9 m\u00ed\u010dky"},"content":{"rendered":"<p>4 pr&eacute;miov&eacute; golfov&eacute; m&iacute;\u010dky Disney s Duckem Donaldem. Perfektn&iacute; d&aacute;rkov&yacute; set pro golfisty, kte\u0159&iacute; miluj&iacute; Disney!  2 b&iacute;l&eacute; a 2 \u017elut&eacute; golfov&eacute; m&iacute;\u010dky s matn&yacute;m povrchem V\u010detn\u011b matkov&aacute;tka s klipem<br \/>\nTyp m\u00ed\u010dk\u016f: Vzd\u00e1lenost;Viditelnost<br \/>\nS\u00e9rie: Vivid;Disney<br \/>\nBarva: B\u00edl\u00e1;Modr\u00e1<br \/>\nV\u011bkov\u00e1 skupina: Dosp\u011bl\u00fd<br \/>\nKomprese m\u00ed\u010de: 75.0<br \/>\nPo\u010det dimpl\u016f: 322.0<br \/>\nBarva podle v\u00fdrobce: Donald Duck<br \/>\nPohlav\u00ed: Unisex<br \/>\nPo\u010det vrstev: 3<br \/>\nPo\u010det m\u00ed\u010dk\u016f v balen\u00ed: 4<br \/>\nZem\u011b p\u016fvodu: Ji\u017en\u00ed Korea<\/p>\n","protected":false},"excerpt":{"rendered":"<p>4 pr&eacute;miov&eacute; golfov&eacute; m&iacute;\u010dky Disney s Duckem Donaldem. Perfektn&iacute; d&aacute;rkov&yacute; set pro golfisty, kte\u0159&iacute; miluj&iacute; Disney! 2 b&iacute;l&eacute; a 2 \u017elut&eacute; golfov&eacute; m&iacute;\u010dky s matn&yacute;m povrchem V\u010detn\u011b matkov&aacute;tka s klipem Typ m\u00ed\u010dk\u016f: Vzd\u00e1lenost;Viditelnost S\u00e9rie: Vivid;Disney Barva: B\u00edl\u00e1;Modr\u00e1 V\u011bkov\u00e1 skupina: Dosp\u011bl\u00fd Komprese m\u00ed\u010de: 75.0 Po\u010det dimpl\u016f: 322.0 Barva podle v\u00fdrobce: Donald Duck Pohlav\u00ed: Unisex Po\u010det vrstev: [&hellip;]<\/p>\n","protected":false},"featured_media":49642,"comment_status":"closed","ping_status":"open","template":"","meta":{"_acf_changed":false,"_monsterinsights_skip_tracking":false,"_monsterinsights_sitenote_active":false,"_monsterinsights_sitenote_note":"","_monsterinsights_sitenote_category":0},"pwb-brand":[22],"product_brand":[],"product_cat":[23,24],"product_tag":[],"class_list":{"0":"post-49641","1":"product","2":"type-product","3":"status-publish","4":"has-post-thumbnail","6":"pwb-brand-volvik","7":"product_cat-golfove-micky","8":"product_cat-nove-golfove-mice","9":"pa_barva-white-blue","10":"pa_pohlavi-unisex","11":"pa_vek-dospeli","13":"first","14":"instock","15":"sale","16":"product-type-external"},"acf":[],"yoast_head":"<!-- This site is optimized with the Yoast SEO plugin v27.4 - https:\/\/yoast.com\/product\/yoast-seo-wordpress\/ -->\n<title>Volvik Vivid Disney Characters 4 Pack Donald Duck Golfov\u00e9 m\u00ed\u010dky za 694 K\u010d skladem - Jamkovi\u0161t\u011b<\/title>\n<meta name=\"description\" content=\"Volvik Vivid Disney Characters 4 Pack Donald Duck Golfov\u00e9 m\u00ed\u010dky za skv\u011blou cenu 694 K\u010d skladem \u2714\ufe0f ihned k odesl\u00e1n\u00ed.\" \/>\n<meta name=\"robots\" content=\"index, follow, max-snippet:-1, max-image-preview:large, max-video-preview:-1\" \/>\n<link rel=\"canonical\" href=\"https:\/\/www.jamkoviste.cz\/obchod\/produkt\/volvik-vivid-disney-characters-4-pack-donald-duck-golfove-micky\/\" \/>\n<meta property=\"og:locale\" content=\"cs_CZ\" \/>\n<meta property=\"og:type\" content=\"article\" \/>\n<meta property=\"og:title\" content=\"Volvik Vivid Disney Characters 4 Pack Donald Duck Golfov\u00e9 m\u00ed\u010dky za 694 K\u010d skladem - Jamkovi\u0161t\u011b\" \/>\n<meta property=\"og:description\" content=\"Volvik Vivid Disney Characters 4 Pack Donald Duck Golfov\u00e9 m\u00ed\u010dky za skv\u011blou cenu 694 K\u010d skladem \u2714\ufe0f ihned k odesl\u00e1n\u00ed.\" \/>\n<meta property=\"og:url\" content=\"https:\/\/www.jamkoviste.cz\/obchod\/produkt\/volvik-vivid-disney-characters-4-pack-donald-duck-golfove-micky\/\" \/>\n<meta property=\"og:site_name\" content=\"Jamkovi\u0161t\u011b\" \/>\n<meta property=\"article:modified_time\" content=\"2025-11-06T23:15:14+00:00\" \/>\n<meta property=\"og:image\" content=\"https:\/\/www.jamkoviste.cz\/obchod\/wp-content\/uploads\/2025\/02\/main_c83981c8.jpg\" \/>\n\t<meta property=\"og:image:width\" content=\"750\" \/>\n\t<meta property=\"og:image:height\" content=\"608\" \/>\n\t<meta property=\"og:image:type\" content=\"image\/jpeg\" \/>\n<meta name=\"twitter:card\" content=\"summary_large_image\" \/>\n<script type=\"application\/ld+json\" class=\"yoast-schema-graph\">{\"@context\":\"https:\\\/\\\/schema.org\",\"@graph\":[{\"@type\":\"WebPage\",\"@id\":\"https:\\\/\\\/www.jamkoviste.cz\\\/obchod\\\/produkt\\\/volvik-vivid-disney-characters-4-pack-donald-duck-golfove-micky\\\/\",\"url\":\"https:\\\/\\\/www.jamkoviste.cz\\\/obchod\\\/produkt\\\/volvik-vivid-disney-characters-4-pack-donald-duck-golfove-micky\\\/\",\"name\":\"Volvik Vivid Disney Characters 4 Pack Donald Duck Golfov\u00e9 m\u00ed\u010dky za 694 K\u010d skladem - Jamkovi\u0161t\u011b\",\"isPartOf\":{\"@id\":\"https:\\\/\\\/www.jamkoviste.cz\\\/obchod\\\/#website\"},\"primaryImageOfPage\":{\"@id\":\"https:\\\/\\\/www.jamkoviste.cz\\\/obchod\\\/produkt\\\/volvik-vivid-disney-characters-4-pack-donald-duck-golfove-micky\\\/#primaryimage\"},\"image\":{\"@id\":\"https:\\\/\\\/www.jamkoviste.cz\\\/obchod\\\/produkt\\\/volvik-vivid-disney-characters-4-pack-donald-duck-golfove-micky\\\/#primaryimage\"},\"thumbnailUrl\":\"https:\\\/\\\/www.jamkoviste.cz\\\/obchod\\\/wp-content\\\/uploads\\\/2025\\\/02\\\/main_c83981c8.jpg\",\"datePublished\":\"2025-11-06T23:15:13+00:00\",\"dateModified\":\"2025-11-06T23:15:14+00:00\",\"description\":\"Volvik Vivid Disney Characters 4 Pack Donald Duck Golfov\u00e9 m\u00ed\u010dky za skv\u011blou cenu 694 K\u010d skladem \u2714\ufe0f ihned k odesl\u00e1n\u00ed.\",\"breadcrumb\":{\"@id\":\"https:\\\/\\\/www.jamkoviste.cz\\\/obchod\\\/produkt\\\/volvik-vivid-disney-characters-4-pack-donald-duck-golfove-micky\\\/#breadcrumb\"},\"inLanguage\":\"cs\",\"potentialAction\":[{\"@type\":\"ReadAction\",\"target\":[\"https:\\\/\\\/www.jamkoviste.cz\\\/obchod\\\/produkt\\\/volvik-vivid-disney-characters-4-pack-donald-duck-golfove-micky\\\/\"]}]},{\"@type\":\"ImageObject\",\"inLanguage\":\"cs\",\"@id\":\"https:\\\/\\\/www.jamkoviste.cz\\\/obchod\\\/produkt\\\/volvik-vivid-disney-characters-4-pack-donald-duck-golfove-micky\\\/#primaryimage\",\"url\":\"https:\\\/\\\/www.jamkoviste.cz\\\/obchod\\\/wp-content\\\/uploads\\\/2025\\\/02\\\/main_c83981c8.jpg\",\"contentUrl\":\"https:\\\/\\\/www.jamkoviste.cz\\\/obchod\\\/wp-content\\\/uploads\\\/2025\\\/02\\\/main_c83981c8.jpg\",\"width\":750,\"height\":608},{\"@type\":\"BreadcrumbList\",\"@id\":\"https:\\\/\\\/www.jamkoviste.cz\\\/obchod\\\/produkt\\\/volvik-vivid-disney-characters-4-pack-donald-duck-golfove-micky\\\/#breadcrumb\",\"itemListElement\":[{\"@type\":\"ListItem\",\"position\":1,\"name\":\"Dom\u016f\",\"item\":\"https:\\\/\\\/www.jamkoviste.cz\\\/obchod\\\/\"},{\"@type\":\"ListItem\",\"position\":2,\"name\":\"Obchod\",\"item\":\"https:\\\/\\\/www.jamkoviste.cz\\\/obchod\\\/?page_id=6\"},{\"@type\":\"ListItem\",\"position\":3,\"name\":\"Volvik Vivid Disney Characters 4 Pack Donald Duck Golfov\u00e9 m\u00ed\u010dky\"}]},{\"@type\":\"WebSite\",\"@id\":\"https:\\\/\\\/www.jamkoviste.cz\\\/obchod\\\/#website\",\"url\":\"https:\\\/\\\/www.jamkoviste.cz\\\/obchod\\\/\",\"name\":\"Jamkovi\u0161t\u011b\",\"description\":\"V\u00fdb\u011br t\u011bch nejlep\u0161\u00edch golfov\u00fdch produkt\u016f\",\"publisher\":{\"@id\":\"https:\\\/\\\/www.jamkoviste.cz\\\/obchod\\\/#organization\"},\"potentialAction\":[{\"@type\":\"SearchAction\",\"target\":{\"@type\":\"EntryPoint\",\"urlTemplate\":\"https:\\\/\\\/www.jamkoviste.cz\\\/obchod\\\/?s={search_term_string}\"},\"query-input\":{\"@type\":\"PropertyValueSpecification\",\"valueRequired\":true,\"valueName\":\"search_term_string\"}}],\"inLanguage\":\"cs\"},{\"@type\":\"Organization\",\"@id\":\"https:\\\/\\\/www.jamkoviste.cz\\\/obchod\\\/#organization\",\"name\":\"Jamkovi\u0161t\u011b\",\"url\":\"https:\\\/\\\/www.jamkoviste.cz\\\/obchod\\\/\",\"logo\":{\"@type\":\"ImageObject\",\"inLanguage\":\"cs\",\"@id\":\"https:\\\/\\\/www.jamkoviste.cz\\\/obchod\\\/#\\\/schema\\\/logo\\\/image\\\/\",\"url\":\"https:\\\/\\\/www.jamkoviste.cz\\\/obchod\\\/wp-content\\\/uploads\\\/2021\\\/03\\\/cropped-logo.png\",\"contentUrl\":\"https:\\\/\\\/www.jamkoviste.cz\\\/obchod\\\/wp-content\\\/uploads\\\/2021\\\/03\\\/cropped-logo.png\",\"width\":351,\"height\":82,\"caption\":\"Jamkovi\u0161t\u011b\"},\"image\":{\"@id\":\"https:\\\/\\\/www.jamkoviste.cz\\\/obchod\\\/#\\\/schema\\\/logo\\\/image\\\/\"}}]}<\/script>\n<!-- \/ Yoast SEO plugin. -->","yoast_head_json":{"title":"Volvik Vivid Disney Characters 4 Pack Donald Duck Golfov\u00e9 m\u00ed\u010dky za 694 K\u010d skladem - Jamkovi\u0161t\u011b","description":"Volvik Vivid Disney Characters 4 Pack Donald Duck Golfov\u00e9 m\u00ed\u010dky za skv\u011blou cenu 694 K\u010d skladem \u2714\ufe0f ihned k odesl\u00e1n\u00ed.","robots":{"index":"index","follow":"follow","max-snippet":"max-snippet:-1","max-image-preview":"max-image-preview:large","max-video-preview":"max-video-preview:-1"},"canonical":"https:\/\/www.jamkoviste.cz\/obchod\/produkt\/volvik-vivid-disney-characters-4-pack-donald-duck-golfove-micky\/","og_locale":"cs_CZ","og_type":"article","og_title":"Volvik Vivid Disney Characters 4 Pack Donald Duck Golfov\u00e9 m\u00ed\u010dky za 694 K\u010d skladem - Jamkovi\u0161t\u011b","og_description":"Volvik Vivid Disney Characters 4 Pack Donald Duck Golfov\u00e9 m\u00ed\u010dky za skv\u011blou cenu 694 K\u010d skladem \u2714\ufe0f ihned k odesl\u00e1n\u00ed.","og_url":"https:\/\/www.jamkoviste.cz\/obchod\/produkt\/volvik-vivid-disney-characters-4-pack-donald-duck-golfove-micky\/","og_site_name":"Jamkovi\u0161t\u011b","article_modified_time":"2025-11-06T23:15:14+00:00","og_image":[{"width":750,"height":608,"url":"https:\/\/www.jamkoviste.cz\/obchod\/wp-content\/uploads\/2025\/02\/main_c83981c8.jpg","type":"image\/jpeg"}],"twitter_card":"summary_large_image","schema":{"@context":"https:\/\/schema.org","@graph":[{"@type":"WebPage","@id":"https:\/\/www.jamkoviste.cz\/obchod\/produkt\/volvik-vivid-disney-characters-4-pack-donald-duck-golfove-micky\/","url":"https:\/\/www.jamkoviste.cz\/obchod\/produkt\/volvik-vivid-disney-characters-4-pack-donald-duck-golfove-micky\/","name":"Volvik Vivid Disney Characters 4 Pack Donald Duck Golfov\u00e9 m\u00ed\u010dky za 694 K\u010d skladem - Jamkovi\u0161t\u011b","isPartOf":{"@id":"https:\/\/www.jamkoviste.cz\/obchod\/#website"},"primaryImageOfPage":{"@id":"https:\/\/www.jamkoviste.cz\/obchod\/produkt\/volvik-vivid-disney-characters-4-pack-donald-duck-golfove-micky\/#primaryimage"},"image":{"@id":"https:\/\/www.jamkoviste.cz\/obchod\/produkt\/volvik-vivid-disney-characters-4-pack-donald-duck-golfove-micky\/#primaryimage"},"thumbnailUrl":"https:\/\/www.jamkoviste.cz\/obchod\/wp-content\/uploads\/2025\/02\/main_c83981c8.jpg","datePublished":"2025-11-06T23:15:13+00:00","dateModified":"2025-11-06T23:15:14+00:00","description":"Volvik Vivid Disney Characters 4 Pack Donald Duck Golfov\u00e9 m\u00ed\u010dky za skv\u011blou cenu 694 K\u010d skladem \u2714\ufe0f ihned k odesl\u00e1n\u00ed.","breadcrumb":{"@id":"https:\/\/www.jamkoviste.cz\/obchod\/produkt\/volvik-vivid-disney-characters-4-pack-donald-duck-golfove-micky\/#breadcrumb"},"inLanguage":"cs","potentialAction":[{"@type":"ReadAction","target":["https:\/\/www.jamkoviste.cz\/obchod\/produkt\/volvik-vivid-disney-characters-4-pack-donald-duck-golfove-micky\/"]}]},{"@type":"ImageObject","inLanguage":"cs","@id":"https:\/\/www.jamkoviste.cz\/obchod\/produkt\/volvik-vivid-disney-characters-4-pack-donald-duck-golfove-micky\/#primaryimage","url":"https:\/\/www.jamkoviste.cz\/obchod\/wp-content\/uploads\/2025\/02\/main_c83981c8.jpg","contentUrl":"https:\/\/www.jamkoviste.cz\/obchod\/wp-content\/uploads\/2025\/02\/main_c83981c8.jpg","width":750,"height":608},{"@type":"BreadcrumbList","@id":"https:\/\/www.jamkoviste.cz\/obchod\/produkt\/volvik-vivid-disney-characters-4-pack-donald-duck-golfove-micky\/#breadcrumb","itemListElement":[{"@type":"ListItem","position":1,"name":"Dom\u016f","item":"https:\/\/www.jamkoviste.cz\/obchod\/"},{"@type":"ListItem","position":2,"name":"Obchod","item":"https:\/\/www.jamkoviste.cz\/obchod\/?page_id=6"},{"@type":"ListItem","position":3,"name":"Volvik Vivid Disney Characters 4 Pack Donald Duck Golfov\u00e9 m\u00ed\u010dky"}]},{"@type":"WebSite","@id":"https:\/\/www.jamkoviste.cz\/obchod\/#website","url":"https:\/\/www.jamkoviste.cz\/obchod\/","name":"Jamkovi\u0161t\u011b","description":"V\u00fdb\u011br t\u011bch nejlep\u0161\u00edch golfov\u00fdch produkt\u016f","publisher":{"@id":"https:\/\/www.jamkoviste.cz\/obchod\/#organization"},"potentialAction":[{"@type":"SearchAction","target":{"@type":"EntryPoint","urlTemplate":"https:\/\/www.jamkoviste.cz\/obchod\/?s={search_term_string}"},"query-input":{"@type":"PropertyValueSpecification","valueRequired":true,"valueName":"search_term_string"}}],"inLanguage":"cs"},{"@type":"Organization","@id":"https:\/\/www.jamkoviste.cz\/obchod\/#organization","name":"Jamkovi\u0161t\u011b","url":"https:\/\/www.jamkoviste.cz\/obchod\/","logo":{"@type":"ImageObject","inLanguage":"cs","@id":"https:\/\/www.jamkoviste.cz\/obchod\/#\/schema\/logo\/image\/","url":"https:\/\/www.jamkoviste.cz\/obchod\/wp-content\/uploads\/2021\/03\/cropped-logo.png","contentUrl":"https:\/\/www.jamkoviste.cz\/obchod\/wp-content\/uploads\/2021\/03\/cropped-logo.png","width":351,"height":82,"caption":"Jamkovi\u0161t\u011b"},"image":{"@id":"https:\/\/www.jamkoviste.cz\/obchod\/#\/schema\/logo\/image\/"}}]}},"brands":[{"id":22,"name":"Volvik","slug":"volvik"}],"_links":{"self":[{"href":"https:\/\/www.jamkoviste.cz\/obchod\/wp-json\/wp\/v2\/product\/49641","targetHints":{"allow":["GET"]}}],"collection":[{"href":"https:\/\/www.jamkoviste.cz\/obchod\/wp-json\/wp\/v2\/product"}],"about":[{"href":"https:\/\/www.jamkoviste.cz\/obchod\/wp-json\/wp\/v2\/types\/product"}],"replies":[{"embeddable":true,"href":"https:\/\/www.jamkoviste.cz\/obchod\/wp-json\/wp\/v2\/comments?post=49641"}],"wp:featuredmedia":[{"embeddable":true,"href":"https:\/\/www.jamkoviste.cz\/obchod\/wp-json\/wp\/v2\/media\/49642"}],"wp:attachment":[{"href":"https:\/\/www.jamkoviste.cz\/obchod\/wp-json\/wp\/v2\/media?parent=49641"}],"wp:term":[{"taxonomy":"pwb-brand","embeddable":true,"href":"https:\/\/www.jamkoviste.cz\/obchod\/wp-json\/wp\/v2\/pwb-brand?post=49641"},{"taxonomy":"product_brand","embeddable":true,"href":"https:\/\/www.jamkoviste.cz\/obchod\/wp-json\/wp\/v2\/product_brand?post=49641"},{"taxonomy":"product_cat","embeddable":true,"href":"https:\/\/www.jamkoviste.cz\/obchod\/wp-json\/wp\/v2\/product_cat?post=49641"},{"taxonomy":"product_tag","embeddable":true,"href":"https:\/\/www.jamkoviste.cz\/obchod\/wp-json\/wp\/v2\/product_tag?post=49641"}],"curies":[{"name":"wp","href":"https:\/\/api.w.org\/{rel}","templated":true}]}}