{"id":49865,"date":"2025-11-07T00:23:25","date_gmt":"2025-11-06T23:23:25","guid":{"rendered":"https:\/\/www.jamkoviste.cz\/obchod\/produkt\/replay-golf-mix-brands-lake-balls-pouzite-golfove-mice-48\/"},"modified":"2025-11-07T00:23:26","modified_gmt":"2025-11-06T23:23:26","slug":"replay-golf-mix-brands-lake-balls-pouzite-golfove-mice-48","status":"publish","type":"product","link":"https:\/\/www.jamkoviste.cz\/obchod\/produkt\/replay-golf-mix-brands-lake-balls-pouzite-golfove-mice-48\/","title":{"rendered":"Replay Golf Mix Brands Lake Balls Pou\u017eit\u00e9 golfov\u00e9 m\u00ed\u010de 48"},"content":{"rendered":"<p>Replay sm\u00ed\u0161en\u00e9 golfov\u00e9 m\u00ed\u010dky z jezera t\u0159\u00eddy BPerfektn\u011b hrateln\u00e9 v p\u0159im\u011b\u0159en\u00e9m stavuTyto sm\u00ed\u0161en\u00e9 recyklovan\u00e9 golfov\u00e9 m\u00ed\u010dky od spole\u010dnosti Replay Golf obsahuj\u00ed sortiment golfov\u00fdch m\u00ed\u010dk\u016f v\u0161ech zna\u010dek.Spole\u010dnost Replay Golf, je glob\u00e1ln\u011b nejd\u016fv\u011bryhodn\u011bj\u0161\u00edm dodavatelem m\u00ed\u010dk\u016f z jezera. Tyto m\u00ed\u010dky poch\u00e1zej\u00ed z jezer a jsou myta a t\u0159\u00edd\u011bny podle zna\u010dek a model\u016f. M\u00ed\u010dky t\u0159\u00eddy B maj\u00ed z\u0159eteln\u011bj\u0161\u00ed zbarven\u00ed nebo z\u0159eteln\u011bji z\u00e1sahy a od\u011brky. P\u0159esto jsou tyto m\u00ed\u010dky v perfektn\u00edm stavu na to, abyste je mohli op\u011bt pou\u017e\u00edvat.Jsou produktem \u0161etrn\u00fdm k zemi, kter\u00fd pom\u00e1h\u00e1 chr\u00e1nit golfov\u00e1 h\u0159i\u0161t\u011b a sni\u017eovat glob\u00e1ln\u00ed zne\u010di\u0161t\u011bn\u00ed.<br \/>\nPo\u010det m\u00ed\u010dk\u016f v balen\u00ed: 48<br \/>\nBarva: \u017dlut\u00e1<br \/>\nPohlav\u00ed: Unisex<\/p>\n","protected":false},"excerpt":{"rendered":"<p>Replay sm\u00ed\u0161en\u00e9 golfov\u00e9 m\u00ed\u010dky z jezera t\u0159\u00eddy BPerfektn\u011b hrateln\u00e9 v p\u0159im\u011b\u0159en\u00e9m stavuTyto sm\u00ed\u0161en\u00e9 recyklovan\u00e9 golfov\u00e9 m\u00ed\u010dky od spole\u010dnosti Replay Golf obsahuj\u00ed sortiment golfov\u00fdch m\u00ed\u010dk\u016f v\u0161ech zna\u010dek.Spole\u010dnost Replay Golf, je glob\u00e1ln\u011b nejd\u016fv\u011bryhodn\u011bj\u0161\u00edm dodavatelem m\u00ed\u010dk\u016f z jezera. Tyto m\u00ed\u010dky poch\u00e1zej\u00ed z jezer a jsou myta a t\u0159\u00edd\u011bny podle zna\u010dek a model\u016f. M\u00ed\u010dky t\u0159\u00eddy B maj\u00ed z\u0159eteln\u011bj\u0161\u00ed zbarven\u00ed [&hellip;]<\/p>\n","protected":false},"featured_media":49866,"comment_status":"closed","ping_status":"open","template":"","meta":{"_acf_changed":false,"_monsterinsights_skip_tracking":false,"_monsterinsights_sitenote_active":false,"_monsterinsights_sitenote_note":"","_monsterinsights_sitenote_category":0},"pwb-brand":[199],"product_brand":[],"product_cat":[23,27],"product_tag":[],"class_list":{"0":"post-49865","1":"product","2":"type-product","3":"status-publish","4":"has-post-thumbnail","6":"pwb-brand-replay-golf","7":"product_cat-golfove-micky","8":"product_cat-pouzite-golfove-mice","9":"pa_barva-zluta","10":"pa_pohlavi-unisex","12":"first","13":"instock","14":"product-type-external"},"acf":[],"yoast_head":"<!-- This site is optimized with the Yoast SEO plugin v27.4 - https:\/\/yoast.com\/product\/yoast-seo-wordpress\/ -->\n<title>Replay Golf Mix Brands Lake Balls Pou\u017eit\u00e9 golfov\u00e9 m\u00ed\u010de 48 za 917 K\u010d skladem - Jamkovi\u0161t\u011b<\/title>\n<meta name=\"description\" content=\"Replay Golf Mix Brands Lake Balls Pou\u017eit\u00e9 golfov\u00e9 m\u00ed\u010de 48 za skv\u011blou cenu 917 K\u010d skladem \u2714\ufe0f ihned k odesl\u00e1n\u00ed.\" \/>\n<meta name=\"robots\" content=\"index, follow, max-snippet:-1, max-image-preview:large, max-video-preview:-1\" \/>\n<link rel=\"canonical\" href=\"https:\/\/www.jamkoviste.cz\/obchod\/produkt\/replay-golf-mix-brands-lake-balls-pouzite-golfove-mice-48\/\" \/>\n<meta property=\"og:locale\" content=\"cs_CZ\" \/>\n<meta property=\"og:type\" content=\"article\" \/>\n<meta property=\"og:title\" content=\"Replay Golf Mix Brands Lake Balls Pou\u017eit\u00e9 golfov\u00e9 m\u00ed\u010de 48 za 917 K\u010d skladem - Jamkovi\u0161t\u011b\" \/>\n<meta property=\"og:description\" content=\"Replay Golf Mix Brands Lake Balls Pou\u017eit\u00e9 golfov\u00e9 m\u00ed\u010de 48 za skv\u011blou cenu 917 K\u010d skladem \u2714\ufe0f ihned k odesl\u00e1n\u00ed.\" \/>\n<meta property=\"og:url\" content=\"https:\/\/www.jamkoviste.cz\/obchod\/produkt\/replay-golf-mix-brands-lake-balls-pouzite-golfove-mice-48\/\" \/>\n<meta property=\"og:site_name\" content=\"Jamkovi\u0161t\u011b\" \/>\n<meta property=\"article:modified_time\" content=\"2025-11-06T23:23:26+00:00\" \/>\n<meta property=\"og:image\" content=\"https:\/\/www.jamkoviste.cz\/obchod\/wp-content\/uploads\/2025\/02\/main_a5cc0681.jpg\" \/>\n\t<meta property=\"og:image:width\" content=\"744\" \/>\n\t<meta property=\"og:image:height\" content=\"800\" \/>\n\t<meta property=\"og:image:type\" content=\"image\/jpeg\" \/>\n<meta name=\"twitter:card\" content=\"summary_large_image\" \/>\n<meta name=\"twitter:label1\" content=\"Odhadovan\u00e1 doba \u010dten\u00ed\" \/>\n\t<meta name=\"twitter:data1\" content=\"1 minuta\" \/>\n<script type=\"application\/ld+json\" class=\"yoast-schema-graph\">{\"@context\":\"https:\\\/\\\/schema.org\",\"@graph\":[{\"@type\":\"WebPage\",\"@id\":\"https:\\\/\\\/www.jamkoviste.cz\\\/obchod\\\/produkt\\\/replay-golf-mix-brands-lake-balls-pouzite-golfove-mice-48\\\/\",\"url\":\"https:\\\/\\\/www.jamkoviste.cz\\\/obchod\\\/produkt\\\/replay-golf-mix-brands-lake-balls-pouzite-golfove-mice-48\\\/\",\"name\":\"Replay Golf Mix Brands Lake Balls Pou\u017eit\u00e9 golfov\u00e9 m\u00ed\u010de 48 za 917 K\u010d skladem - Jamkovi\u0161t\u011b\",\"isPartOf\":{\"@id\":\"https:\\\/\\\/www.jamkoviste.cz\\\/obchod\\\/#website\"},\"primaryImageOfPage\":{\"@id\":\"https:\\\/\\\/www.jamkoviste.cz\\\/obchod\\\/produkt\\\/replay-golf-mix-brands-lake-balls-pouzite-golfove-mice-48\\\/#primaryimage\"},\"image\":{\"@id\":\"https:\\\/\\\/www.jamkoviste.cz\\\/obchod\\\/produkt\\\/replay-golf-mix-brands-lake-balls-pouzite-golfove-mice-48\\\/#primaryimage\"},\"thumbnailUrl\":\"https:\\\/\\\/www.jamkoviste.cz\\\/obchod\\\/wp-content\\\/uploads\\\/2025\\\/02\\\/main_a5cc0681.jpg\",\"datePublished\":\"2025-11-06T23:23:25+00:00\",\"dateModified\":\"2025-11-06T23:23:26+00:00\",\"description\":\"Replay Golf Mix Brands Lake Balls Pou\u017eit\u00e9 golfov\u00e9 m\u00ed\u010de 48 za skv\u011blou cenu 917 K\u010d skladem \u2714\ufe0f ihned k odesl\u00e1n\u00ed.\",\"breadcrumb\":{\"@id\":\"https:\\\/\\\/www.jamkoviste.cz\\\/obchod\\\/produkt\\\/replay-golf-mix-brands-lake-balls-pouzite-golfove-mice-48\\\/#breadcrumb\"},\"inLanguage\":\"cs\",\"potentialAction\":[{\"@type\":\"ReadAction\",\"target\":[\"https:\\\/\\\/www.jamkoviste.cz\\\/obchod\\\/produkt\\\/replay-golf-mix-brands-lake-balls-pouzite-golfove-mice-48\\\/\"]}]},{\"@type\":\"ImageObject\",\"inLanguage\":\"cs\",\"@id\":\"https:\\\/\\\/www.jamkoviste.cz\\\/obchod\\\/produkt\\\/replay-golf-mix-brands-lake-balls-pouzite-golfove-mice-48\\\/#primaryimage\",\"url\":\"https:\\\/\\\/www.jamkoviste.cz\\\/obchod\\\/wp-content\\\/uploads\\\/2025\\\/02\\\/main_a5cc0681.jpg\",\"contentUrl\":\"https:\\\/\\\/www.jamkoviste.cz\\\/obchod\\\/wp-content\\\/uploads\\\/2025\\\/02\\\/main_a5cc0681.jpg\",\"width\":744,\"height\":800},{\"@type\":\"BreadcrumbList\",\"@id\":\"https:\\\/\\\/www.jamkoviste.cz\\\/obchod\\\/produkt\\\/replay-golf-mix-brands-lake-balls-pouzite-golfove-mice-48\\\/#breadcrumb\",\"itemListElement\":[{\"@type\":\"ListItem\",\"position\":1,\"name\":\"Dom\u016f\",\"item\":\"https:\\\/\\\/www.jamkoviste.cz\\\/obchod\\\/\"},{\"@type\":\"ListItem\",\"position\":2,\"name\":\"Obchod\",\"item\":\"https:\\\/\\\/www.jamkoviste.cz\\\/obchod\\\/?page_id=6\"},{\"@type\":\"ListItem\",\"position\":3,\"name\":\"Replay Golf Mix Brands Lake Balls Pou\u017eit\u00e9 golfov\u00e9 m\u00ed\u010de 48\"}]},{\"@type\":\"WebSite\",\"@id\":\"https:\\\/\\\/www.jamkoviste.cz\\\/obchod\\\/#website\",\"url\":\"https:\\\/\\\/www.jamkoviste.cz\\\/obchod\\\/\",\"name\":\"Jamkovi\u0161t\u011b\",\"description\":\"V\u00fdb\u011br t\u011bch nejlep\u0161\u00edch golfov\u00fdch produkt\u016f\",\"publisher\":{\"@id\":\"https:\\\/\\\/www.jamkoviste.cz\\\/obchod\\\/#organization\"},\"potentialAction\":[{\"@type\":\"SearchAction\",\"target\":{\"@type\":\"EntryPoint\",\"urlTemplate\":\"https:\\\/\\\/www.jamkoviste.cz\\\/obchod\\\/?s={search_term_string}\"},\"query-input\":{\"@type\":\"PropertyValueSpecification\",\"valueRequired\":true,\"valueName\":\"search_term_string\"}}],\"inLanguage\":\"cs\"},{\"@type\":\"Organization\",\"@id\":\"https:\\\/\\\/www.jamkoviste.cz\\\/obchod\\\/#organization\",\"name\":\"Jamkovi\u0161t\u011b\",\"url\":\"https:\\\/\\\/www.jamkoviste.cz\\\/obchod\\\/\",\"logo\":{\"@type\":\"ImageObject\",\"inLanguage\":\"cs\",\"@id\":\"https:\\\/\\\/www.jamkoviste.cz\\\/obchod\\\/#\\\/schema\\\/logo\\\/image\\\/\",\"url\":\"https:\\\/\\\/www.jamkoviste.cz\\\/obchod\\\/wp-content\\\/uploads\\\/2021\\\/03\\\/cropped-logo.png\",\"contentUrl\":\"https:\\\/\\\/www.jamkoviste.cz\\\/obchod\\\/wp-content\\\/uploads\\\/2021\\\/03\\\/cropped-logo.png\",\"width\":351,\"height\":82,\"caption\":\"Jamkovi\u0161t\u011b\"},\"image\":{\"@id\":\"https:\\\/\\\/www.jamkoviste.cz\\\/obchod\\\/#\\\/schema\\\/logo\\\/image\\\/\"}}]}<\/script>\n<!-- \/ Yoast SEO plugin. -->","yoast_head_json":{"title":"Replay Golf Mix Brands Lake Balls Pou\u017eit\u00e9 golfov\u00e9 m\u00ed\u010de 48 za 917 K\u010d skladem - Jamkovi\u0161t\u011b","description":"Replay Golf Mix Brands Lake Balls Pou\u017eit\u00e9 golfov\u00e9 m\u00ed\u010de 48 za skv\u011blou cenu 917 K\u010d skladem \u2714\ufe0f ihned k odesl\u00e1n\u00ed.","robots":{"index":"index","follow":"follow","max-snippet":"max-snippet:-1","max-image-preview":"max-image-preview:large","max-video-preview":"max-video-preview:-1"},"canonical":"https:\/\/www.jamkoviste.cz\/obchod\/produkt\/replay-golf-mix-brands-lake-balls-pouzite-golfove-mice-48\/","og_locale":"cs_CZ","og_type":"article","og_title":"Replay Golf Mix Brands Lake Balls Pou\u017eit\u00e9 golfov\u00e9 m\u00ed\u010de 48 za 917 K\u010d skladem - Jamkovi\u0161t\u011b","og_description":"Replay Golf Mix Brands Lake Balls Pou\u017eit\u00e9 golfov\u00e9 m\u00ed\u010de 48 za skv\u011blou cenu 917 K\u010d skladem \u2714\ufe0f ihned k odesl\u00e1n\u00ed.","og_url":"https:\/\/www.jamkoviste.cz\/obchod\/produkt\/replay-golf-mix-brands-lake-balls-pouzite-golfove-mice-48\/","og_site_name":"Jamkovi\u0161t\u011b","article_modified_time":"2025-11-06T23:23:26+00:00","og_image":[{"width":744,"height":800,"url":"https:\/\/www.jamkoviste.cz\/obchod\/wp-content\/uploads\/2025\/02\/main_a5cc0681.jpg","type":"image\/jpeg"}],"twitter_card":"summary_large_image","twitter_misc":{"Odhadovan\u00e1 doba \u010dten\u00ed":"1 minuta"},"schema":{"@context":"https:\/\/schema.org","@graph":[{"@type":"WebPage","@id":"https:\/\/www.jamkoviste.cz\/obchod\/produkt\/replay-golf-mix-brands-lake-balls-pouzite-golfove-mice-48\/","url":"https:\/\/www.jamkoviste.cz\/obchod\/produkt\/replay-golf-mix-brands-lake-balls-pouzite-golfove-mice-48\/","name":"Replay Golf Mix Brands Lake Balls Pou\u017eit\u00e9 golfov\u00e9 m\u00ed\u010de 48 za 917 K\u010d skladem - Jamkovi\u0161t\u011b","isPartOf":{"@id":"https:\/\/www.jamkoviste.cz\/obchod\/#website"},"primaryImageOfPage":{"@id":"https:\/\/www.jamkoviste.cz\/obchod\/produkt\/replay-golf-mix-brands-lake-balls-pouzite-golfove-mice-48\/#primaryimage"},"image":{"@id":"https:\/\/www.jamkoviste.cz\/obchod\/produkt\/replay-golf-mix-brands-lake-balls-pouzite-golfove-mice-48\/#primaryimage"},"thumbnailUrl":"https:\/\/www.jamkoviste.cz\/obchod\/wp-content\/uploads\/2025\/02\/main_a5cc0681.jpg","datePublished":"2025-11-06T23:23:25+00:00","dateModified":"2025-11-06T23:23:26+00:00","description":"Replay Golf Mix Brands Lake Balls Pou\u017eit\u00e9 golfov\u00e9 m\u00ed\u010de 48 za skv\u011blou cenu 917 K\u010d skladem \u2714\ufe0f ihned k odesl\u00e1n\u00ed.","breadcrumb":{"@id":"https:\/\/www.jamkoviste.cz\/obchod\/produkt\/replay-golf-mix-brands-lake-balls-pouzite-golfove-mice-48\/#breadcrumb"},"inLanguage":"cs","potentialAction":[{"@type":"ReadAction","target":["https:\/\/www.jamkoviste.cz\/obchod\/produkt\/replay-golf-mix-brands-lake-balls-pouzite-golfove-mice-48\/"]}]},{"@type":"ImageObject","inLanguage":"cs","@id":"https:\/\/www.jamkoviste.cz\/obchod\/produkt\/replay-golf-mix-brands-lake-balls-pouzite-golfove-mice-48\/#primaryimage","url":"https:\/\/www.jamkoviste.cz\/obchod\/wp-content\/uploads\/2025\/02\/main_a5cc0681.jpg","contentUrl":"https:\/\/www.jamkoviste.cz\/obchod\/wp-content\/uploads\/2025\/02\/main_a5cc0681.jpg","width":744,"height":800},{"@type":"BreadcrumbList","@id":"https:\/\/www.jamkoviste.cz\/obchod\/produkt\/replay-golf-mix-brands-lake-balls-pouzite-golfove-mice-48\/#breadcrumb","itemListElement":[{"@type":"ListItem","position":1,"name":"Dom\u016f","item":"https:\/\/www.jamkoviste.cz\/obchod\/"},{"@type":"ListItem","position":2,"name":"Obchod","item":"https:\/\/www.jamkoviste.cz\/obchod\/?page_id=6"},{"@type":"ListItem","position":3,"name":"Replay Golf Mix Brands Lake Balls Pou\u017eit\u00e9 golfov\u00e9 m\u00ed\u010de 48"}]},{"@type":"WebSite","@id":"https:\/\/www.jamkoviste.cz\/obchod\/#website","url":"https:\/\/www.jamkoviste.cz\/obchod\/","name":"Jamkovi\u0161t\u011b","description":"V\u00fdb\u011br t\u011bch nejlep\u0161\u00edch golfov\u00fdch produkt\u016f","publisher":{"@id":"https:\/\/www.jamkoviste.cz\/obchod\/#organization"},"potentialAction":[{"@type":"SearchAction","target":{"@type":"EntryPoint","urlTemplate":"https:\/\/www.jamkoviste.cz\/obchod\/?s={search_term_string}"},"query-input":{"@type":"PropertyValueSpecification","valueRequired":true,"valueName":"search_term_string"}}],"inLanguage":"cs"},{"@type":"Organization","@id":"https:\/\/www.jamkoviste.cz\/obchod\/#organization","name":"Jamkovi\u0161t\u011b","url":"https:\/\/www.jamkoviste.cz\/obchod\/","logo":{"@type":"ImageObject","inLanguage":"cs","@id":"https:\/\/www.jamkoviste.cz\/obchod\/#\/schema\/logo\/image\/","url":"https:\/\/www.jamkoviste.cz\/obchod\/wp-content\/uploads\/2021\/03\/cropped-logo.png","contentUrl":"https:\/\/www.jamkoviste.cz\/obchod\/wp-content\/uploads\/2021\/03\/cropped-logo.png","width":351,"height":82,"caption":"Jamkovi\u0161t\u011b"},"image":{"@id":"https:\/\/www.jamkoviste.cz\/obchod\/#\/schema\/logo\/image\/"}}]}},"brands":[{"id":199,"name":"Replay Golf","slug":"replay-golf"}],"_links":{"self":[{"href":"https:\/\/www.jamkoviste.cz\/obchod\/wp-json\/wp\/v2\/product\/49865","targetHints":{"allow":["GET"]}}],"collection":[{"href":"https:\/\/www.jamkoviste.cz\/obchod\/wp-json\/wp\/v2\/product"}],"about":[{"href":"https:\/\/www.jamkoviste.cz\/obchod\/wp-json\/wp\/v2\/types\/product"}],"replies":[{"embeddable":true,"href":"https:\/\/www.jamkoviste.cz\/obchod\/wp-json\/wp\/v2\/comments?post=49865"}],"wp:featuredmedia":[{"embeddable":true,"href":"https:\/\/www.jamkoviste.cz\/obchod\/wp-json\/wp\/v2\/media\/49866"}],"wp:attachment":[{"href":"https:\/\/www.jamkoviste.cz\/obchod\/wp-json\/wp\/v2\/media?parent=49865"}],"wp:term":[{"taxonomy":"pwb-brand","embeddable":true,"href":"https:\/\/www.jamkoviste.cz\/obchod\/wp-json\/wp\/v2\/pwb-brand?post=49865"},{"taxonomy":"product_brand","embeddable":true,"href":"https:\/\/www.jamkoviste.cz\/obchod\/wp-json\/wp\/v2\/product_brand?post=49865"},{"taxonomy":"product_cat","embeddable":true,"href":"https:\/\/www.jamkoviste.cz\/obchod\/wp-json\/wp\/v2\/product_cat?post=49865"},{"taxonomy":"product_tag","embeddable":true,"href":"https:\/\/www.jamkoviste.cz\/obchod\/wp-json\/wp\/v2\/product_tag?post=49865"}],"curies":[{"name":"wp","href":"https:\/\/api.w.org\/{rel}","templated":true}]}}