{"id":49891,"date":"2025-11-07T00:23:38","date_gmt":"2025-11-06T23:23:38","guid":{"rendered":"https:\/\/www.jamkoviste.cz\/obchod\/produkt\/volvik-marvel-captain-america-2-golfove-micky\/"},"modified":"2025-11-07T00:23:39","modified_gmt":"2025-11-06T23:23:39","slug":"volvik-marvel-captain-america-2-golfove-micky","status":"publish","type":"product","link":"https:\/\/www.jamkoviste.cz\/obchod\/produkt\/volvik-marvel-captain-america-2-golfove-micky\/","title":{"rendered":"Volvik Marvel Captain America 2 Golfov\u00e9 m\u00ed\u010dky"},"content":{"rendered":"<p>Golfov&eacute; m&iacute;\u010dky v t&eacute;to speci&aacute;ln&iacute; edici se mohou pochlubit poutav&yacute;m designem inspirovan&yacute;m Captain America od Marvel, nab&iacute;zej&iacute; v&iacute;c ne\u017e jen estetiku. Tyto pr&eacute;miov&eacute; t\u0159&iacute;vrstv&eacute; golfov&eacute; m&iacute;\u010dky, speci&aacute;ln\u011b vytvo\u0159en&eacute; pro hr&aacute;\u010de, kte\u0159&iacute; hledaj&iacute; jemn&yacute; dotek a p\u0159esnost, maj&iacute; patentovan&yacute; matn&yacute; povrch s vysokou viditelnost&iacute;, kter&yacute; zaji&scaron;\u0165uje viditelnost na h\u0159i&scaron;ti a z&aacute;rove\u0148 sni\u017euje odlesky.  Jejich konstrukce, kter&aacute; zahrnuje t\u0159i vrstvy, zvy&scaron;uje rychlost m&iacute;\u010de a minimalizuje rotaci b\u011bhem dlouh&yacute;ch st\u0159el, co\u017e umo\u017e\u0148uje lep&scaron;&iacute; kontrolu a p\u0159esnost. D&iacute;ky m\u011bkk&eacute; ionomern&iacute; vrstv\u011b umo\u017e\u0148uj&iacute; lep&scaron;&iacute; ovladatelnost a kontrolu ka\u017ed&eacute;ho odpalu. Jejich komprese 75 p\u0159isp&iacute;v&aacute; k jejich m\u011bkk&eacute;mu pocitu, d&iacute;ky \u010demu\u017e jsou vynikaj&iacute;c&iacute; volbou pro oddan&eacute; golfisty. Toto balen&iacute; je ide&aacute;ln&iacute; d&aacute;rek pro milovn&iacute;ky hry, nebo\u0165 kombinuje funk\u010dnost a ikonick&yacute; design inspirovan&yacute; milovan&yacute;m superhrdinou.<br \/>\nPohlav\u00ed: Unisex<br \/>\nPo\u010det m\u00ed\u010dk\u016f v balen\u00ed: 2<br \/>\nBarva: Modr\u00e1;B\u00edl\u00e1<br \/>\nVarianta: Captain America 2<br \/>\nPo\u010det vrstev: 3<\/p>\n","protected":false},"excerpt":{"rendered":"<p>Golfov&eacute; m&iacute;\u010dky v t&eacute;to speci&aacute;ln&iacute; edici se mohou pochlubit poutav&yacute;m designem inspirovan&yacute;m Captain America od Marvel, nab&iacute;zej&iacute; v&iacute;c ne\u017e jen estetiku. Tyto pr&eacute;miov&eacute; t\u0159&iacute;vrstv&eacute; golfov&eacute; m&iacute;\u010dky, speci&aacute;ln\u011b vytvo\u0159en&eacute; pro hr&aacute;\u010de, kte\u0159&iacute; hledaj&iacute; jemn&yacute; dotek a p\u0159esnost, maj&iacute; patentovan&yacute; matn&yacute; povrch s vysokou viditelnost&iacute;, kter&yacute; zaji&scaron;\u0165uje viditelnost na h\u0159i&scaron;ti a z&aacute;rove\u0148 sni\u017euje odlesky. Jejich konstrukce, kter&aacute; [&hellip;]<\/p>\n","protected":false},"featured_media":49892,"comment_status":"closed","ping_status":"open","template":"","meta":{"_acf_changed":false,"_monsterinsights_skip_tracking":false,"_monsterinsights_sitenote_active":false,"_monsterinsights_sitenote_note":"","_monsterinsights_sitenote_category":0},"pwb-brand":[22],"product_brand":[],"product_cat":[23,24],"product_tag":[],"class_list":{"0":"post-49891","1":"product","2":"type-product","3":"status-publish","4":"has-post-thumbnail","6":"pwb-brand-volvik","7":"product_cat-golfove-micky","8":"product_cat-nove-golfove-mice","9":"pa_barva-white-blue","10":"pa_pohlavi-unisex","12":"first","13":"instock","14":"sale","15":"product-type-external"},"acf":[],"yoast_head":"<!-- This site is optimized with the Yoast SEO plugin v27.4 - https:\/\/yoast.com\/product\/yoast-seo-wordpress\/ -->\n<title>Volvik Marvel Captain America 2 Golfov\u00e9 m\u00ed\u010dky za 634 K\u010d skladem - Jamkovi\u0161t\u011b<\/title>\n<meta name=\"description\" content=\"Volvik Marvel Captain America 2 Golfov\u00e9 m\u00ed\u010dky za skv\u011blou cenu 634 K\u010d skladem \u2714\ufe0f ihned k odesl\u00e1n\u00ed.\" \/>\n<meta name=\"robots\" content=\"index, follow, max-snippet:-1, max-image-preview:large, max-video-preview:-1\" \/>\n<link rel=\"canonical\" href=\"https:\/\/www.jamkoviste.cz\/obchod\/produkt\/volvik-marvel-captain-america-2-golfove-micky\/\" \/>\n<meta property=\"og:locale\" content=\"cs_CZ\" \/>\n<meta property=\"og:type\" content=\"article\" \/>\n<meta property=\"og:title\" content=\"Volvik Marvel Captain America 2 Golfov\u00e9 m\u00ed\u010dky za 634 K\u010d skladem - Jamkovi\u0161t\u011b\" \/>\n<meta property=\"og:description\" content=\"Volvik Marvel Captain America 2 Golfov\u00e9 m\u00ed\u010dky za skv\u011blou cenu 634 K\u010d skladem \u2714\ufe0f ihned k odesl\u00e1n\u00ed.\" \/>\n<meta property=\"og:url\" content=\"https:\/\/www.jamkoviste.cz\/obchod\/produkt\/volvik-marvel-captain-america-2-golfove-micky\/\" \/>\n<meta property=\"og:site_name\" content=\"Jamkovi\u0161t\u011b\" \/>\n<meta property=\"article:modified_time\" content=\"2025-11-06T23:23:39+00:00\" \/>\n<meta property=\"og:image\" content=\"https:\/\/www.jamkoviste.cz\/obchod\/wp-content\/uploads\/2025\/02\/main_f8fc0f5f.jpg\" \/>\n\t<meta property=\"og:image:width\" content=\"800\" \/>\n\t<meta property=\"og:image:height\" content=\"636\" \/>\n\t<meta property=\"og:image:type\" content=\"image\/jpeg\" \/>\n<meta name=\"twitter:card\" content=\"summary_large_image\" \/>\n<meta name=\"twitter:label1\" content=\"Odhadovan\u00e1 doba \u010dten\u00ed\" \/>\n\t<meta name=\"twitter:data1\" content=\"1 minuta\" \/>\n<script type=\"application\/ld+json\" class=\"yoast-schema-graph\">{\"@context\":\"https:\\\/\\\/schema.org\",\"@graph\":[{\"@type\":\"WebPage\",\"@id\":\"https:\\\/\\\/www.jamkoviste.cz\\\/obchod\\\/produkt\\\/volvik-marvel-captain-america-2-golfove-micky\\\/\",\"url\":\"https:\\\/\\\/www.jamkoviste.cz\\\/obchod\\\/produkt\\\/volvik-marvel-captain-america-2-golfove-micky\\\/\",\"name\":\"Volvik Marvel Captain America 2 Golfov\u00e9 m\u00ed\u010dky za 634 K\u010d skladem - Jamkovi\u0161t\u011b\",\"isPartOf\":{\"@id\":\"https:\\\/\\\/www.jamkoviste.cz\\\/obchod\\\/#website\"},\"primaryImageOfPage\":{\"@id\":\"https:\\\/\\\/www.jamkoviste.cz\\\/obchod\\\/produkt\\\/volvik-marvel-captain-america-2-golfove-micky\\\/#primaryimage\"},\"image\":{\"@id\":\"https:\\\/\\\/www.jamkoviste.cz\\\/obchod\\\/produkt\\\/volvik-marvel-captain-america-2-golfove-micky\\\/#primaryimage\"},\"thumbnailUrl\":\"https:\\\/\\\/www.jamkoviste.cz\\\/obchod\\\/wp-content\\\/uploads\\\/2025\\\/02\\\/main_f8fc0f5f.jpg\",\"datePublished\":\"2025-11-06T23:23:38+00:00\",\"dateModified\":\"2025-11-06T23:23:39+00:00\",\"description\":\"Volvik Marvel Captain America 2 Golfov\u00e9 m\u00ed\u010dky za skv\u011blou cenu 634 K\u010d skladem \u2714\ufe0f ihned k odesl\u00e1n\u00ed.\",\"breadcrumb\":{\"@id\":\"https:\\\/\\\/www.jamkoviste.cz\\\/obchod\\\/produkt\\\/volvik-marvel-captain-america-2-golfove-micky\\\/#breadcrumb\"},\"inLanguage\":\"cs\",\"potentialAction\":[{\"@type\":\"ReadAction\",\"target\":[\"https:\\\/\\\/www.jamkoviste.cz\\\/obchod\\\/produkt\\\/volvik-marvel-captain-america-2-golfove-micky\\\/\"]}]},{\"@type\":\"ImageObject\",\"inLanguage\":\"cs\",\"@id\":\"https:\\\/\\\/www.jamkoviste.cz\\\/obchod\\\/produkt\\\/volvik-marvel-captain-america-2-golfove-micky\\\/#primaryimage\",\"url\":\"https:\\\/\\\/www.jamkoviste.cz\\\/obchod\\\/wp-content\\\/uploads\\\/2025\\\/02\\\/main_f8fc0f5f.jpg\",\"contentUrl\":\"https:\\\/\\\/www.jamkoviste.cz\\\/obchod\\\/wp-content\\\/uploads\\\/2025\\\/02\\\/main_f8fc0f5f.jpg\",\"width\":800,\"height\":636},{\"@type\":\"BreadcrumbList\",\"@id\":\"https:\\\/\\\/www.jamkoviste.cz\\\/obchod\\\/produkt\\\/volvik-marvel-captain-america-2-golfove-micky\\\/#breadcrumb\",\"itemListElement\":[{\"@type\":\"ListItem\",\"position\":1,\"name\":\"Dom\u016f\",\"item\":\"https:\\\/\\\/www.jamkoviste.cz\\\/obchod\\\/\"},{\"@type\":\"ListItem\",\"position\":2,\"name\":\"Obchod\",\"item\":\"https:\\\/\\\/www.jamkoviste.cz\\\/obchod\\\/?page_id=6\"},{\"@type\":\"ListItem\",\"position\":3,\"name\":\"Volvik Marvel Captain America 2 Golfov\u00e9 m\u00ed\u010dky\"}]},{\"@type\":\"WebSite\",\"@id\":\"https:\\\/\\\/www.jamkoviste.cz\\\/obchod\\\/#website\",\"url\":\"https:\\\/\\\/www.jamkoviste.cz\\\/obchod\\\/\",\"name\":\"Jamkovi\u0161t\u011b\",\"description\":\"V\u00fdb\u011br t\u011bch nejlep\u0161\u00edch golfov\u00fdch produkt\u016f\",\"publisher\":{\"@id\":\"https:\\\/\\\/www.jamkoviste.cz\\\/obchod\\\/#organization\"},\"potentialAction\":[{\"@type\":\"SearchAction\",\"target\":{\"@type\":\"EntryPoint\",\"urlTemplate\":\"https:\\\/\\\/www.jamkoviste.cz\\\/obchod\\\/?s={search_term_string}\"},\"query-input\":{\"@type\":\"PropertyValueSpecification\",\"valueRequired\":true,\"valueName\":\"search_term_string\"}}],\"inLanguage\":\"cs\"},{\"@type\":\"Organization\",\"@id\":\"https:\\\/\\\/www.jamkoviste.cz\\\/obchod\\\/#organization\",\"name\":\"Jamkovi\u0161t\u011b\",\"url\":\"https:\\\/\\\/www.jamkoviste.cz\\\/obchod\\\/\",\"logo\":{\"@type\":\"ImageObject\",\"inLanguage\":\"cs\",\"@id\":\"https:\\\/\\\/www.jamkoviste.cz\\\/obchod\\\/#\\\/schema\\\/logo\\\/image\\\/\",\"url\":\"https:\\\/\\\/www.jamkoviste.cz\\\/obchod\\\/wp-content\\\/uploads\\\/2021\\\/03\\\/cropped-logo.png\",\"contentUrl\":\"https:\\\/\\\/www.jamkoviste.cz\\\/obchod\\\/wp-content\\\/uploads\\\/2021\\\/03\\\/cropped-logo.png\",\"width\":351,\"height\":82,\"caption\":\"Jamkovi\u0161t\u011b\"},\"image\":{\"@id\":\"https:\\\/\\\/www.jamkoviste.cz\\\/obchod\\\/#\\\/schema\\\/logo\\\/image\\\/\"}}]}<\/script>\n<!-- \/ Yoast SEO plugin. -->","yoast_head_json":{"title":"Volvik Marvel Captain America 2 Golfov\u00e9 m\u00ed\u010dky za 634 K\u010d skladem - Jamkovi\u0161t\u011b","description":"Volvik Marvel Captain America 2 Golfov\u00e9 m\u00ed\u010dky za skv\u011blou cenu 634 K\u010d skladem \u2714\ufe0f ihned k odesl\u00e1n\u00ed.","robots":{"index":"index","follow":"follow","max-snippet":"max-snippet:-1","max-image-preview":"max-image-preview:large","max-video-preview":"max-video-preview:-1"},"canonical":"https:\/\/www.jamkoviste.cz\/obchod\/produkt\/volvik-marvel-captain-america-2-golfove-micky\/","og_locale":"cs_CZ","og_type":"article","og_title":"Volvik Marvel Captain America 2 Golfov\u00e9 m\u00ed\u010dky za 634 K\u010d skladem - Jamkovi\u0161t\u011b","og_description":"Volvik Marvel Captain America 2 Golfov\u00e9 m\u00ed\u010dky za skv\u011blou cenu 634 K\u010d skladem \u2714\ufe0f ihned k odesl\u00e1n\u00ed.","og_url":"https:\/\/www.jamkoviste.cz\/obchod\/produkt\/volvik-marvel-captain-america-2-golfove-micky\/","og_site_name":"Jamkovi\u0161t\u011b","article_modified_time":"2025-11-06T23:23:39+00:00","og_image":[{"width":800,"height":636,"url":"https:\/\/www.jamkoviste.cz\/obchod\/wp-content\/uploads\/2025\/02\/main_f8fc0f5f.jpg","type":"image\/jpeg"}],"twitter_card":"summary_large_image","twitter_misc":{"Odhadovan\u00e1 doba \u010dten\u00ed":"1 minuta"},"schema":{"@context":"https:\/\/schema.org","@graph":[{"@type":"WebPage","@id":"https:\/\/www.jamkoviste.cz\/obchod\/produkt\/volvik-marvel-captain-america-2-golfove-micky\/","url":"https:\/\/www.jamkoviste.cz\/obchod\/produkt\/volvik-marvel-captain-america-2-golfove-micky\/","name":"Volvik Marvel Captain America 2 Golfov\u00e9 m\u00ed\u010dky za 634 K\u010d skladem - Jamkovi\u0161t\u011b","isPartOf":{"@id":"https:\/\/www.jamkoviste.cz\/obchod\/#website"},"primaryImageOfPage":{"@id":"https:\/\/www.jamkoviste.cz\/obchod\/produkt\/volvik-marvel-captain-america-2-golfove-micky\/#primaryimage"},"image":{"@id":"https:\/\/www.jamkoviste.cz\/obchod\/produkt\/volvik-marvel-captain-america-2-golfove-micky\/#primaryimage"},"thumbnailUrl":"https:\/\/www.jamkoviste.cz\/obchod\/wp-content\/uploads\/2025\/02\/main_f8fc0f5f.jpg","datePublished":"2025-11-06T23:23:38+00:00","dateModified":"2025-11-06T23:23:39+00:00","description":"Volvik Marvel Captain America 2 Golfov\u00e9 m\u00ed\u010dky za skv\u011blou cenu 634 K\u010d skladem \u2714\ufe0f ihned k odesl\u00e1n\u00ed.","breadcrumb":{"@id":"https:\/\/www.jamkoviste.cz\/obchod\/produkt\/volvik-marvel-captain-america-2-golfove-micky\/#breadcrumb"},"inLanguage":"cs","potentialAction":[{"@type":"ReadAction","target":["https:\/\/www.jamkoviste.cz\/obchod\/produkt\/volvik-marvel-captain-america-2-golfove-micky\/"]}]},{"@type":"ImageObject","inLanguage":"cs","@id":"https:\/\/www.jamkoviste.cz\/obchod\/produkt\/volvik-marvel-captain-america-2-golfove-micky\/#primaryimage","url":"https:\/\/www.jamkoviste.cz\/obchod\/wp-content\/uploads\/2025\/02\/main_f8fc0f5f.jpg","contentUrl":"https:\/\/www.jamkoviste.cz\/obchod\/wp-content\/uploads\/2025\/02\/main_f8fc0f5f.jpg","width":800,"height":636},{"@type":"BreadcrumbList","@id":"https:\/\/www.jamkoviste.cz\/obchod\/produkt\/volvik-marvel-captain-america-2-golfove-micky\/#breadcrumb","itemListElement":[{"@type":"ListItem","position":1,"name":"Dom\u016f","item":"https:\/\/www.jamkoviste.cz\/obchod\/"},{"@type":"ListItem","position":2,"name":"Obchod","item":"https:\/\/www.jamkoviste.cz\/obchod\/?page_id=6"},{"@type":"ListItem","position":3,"name":"Volvik Marvel Captain America 2 Golfov\u00e9 m\u00ed\u010dky"}]},{"@type":"WebSite","@id":"https:\/\/www.jamkoviste.cz\/obchod\/#website","url":"https:\/\/www.jamkoviste.cz\/obchod\/","name":"Jamkovi\u0161t\u011b","description":"V\u00fdb\u011br t\u011bch nejlep\u0161\u00edch golfov\u00fdch produkt\u016f","publisher":{"@id":"https:\/\/www.jamkoviste.cz\/obchod\/#organization"},"potentialAction":[{"@type":"SearchAction","target":{"@type":"EntryPoint","urlTemplate":"https:\/\/www.jamkoviste.cz\/obchod\/?s={search_term_string}"},"query-input":{"@type":"PropertyValueSpecification","valueRequired":true,"valueName":"search_term_string"}}],"inLanguage":"cs"},{"@type":"Organization","@id":"https:\/\/www.jamkoviste.cz\/obchod\/#organization","name":"Jamkovi\u0161t\u011b","url":"https:\/\/www.jamkoviste.cz\/obchod\/","logo":{"@type":"ImageObject","inLanguage":"cs","@id":"https:\/\/www.jamkoviste.cz\/obchod\/#\/schema\/logo\/image\/","url":"https:\/\/www.jamkoviste.cz\/obchod\/wp-content\/uploads\/2021\/03\/cropped-logo.png","contentUrl":"https:\/\/www.jamkoviste.cz\/obchod\/wp-content\/uploads\/2021\/03\/cropped-logo.png","width":351,"height":82,"caption":"Jamkovi\u0161t\u011b"},"image":{"@id":"https:\/\/www.jamkoviste.cz\/obchod\/#\/schema\/logo\/image\/"}}]}},"brands":[{"id":22,"name":"Volvik","slug":"volvik"}],"_links":{"self":[{"href":"https:\/\/www.jamkoviste.cz\/obchod\/wp-json\/wp\/v2\/product\/49891","targetHints":{"allow":["GET"]}}],"collection":[{"href":"https:\/\/www.jamkoviste.cz\/obchod\/wp-json\/wp\/v2\/product"}],"about":[{"href":"https:\/\/www.jamkoviste.cz\/obchod\/wp-json\/wp\/v2\/types\/product"}],"replies":[{"embeddable":true,"href":"https:\/\/www.jamkoviste.cz\/obchod\/wp-json\/wp\/v2\/comments?post=49891"}],"wp:featuredmedia":[{"embeddable":true,"href":"https:\/\/www.jamkoviste.cz\/obchod\/wp-json\/wp\/v2\/media\/49892"}],"wp:attachment":[{"href":"https:\/\/www.jamkoviste.cz\/obchod\/wp-json\/wp\/v2\/media?parent=49891"}],"wp:term":[{"taxonomy":"pwb-brand","embeddable":true,"href":"https:\/\/www.jamkoviste.cz\/obchod\/wp-json\/wp\/v2\/pwb-brand?post=49891"},{"taxonomy":"product_brand","embeddable":true,"href":"https:\/\/www.jamkoviste.cz\/obchod\/wp-json\/wp\/v2\/product_brand?post=49891"},{"taxonomy":"product_cat","embeddable":true,"href":"https:\/\/www.jamkoviste.cz\/obchod\/wp-json\/wp\/v2\/product_cat?post=49891"},{"taxonomy":"product_tag","embeddable":true,"href":"https:\/\/www.jamkoviste.cz\/obchod\/wp-json\/wp\/v2\/product_tag?post=49891"}],"curies":[{"name":"wp","href":"https:\/\/api.w.org\/{rel}","templated":true}]}}