{"id":50290,"date":"2025-11-07T00:52:31","date_gmt":"2025-11-06T23:52:31","guid":{"rendered":"https:\/\/www.jamkoviste.cz\/obchod\/produkt\/callaway-syntech-white-prava-ruka-l-damske-rukavice\/"},"modified":"2025-11-07T00:52:33","modified_gmt":"2025-11-06T23:52:33","slug":"callaway-syntech-white-prava-ruka-l-damske-rukavice","status":"publish","type":"product","link":"https:\/\/www.jamkoviste.cz\/obchod\/produkt\/callaway-syntech-white-prava-ruka-l-damske-rukavice\/","title":{"rendered":"Callaway Syntech White Prav\u00e1 ruka L D\u00e1msk\u00e9 rukavice"},"content":{"rendered":"<p>Rukavice Syntech jsou na\u0161e nejpokro\u010dilej\u0161\u00ed rukavice do ka\u017ed\u00e9ho po\u010das\u00ed se super m\u011bkk\u00fdm pocitem.Pr\u00e9miov\u00e1 digitalizovan\u00e1 syntetick\u00e1 k\u016f\u017ee na dlani &#8211; poskytuje lep\u0161\u00ed \u00fachop a cit s hol\u00ed.Stre\u010dov\u00fd semi\u0161ov\u00fd materi\u00e1l Opti Flex\u2122 na h\u0159betu ruky pro lep\u0161\u00ed p\u0159izp\u016fsoben\u00ed, cit a zv\u00fd\u0161enou flexibilitu.Materi\u00e1l X-Spann\u2122 &#8211; odvod vlhkosti, prody\u0161nost a flexibilita.Zes\u00edlen\u00e9 n\u00e1\u0161ivky na dlani &#8211; vylep\u0161en\u00fd \u00fachop a odolnost za ka\u017ed\u00e9ho po\u010das\u00ed.Perforace na prstech a palci &#8211; sn\u00ed\u017een\u00ed vlhkosti a zv\u00fd\u0161en\u00e1 prody\u0161nost.Nastaviteln\u00e9 zap\u00edn\u00e1n\u00ed Opti Fit\u2122 &#8211; tenk\u00e9, lehk\u00e9 a bezpe\u010dn\u00e9 uchycen\u00ed.Magnetick\u00fd zna\u010dkova\u010d m\u00ed\u010dk\u016f zna\u010dky Callaway.Man\u017eeta se stre\u010dov\u00fdm lemem &#8211; bezpe\u010dn\u00fd pocit a absorpce vlhkosti.<br \/>\nTyp rukavic: Celoro\u010dn\u00ed<br \/>\nPohlav\u00ed: D\u00e1msk\u00e9<br \/>\nSez\u00f3na: Podzim;L\u00e9to;Zima;Jaro<br \/>\nPo\u010det v balen\u00ed (ks): 1<br \/>\nVelikost: L<br \/>\nV\u011bkov\u00e1 skupina: Dosp\u011bl\u00fd<br \/>\nModelov\u00fd rok: 2025<br \/>\nRuka: Prav\u00e1 ruka<br \/>\nBarva: B\u00edl\u00e1<br \/>\nBarva podle v\u00fdrobce: White<br \/>\nMateri\u00e1l: K\u016f\u017ee<br \/>\nZem\u011b p\u016fvodu: \u010c\u00edna<br \/>\nTyp produktu: Rukavice<br \/>\nTyp: D\u00e1msk\u00e9 rukavice<\/p>\n","protected":false},"excerpt":{"rendered":"<p>Rukavice Syntech jsou na\u0161e nejpokro\u010dilej\u0161\u00ed rukavice do ka\u017ed\u00e9ho po\u010das\u00ed se super m\u011bkk\u00fdm pocitem.Pr\u00e9miov\u00e1 digitalizovan\u00e1 syntetick\u00e1 k\u016f\u017ee na dlani &#8211; poskytuje lep\u0161\u00ed \u00fachop a cit s hol\u00ed.Stre\u010dov\u00fd semi\u0161ov\u00fd materi\u00e1l Opti Flex\u2122 na h\u0159betu ruky pro lep\u0161\u00ed p\u0159izp\u016fsoben\u00ed, cit a zv\u00fd\u0161enou flexibilitu.Materi\u00e1l X-Spann\u2122 &#8211; odvod vlhkosti, prody\u0161nost a flexibilita.Zes\u00edlen\u00e9 n\u00e1\u0161ivky na dlani &#8211; vylep\u0161en\u00fd \u00fachop a odolnost [&hellip;]<\/p>\n","protected":false},"featured_media":50291,"comment_status":"closed","ping_status":"open","template":"","meta":{"_acf_changed":false,"_monsterinsights_skip_tracking":false,"_monsterinsights_sitenote_active":false,"_monsterinsights_sitenote_note":"","_monsterinsights_sitenote_category":0},"pwb-brand":[16],"product_brand":[],"product_cat":[774,775],"product_tag":[],"class_list":{"0":"post-50290","1":"product","2":"type-product","3":"status-publish","4":"has-post-thumbnail","6":"pwb-brand-callaway","7":"product_cat-golf-obleceni","8":"product_cat-golfove-rukavice-golf-obleceni","9":"pa_barva-bila","10":"pa_pohlavi-damske","11":"pa_vek-dospeli","13":"first","14":"instock","15":"sale","16":"product-type-external"},"acf":[],"yoast_head":"<!-- This site is optimized with the Yoast SEO plugin v27.4 - https:\/\/yoast.com\/product\/yoast-seo-wordpress\/ -->\n<title>Callaway Syntech White Prav\u00e1 ruka L D\u00e1msk\u00e9 rukavice za 439 K\u010d skladem - Jamkovi\u0161t\u011b<\/title>\n<meta name=\"description\" content=\"Callaway Syntech White Prav\u00e1 ruka L D\u00e1msk\u00e9 rukavice za skv\u011blou cenu 439 K\u010d skladem \u2714\ufe0f ihned k odesl\u00e1n\u00ed.\" \/>\n<meta name=\"robots\" content=\"index, follow, max-snippet:-1, max-image-preview:large, max-video-preview:-1\" \/>\n<link rel=\"canonical\" href=\"https:\/\/www.jamkoviste.cz\/obchod\/produkt\/callaway-syntech-white-prava-ruka-l-damske-rukavice\/\" \/>\n<meta property=\"og:locale\" content=\"cs_CZ\" \/>\n<meta property=\"og:type\" content=\"article\" \/>\n<meta property=\"og:title\" content=\"Callaway Syntech White Prav\u00e1 ruka L D\u00e1msk\u00e9 rukavice za 439 K\u010d skladem - Jamkovi\u0161t\u011b\" \/>\n<meta property=\"og:description\" content=\"Callaway Syntech White Prav\u00e1 ruka L D\u00e1msk\u00e9 rukavice za skv\u011blou cenu 439 K\u010d skladem \u2714\ufe0f ihned k odesl\u00e1n\u00ed.\" \/>\n<meta property=\"og:url\" content=\"https:\/\/www.jamkoviste.cz\/obchod\/produkt\/callaway-syntech-white-prava-ruka-l-damske-rukavice\/\" \/>\n<meta property=\"og:site_name\" content=\"Jamkovi\u0161t\u011b\" \/>\n<meta property=\"article:modified_time\" content=\"2025-11-06T23:52:33+00:00\" \/>\n<meta property=\"og:image\" content=\"https:\/\/www.jamkoviste.cz\/obchod\/wp-content\/uploads\/2025\/02\/main_094b37cd.jpg\" \/>\n\t<meta property=\"og:image:width\" content=\"432\" \/>\n\t<meta property=\"og:image:height\" content=\"720\" \/>\n\t<meta property=\"og:image:type\" content=\"image\/jpeg\" \/>\n<meta name=\"twitter:card\" content=\"summary_large_image\" \/>\n<meta name=\"twitter:label1\" content=\"Odhadovan\u00e1 doba \u010dten\u00ed\" \/>\n\t<meta name=\"twitter:data1\" content=\"1 minuta\" \/>\n<script type=\"application\/ld+json\" class=\"yoast-schema-graph\">{\"@context\":\"https:\\\/\\\/schema.org\",\"@graph\":[{\"@type\":\"WebPage\",\"@id\":\"https:\\\/\\\/www.jamkoviste.cz\\\/obchod\\\/produkt\\\/callaway-syntech-white-prava-ruka-l-damske-rukavice\\\/\",\"url\":\"https:\\\/\\\/www.jamkoviste.cz\\\/obchod\\\/produkt\\\/callaway-syntech-white-prava-ruka-l-damske-rukavice\\\/\",\"name\":\"Callaway Syntech White Prav\u00e1 ruka L D\u00e1msk\u00e9 rukavice za 439 K\u010d skladem - Jamkovi\u0161t\u011b\",\"isPartOf\":{\"@id\":\"https:\\\/\\\/www.jamkoviste.cz\\\/obchod\\\/#website\"},\"primaryImageOfPage\":{\"@id\":\"https:\\\/\\\/www.jamkoviste.cz\\\/obchod\\\/produkt\\\/callaway-syntech-white-prava-ruka-l-damske-rukavice\\\/#primaryimage\"},\"image\":{\"@id\":\"https:\\\/\\\/www.jamkoviste.cz\\\/obchod\\\/produkt\\\/callaway-syntech-white-prava-ruka-l-damske-rukavice\\\/#primaryimage\"},\"thumbnailUrl\":\"https:\\\/\\\/www.jamkoviste.cz\\\/obchod\\\/wp-content\\\/uploads\\\/2025\\\/02\\\/main_094b37cd.jpg\",\"datePublished\":\"2025-11-06T23:52:31+00:00\",\"dateModified\":\"2025-11-06T23:52:33+00:00\",\"description\":\"Callaway Syntech White Prav\u00e1 ruka L D\u00e1msk\u00e9 rukavice za skv\u011blou cenu 439 K\u010d skladem \u2714\ufe0f ihned k odesl\u00e1n\u00ed.\",\"breadcrumb\":{\"@id\":\"https:\\\/\\\/www.jamkoviste.cz\\\/obchod\\\/produkt\\\/callaway-syntech-white-prava-ruka-l-damske-rukavice\\\/#breadcrumb\"},\"inLanguage\":\"cs\",\"potentialAction\":[{\"@type\":\"ReadAction\",\"target\":[\"https:\\\/\\\/www.jamkoviste.cz\\\/obchod\\\/produkt\\\/callaway-syntech-white-prava-ruka-l-damske-rukavice\\\/\"]}]},{\"@type\":\"ImageObject\",\"inLanguage\":\"cs\",\"@id\":\"https:\\\/\\\/www.jamkoviste.cz\\\/obchod\\\/produkt\\\/callaway-syntech-white-prava-ruka-l-damske-rukavice\\\/#primaryimage\",\"url\":\"https:\\\/\\\/www.jamkoviste.cz\\\/obchod\\\/wp-content\\\/uploads\\\/2025\\\/02\\\/main_094b37cd.jpg\",\"contentUrl\":\"https:\\\/\\\/www.jamkoviste.cz\\\/obchod\\\/wp-content\\\/uploads\\\/2025\\\/02\\\/main_094b37cd.jpg\",\"width\":432,\"height\":720},{\"@type\":\"BreadcrumbList\",\"@id\":\"https:\\\/\\\/www.jamkoviste.cz\\\/obchod\\\/produkt\\\/callaway-syntech-white-prava-ruka-l-damske-rukavice\\\/#breadcrumb\",\"itemListElement\":[{\"@type\":\"ListItem\",\"position\":1,\"name\":\"Dom\u016f\",\"item\":\"https:\\\/\\\/www.jamkoviste.cz\\\/obchod\\\/\"},{\"@type\":\"ListItem\",\"position\":2,\"name\":\"Obchod\",\"item\":\"https:\\\/\\\/www.jamkoviste.cz\\\/obchod\\\/?page_id=6\"},{\"@type\":\"ListItem\",\"position\":3,\"name\":\"Callaway Syntech White Prav\u00e1 ruka L D\u00e1msk\u00e9 rukavice\"}]},{\"@type\":\"WebSite\",\"@id\":\"https:\\\/\\\/www.jamkoviste.cz\\\/obchod\\\/#website\",\"url\":\"https:\\\/\\\/www.jamkoviste.cz\\\/obchod\\\/\",\"name\":\"Jamkovi\u0161t\u011b\",\"description\":\"V\u00fdb\u011br t\u011bch nejlep\u0161\u00edch golfov\u00fdch produkt\u016f\",\"publisher\":{\"@id\":\"https:\\\/\\\/www.jamkoviste.cz\\\/obchod\\\/#organization\"},\"potentialAction\":[{\"@type\":\"SearchAction\",\"target\":{\"@type\":\"EntryPoint\",\"urlTemplate\":\"https:\\\/\\\/www.jamkoviste.cz\\\/obchod\\\/?s={search_term_string}\"},\"query-input\":{\"@type\":\"PropertyValueSpecification\",\"valueRequired\":true,\"valueName\":\"search_term_string\"}}],\"inLanguage\":\"cs\"},{\"@type\":\"Organization\",\"@id\":\"https:\\\/\\\/www.jamkoviste.cz\\\/obchod\\\/#organization\",\"name\":\"Jamkovi\u0161t\u011b\",\"url\":\"https:\\\/\\\/www.jamkoviste.cz\\\/obchod\\\/\",\"logo\":{\"@type\":\"ImageObject\",\"inLanguage\":\"cs\",\"@id\":\"https:\\\/\\\/www.jamkoviste.cz\\\/obchod\\\/#\\\/schema\\\/logo\\\/image\\\/\",\"url\":\"https:\\\/\\\/www.jamkoviste.cz\\\/obchod\\\/wp-content\\\/uploads\\\/2021\\\/03\\\/cropped-logo.png\",\"contentUrl\":\"https:\\\/\\\/www.jamkoviste.cz\\\/obchod\\\/wp-content\\\/uploads\\\/2021\\\/03\\\/cropped-logo.png\",\"width\":351,\"height\":82,\"caption\":\"Jamkovi\u0161t\u011b\"},\"image\":{\"@id\":\"https:\\\/\\\/www.jamkoviste.cz\\\/obchod\\\/#\\\/schema\\\/logo\\\/image\\\/\"}}]}<\/script>\n<!-- \/ Yoast SEO plugin. -->","yoast_head_json":{"title":"Callaway Syntech White Prav\u00e1 ruka L D\u00e1msk\u00e9 rukavice za 439 K\u010d skladem - Jamkovi\u0161t\u011b","description":"Callaway Syntech White Prav\u00e1 ruka L D\u00e1msk\u00e9 rukavice za skv\u011blou cenu 439 K\u010d skladem \u2714\ufe0f ihned k odesl\u00e1n\u00ed.","robots":{"index":"index","follow":"follow","max-snippet":"max-snippet:-1","max-image-preview":"max-image-preview:large","max-video-preview":"max-video-preview:-1"},"canonical":"https:\/\/www.jamkoviste.cz\/obchod\/produkt\/callaway-syntech-white-prava-ruka-l-damske-rukavice\/","og_locale":"cs_CZ","og_type":"article","og_title":"Callaway Syntech White Prav\u00e1 ruka L D\u00e1msk\u00e9 rukavice za 439 K\u010d skladem - Jamkovi\u0161t\u011b","og_description":"Callaway Syntech White Prav\u00e1 ruka L D\u00e1msk\u00e9 rukavice za skv\u011blou cenu 439 K\u010d skladem \u2714\ufe0f ihned k odesl\u00e1n\u00ed.","og_url":"https:\/\/www.jamkoviste.cz\/obchod\/produkt\/callaway-syntech-white-prava-ruka-l-damske-rukavice\/","og_site_name":"Jamkovi\u0161t\u011b","article_modified_time":"2025-11-06T23:52:33+00:00","og_image":[{"width":432,"height":720,"url":"https:\/\/www.jamkoviste.cz\/obchod\/wp-content\/uploads\/2025\/02\/main_094b37cd.jpg","type":"image\/jpeg"}],"twitter_card":"summary_large_image","twitter_misc":{"Odhadovan\u00e1 doba \u010dten\u00ed":"1 minuta"},"schema":{"@context":"https:\/\/schema.org","@graph":[{"@type":"WebPage","@id":"https:\/\/www.jamkoviste.cz\/obchod\/produkt\/callaway-syntech-white-prava-ruka-l-damske-rukavice\/","url":"https:\/\/www.jamkoviste.cz\/obchod\/produkt\/callaway-syntech-white-prava-ruka-l-damske-rukavice\/","name":"Callaway Syntech White Prav\u00e1 ruka L D\u00e1msk\u00e9 rukavice za 439 K\u010d skladem - Jamkovi\u0161t\u011b","isPartOf":{"@id":"https:\/\/www.jamkoviste.cz\/obchod\/#website"},"primaryImageOfPage":{"@id":"https:\/\/www.jamkoviste.cz\/obchod\/produkt\/callaway-syntech-white-prava-ruka-l-damske-rukavice\/#primaryimage"},"image":{"@id":"https:\/\/www.jamkoviste.cz\/obchod\/produkt\/callaway-syntech-white-prava-ruka-l-damske-rukavice\/#primaryimage"},"thumbnailUrl":"https:\/\/www.jamkoviste.cz\/obchod\/wp-content\/uploads\/2025\/02\/main_094b37cd.jpg","datePublished":"2025-11-06T23:52:31+00:00","dateModified":"2025-11-06T23:52:33+00:00","description":"Callaway Syntech White Prav\u00e1 ruka L D\u00e1msk\u00e9 rukavice za skv\u011blou cenu 439 K\u010d skladem \u2714\ufe0f ihned k odesl\u00e1n\u00ed.","breadcrumb":{"@id":"https:\/\/www.jamkoviste.cz\/obchod\/produkt\/callaway-syntech-white-prava-ruka-l-damske-rukavice\/#breadcrumb"},"inLanguage":"cs","potentialAction":[{"@type":"ReadAction","target":["https:\/\/www.jamkoviste.cz\/obchod\/produkt\/callaway-syntech-white-prava-ruka-l-damske-rukavice\/"]}]},{"@type":"ImageObject","inLanguage":"cs","@id":"https:\/\/www.jamkoviste.cz\/obchod\/produkt\/callaway-syntech-white-prava-ruka-l-damske-rukavice\/#primaryimage","url":"https:\/\/www.jamkoviste.cz\/obchod\/wp-content\/uploads\/2025\/02\/main_094b37cd.jpg","contentUrl":"https:\/\/www.jamkoviste.cz\/obchod\/wp-content\/uploads\/2025\/02\/main_094b37cd.jpg","width":432,"height":720},{"@type":"BreadcrumbList","@id":"https:\/\/www.jamkoviste.cz\/obchod\/produkt\/callaway-syntech-white-prava-ruka-l-damske-rukavice\/#breadcrumb","itemListElement":[{"@type":"ListItem","position":1,"name":"Dom\u016f","item":"https:\/\/www.jamkoviste.cz\/obchod\/"},{"@type":"ListItem","position":2,"name":"Obchod","item":"https:\/\/www.jamkoviste.cz\/obchod\/?page_id=6"},{"@type":"ListItem","position":3,"name":"Callaway Syntech White Prav\u00e1 ruka L D\u00e1msk\u00e9 rukavice"}]},{"@type":"WebSite","@id":"https:\/\/www.jamkoviste.cz\/obchod\/#website","url":"https:\/\/www.jamkoviste.cz\/obchod\/","name":"Jamkovi\u0161t\u011b","description":"V\u00fdb\u011br t\u011bch nejlep\u0161\u00edch golfov\u00fdch produkt\u016f","publisher":{"@id":"https:\/\/www.jamkoviste.cz\/obchod\/#organization"},"potentialAction":[{"@type":"SearchAction","target":{"@type":"EntryPoint","urlTemplate":"https:\/\/www.jamkoviste.cz\/obchod\/?s={search_term_string}"},"query-input":{"@type":"PropertyValueSpecification","valueRequired":true,"valueName":"search_term_string"}}],"inLanguage":"cs"},{"@type":"Organization","@id":"https:\/\/www.jamkoviste.cz\/obchod\/#organization","name":"Jamkovi\u0161t\u011b","url":"https:\/\/www.jamkoviste.cz\/obchod\/","logo":{"@type":"ImageObject","inLanguage":"cs","@id":"https:\/\/www.jamkoviste.cz\/obchod\/#\/schema\/logo\/image\/","url":"https:\/\/www.jamkoviste.cz\/obchod\/wp-content\/uploads\/2021\/03\/cropped-logo.png","contentUrl":"https:\/\/www.jamkoviste.cz\/obchod\/wp-content\/uploads\/2021\/03\/cropped-logo.png","width":351,"height":82,"caption":"Jamkovi\u0161t\u011b"},"image":{"@id":"https:\/\/www.jamkoviste.cz\/obchod\/#\/schema\/logo\/image\/"}}]}},"brands":[{"id":16,"name":"Callaway","slug":"callaway"}],"_links":{"self":[{"href":"https:\/\/www.jamkoviste.cz\/obchod\/wp-json\/wp\/v2\/product\/50290","targetHints":{"allow":["GET"]}}],"collection":[{"href":"https:\/\/www.jamkoviste.cz\/obchod\/wp-json\/wp\/v2\/product"}],"about":[{"href":"https:\/\/www.jamkoviste.cz\/obchod\/wp-json\/wp\/v2\/types\/product"}],"replies":[{"embeddable":true,"href":"https:\/\/www.jamkoviste.cz\/obchod\/wp-json\/wp\/v2\/comments?post=50290"}],"wp:featuredmedia":[{"embeddable":true,"href":"https:\/\/www.jamkoviste.cz\/obchod\/wp-json\/wp\/v2\/media\/50291"}],"wp:attachment":[{"href":"https:\/\/www.jamkoviste.cz\/obchod\/wp-json\/wp\/v2\/media?parent=50290"}],"wp:term":[{"taxonomy":"pwb-brand","embeddable":true,"href":"https:\/\/www.jamkoviste.cz\/obchod\/wp-json\/wp\/v2\/pwb-brand?post=50290"},{"taxonomy":"product_brand","embeddable":true,"href":"https:\/\/www.jamkoviste.cz\/obchod\/wp-json\/wp\/v2\/product_brand?post=50290"},{"taxonomy":"product_cat","embeddable":true,"href":"https:\/\/www.jamkoviste.cz\/obchod\/wp-json\/wp\/v2\/product_cat?post=50290"},{"taxonomy":"product_tag","embeddable":true,"href":"https:\/\/www.jamkoviste.cz\/obchod\/wp-json\/wp\/v2\/product_tag?post=50290"}],"curies":[{"name":"wp","href":"https:\/\/api.w.org\/{rel}","templated":true}]}}