{"id":50436,"date":"2025-11-07T00:59:06","date_gmt":"2025-11-06T23:59:06","guid":{"rendered":"https:\/\/www.jamkoviste.cz\/obchod\/produkt\/big-max-dri-lite-silencio-prime-black-cart-bag\/"},"modified":"2025-11-07T00:59:07","modified_gmt":"2025-11-06T23:59:07","slug":"big-max-dri-lite-silencio-prime-black-cart-bag","status":"publish","type":"product","link":"https:\/\/www.jamkoviste.cz\/obchod\/produkt\/big-max-dri-lite-silencio-prime-black-cart-bag\/","title":{"rendered":"Big Max Dri Lite Silencio Prime Black Cart Bag"},"content":{"rendered":"<p>Ticho se setk\u00e1v\u00e1 se sofistikovanost\u00edP\u0159edstavujeme Dri Lite Silencio Prime, golfov\u00fd bag navr\u017een\u00fd tak, aby va\u0161e hole byly perfektn\u011b uspo\u0159\u00e1dan\u00e9 a tich\u00e9. Tento bag se 14-cestn\u00fdm vrchem Silencio, kter\u00fd eliminuje drn\u010den\u00ed hol\u00ed, je vyroben z pr\u00e9miov\u00e9ho materi\u00e1lu SoftGuard PU a nab\u00edz\u00ed m\u011bkk\u00fd, luxusn\u00ed pocit s odolnost\u00ed v\u016f\u010di vod\u011b a po\u0161kr\u00e1b\u00e1n\u00ed. Obrovsk\u00e9 mo\u017enosti \u00falo\u017en\u00e9ho prostoru zaji\u0161\u0165uj\u00ed, \u017ee m\u00e1te prostor na v\u0161e, co pot\u0159ebujete na h\u0159i\u0161ti.14-cestn\u00fd vrch Silencio pro tichou organizaciDri Lite Silencio Prime m\u00e1 14-cestn\u00fd vrch, kter\u00fd zaji\u0161\u0165uje, \u017ee ka\u017ed\u00e1 h\u016fl m\u00e1 sv\u00e9 vlastn\u00ed m\u00edsto, \u010d\u00edm\u017e se eliminuje drn\u010den\u00ed a klep\u00e1n\u00ed hol\u00ed. Tento design udr\u017e\u00ed va\u0161e vybaven\u00ed bezpe\u010dn\u00e9, uspo\u0159\u00e1dan\u00e9 a tich\u00e9 b\u011bhem cel\u00e9ho kola.Pr\u00e9miov\u00fd materi\u00e1l SoftGuard PUDri Lite Silencio Prime, vyroben\u00fd z na\u0161eho nov\u00e9ho materi\u00e1lu SoftGuard PU, nab\u00edz\u00ed luxusn\u00ed pocit s odolnost\u00ed v\u016f\u010di vod\u011b, po\u0161kr\u00e1b\u00e1n\u00ed a snadn\u00fdm \u010di\u0161t\u011bn\u00edm. Tato vegansk\u00e1 k\u016f\u017ee je nejen m\u011bkk\u00e1 na dotek, ale i odoln\u00e1 v\u016f\u010di teplot\u00e1m a ohni, \u010d\u00edm\u017e spojuje odolnost s eleganc\u00ed.Optimalizovan\u00fd pro voz\u00edkyDri Lite Silencio Prime, navr\u017een\u00fd pro v\u0161estrannost, je optimalizovan\u00fd pro pou\u017eit\u00ed s tla\u010dn\u00fdmi i golfov\u00fdmi voz\u00edky. M\u00e1 kan\u00e1l na popruh pro bezpe\u010dn\u00e9 uchycen\u00ed na tla\u010dn\u00fdch voz\u00edc\u00edch BIG MAX a zes\u00edlen\u00fd kan\u00e1l na popruh golfov\u00e9ho voz\u00edku pro zaji\u0161t\u011bn\u00ed stability a p\u0159\u00edstupn\u00fdch kapes.Obrovsk\u00e9 \u00falo\u017ei\u0161t\u011b pro v\u0161echno va\u0161e vybaven\u00edS \u0159adou mo\u017enost\u00ed \u00falo\u017en\u00e9ho prostoru m\u00e1 Dri Lite Silencio Prime prostor na v\u0161e, co pot\u0159ebujete. Od v\u00edce kapes s m\u011bkk\u00fdm dotykem a\u017e po velkou chladic\u00ed ta\u0161ku, pl\u00e1\u0161t\u011bnku a kapsu na baterii, tento bag zaji\u0161\u0165uje, \u017ee jste pln\u011b vybaveni pro ka\u017edou situaci na h\u0159i\u0161ti.&nbsp;V\u00fdhody:Vod\u011bodoln\u00fd materi\u00e1lVodot\u011bsn\u00e9 zipyDal\u0161\u00ed kapsy s m\u011bkk\u00fdm dotykemNov\u00fd pr\u00e9miov\u00fd materi\u00e1l SoftGuard PUUspo\u0159\u00e1d\u00e1n\u00ed hol\u00ed sni\u017euj\u00edc\u00ed hlukElegantn\u00ed designSpeci\u00e1ln\u00ed kan\u00e1l na popruh pro voz\u00edk&nbsp;Vlastnosti:14-cestn\u00fd d\u011bli\u010dP\u0159ihr\u00e1dka na hybridn\u00ed putter\/de\u0161tn\u00edkTich\u00fd organiz\u00e9r na vrchu12 kapesNadrozm\u011brn\u00e1 chladic\u00ed kapsa PelicanSpeci\u00e1ln\u00ed kan\u00e1l na popruhVyhrazen\u00e1 kapsa na pl\u00e1\u0161t\u011bnku\/bateriiPl\u00e1\u0161t\u011bnka sou\u010d\u00e1st\u00ed balen\u00ed2 dr\u017e\u00e1ky na de\u0161tn\u00edkDr\u017e\u00e1k na rukavice a ru\u010dn\u00edkVn\u011bj\u0161\u00ed dr\u017e\u00e1k na teeRukojeti pro snadn\u00e9 p\u0159en\u00e1\u0161en\u00edMo\u017enost dvojit\u00e9ho ramenn\u00edho popruhu&nbsp;Vod\u011bodoln\u00e1 technologie: Dri LiteDr\u017e\u00e1k na rukavice: AnoVelikost balen\u00ed: 40 x 28 x 105,4 cmOrganiz\u00e9r: Tich\u00fd organiz\u00e9rPl\u00e1\u0161t\u011bnka sou\u010d\u00e1st\u00ed balen\u00ed: AnoDesignov\u00e1 linie: SilencioMateri\u00e1l: Fusion Leather\u010cist\u00e1 hmotnost: 4,7 kgD\u011blic\u00ed p\u0159ep\u00e1\u017eka: 14-cestn\u00e1Vod\u011bodolnost: Vod\u011bodoln\u00fdPo\u010det kapes: 12Chladic\u00ed kapsa: AnoDr\u017e\u00e1k na ru\u010dn\u00edk: AnoRamenn\u00ed popruh: 1-bodov\u00fd ramenn\u00ed popruhD\u011blic\u00ed p\u0159ep\u00e1\u017eka po cel\u00e9 d\u00e9lce: AnoVelikost vrchu: 9,5 palceSyst\u00e9m stojanu: \u017d\u00e1dn\u00fd<br \/>\nNepromokav\u00e9: Ano<br \/>\nBarva podle v\u00fdrobce: Black<br \/>\nS\u00e9rie: Dri Lite<br \/>\nPohlav\u00ed: Unisex<br \/>\nZem\u011b p\u016fvodu: \u010c\u00edna<br \/>\nPo\u010det komor pro hole: 14slo\u017ekov\u00fd<br \/>\nV\u011bkov\u00e1 skupina: Dosp\u011bl\u00fd<br \/>\nBarva: \u010cern\u00e1<br \/>\nHmotnost: 4,7 kg<br \/>\nVarianta: Standardn\u00ed nab\u00eddka<\/p>\n","protected":false},"excerpt":{"rendered":"<p>Ticho se setk\u00e1v\u00e1 se sofistikovanost\u00edP\u0159edstavujeme Dri Lite Silencio Prime, golfov\u00fd bag navr\u017een\u00fd tak, aby va\u0161e hole byly perfektn\u011b uspo\u0159\u00e1dan\u00e9 a tich\u00e9. Tento bag se 14-cestn\u00fdm vrchem Silencio, kter\u00fd eliminuje drn\u010den\u00ed hol\u00ed, je vyroben z pr\u00e9miov\u00e9ho materi\u00e1lu SoftGuard PU a nab\u00edz\u00ed m\u011bkk\u00fd, luxusn\u00ed pocit s odolnost\u00ed v\u016f\u010di vod\u011b a po\u0161kr\u00e1b\u00e1n\u00ed. Obrovsk\u00e9 mo\u017enosti \u00falo\u017en\u00e9ho prostoru zaji\u0161\u0165uj\u00ed, \u017ee [&hellip;]<\/p>\n","protected":false},"featured_media":50437,"comment_status":"closed","ping_status":"open","template":"","meta":{"_acf_changed":false,"_monsterinsights_skip_tracking":false,"_monsterinsights_sitenote_active":false,"_monsterinsights_sitenote_note":"","_monsterinsights_sitenote_category":0},"pwb-brand":[40],"product_brand":[],"product_cat":[76,153],"product_tag":[],"class_list":{"0":"post-50436","1":"product","2":"type-product","3":"status-publish","4":"has-post-thumbnail","6":"pwb-brand-big-max","7":"product_cat-golfove-bagy","8":"product_cat-golfove-cart-bagy","9":"pa_barva-cerna","10":"pa_pohlavi-unisex","11":"pa_vek-dospeli","13":"first","14":"instock","15":"product-type-external"},"acf":[],"yoast_head":"<!-- This site is optimized with the Yoast SEO plugin v27.4 - https:\/\/yoast.com\/product\/yoast-seo-wordpress\/ -->\n<title>Big Max Dri Lite Silencio Prime Black Cart Bag za 9 879 K\u010d skladem - Jamkovi\u0161t\u011b<\/title>\n<meta name=\"description\" content=\"Big Max Dri Lite Silencio Prime Black Cart Bag za skv\u011blou cenu 9 879 K\u010d skladem \u2714\ufe0f ihned k odesl\u00e1n\u00ed.\" \/>\n<meta name=\"robots\" content=\"index, follow, max-snippet:-1, max-image-preview:large, max-video-preview:-1\" \/>\n<link rel=\"canonical\" href=\"https:\/\/www.jamkoviste.cz\/obchod\/produkt\/big-max-dri-lite-silencio-prime-black-cart-bag\/\" \/>\n<meta property=\"og:locale\" content=\"cs_CZ\" \/>\n<meta property=\"og:type\" content=\"article\" \/>\n<meta property=\"og:title\" content=\"Big Max Dri Lite Silencio Prime Black Cart Bag za 9 879 K\u010d skladem - Jamkovi\u0161t\u011b\" \/>\n<meta property=\"og:description\" content=\"Big Max Dri Lite Silencio Prime Black Cart Bag za skv\u011blou cenu 9 879 K\u010d skladem \u2714\ufe0f ihned k odesl\u00e1n\u00ed.\" \/>\n<meta property=\"og:url\" content=\"https:\/\/www.jamkoviste.cz\/obchod\/produkt\/big-max-dri-lite-silencio-prime-black-cart-bag\/\" \/>\n<meta property=\"og:site_name\" content=\"Jamkovi\u0161t\u011b\" \/>\n<meta property=\"article:modified_time\" content=\"2025-11-06T23:59:07+00:00\" \/>\n<meta property=\"og:image\" content=\"https:\/\/www.jamkoviste.cz\/obchod\/wp-content\/uploads\/2025\/02\/main_f012578b.jpg\" \/>\n\t<meta property=\"og:image:width\" content=\"379\" \/>\n\t<meta property=\"og:image:height\" content=\"800\" \/>\n\t<meta property=\"og:image:type\" content=\"image\/jpeg\" \/>\n<meta name=\"twitter:card\" content=\"summary_large_image\" \/>\n<meta name=\"twitter:label1\" content=\"Odhadovan\u00e1 doba \u010dten\u00ed\" \/>\n\t<meta name=\"twitter:data1\" content=\"3 minuty\" \/>\n<script type=\"application\/ld+json\" class=\"yoast-schema-graph\">{\"@context\":\"https:\\\/\\\/schema.org\",\"@graph\":[{\"@type\":\"WebPage\",\"@id\":\"https:\\\/\\\/www.jamkoviste.cz\\\/obchod\\\/produkt\\\/big-max-dri-lite-silencio-prime-black-cart-bag\\\/\",\"url\":\"https:\\\/\\\/www.jamkoviste.cz\\\/obchod\\\/produkt\\\/big-max-dri-lite-silencio-prime-black-cart-bag\\\/\",\"name\":\"Big Max Dri Lite Silencio Prime Black Cart Bag za 9 879 K\u010d skladem - Jamkovi\u0161t\u011b\",\"isPartOf\":{\"@id\":\"https:\\\/\\\/www.jamkoviste.cz\\\/obchod\\\/#website\"},\"primaryImageOfPage\":{\"@id\":\"https:\\\/\\\/www.jamkoviste.cz\\\/obchod\\\/produkt\\\/big-max-dri-lite-silencio-prime-black-cart-bag\\\/#primaryimage\"},\"image\":{\"@id\":\"https:\\\/\\\/www.jamkoviste.cz\\\/obchod\\\/produkt\\\/big-max-dri-lite-silencio-prime-black-cart-bag\\\/#primaryimage\"},\"thumbnailUrl\":\"https:\\\/\\\/www.jamkoviste.cz\\\/obchod\\\/wp-content\\\/uploads\\\/2025\\\/02\\\/main_f012578b.jpg\",\"datePublished\":\"2025-11-06T23:59:06+00:00\",\"dateModified\":\"2025-11-06T23:59:07+00:00\",\"description\":\"Big Max Dri Lite Silencio Prime Black Cart Bag za skv\u011blou cenu 9 879 K\u010d skladem \u2714\ufe0f ihned k odesl\u00e1n\u00ed.\",\"breadcrumb\":{\"@id\":\"https:\\\/\\\/www.jamkoviste.cz\\\/obchod\\\/produkt\\\/big-max-dri-lite-silencio-prime-black-cart-bag\\\/#breadcrumb\"},\"inLanguage\":\"cs\",\"potentialAction\":[{\"@type\":\"ReadAction\",\"target\":[\"https:\\\/\\\/www.jamkoviste.cz\\\/obchod\\\/produkt\\\/big-max-dri-lite-silencio-prime-black-cart-bag\\\/\"]}]},{\"@type\":\"ImageObject\",\"inLanguage\":\"cs\",\"@id\":\"https:\\\/\\\/www.jamkoviste.cz\\\/obchod\\\/produkt\\\/big-max-dri-lite-silencio-prime-black-cart-bag\\\/#primaryimage\",\"url\":\"https:\\\/\\\/www.jamkoviste.cz\\\/obchod\\\/wp-content\\\/uploads\\\/2025\\\/02\\\/main_f012578b.jpg\",\"contentUrl\":\"https:\\\/\\\/www.jamkoviste.cz\\\/obchod\\\/wp-content\\\/uploads\\\/2025\\\/02\\\/main_f012578b.jpg\",\"width\":379,\"height\":800},{\"@type\":\"BreadcrumbList\",\"@id\":\"https:\\\/\\\/www.jamkoviste.cz\\\/obchod\\\/produkt\\\/big-max-dri-lite-silencio-prime-black-cart-bag\\\/#breadcrumb\",\"itemListElement\":[{\"@type\":\"ListItem\",\"position\":1,\"name\":\"Dom\u016f\",\"item\":\"https:\\\/\\\/www.jamkoviste.cz\\\/obchod\\\/\"},{\"@type\":\"ListItem\",\"position\":2,\"name\":\"Obchod\",\"item\":\"https:\\\/\\\/www.jamkoviste.cz\\\/obchod\\\/?page_id=6\"},{\"@type\":\"ListItem\",\"position\":3,\"name\":\"Big Max Dri Lite Silencio Prime Black Cart Bag\"}]},{\"@type\":\"WebSite\",\"@id\":\"https:\\\/\\\/www.jamkoviste.cz\\\/obchod\\\/#website\",\"url\":\"https:\\\/\\\/www.jamkoviste.cz\\\/obchod\\\/\",\"name\":\"Jamkovi\u0161t\u011b\",\"description\":\"V\u00fdb\u011br t\u011bch nejlep\u0161\u00edch golfov\u00fdch produkt\u016f\",\"publisher\":{\"@id\":\"https:\\\/\\\/www.jamkoviste.cz\\\/obchod\\\/#organization\"},\"potentialAction\":[{\"@type\":\"SearchAction\",\"target\":{\"@type\":\"EntryPoint\",\"urlTemplate\":\"https:\\\/\\\/www.jamkoviste.cz\\\/obchod\\\/?s={search_term_string}\"},\"query-input\":{\"@type\":\"PropertyValueSpecification\",\"valueRequired\":true,\"valueName\":\"search_term_string\"}}],\"inLanguage\":\"cs\"},{\"@type\":\"Organization\",\"@id\":\"https:\\\/\\\/www.jamkoviste.cz\\\/obchod\\\/#organization\",\"name\":\"Jamkovi\u0161t\u011b\",\"url\":\"https:\\\/\\\/www.jamkoviste.cz\\\/obchod\\\/\",\"logo\":{\"@type\":\"ImageObject\",\"inLanguage\":\"cs\",\"@id\":\"https:\\\/\\\/www.jamkoviste.cz\\\/obchod\\\/#\\\/schema\\\/logo\\\/image\\\/\",\"url\":\"https:\\\/\\\/www.jamkoviste.cz\\\/obchod\\\/wp-content\\\/uploads\\\/2021\\\/03\\\/cropped-logo.png\",\"contentUrl\":\"https:\\\/\\\/www.jamkoviste.cz\\\/obchod\\\/wp-content\\\/uploads\\\/2021\\\/03\\\/cropped-logo.png\",\"width\":351,\"height\":82,\"caption\":\"Jamkovi\u0161t\u011b\"},\"image\":{\"@id\":\"https:\\\/\\\/www.jamkoviste.cz\\\/obchod\\\/#\\\/schema\\\/logo\\\/image\\\/\"}}]}<\/script>\n<!-- \/ Yoast SEO plugin. -->","yoast_head_json":{"title":"Big Max Dri Lite Silencio Prime Black Cart Bag za 9 879 K\u010d skladem - Jamkovi\u0161t\u011b","description":"Big Max Dri Lite Silencio Prime Black Cart Bag za skv\u011blou cenu 9 879 K\u010d skladem \u2714\ufe0f ihned k odesl\u00e1n\u00ed.","robots":{"index":"index","follow":"follow","max-snippet":"max-snippet:-1","max-image-preview":"max-image-preview:large","max-video-preview":"max-video-preview:-1"},"canonical":"https:\/\/www.jamkoviste.cz\/obchod\/produkt\/big-max-dri-lite-silencio-prime-black-cart-bag\/","og_locale":"cs_CZ","og_type":"article","og_title":"Big Max Dri Lite Silencio Prime Black Cart Bag za 9 879 K\u010d skladem - Jamkovi\u0161t\u011b","og_description":"Big Max Dri Lite Silencio Prime Black Cart Bag za skv\u011blou cenu 9 879 K\u010d skladem \u2714\ufe0f ihned k odesl\u00e1n\u00ed.","og_url":"https:\/\/www.jamkoviste.cz\/obchod\/produkt\/big-max-dri-lite-silencio-prime-black-cart-bag\/","og_site_name":"Jamkovi\u0161t\u011b","article_modified_time":"2025-11-06T23:59:07+00:00","og_image":[{"width":379,"height":800,"url":"https:\/\/www.jamkoviste.cz\/obchod\/wp-content\/uploads\/2025\/02\/main_f012578b.jpg","type":"image\/jpeg"}],"twitter_card":"summary_large_image","twitter_misc":{"Odhadovan\u00e1 doba \u010dten\u00ed":"3 minuty"},"schema":{"@context":"https:\/\/schema.org","@graph":[{"@type":"WebPage","@id":"https:\/\/www.jamkoviste.cz\/obchod\/produkt\/big-max-dri-lite-silencio-prime-black-cart-bag\/","url":"https:\/\/www.jamkoviste.cz\/obchod\/produkt\/big-max-dri-lite-silencio-prime-black-cart-bag\/","name":"Big Max Dri Lite Silencio Prime Black Cart Bag za 9 879 K\u010d skladem - Jamkovi\u0161t\u011b","isPartOf":{"@id":"https:\/\/www.jamkoviste.cz\/obchod\/#website"},"primaryImageOfPage":{"@id":"https:\/\/www.jamkoviste.cz\/obchod\/produkt\/big-max-dri-lite-silencio-prime-black-cart-bag\/#primaryimage"},"image":{"@id":"https:\/\/www.jamkoviste.cz\/obchod\/produkt\/big-max-dri-lite-silencio-prime-black-cart-bag\/#primaryimage"},"thumbnailUrl":"https:\/\/www.jamkoviste.cz\/obchod\/wp-content\/uploads\/2025\/02\/main_f012578b.jpg","datePublished":"2025-11-06T23:59:06+00:00","dateModified":"2025-11-06T23:59:07+00:00","description":"Big Max Dri Lite Silencio Prime Black Cart Bag za skv\u011blou cenu 9 879 K\u010d skladem \u2714\ufe0f ihned k odesl\u00e1n\u00ed.","breadcrumb":{"@id":"https:\/\/www.jamkoviste.cz\/obchod\/produkt\/big-max-dri-lite-silencio-prime-black-cart-bag\/#breadcrumb"},"inLanguage":"cs","potentialAction":[{"@type":"ReadAction","target":["https:\/\/www.jamkoviste.cz\/obchod\/produkt\/big-max-dri-lite-silencio-prime-black-cart-bag\/"]}]},{"@type":"ImageObject","inLanguage":"cs","@id":"https:\/\/www.jamkoviste.cz\/obchod\/produkt\/big-max-dri-lite-silencio-prime-black-cart-bag\/#primaryimage","url":"https:\/\/www.jamkoviste.cz\/obchod\/wp-content\/uploads\/2025\/02\/main_f012578b.jpg","contentUrl":"https:\/\/www.jamkoviste.cz\/obchod\/wp-content\/uploads\/2025\/02\/main_f012578b.jpg","width":379,"height":800},{"@type":"BreadcrumbList","@id":"https:\/\/www.jamkoviste.cz\/obchod\/produkt\/big-max-dri-lite-silencio-prime-black-cart-bag\/#breadcrumb","itemListElement":[{"@type":"ListItem","position":1,"name":"Dom\u016f","item":"https:\/\/www.jamkoviste.cz\/obchod\/"},{"@type":"ListItem","position":2,"name":"Obchod","item":"https:\/\/www.jamkoviste.cz\/obchod\/?page_id=6"},{"@type":"ListItem","position":3,"name":"Big Max Dri Lite Silencio Prime Black Cart Bag"}]},{"@type":"WebSite","@id":"https:\/\/www.jamkoviste.cz\/obchod\/#website","url":"https:\/\/www.jamkoviste.cz\/obchod\/","name":"Jamkovi\u0161t\u011b","description":"V\u00fdb\u011br t\u011bch nejlep\u0161\u00edch golfov\u00fdch produkt\u016f","publisher":{"@id":"https:\/\/www.jamkoviste.cz\/obchod\/#organization"},"potentialAction":[{"@type":"SearchAction","target":{"@type":"EntryPoint","urlTemplate":"https:\/\/www.jamkoviste.cz\/obchod\/?s={search_term_string}"},"query-input":{"@type":"PropertyValueSpecification","valueRequired":true,"valueName":"search_term_string"}}],"inLanguage":"cs"},{"@type":"Organization","@id":"https:\/\/www.jamkoviste.cz\/obchod\/#organization","name":"Jamkovi\u0161t\u011b","url":"https:\/\/www.jamkoviste.cz\/obchod\/","logo":{"@type":"ImageObject","inLanguage":"cs","@id":"https:\/\/www.jamkoviste.cz\/obchod\/#\/schema\/logo\/image\/","url":"https:\/\/www.jamkoviste.cz\/obchod\/wp-content\/uploads\/2021\/03\/cropped-logo.png","contentUrl":"https:\/\/www.jamkoviste.cz\/obchod\/wp-content\/uploads\/2021\/03\/cropped-logo.png","width":351,"height":82,"caption":"Jamkovi\u0161t\u011b"},"image":{"@id":"https:\/\/www.jamkoviste.cz\/obchod\/#\/schema\/logo\/image\/"}}]}},"brands":[{"id":40,"name":"Big Max","slug":"big-max"}],"_links":{"self":[{"href":"https:\/\/www.jamkoviste.cz\/obchod\/wp-json\/wp\/v2\/product\/50436","targetHints":{"allow":["GET"]}}],"collection":[{"href":"https:\/\/www.jamkoviste.cz\/obchod\/wp-json\/wp\/v2\/product"}],"about":[{"href":"https:\/\/www.jamkoviste.cz\/obchod\/wp-json\/wp\/v2\/types\/product"}],"replies":[{"embeddable":true,"href":"https:\/\/www.jamkoviste.cz\/obchod\/wp-json\/wp\/v2\/comments?post=50436"}],"wp:featuredmedia":[{"embeddable":true,"href":"https:\/\/www.jamkoviste.cz\/obchod\/wp-json\/wp\/v2\/media\/50437"}],"wp:attachment":[{"href":"https:\/\/www.jamkoviste.cz\/obchod\/wp-json\/wp\/v2\/media?parent=50436"}],"wp:term":[{"taxonomy":"pwb-brand","embeddable":true,"href":"https:\/\/www.jamkoviste.cz\/obchod\/wp-json\/wp\/v2\/pwb-brand?post=50436"},{"taxonomy":"product_brand","embeddable":true,"href":"https:\/\/www.jamkoviste.cz\/obchod\/wp-json\/wp\/v2\/product_brand?post=50436"},{"taxonomy":"product_cat","embeddable":true,"href":"https:\/\/www.jamkoviste.cz\/obchod\/wp-json\/wp\/v2\/product_cat?post=50436"},{"taxonomy":"product_tag","embeddable":true,"href":"https:\/\/www.jamkoviste.cz\/obchod\/wp-json\/wp\/v2\/product_tag?post=50436"}],"curies":[{"name":"wp","href":"https:\/\/api.w.org\/{rel}","templated":true}]}}