{"id":50811,"date":"2025-11-07T00:45:46","date_gmt":"2025-11-06T23:45:46","guid":{"rendered":"https:\/\/www.jamkoviste.cz\/obchod\/produkt\/bionic-gloves-relief-2-0-white-white-leva-ruka-s-panske-rukavice\/"},"modified":"2025-11-07T00:45:48","modified_gmt":"2025-11-06T23:45:48","slug":"bionic-gloves-relief-2-0-white-white-leva-ruka-s-panske-rukavice","status":"publish","type":"product","link":"https:\/\/www.jamkoviste.cz\/obchod\/produkt\/bionic-gloves-relief-2-0-white-white-leva-ruka-s-panske-rukavice\/","title":{"rendered":"Bionic Gloves Relief 2.0 White White Lev\u00e1 ruka S P\u00e1nsk\u00e9 rukavice"},"content":{"rendered":"<p>Lep\u0161\u00ed grip znamen\u00e1 lep\u0161\u00ed kontrolu nad va\u0161\u00ed hrou! Golfov\u00e1 rukavice ReliefGrip\u00ae 2.0 je vybavena NOVOU tvarovanou z\u00f3nou Dual Expansion Zone Thumb, kter\u00e1 se p\u0159izp\u016fsob\u00ed jak\u00e9koli velikosti palce (nejvariabiln\u011bj\u0161\u00ed prst mezi velikostmi rukou). D\u00edky p\u0159izp\u016fsobiv\u011bj\u0161\u00edmu st\u0159ihu a zv\u00fd\u0161en\u00e9mu pohodl\u00ed nab\u00edz\u00ed lep\u0161\u00ed v\u00fdkon po celou dobu hry. Vychutnejte si zv\u00fd\u0161enou podporu a kontrolu s na\u0161\u00edm ergonomick\u00fdm zap\u00edn\u00e1n\u00edm na z\u00e1p\u011bst\u00ed LitePrene\u2122 a syst\u00e9mem Triple-Row Finger Grip System\u2122.STABILN\u00cd GRIP A ZLEP\u0160EN\u00dd V\u00ddKONLep\u0161\u00ed grip, men\u0161\u00ed n\u00e1maha &#8211; Multidimenzion\u00e1ln\u00ed syst\u00e9m Triple-Row Finger Grip System\u2122 zvy\u0161uje kontaktn\u00ed plochu s hol\u00ed a z\u00e1rove\u0148 poskytuje jednodu\u0161\u0161\u00ed grip a v\u011bt\u0161\u00ed \u00falevu.P\u0159esn\u011bj\u0161\u00ed a rovn\u011bj\u0161\u00ed \u00fadery &#8211; Strategicky um\u00edst\u011bn\u00fd patentovan\u00fd syst\u00e9m reli\u00e9fn\u00edch podlo\u017eek pom\u00e1h\u00e1 vyrovnat povrch va\u0161\u00ed ruky, co\u017e v\u00e1m umo\u017e\u0148uje zlep\u0161it grip s v\u011bt\u0161\u00ed kontrolou.Sn\u00ed\u017een\u00e1 \u00fanava rukou &#8211; P\u0159edrotovan\u00fd design prst\u016f sleduje p\u0159irozen\u00fd pohyb zav\u00edr\u00e1n\u00ed ruky.Dodate\u010dn\u00e1 podpora &#8211; Ergonomick\u00e9 zap\u00edn\u00e1n\u00ed LitePrene\u2122 pohodln\u011b pom\u00e1h\u00e1 podp\u00edrat z\u00e1p\u011bst\u00ed a z\u00e1kladnu palce.KOMFORT, ST\u0158IH A FLEXIBILITAPocit druh\u00e9 k\u016f\u017ee &#8211; Nov\u00e9 z\u00f3ny Dual Expansion Zones se p\u0159izp\u016fsob\u00ed d\u00e9lce a \u0161\u00ed\u0159ce palce. Z\u00f3ny propojen\u00ed a pohybu umo\u017e\u0148uj\u00ed optim\u00e1ln\u00ed p\u0159izp\u016fsoben\u00ed a obratnost. K\u016f\u017ee Cabretta nejvy\u0161\u0161\u00ed t\u0159\u00eddy poskytuje pocit pru\u017en\u00e9 druh\u00e9 k\u016f\u017ee.U\u017eijte si lep\u0161\u00ed rozsah pohybu &#8211; Lycrov\u00e9 kl\u00edny spolu se z\u00f3nami propojen\u00ed a pohybu pom\u00e1haj\u00ed zlep\u0161it flexibilitu a obratnost. Flexibiln\u00ed z\u00f3ny napodobuj\u00ed p\u0159irozen\u00e9 z\u00e1hyby v prstech, co\u017e usnad\u0148uje zav\u00edr\u00e1n\u00ed ruky a podporuje prody\u0161nost.Jednoduch\u00e9 a rychl\u00e9 odstran\u011bn\u00ed &#8211; Such\u00fd zip poskytuje nastaviteln\u00e9 a bezpe\u010dn\u00e9 uchycen\u00ed, zat\u00edmco vylep\u0161en\u00e9 z\u00f3ny expanze na zadn\u00ed stran\u011b ruky umo\u017e\u0148uj\u00ed snadn\u00e9 nasazen\u00ed a sund\u00e1n\u00ed.KONTROLA VLHKOSTIUdr\u017eujte sv\u00e9 ruce su\u0161\u0161\u00ed &#8211; Frot\u00e9 mikropodlo\u017eky uvnit\u0159 rukavice pom\u00e1haj\u00ed odv\u00e1d\u011bt vlhkost.Maxim\u00e1ln\u00ed prody\u0161nost &#8211; Lycrov\u00e9 z\u00f3ny propojen\u00ed a pohybu zvy\u0161uj\u00ed proud\u011bn\u00ed vzduchu pro chladn\u011bj\u0161\u00ed a su\u0161\u0161\u00ed ruce.<br \/>\nTyp: P\u00e1nsk\u00e9 rukavice<br \/>\nPohlav\u00ed: P\u00e1nsk\u00e9<br \/>\nSez\u00f3na: Jaro;L\u00e9to;Podzim;Zima<br \/>\nV\u011bkov\u00e1 skupina: Dosp\u011bl\u00fd<br \/>\nMateri\u00e1l: Elastick\u00e9 vl\u00e1kno Lycra;K\u016f\u017ee<br \/>\nTyp rukavic: Celoro\u010dn\u00ed<br \/>\nTyp produktu: Rukavice<br \/>\nBarva podle v\u00fdrobce: White<br \/>\nRuka: Lev\u00e1 ruka<br \/>\nBarva: B\u00edl\u00e1<br \/>\nVelikost: S<br \/>\nZem\u011b p\u016fvodu: Indon\u00e9sie<\/p>\n","protected":false},"excerpt":{"rendered":"<p>Lep\u0161\u00ed grip znamen\u00e1 lep\u0161\u00ed kontrolu nad va\u0161\u00ed hrou! Golfov\u00e1 rukavice ReliefGrip\u00ae 2.0 je vybavena NOVOU tvarovanou z\u00f3nou Dual Expansion Zone Thumb, kter\u00e1 se p\u0159izp\u016fsob\u00ed jak\u00e9koli velikosti palce (nejvariabiln\u011bj\u0161\u00ed prst mezi velikostmi rukou). D\u00edky p\u0159izp\u016fsobiv\u011bj\u0161\u00edmu st\u0159ihu a zv\u00fd\u0161en\u00e9mu pohodl\u00ed nab\u00edz\u00ed lep\u0161\u00ed v\u00fdkon po celou dobu hry. Vychutnejte si zv\u00fd\u0161enou podporu a kontrolu s na\u0161\u00edm ergonomick\u00fdm zap\u00edn\u00e1n\u00edm [&hellip;]<\/p>\n","protected":false},"featured_media":50812,"comment_status":"closed","ping_status":"open","template":"","meta":{"_acf_changed":false,"_monsterinsights_skip_tracking":false,"_monsterinsights_sitenote_active":false,"_monsterinsights_sitenote_note":"","_monsterinsights_sitenote_category":0},"pwb-brand":[229],"product_brand":[],"product_cat":[774,775],"product_tag":[],"class_list":{"0":"post-50811","1":"product","2":"type-product","3":"status-publish","4":"has-post-thumbnail","6":"pwb-brand-bionic-gloves","7":"product_cat-golf-obleceni","8":"product_cat-golfove-rukavice-golf-obleceni","9":"pa_barva-bila","10":"pa_pohlavi-panske","11":"pa_vek-dospeli","13":"first","14":"instock","15":"sale","16":"product-type-external"},"acf":[],"yoast_head":"<!-- This site is optimized with the Yoast SEO plugin v27.4 - https:\/\/yoast.com\/product\/yoast-seo-wordpress\/ -->\n<title>Bionic Gloves Relief 2.0 White White Lev\u00e1 ruka S P\u00e1nsk\u00e9 rukavice za 799 K\u010d skladem - Jamkovi\u0161t\u011b<\/title>\n<meta name=\"description\" content=\"Bionic Gloves Relief 2.0 White White Lev\u00e1 ruka S P\u00e1nsk\u00e9 rukavice za skv\u011blou cenu 799 K\u010d skladem \u2714\ufe0f ihned k odesl\u00e1n\u00ed.\" \/>\n<meta name=\"robots\" content=\"index, follow, max-snippet:-1, max-image-preview:large, max-video-preview:-1\" \/>\n<link rel=\"canonical\" href=\"https:\/\/www.jamkoviste.cz\/obchod\/produkt\/bionic-gloves-relief-2-0-white-white-leva-ruka-s-panske-rukavice\/\" \/>\n<meta property=\"og:locale\" content=\"cs_CZ\" \/>\n<meta property=\"og:type\" content=\"article\" \/>\n<meta property=\"og:title\" content=\"Bionic Gloves Relief 2.0 White White Lev\u00e1 ruka S P\u00e1nsk\u00e9 rukavice za 799 K\u010d skladem - Jamkovi\u0161t\u011b\" \/>\n<meta property=\"og:description\" content=\"Bionic Gloves Relief 2.0 White White Lev\u00e1 ruka S P\u00e1nsk\u00e9 rukavice za skv\u011blou cenu 799 K\u010d skladem \u2714\ufe0f ihned k odesl\u00e1n\u00ed.\" \/>\n<meta property=\"og:url\" content=\"https:\/\/www.jamkoviste.cz\/obchod\/produkt\/bionic-gloves-relief-2-0-white-white-leva-ruka-s-panske-rukavice\/\" \/>\n<meta property=\"og:site_name\" content=\"Jamkovi\u0161t\u011b\" \/>\n<meta property=\"article:modified_time\" content=\"2025-11-06T23:45:48+00:00\" \/>\n<meta property=\"og:image\" content=\"https:\/\/www.jamkoviste.cz\/obchod\/wp-content\/uploads\/2025\/02\/main_7572fc17.jpg\" \/>\n\t<meta property=\"og:image:width\" content=\"957\" \/>\n\t<meta property=\"og:image:height\" content=\"810\" \/>\n\t<meta property=\"og:image:type\" content=\"image\/jpeg\" \/>\n<meta name=\"twitter:card\" content=\"summary_large_image\" \/>\n<meta name=\"twitter:label1\" content=\"Odhadovan\u00e1 doba \u010dten\u00ed\" \/>\n\t<meta name=\"twitter:data1\" content=\"2 minuty\" \/>\n<script type=\"application\/ld+json\" class=\"yoast-schema-graph\">{\"@context\":\"https:\\\/\\\/schema.org\",\"@graph\":[{\"@type\":\"WebPage\",\"@id\":\"https:\\\/\\\/www.jamkoviste.cz\\\/obchod\\\/produkt\\\/bionic-gloves-relief-2-0-white-white-leva-ruka-s-panske-rukavice\\\/\",\"url\":\"https:\\\/\\\/www.jamkoviste.cz\\\/obchod\\\/produkt\\\/bionic-gloves-relief-2-0-white-white-leva-ruka-s-panske-rukavice\\\/\",\"name\":\"Bionic Gloves Relief 2.0 White White Lev\u00e1 ruka S P\u00e1nsk\u00e9 rukavice za 799 K\u010d skladem - Jamkovi\u0161t\u011b\",\"isPartOf\":{\"@id\":\"https:\\\/\\\/www.jamkoviste.cz\\\/obchod\\\/#website\"},\"primaryImageOfPage\":{\"@id\":\"https:\\\/\\\/www.jamkoviste.cz\\\/obchod\\\/produkt\\\/bionic-gloves-relief-2-0-white-white-leva-ruka-s-panske-rukavice\\\/#primaryimage\"},\"image\":{\"@id\":\"https:\\\/\\\/www.jamkoviste.cz\\\/obchod\\\/produkt\\\/bionic-gloves-relief-2-0-white-white-leva-ruka-s-panske-rukavice\\\/#primaryimage\"},\"thumbnailUrl\":\"https:\\\/\\\/www.jamkoviste.cz\\\/obchod\\\/wp-content\\\/uploads\\\/2025\\\/02\\\/main_7572fc17.jpg\",\"datePublished\":\"2025-11-06T23:45:46+00:00\",\"dateModified\":\"2025-11-06T23:45:48+00:00\",\"description\":\"Bionic Gloves Relief 2.0 White White Lev\u00e1 ruka S P\u00e1nsk\u00e9 rukavice za skv\u011blou cenu 799 K\u010d skladem \u2714\ufe0f ihned k odesl\u00e1n\u00ed.\",\"breadcrumb\":{\"@id\":\"https:\\\/\\\/www.jamkoviste.cz\\\/obchod\\\/produkt\\\/bionic-gloves-relief-2-0-white-white-leva-ruka-s-panske-rukavice\\\/#breadcrumb\"},\"inLanguage\":\"cs\",\"potentialAction\":[{\"@type\":\"ReadAction\",\"target\":[\"https:\\\/\\\/www.jamkoviste.cz\\\/obchod\\\/produkt\\\/bionic-gloves-relief-2-0-white-white-leva-ruka-s-panske-rukavice\\\/\"]}]},{\"@type\":\"ImageObject\",\"inLanguage\":\"cs\",\"@id\":\"https:\\\/\\\/www.jamkoviste.cz\\\/obchod\\\/produkt\\\/bionic-gloves-relief-2-0-white-white-leva-ruka-s-panske-rukavice\\\/#primaryimage\",\"url\":\"https:\\\/\\\/www.jamkoviste.cz\\\/obchod\\\/wp-content\\\/uploads\\\/2025\\\/02\\\/main_7572fc17.jpg\",\"contentUrl\":\"https:\\\/\\\/www.jamkoviste.cz\\\/obchod\\\/wp-content\\\/uploads\\\/2025\\\/02\\\/main_7572fc17.jpg\",\"width\":957,\"height\":810},{\"@type\":\"BreadcrumbList\",\"@id\":\"https:\\\/\\\/www.jamkoviste.cz\\\/obchod\\\/produkt\\\/bionic-gloves-relief-2-0-white-white-leva-ruka-s-panske-rukavice\\\/#breadcrumb\",\"itemListElement\":[{\"@type\":\"ListItem\",\"position\":1,\"name\":\"Dom\u016f\",\"item\":\"https:\\\/\\\/www.jamkoviste.cz\\\/obchod\\\/\"},{\"@type\":\"ListItem\",\"position\":2,\"name\":\"Obchod\",\"item\":\"https:\\\/\\\/www.jamkoviste.cz\\\/obchod\\\/?page_id=6\"},{\"@type\":\"ListItem\",\"position\":3,\"name\":\"Bionic Gloves Relief 2.0 White White Lev\u00e1 ruka S P\u00e1nsk\u00e9 rukavice\"}]},{\"@type\":\"WebSite\",\"@id\":\"https:\\\/\\\/www.jamkoviste.cz\\\/obchod\\\/#website\",\"url\":\"https:\\\/\\\/www.jamkoviste.cz\\\/obchod\\\/\",\"name\":\"Jamkovi\u0161t\u011b\",\"description\":\"V\u00fdb\u011br t\u011bch nejlep\u0161\u00edch golfov\u00fdch produkt\u016f\",\"publisher\":{\"@id\":\"https:\\\/\\\/www.jamkoviste.cz\\\/obchod\\\/#organization\"},\"potentialAction\":[{\"@type\":\"SearchAction\",\"target\":{\"@type\":\"EntryPoint\",\"urlTemplate\":\"https:\\\/\\\/www.jamkoviste.cz\\\/obchod\\\/?s={search_term_string}\"},\"query-input\":{\"@type\":\"PropertyValueSpecification\",\"valueRequired\":true,\"valueName\":\"search_term_string\"}}],\"inLanguage\":\"cs\"},{\"@type\":\"Organization\",\"@id\":\"https:\\\/\\\/www.jamkoviste.cz\\\/obchod\\\/#organization\",\"name\":\"Jamkovi\u0161t\u011b\",\"url\":\"https:\\\/\\\/www.jamkoviste.cz\\\/obchod\\\/\",\"logo\":{\"@type\":\"ImageObject\",\"inLanguage\":\"cs\",\"@id\":\"https:\\\/\\\/www.jamkoviste.cz\\\/obchod\\\/#\\\/schema\\\/logo\\\/image\\\/\",\"url\":\"https:\\\/\\\/www.jamkoviste.cz\\\/obchod\\\/wp-content\\\/uploads\\\/2021\\\/03\\\/cropped-logo.png\",\"contentUrl\":\"https:\\\/\\\/www.jamkoviste.cz\\\/obchod\\\/wp-content\\\/uploads\\\/2021\\\/03\\\/cropped-logo.png\",\"width\":351,\"height\":82,\"caption\":\"Jamkovi\u0161t\u011b\"},\"image\":{\"@id\":\"https:\\\/\\\/www.jamkoviste.cz\\\/obchod\\\/#\\\/schema\\\/logo\\\/image\\\/\"}}]}<\/script>\n<!-- \/ Yoast SEO plugin. -->","yoast_head_json":{"title":"Bionic Gloves Relief 2.0 White White Lev\u00e1 ruka S P\u00e1nsk\u00e9 rukavice za 799 K\u010d skladem - Jamkovi\u0161t\u011b","description":"Bionic Gloves Relief 2.0 White White Lev\u00e1 ruka S P\u00e1nsk\u00e9 rukavice za skv\u011blou cenu 799 K\u010d skladem \u2714\ufe0f ihned k odesl\u00e1n\u00ed.","robots":{"index":"index","follow":"follow","max-snippet":"max-snippet:-1","max-image-preview":"max-image-preview:large","max-video-preview":"max-video-preview:-1"},"canonical":"https:\/\/www.jamkoviste.cz\/obchod\/produkt\/bionic-gloves-relief-2-0-white-white-leva-ruka-s-panske-rukavice\/","og_locale":"cs_CZ","og_type":"article","og_title":"Bionic Gloves Relief 2.0 White White Lev\u00e1 ruka S P\u00e1nsk\u00e9 rukavice za 799 K\u010d skladem - Jamkovi\u0161t\u011b","og_description":"Bionic Gloves Relief 2.0 White White Lev\u00e1 ruka S P\u00e1nsk\u00e9 rukavice za skv\u011blou cenu 799 K\u010d skladem \u2714\ufe0f ihned k odesl\u00e1n\u00ed.","og_url":"https:\/\/www.jamkoviste.cz\/obchod\/produkt\/bionic-gloves-relief-2-0-white-white-leva-ruka-s-panske-rukavice\/","og_site_name":"Jamkovi\u0161t\u011b","article_modified_time":"2025-11-06T23:45:48+00:00","og_image":[{"width":957,"height":810,"url":"https:\/\/www.jamkoviste.cz\/obchod\/wp-content\/uploads\/2025\/02\/main_7572fc17.jpg","type":"image\/jpeg"}],"twitter_card":"summary_large_image","twitter_misc":{"Odhadovan\u00e1 doba \u010dten\u00ed":"2 minuty"},"schema":{"@context":"https:\/\/schema.org","@graph":[{"@type":"WebPage","@id":"https:\/\/www.jamkoviste.cz\/obchod\/produkt\/bionic-gloves-relief-2-0-white-white-leva-ruka-s-panske-rukavice\/","url":"https:\/\/www.jamkoviste.cz\/obchod\/produkt\/bionic-gloves-relief-2-0-white-white-leva-ruka-s-panske-rukavice\/","name":"Bionic Gloves Relief 2.0 White White Lev\u00e1 ruka S P\u00e1nsk\u00e9 rukavice za 799 K\u010d skladem - Jamkovi\u0161t\u011b","isPartOf":{"@id":"https:\/\/www.jamkoviste.cz\/obchod\/#website"},"primaryImageOfPage":{"@id":"https:\/\/www.jamkoviste.cz\/obchod\/produkt\/bionic-gloves-relief-2-0-white-white-leva-ruka-s-panske-rukavice\/#primaryimage"},"image":{"@id":"https:\/\/www.jamkoviste.cz\/obchod\/produkt\/bionic-gloves-relief-2-0-white-white-leva-ruka-s-panske-rukavice\/#primaryimage"},"thumbnailUrl":"https:\/\/www.jamkoviste.cz\/obchod\/wp-content\/uploads\/2025\/02\/main_7572fc17.jpg","datePublished":"2025-11-06T23:45:46+00:00","dateModified":"2025-11-06T23:45:48+00:00","description":"Bionic Gloves Relief 2.0 White White Lev\u00e1 ruka S P\u00e1nsk\u00e9 rukavice za skv\u011blou cenu 799 K\u010d skladem \u2714\ufe0f ihned k odesl\u00e1n\u00ed.","breadcrumb":{"@id":"https:\/\/www.jamkoviste.cz\/obchod\/produkt\/bionic-gloves-relief-2-0-white-white-leva-ruka-s-panske-rukavice\/#breadcrumb"},"inLanguage":"cs","potentialAction":[{"@type":"ReadAction","target":["https:\/\/www.jamkoviste.cz\/obchod\/produkt\/bionic-gloves-relief-2-0-white-white-leva-ruka-s-panske-rukavice\/"]}]},{"@type":"ImageObject","inLanguage":"cs","@id":"https:\/\/www.jamkoviste.cz\/obchod\/produkt\/bionic-gloves-relief-2-0-white-white-leva-ruka-s-panske-rukavice\/#primaryimage","url":"https:\/\/www.jamkoviste.cz\/obchod\/wp-content\/uploads\/2025\/02\/main_7572fc17.jpg","contentUrl":"https:\/\/www.jamkoviste.cz\/obchod\/wp-content\/uploads\/2025\/02\/main_7572fc17.jpg","width":957,"height":810},{"@type":"BreadcrumbList","@id":"https:\/\/www.jamkoviste.cz\/obchod\/produkt\/bionic-gloves-relief-2-0-white-white-leva-ruka-s-panske-rukavice\/#breadcrumb","itemListElement":[{"@type":"ListItem","position":1,"name":"Dom\u016f","item":"https:\/\/www.jamkoviste.cz\/obchod\/"},{"@type":"ListItem","position":2,"name":"Obchod","item":"https:\/\/www.jamkoviste.cz\/obchod\/?page_id=6"},{"@type":"ListItem","position":3,"name":"Bionic Gloves Relief 2.0 White White Lev\u00e1 ruka S P\u00e1nsk\u00e9 rukavice"}]},{"@type":"WebSite","@id":"https:\/\/www.jamkoviste.cz\/obchod\/#website","url":"https:\/\/www.jamkoviste.cz\/obchod\/","name":"Jamkovi\u0161t\u011b","description":"V\u00fdb\u011br t\u011bch nejlep\u0161\u00edch golfov\u00fdch produkt\u016f","publisher":{"@id":"https:\/\/www.jamkoviste.cz\/obchod\/#organization"},"potentialAction":[{"@type":"SearchAction","target":{"@type":"EntryPoint","urlTemplate":"https:\/\/www.jamkoviste.cz\/obchod\/?s={search_term_string}"},"query-input":{"@type":"PropertyValueSpecification","valueRequired":true,"valueName":"search_term_string"}}],"inLanguage":"cs"},{"@type":"Organization","@id":"https:\/\/www.jamkoviste.cz\/obchod\/#organization","name":"Jamkovi\u0161t\u011b","url":"https:\/\/www.jamkoviste.cz\/obchod\/","logo":{"@type":"ImageObject","inLanguage":"cs","@id":"https:\/\/www.jamkoviste.cz\/obchod\/#\/schema\/logo\/image\/","url":"https:\/\/www.jamkoviste.cz\/obchod\/wp-content\/uploads\/2021\/03\/cropped-logo.png","contentUrl":"https:\/\/www.jamkoviste.cz\/obchod\/wp-content\/uploads\/2021\/03\/cropped-logo.png","width":351,"height":82,"caption":"Jamkovi\u0161t\u011b"},"image":{"@id":"https:\/\/www.jamkoviste.cz\/obchod\/#\/schema\/logo\/image\/"}}]}},"brands":[{"id":229,"name":"Bionic Gloves","slug":"bionic-gloves"}],"_links":{"self":[{"href":"https:\/\/www.jamkoviste.cz\/obchod\/wp-json\/wp\/v2\/product\/50811","targetHints":{"allow":["GET"]}}],"collection":[{"href":"https:\/\/www.jamkoviste.cz\/obchod\/wp-json\/wp\/v2\/product"}],"about":[{"href":"https:\/\/www.jamkoviste.cz\/obchod\/wp-json\/wp\/v2\/types\/product"}],"replies":[{"embeddable":true,"href":"https:\/\/www.jamkoviste.cz\/obchod\/wp-json\/wp\/v2\/comments?post=50811"}],"wp:featuredmedia":[{"embeddable":true,"href":"https:\/\/www.jamkoviste.cz\/obchod\/wp-json\/wp\/v2\/media\/50812"}],"wp:attachment":[{"href":"https:\/\/www.jamkoviste.cz\/obchod\/wp-json\/wp\/v2\/media?parent=50811"}],"wp:term":[{"taxonomy":"pwb-brand","embeddable":true,"href":"https:\/\/www.jamkoviste.cz\/obchod\/wp-json\/wp\/v2\/pwb-brand?post=50811"},{"taxonomy":"product_brand","embeddable":true,"href":"https:\/\/www.jamkoviste.cz\/obchod\/wp-json\/wp\/v2\/product_brand?post=50811"},{"taxonomy":"product_cat","embeddable":true,"href":"https:\/\/www.jamkoviste.cz\/obchod\/wp-json\/wp\/v2\/product_cat?post=50811"},{"taxonomy":"product_tag","embeddable":true,"href":"https:\/\/www.jamkoviste.cz\/obchod\/wp-json\/wp\/v2\/product_tag?post=50811"}],"curies":[{"name":"wp","href":"https:\/\/api.w.org\/{rel}","templated":true}]}}