{"id":50837,"date":"2025-11-07T00:59:11","date_gmt":"2025-11-06T23:59:11","guid":{"rendered":"https:\/\/www.jamkoviste.cz\/obchod\/produkt\/big-max-dri-lite-hybrid-tour-2-stand-bag-silver-grey\/"},"modified":"2025-11-07T00:59:12","modified_gmt":"2025-11-06T23:59:12","slug":"big-max-dri-lite-hybrid-tour-2-stand-bag-silver-grey","status":"publish","type":"product","link":"https:\/\/www.jamkoviste.cz\/obchod\/produkt\/big-max-dri-lite-hybrid-tour-2-stand-bag-silver-grey\/","title":{"rendered":"Big Max Dri Lite Hybrid Tour 2 Stand Bag Silver\/Grey"},"content":{"rendered":"<p>P\u0159edstavujeme Dri Lite Hybrid Tour 2. Navazuj\u00edc\u00ed na \u00fasp\u011bch sv\u00e9ho p\u0159edch\u016fdce nab\u00edz\u00ed v\u00edce \u00falo\u017en\u00e9ho prostoru, vylep\u0161en\u00fd design a pr\u00e9miov\u00e9 materi\u00e1ly. D\u00edky na\u0161\u00ed charakteristick\u00e9 hybridn\u00ed technologii a vod\u011bodoln\u00e9 konstrukci je p\u0159epracov\u00e1n pro ty, kte\u0159\u00ed od ka\u017ed\u00e9ho kola o\u010dek\u00e1vaj\u00ed v\u00edce. Elegantn\u00ed, funk\u010dn\u00ed a nep\u0159ehl\u00e9dnuteln\u011b pokro\u010dil\u00fd.V\u0161estrann\u00e1 hybridn\u00ed technologieDri Lite Hybrid Tour 2 vyu\u017e\u00edv\u00e1 n\u00e1\u0161 inovativn\u00ed hybridn\u00ed syst\u00e9m, kter\u00fd d\u00edky dvouslo\u017ekov\u00e9 podlaze nab\u00edz\u00ed dokonal\u00e9 uchycen\u00ed na voz\u00edky. Sn\u00ed\u017een\u00fd stojan zaji\u0161\u0165uje, \u017ee horn\u00ed dr\u017e\u00e1k ta\u0161ky nep\u0159ek\u00e1\u017e\u00ed, zat\u00edmco odn\u00edmateln\u00e9 popruhy je mo\u017en\u00e9 odstranit, kdy\u017e je nepot\u0159ebujete. P\u0159izp\u016fsobivost je zabudov\u00e1na.Jednoduch\u00e1 personalizaceVyj\u00e1d\u0159ete sv\u016fj styl pomoc\u00ed magneticky odn\u00edmateln\u00e9ho panelu, kter\u00fd je mo\u017en\u00e9 jednodu\u0161e personalizovat. A\u0165 u\u017e jsou to va\u0161e inici\u00e1ly nebo logo, tato funkce dod\u00e1v\u00e1 osobit\u00fd n\u00e1dech bez toho, aby byla ohro\u017eena elegantn\u00ed konstrukce ta\u0161ky. Ud\u011blejte si ta\u0161ku skute\u010dn\u011b svou.Pr\u00e9miov\u00e1 konstrukce pro \u0161pi\u010dkov\u00fd v\u00fdkonDri Lite Hybrid Tour 2 je vyroben z na\u0161eho SoftGuard PU a pokro\u010dil\u00e9 nepromokav\u00e9 tkaniny, d\u00edky \u010demu je odoln\u00fd bez zbyte\u010dn\u00e9 hmotnosti. Tento design s pou\u017eit\u00edm v\u00edce materi\u00e1l\u016f zaji\u0161\u0165uje, \u017ee va\u0161e v\u00fdbava z\u016fstane chr\u00e1n\u011bna a z\u00e1rove\u0148 dod\u00e1v\u00e1 ta\u0161ce modern\u00ed a sofistikovan\u00fd vzhled.Prostor na to, na \u010dem z\u00e1le\u017e\u00edD\u00edky roz\u0161\u00ed\u0159en\u00fdm kaps\u00e1m a roz\u0161i\u0159iteln\u00e9mu hlavn\u00edmu prostoru nab\u00edz\u00ed Dri Lite Hybrid Tour 2 ve\u0161ker\u00fd prostor, kter\u00fd pot\u0159ebujete. A\u0165 u\u017e jde o dal\u0161\u00ed vybaven\u00ed nebo nezbytnosti, tato ta\u0161ka udr\u017e\u00ed v\u0161e uspo\u0159\u00e1dan\u00e9 a p\u0159\u00edstupn\u00e9, tak\u017ee budete na h\u0159i\u0161ti v\u017edy p\u0159ipraveni.&nbsp;Vlastnosti:14-cestn\u00fd d\u011bli\u010d po cel\u00e9 d\u00e9lceXL hybridn\u00ed prostor na putter\/de\u0161tn\u00edk8 kapesXL kapsa na chlazen\u00ed s jednoduch\u00fdm p\u0159\u00edstupemMagnetick\u00e1 kapsa na p\u0159edn\u00ed stran\u011b s odn\u00edmateln\u00fdm panelem pro personalizaciVod\u011bodoln\u00e1 kapsa s jemn\u00fdm dotykemRukojeti pro jednoduch\u00e9 p\u0159en\u00e1\u0161en\u00edPl\u00e1\u0161t\u011bnka do de\u0161t\u011bTechnologie vzduchov\u00e9ho kan\u00e1lu2-bodov\u00fd ramenn\u00ed popruh s polstrovanou ramenn\u00ed \u010d\u00e1st\u00edDr\u017e\u00e1k na de\u0161tn\u00edkDr\u017e\u00e1k na rukavice a ru\u010dn\u00edkSyst\u00e9m Leg Lok&nbsp;V\u00fdhody:Vod\u011bodoln\u00fd materi\u00e1lNov\u00fd pr\u00e9miov\u00fd materi\u00e1l SoftGuard PUKapsy s jednoduch\u00fdm p\u0159\u00edstupemDal\u0161\u00ed kapsy s jemn\u00fdm dotykemKapsa na organizaci cennost\u00ed se dv\u011bma vnit\u0159n\u00edmi p\u0159ihr\u00e1dkamiZes\u00edlen\u00e1 oblast p\u0159ipojen\u00ed ta\u0161kyHybridn\u00ed stojan kompatibiln\u00ed s voz\u00edkem2-slo\u017ekov\u00e9 hybridn\u00ed z\u00e1kladnyPou\u017eiteln\u00e9 jako stojanov\u00e1 nebo voz\u00edkov\u00e1 ta\u0161ka&nbsp;Technologie odoln\u00e1 proti vod\u011b: Dri LiteDr\u017e\u00e1k na rukavice: AnoVelikost balen\u00ed: 35,6 x 24,1 x 93,5 cmVod\u011bodoln\u00e1 kapsa na cennosti: AnoHybridn\u00ed konstrukce: AnoOrganiz\u00e9r: Standardn\u00edPl\u00e1\u0161t\u011bnka do de\u0161t\u011b: AnoDesignov\u00e1 linie: HybridMateri\u00e1l: MIX 1 (Nylon a Fusion Leather)\u010cist\u00e1 hmotnost: 2,5 kgD\u011blic\u00ed p\u0159ep\u00e1\u017eka: 14-cestn\u00e1Syst\u00e9m Leg-Lock: AnoVod\u011bodolnost: Vod\u011bodoln\u00e1Po\u010det kapes: 8Kapsa na chlazen\u00ed: AnoDr\u017e\u00e1k na ru\u010dn\u00edk: AnoRamenn\u00ed popruh: Odn\u00edmateln\u00fd 2-bodov\u00fd ramenn\u00ed popruhD\u011blic\u00ed p\u0159ep\u00e1\u017eka po cel\u00e9 d\u00e9lce: AnoVelikost horn\u00ed \u010d\u00e1sti: 9 palc\u016fSyst\u00e9m stojanu: Hybridn\u00ed stojan<br \/>\nBarva: \u0160ed\u00e1<br \/>\nV\u011bkov\u00e1 skupina: Dosp\u011bl\u00fd<br \/>\nPo\u010det komor pro hole: 14slo\u017ekov\u00fd<br \/>\nBarva podle v\u00fdrobce: Silver\/Grey<br \/>\nZem\u011b p\u016fvodu: \u010c\u00edna<br \/>\nS\u00e9rie: Dri Lite<br \/>\nNepromokav\u00e9: Ano<br \/>\nPohlav\u00ed: Unisex<br \/>\nHmotnost: 2,5 kg<\/p>\n","protected":false},"excerpt":{"rendered":"<p>P\u0159edstavujeme Dri Lite Hybrid Tour 2. Navazuj\u00edc\u00ed na \u00fasp\u011bch sv\u00e9ho p\u0159edch\u016fdce nab\u00edz\u00ed v\u00edce \u00falo\u017en\u00e9ho prostoru, vylep\u0161en\u00fd design a pr\u00e9miov\u00e9 materi\u00e1ly. D\u00edky na\u0161\u00ed charakteristick\u00e9 hybridn\u00ed technologii a vod\u011bodoln\u00e9 konstrukci je p\u0159epracov\u00e1n pro ty, kte\u0159\u00ed od ka\u017ed\u00e9ho kola o\u010dek\u00e1vaj\u00ed v\u00edce. Elegantn\u00ed, funk\u010dn\u00ed a nep\u0159ehl\u00e9dnuteln\u011b pokro\u010dil\u00fd.V\u0161estrann\u00e1 hybridn\u00ed technologieDri Lite Hybrid Tour 2 vyu\u017e\u00edv\u00e1 n\u00e1\u0161 inovativn\u00ed hybridn\u00ed syst\u00e9m, kter\u00fd [&hellip;]<\/p>\n","protected":false},"featured_media":50838,"comment_status":"closed","ping_status":"open","template":"","meta":{"_acf_changed":false,"_monsterinsights_skip_tracking":false,"_monsterinsights_sitenote_active":false,"_monsterinsights_sitenote_note":"","_monsterinsights_sitenote_category":0},"pwb-brand":[40],"product_brand":[],"product_cat":[76,150],"product_tag":[],"class_list":{"0":"post-50837","1":"product","2":"type-product","3":"status-publish","4":"has-post-thumbnail","6":"pwb-brand-big-max","7":"product_cat-golfove-bagy","8":"product_cat-golfove-stand-bagy","9":"pa_barva-seda","10":"pa_pohlavi-unisex","11":"pa_vek-dospeli","13":"first","14":"instock","15":"product-type-external"},"acf":[],"yoast_head":"<!-- This site is optimized with the Yoast SEO plugin v27.4 - https:\/\/yoast.com\/product\/yoast-seo-wordpress\/ -->\n<title>Big Max Dri Lite Hybrid Tour 2 Stand Bag Silver\/Grey za 6 159 K\u010d skladem - Jamkovi\u0161t\u011b<\/title>\n<meta name=\"description\" content=\"Big Max Dri Lite Hybrid Tour 2 Stand Bag Silver\/Grey za skv\u011blou cenu 6 159 K\u010d skladem \u2714\ufe0f ihned k odesl\u00e1n\u00ed.\" \/>\n<meta name=\"robots\" content=\"index, follow, max-snippet:-1, max-image-preview:large, max-video-preview:-1\" \/>\n<link rel=\"canonical\" href=\"https:\/\/www.jamkoviste.cz\/obchod\/produkt\/big-max-dri-lite-hybrid-tour-2-stand-bag-silver-grey\/\" \/>\n<meta property=\"og:locale\" content=\"cs_CZ\" \/>\n<meta property=\"og:type\" content=\"article\" \/>\n<meta property=\"og:title\" content=\"Big Max Dri Lite Hybrid Tour 2 Stand Bag Silver\/Grey za 6 159 K\u010d skladem - Jamkovi\u0161t\u011b\" \/>\n<meta property=\"og:description\" content=\"Big Max Dri Lite Hybrid Tour 2 Stand Bag Silver\/Grey za skv\u011blou cenu 6 159 K\u010d skladem \u2714\ufe0f ihned k odesl\u00e1n\u00ed.\" \/>\n<meta property=\"og:url\" content=\"https:\/\/www.jamkoviste.cz\/obchod\/produkt\/big-max-dri-lite-hybrid-tour-2-stand-bag-silver-grey\/\" \/>\n<meta property=\"og:site_name\" content=\"Jamkovi\u0161t\u011b\" \/>\n<meta property=\"article:modified_time\" content=\"2025-11-06T23:59:12+00:00\" \/>\n<meta property=\"og:image\" content=\"https:\/\/www.jamkoviste.cz\/obchod\/wp-content\/uploads\/2025\/02\/main_26ee6bcc.jpg\" \/>\n\t<meta property=\"og:image:width\" content=\"706\" \/>\n\t<meta property=\"og:image:height\" content=\"800\" \/>\n\t<meta property=\"og:image:type\" content=\"image\/jpeg\" \/>\n<meta name=\"twitter:card\" content=\"summary_large_image\" \/>\n<meta name=\"twitter:label1\" content=\"Odhadovan\u00e1 doba \u010dten\u00ed\" \/>\n\t<meta name=\"twitter:data1\" content=\"3 minuty\" \/>\n<script type=\"application\/ld+json\" class=\"yoast-schema-graph\">{\"@context\":\"https:\\\/\\\/schema.org\",\"@graph\":[{\"@type\":\"WebPage\",\"@id\":\"https:\\\/\\\/www.jamkoviste.cz\\\/obchod\\\/produkt\\\/big-max-dri-lite-hybrid-tour-2-stand-bag-silver-grey\\\/\",\"url\":\"https:\\\/\\\/www.jamkoviste.cz\\\/obchod\\\/produkt\\\/big-max-dri-lite-hybrid-tour-2-stand-bag-silver-grey\\\/\",\"name\":\"Big Max Dri Lite Hybrid Tour 2 Stand Bag Silver\\\/Grey za 6 159 K\u010d skladem - Jamkovi\u0161t\u011b\",\"isPartOf\":{\"@id\":\"https:\\\/\\\/www.jamkoviste.cz\\\/obchod\\\/#website\"},\"primaryImageOfPage\":{\"@id\":\"https:\\\/\\\/www.jamkoviste.cz\\\/obchod\\\/produkt\\\/big-max-dri-lite-hybrid-tour-2-stand-bag-silver-grey\\\/#primaryimage\"},\"image\":{\"@id\":\"https:\\\/\\\/www.jamkoviste.cz\\\/obchod\\\/produkt\\\/big-max-dri-lite-hybrid-tour-2-stand-bag-silver-grey\\\/#primaryimage\"},\"thumbnailUrl\":\"https:\\\/\\\/www.jamkoviste.cz\\\/obchod\\\/wp-content\\\/uploads\\\/2025\\\/02\\\/main_26ee6bcc.jpg\",\"datePublished\":\"2025-11-06T23:59:11+00:00\",\"dateModified\":\"2025-11-06T23:59:12+00:00\",\"description\":\"Big Max Dri Lite Hybrid Tour 2 Stand Bag Silver\\\/Grey za skv\u011blou cenu 6 159 K\u010d skladem \u2714\ufe0f ihned k odesl\u00e1n\u00ed.\",\"breadcrumb\":{\"@id\":\"https:\\\/\\\/www.jamkoviste.cz\\\/obchod\\\/produkt\\\/big-max-dri-lite-hybrid-tour-2-stand-bag-silver-grey\\\/#breadcrumb\"},\"inLanguage\":\"cs\",\"potentialAction\":[{\"@type\":\"ReadAction\",\"target\":[\"https:\\\/\\\/www.jamkoviste.cz\\\/obchod\\\/produkt\\\/big-max-dri-lite-hybrid-tour-2-stand-bag-silver-grey\\\/\"]}]},{\"@type\":\"ImageObject\",\"inLanguage\":\"cs\",\"@id\":\"https:\\\/\\\/www.jamkoviste.cz\\\/obchod\\\/produkt\\\/big-max-dri-lite-hybrid-tour-2-stand-bag-silver-grey\\\/#primaryimage\",\"url\":\"https:\\\/\\\/www.jamkoviste.cz\\\/obchod\\\/wp-content\\\/uploads\\\/2025\\\/02\\\/main_26ee6bcc.jpg\",\"contentUrl\":\"https:\\\/\\\/www.jamkoviste.cz\\\/obchod\\\/wp-content\\\/uploads\\\/2025\\\/02\\\/main_26ee6bcc.jpg\",\"width\":706,\"height\":800},{\"@type\":\"BreadcrumbList\",\"@id\":\"https:\\\/\\\/www.jamkoviste.cz\\\/obchod\\\/produkt\\\/big-max-dri-lite-hybrid-tour-2-stand-bag-silver-grey\\\/#breadcrumb\",\"itemListElement\":[{\"@type\":\"ListItem\",\"position\":1,\"name\":\"Dom\u016f\",\"item\":\"https:\\\/\\\/www.jamkoviste.cz\\\/obchod\\\/\"},{\"@type\":\"ListItem\",\"position\":2,\"name\":\"Obchod\",\"item\":\"https:\\\/\\\/www.jamkoviste.cz\\\/obchod\\\/?page_id=6\"},{\"@type\":\"ListItem\",\"position\":3,\"name\":\"Big Max Dri Lite Hybrid Tour 2 Stand Bag Silver\\\/Grey\"}]},{\"@type\":\"WebSite\",\"@id\":\"https:\\\/\\\/www.jamkoviste.cz\\\/obchod\\\/#website\",\"url\":\"https:\\\/\\\/www.jamkoviste.cz\\\/obchod\\\/\",\"name\":\"Jamkovi\u0161t\u011b\",\"description\":\"V\u00fdb\u011br t\u011bch nejlep\u0161\u00edch golfov\u00fdch produkt\u016f\",\"publisher\":{\"@id\":\"https:\\\/\\\/www.jamkoviste.cz\\\/obchod\\\/#organization\"},\"potentialAction\":[{\"@type\":\"SearchAction\",\"target\":{\"@type\":\"EntryPoint\",\"urlTemplate\":\"https:\\\/\\\/www.jamkoviste.cz\\\/obchod\\\/?s={search_term_string}\"},\"query-input\":{\"@type\":\"PropertyValueSpecification\",\"valueRequired\":true,\"valueName\":\"search_term_string\"}}],\"inLanguage\":\"cs\"},{\"@type\":\"Organization\",\"@id\":\"https:\\\/\\\/www.jamkoviste.cz\\\/obchod\\\/#organization\",\"name\":\"Jamkovi\u0161t\u011b\",\"url\":\"https:\\\/\\\/www.jamkoviste.cz\\\/obchod\\\/\",\"logo\":{\"@type\":\"ImageObject\",\"inLanguage\":\"cs\",\"@id\":\"https:\\\/\\\/www.jamkoviste.cz\\\/obchod\\\/#\\\/schema\\\/logo\\\/image\\\/\",\"url\":\"https:\\\/\\\/www.jamkoviste.cz\\\/obchod\\\/wp-content\\\/uploads\\\/2021\\\/03\\\/cropped-logo.png\",\"contentUrl\":\"https:\\\/\\\/www.jamkoviste.cz\\\/obchod\\\/wp-content\\\/uploads\\\/2021\\\/03\\\/cropped-logo.png\",\"width\":351,\"height\":82,\"caption\":\"Jamkovi\u0161t\u011b\"},\"image\":{\"@id\":\"https:\\\/\\\/www.jamkoviste.cz\\\/obchod\\\/#\\\/schema\\\/logo\\\/image\\\/\"}}]}<\/script>\n<!-- \/ Yoast SEO plugin. -->","yoast_head_json":{"title":"Big Max Dri Lite Hybrid Tour 2 Stand Bag Silver\/Grey za 6 159 K\u010d skladem - Jamkovi\u0161t\u011b","description":"Big Max Dri Lite Hybrid Tour 2 Stand Bag Silver\/Grey za skv\u011blou cenu 6 159 K\u010d skladem \u2714\ufe0f ihned k odesl\u00e1n\u00ed.","robots":{"index":"index","follow":"follow","max-snippet":"max-snippet:-1","max-image-preview":"max-image-preview:large","max-video-preview":"max-video-preview:-1"},"canonical":"https:\/\/www.jamkoviste.cz\/obchod\/produkt\/big-max-dri-lite-hybrid-tour-2-stand-bag-silver-grey\/","og_locale":"cs_CZ","og_type":"article","og_title":"Big Max Dri Lite Hybrid Tour 2 Stand Bag Silver\/Grey za 6 159 K\u010d skladem - Jamkovi\u0161t\u011b","og_description":"Big Max Dri Lite Hybrid Tour 2 Stand Bag Silver\/Grey za skv\u011blou cenu 6 159 K\u010d skladem \u2714\ufe0f ihned k odesl\u00e1n\u00ed.","og_url":"https:\/\/www.jamkoviste.cz\/obchod\/produkt\/big-max-dri-lite-hybrid-tour-2-stand-bag-silver-grey\/","og_site_name":"Jamkovi\u0161t\u011b","article_modified_time":"2025-11-06T23:59:12+00:00","og_image":[{"width":706,"height":800,"url":"https:\/\/www.jamkoviste.cz\/obchod\/wp-content\/uploads\/2025\/02\/main_26ee6bcc.jpg","type":"image\/jpeg"}],"twitter_card":"summary_large_image","twitter_misc":{"Odhadovan\u00e1 doba \u010dten\u00ed":"3 minuty"},"schema":{"@context":"https:\/\/schema.org","@graph":[{"@type":"WebPage","@id":"https:\/\/www.jamkoviste.cz\/obchod\/produkt\/big-max-dri-lite-hybrid-tour-2-stand-bag-silver-grey\/","url":"https:\/\/www.jamkoviste.cz\/obchod\/produkt\/big-max-dri-lite-hybrid-tour-2-stand-bag-silver-grey\/","name":"Big Max Dri Lite Hybrid Tour 2 Stand Bag Silver\/Grey za 6 159 K\u010d skladem - Jamkovi\u0161t\u011b","isPartOf":{"@id":"https:\/\/www.jamkoviste.cz\/obchod\/#website"},"primaryImageOfPage":{"@id":"https:\/\/www.jamkoviste.cz\/obchod\/produkt\/big-max-dri-lite-hybrid-tour-2-stand-bag-silver-grey\/#primaryimage"},"image":{"@id":"https:\/\/www.jamkoviste.cz\/obchod\/produkt\/big-max-dri-lite-hybrid-tour-2-stand-bag-silver-grey\/#primaryimage"},"thumbnailUrl":"https:\/\/www.jamkoviste.cz\/obchod\/wp-content\/uploads\/2025\/02\/main_26ee6bcc.jpg","datePublished":"2025-11-06T23:59:11+00:00","dateModified":"2025-11-06T23:59:12+00:00","description":"Big Max Dri Lite Hybrid Tour 2 Stand Bag Silver\/Grey za skv\u011blou cenu 6 159 K\u010d skladem \u2714\ufe0f ihned k odesl\u00e1n\u00ed.","breadcrumb":{"@id":"https:\/\/www.jamkoviste.cz\/obchod\/produkt\/big-max-dri-lite-hybrid-tour-2-stand-bag-silver-grey\/#breadcrumb"},"inLanguage":"cs","potentialAction":[{"@type":"ReadAction","target":["https:\/\/www.jamkoviste.cz\/obchod\/produkt\/big-max-dri-lite-hybrid-tour-2-stand-bag-silver-grey\/"]}]},{"@type":"ImageObject","inLanguage":"cs","@id":"https:\/\/www.jamkoviste.cz\/obchod\/produkt\/big-max-dri-lite-hybrid-tour-2-stand-bag-silver-grey\/#primaryimage","url":"https:\/\/www.jamkoviste.cz\/obchod\/wp-content\/uploads\/2025\/02\/main_26ee6bcc.jpg","contentUrl":"https:\/\/www.jamkoviste.cz\/obchod\/wp-content\/uploads\/2025\/02\/main_26ee6bcc.jpg","width":706,"height":800},{"@type":"BreadcrumbList","@id":"https:\/\/www.jamkoviste.cz\/obchod\/produkt\/big-max-dri-lite-hybrid-tour-2-stand-bag-silver-grey\/#breadcrumb","itemListElement":[{"@type":"ListItem","position":1,"name":"Dom\u016f","item":"https:\/\/www.jamkoviste.cz\/obchod\/"},{"@type":"ListItem","position":2,"name":"Obchod","item":"https:\/\/www.jamkoviste.cz\/obchod\/?page_id=6"},{"@type":"ListItem","position":3,"name":"Big Max Dri Lite Hybrid Tour 2 Stand Bag Silver\/Grey"}]},{"@type":"WebSite","@id":"https:\/\/www.jamkoviste.cz\/obchod\/#website","url":"https:\/\/www.jamkoviste.cz\/obchod\/","name":"Jamkovi\u0161t\u011b","description":"V\u00fdb\u011br t\u011bch nejlep\u0161\u00edch golfov\u00fdch produkt\u016f","publisher":{"@id":"https:\/\/www.jamkoviste.cz\/obchod\/#organization"},"potentialAction":[{"@type":"SearchAction","target":{"@type":"EntryPoint","urlTemplate":"https:\/\/www.jamkoviste.cz\/obchod\/?s={search_term_string}"},"query-input":{"@type":"PropertyValueSpecification","valueRequired":true,"valueName":"search_term_string"}}],"inLanguage":"cs"},{"@type":"Organization","@id":"https:\/\/www.jamkoviste.cz\/obchod\/#organization","name":"Jamkovi\u0161t\u011b","url":"https:\/\/www.jamkoviste.cz\/obchod\/","logo":{"@type":"ImageObject","inLanguage":"cs","@id":"https:\/\/www.jamkoviste.cz\/obchod\/#\/schema\/logo\/image\/","url":"https:\/\/www.jamkoviste.cz\/obchod\/wp-content\/uploads\/2021\/03\/cropped-logo.png","contentUrl":"https:\/\/www.jamkoviste.cz\/obchod\/wp-content\/uploads\/2021\/03\/cropped-logo.png","width":351,"height":82,"caption":"Jamkovi\u0161t\u011b"},"image":{"@id":"https:\/\/www.jamkoviste.cz\/obchod\/#\/schema\/logo\/image\/"}}]}},"brands":[{"id":40,"name":"Big Max","slug":"big-max"}],"_links":{"self":[{"href":"https:\/\/www.jamkoviste.cz\/obchod\/wp-json\/wp\/v2\/product\/50837","targetHints":{"allow":["GET"]}}],"collection":[{"href":"https:\/\/www.jamkoviste.cz\/obchod\/wp-json\/wp\/v2\/product"}],"about":[{"href":"https:\/\/www.jamkoviste.cz\/obchod\/wp-json\/wp\/v2\/types\/product"}],"replies":[{"embeddable":true,"href":"https:\/\/www.jamkoviste.cz\/obchod\/wp-json\/wp\/v2\/comments?post=50837"}],"wp:featuredmedia":[{"embeddable":true,"href":"https:\/\/www.jamkoviste.cz\/obchod\/wp-json\/wp\/v2\/media\/50838"}],"wp:attachment":[{"href":"https:\/\/www.jamkoviste.cz\/obchod\/wp-json\/wp\/v2\/media?parent=50837"}],"wp:term":[{"taxonomy":"pwb-brand","embeddable":true,"href":"https:\/\/www.jamkoviste.cz\/obchod\/wp-json\/wp\/v2\/pwb-brand?post=50837"},{"taxonomy":"product_brand","embeddable":true,"href":"https:\/\/www.jamkoviste.cz\/obchod\/wp-json\/wp\/v2\/product_brand?post=50837"},{"taxonomy":"product_cat","embeddable":true,"href":"https:\/\/www.jamkoviste.cz\/obchod\/wp-json\/wp\/v2\/product_cat?post=50837"},{"taxonomy":"product_tag","embeddable":true,"href":"https:\/\/www.jamkoviste.cz\/obchod\/wp-json\/wp\/v2\/product_tag?post=50837"}],"curies":[{"name":"wp","href":"https:\/\/api.w.org\/{rel}","templated":true}]}}