{"id":50929,"date":"2025-11-07T00:22:19","date_gmt":"2025-11-06T23:22:19","guid":{"rendered":"https:\/\/www.jamkoviste.cz\/obchod\/produkt\/wilson-staff-duo-soft-orange-standard-golfove-micky\/"},"modified":"2025-11-07T00:22:20","modified_gmt":"2025-11-06T23:22:20","slug":"wilson-staff-duo-soft-orange-standard-golfove-micky","status":"publish","type":"product","link":"https:\/\/www.jamkoviste.cz\/obchod\/produkt\/wilson-staff-duo-soft-orange-standard-golfove-micky\/","title":{"rendered":"Wilson Staff Duo Soft Orange Standard Golfov\u00e9 m\u00ed\u010dky"},"content":{"rendered":"<p>Nejm\u011bk\u010d&iacute; golfov&yacute; m&iacute;\u010dek na sv\u011bt\u011b &ndash; pr&aacute;v\u011b dostal vylep&scaron;en&yacute; v&yacute;konn&yacute; motor. Nov&eacute; slo\u017een&iacute; j&aacute;dra je navr\u017eeno tak, aby poskytovalo vy&scaron;&scaron;&iacute; rychlost m&iacute;\u010de pro v\u011bt&scaron;&iacute; vzd&aacute;lenost a rovn\u011b\u017e skv\u011bl&yacute; pocit. J&Aacute;DRO ZVY&Scaron;UJ&Iacute;C&Iacute; RYCHLOST PRO V&Iacute;CE VZD&Aacute;LENOSTI  J&aacute;dro DUO SOFT je speci&aacute;ln\u011b navr\u017eeno pro maxim&aacute;ln&iacute; n&aacute;vratnost energie. V&yacute;sledkem jsou &uacute;dery, kter&eacute; let&iacute; d&aacute;l a spou&scaron;t&iacute; se sn&aacute;ze s men&scaron;&iacute; n&aacute;mahou.  NEJM\u011aK&Scaron;&Iacute; GOLFOV&Yacute; M&Iacute;\u010c NA SV\u011aT\u011a  Nic se nevyrovn&aacute; jemn&eacute;mu pocitu Duo Soft.  ROVN\u011aJ&Scaron;&Iacute; LET A V&Iacute;CE VZD&Aacute;LENOSTI  Vysok&aacute; rychlost m&iacute;\u010de a n&iacute;zk&yacute; spin driveru dohromady vytv&aacute;\u0159ej&iacute; p\u0159&iacute;m&yacute; a dlouh&yacute; let m&iacute;\u010de.<br \/>\nPo\u010det vrstev: 2<br \/>\nTyp m\u00ed\u010dk\u016f: Vzd\u00e1lenost;Soft;Pocit<br \/>\nVarianta: Standard<br \/>\nBarva: Oran\u017eov\u00e1<br \/>\nPo\u010det dimpl\u016f: 302.0<br \/>\nBarva podle v\u00fdrobce: Orange<br \/>\nPohlav\u00ed: Unisex<br \/>\nV\u011bkov\u00e1 skupina: Dosp\u011bl\u00fd<br \/>\nZem\u011b p\u016fvodu: \u010c\u00edna<br \/>\nKomprese m\u00ed\u010de: 40.0<br \/>\nMateri\u00e1l: Ionomer<br \/>\nPo\u010det m\u00ed\u010dk\u016f v balen\u00ed: 12<\/p>\n","protected":false},"excerpt":{"rendered":"<p>Nejm\u011bk\u010d&iacute; golfov&yacute; m&iacute;\u010dek na sv\u011bt\u011b &ndash; pr&aacute;v\u011b dostal vylep&scaron;en&yacute; v&yacute;konn&yacute; motor. Nov&eacute; slo\u017een&iacute; j&aacute;dra je navr\u017eeno tak, aby poskytovalo vy&scaron;&scaron;&iacute; rychlost m&iacute;\u010de pro v\u011bt&scaron;&iacute; vzd&aacute;lenost a rovn\u011b\u017e skv\u011bl&yacute; pocit. J&Aacute;DRO ZVY&Scaron;UJ&Iacute;C&Iacute; RYCHLOST PRO V&Iacute;CE VZD&Aacute;LENOSTI J&aacute;dro DUO SOFT je speci&aacute;ln\u011b navr\u017eeno pro maxim&aacute;ln&iacute; n&aacute;vratnost energie. V&yacute;sledkem jsou &uacute;dery, kter&eacute; let&iacute; d&aacute;l a spou&scaron;t&iacute; se sn&aacute;ze [&hellip;]<\/p>\n","protected":false},"featured_media":50930,"comment_status":"closed","ping_status":"open","template":"","meta":{"_acf_changed":false,"_monsterinsights_skip_tracking":false,"_monsterinsights_sitenote_active":false,"_monsterinsights_sitenote_note":"","_monsterinsights_sitenote_category":0},"pwb-brand":[83],"product_brand":[],"product_cat":[23,24],"product_tag":[],"class_list":{"0":"post-50929","1":"product","2":"type-product","3":"status-publish","4":"has-post-thumbnail","6":"pwb-brand-wilson-staff","7":"product_cat-golfove-micky","8":"product_cat-nove-golfove-mice","9":"pa_barva-oranzova","10":"pa_pohlavi-unisex","11":"pa_vek-dospeli","13":"first","14":"instock","15":"product-type-external"},"acf":[],"yoast_head":"<!-- This site is optimized with the Yoast SEO plugin v27.4 - https:\/\/yoast.com\/product\/yoast-seo-wordpress\/ -->\n<title>Wilson Staff Duo Soft Orange Standard Golfov\u00e9 m\u00ed\u010dky za 461 K\u010d skladem - Jamkovi\u0161t\u011b<\/title>\n<meta name=\"description\" content=\"Wilson Staff Duo Soft Orange Standard Golfov\u00e9 m\u00ed\u010dky za skv\u011blou cenu 461 K\u010d skladem \u2714\ufe0f ihned k odesl\u00e1n\u00ed.\" \/>\n<meta name=\"robots\" content=\"index, follow, max-snippet:-1, max-image-preview:large, max-video-preview:-1\" \/>\n<link rel=\"canonical\" href=\"https:\/\/www.jamkoviste.cz\/obchod\/produkt\/wilson-staff-duo-soft-orange-standard-golfove-micky\/\" \/>\n<meta property=\"og:locale\" content=\"cs_CZ\" \/>\n<meta property=\"og:type\" content=\"article\" \/>\n<meta property=\"og:title\" content=\"Wilson Staff Duo Soft Orange Standard Golfov\u00e9 m\u00ed\u010dky za 461 K\u010d skladem - Jamkovi\u0161t\u011b\" \/>\n<meta property=\"og:description\" content=\"Wilson Staff Duo Soft Orange Standard Golfov\u00e9 m\u00ed\u010dky za skv\u011blou cenu 461 K\u010d skladem \u2714\ufe0f ihned k odesl\u00e1n\u00ed.\" \/>\n<meta property=\"og:url\" content=\"https:\/\/www.jamkoviste.cz\/obchod\/produkt\/wilson-staff-duo-soft-orange-standard-golfove-micky\/\" \/>\n<meta property=\"og:site_name\" content=\"Jamkovi\u0161t\u011b\" \/>\n<meta property=\"article:modified_time\" content=\"2025-11-06T23:22:20+00:00\" \/>\n<meta property=\"og:image\" content=\"https:\/\/www.jamkoviste.cz\/obchod\/wp-content\/uploads\/2025\/02\/main_1dd9d8bd.jpg\" \/>\n\t<meta property=\"og:image:width\" content=\"474\" \/>\n\t<meta property=\"og:image:height\" content=\"431\" \/>\n\t<meta property=\"og:image:type\" content=\"image\/jpeg\" \/>\n<meta name=\"twitter:card\" content=\"summary_large_image\" \/>\n<meta name=\"twitter:label1\" content=\"Odhadovan\u00e1 doba \u010dten\u00ed\" \/>\n\t<meta name=\"twitter:data1\" content=\"1 minuta\" \/>\n<script type=\"application\/ld+json\" class=\"yoast-schema-graph\">{\"@context\":\"https:\\\/\\\/schema.org\",\"@graph\":[{\"@type\":\"WebPage\",\"@id\":\"https:\\\/\\\/www.jamkoviste.cz\\\/obchod\\\/produkt\\\/wilson-staff-duo-soft-orange-standard-golfove-micky\\\/\",\"url\":\"https:\\\/\\\/www.jamkoviste.cz\\\/obchod\\\/produkt\\\/wilson-staff-duo-soft-orange-standard-golfove-micky\\\/\",\"name\":\"Wilson Staff Duo Soft Orange Standard Golfov\u00e9 m\u00ed\u010dky za 461 K\u010d skladem - Jamkovi\u0161t\u011b\",\"isPartOf\":{\"@id\":\"https:\\\/\\\/www.jamkoviste.cz\\\/obchod\\\/#website\"},\"primaryImageOfPage\":{\"@id\":\"https:\\\/\\\/www.jamkoviste.cz\\\/obchod\\\/produkt\\\/wilson-staff-duo-soft-orange-standard-golfove-micky\\\/#primaryimage\"},\"image\":{\"@id\":\"https:\\\/\\\/www.jamkoviste.cz\\\/obchod\\\/produkt\\\/wilson-staff-duo-soft-orange-standard-golfove-micky\\\/#primaryimage\"},\"thumbnailUrl\":\"https:\\\/\\\/www.jamkoviste.cz\\\/obchod\\\/wp-content\\\/uploads\\\/2025\\\/02\\\/main_1dd9d8bd.jpg\",\"datePublished\":\"2025-11-06T23:22:19+00:00\",\"dateModified\":\"2025-11-06T23:22:20+00:00\",\"description\":\"Wilson Staff Duo Soft Orange Standard Golfov\u00e9 m\u00ed\u010dky za skv\u011blou cenu 461 K\u010d skladem \u2714\ufe0f ihned k odesl\u00e1n\u00ed.\",\"breadcrumb\":{\"@id\":\"https:\\\/\\\/www.jamkoviste.cz\\\/obchod\\\/produkt\\\/wilson-staff-duo-soft-orange-standard-golfove-micky\\\/#breadcrumb\"},\"inLanguage\":\"cs\",\"potentialAction\":[{\"@type\":\"ReadAction\",\"target\":[\"https:\\\/\\\/www.jamkoviste.cz\\\/obchod\\\/produkt\\\/wilson-staff-duo-soft-orange-standard-golfove-micky\\\/\"]}]},{\"@type\":\"ImageObject\",\"inLanguage\":\"cs\",\"@id\":\"https:\\\/\\\/www.jamkoviste.cz\\\/obchod\\\/produkt\\\/wilson-staff-duo-soft-orange-standard-golfove-micky\\\/#primaryimage\",\"url\":\"https:\\\/\\\/www.jamkoviste.cz\\\/obchod\\\/wp-content\\\/uploads\\\/2025\\\/02\\\/main_1dd9d8bd.jpg\",\"contentUrl\":\"https:\\\/\\\/www.jamkoviste.cz\\\/obchod\\\/wp-content\\\/uploads\\\/2025\\\/02\\\/main_1dd9d8bd.jpg\",\"width\":474,\"height\":431},{\"@type\":\"BreadcrumbList\",\"@id\":\"https:\\\/\\\/www.jamkoviste.cz\\\/obchod\\\/produkt\\\/wilson-staff-duo-soft-orange-standard-golfove-micky\\\/#breadcrumb\",\"itemListElement\":[{\"@type\":\"ListItem\",\"position\":1,\"name\":\"Dom\u016f\",\"item\":\"https:\\\/\\\/www.jamkoviste.cz\\\/obchod\\\/\"},{\"@type\":\"ListItem\",\"position\":2,\"name\":\"Obchod\",\"item\":\"https:\\\/\\\/www.jamkoviste.cz\\\/obchod\\\/?page_id=6\"},{\"@type\":\"ListItem\",\"position\":3,\"name\":\"Wilson Staff Duo Soft Orange Standard Golfov\u00e9 m\u00ed\u010dky\"}]},{\"@type\":\"WebSite\",\"@id\":\"https:\\\/\\\/www.jamkoviste.cz\\\/obchod\\\/#website\",\"url\":\"https:\\\/\\\/www.jamkoviste.cz\\\/obchod\\\/\",\"name\":\"Jamkovi\u0161t\u011b\",\"description\":\"V\u00fdb\u011br t\u011bch nejlep\u0161\u00edch golfov\u00fdch produkt\u016f\",\"publisher\":{\"@id\":\"https:\\\/\\\/www.jamkoviste.cz\\\/obchod\\\/#organization\"},\"potentialAction\":[{\"@type\":\"SearchAction\",\"target\":{\"@type\":\"EntryPoint\",\"urlTemplate\":\"https:\\\/\\\/www.jamkoviste.cz\\\/obchod\\\/?s={search_term_string}\"},\"query-input\":{\"@type\":\"PropertyValueSpecification\",\"valueRequired\":true,\"valueName\":\"search_term_string\"}}],\"inLanguage\":\"cs\"},{\"@type\":\"Organization\",\"@id\":\"https:\\\/\\\/www.jamkoviste.cz\\\/obchod\\\/#organization\",\"name\":\"Jamkovi\u0161t\u011b\",\"url\":\"https:\\\/\\\/www.jamkoviste.cz\\\/obchod\\\/\",\"logo\":{\"@type\":\"ImageObject\",\"inLanguage\":\"cs\",\"@id\":\"https:\\\/\\\/www.jamkoviste.cz\\\/obchod\\\/#\\\/schema\\\/logo\\\/image\\\/\",\"url\":\"https:\\\/\\\/www.jamkoviste.cz\\\/obchod\\\/wp-content\\\/uploads\\\/2021\\\/03\\\/cropped-logo.png\",\"contentUrl\":\"https:\\\/\\\/www.jamkoviste.cz\\\/obchod\\\/wp-content\\\/uploads\\\/2021\\\/03\\\/cropped-logo.png\",\"width\":351,\"height\":82,\"caption\":\"Jamkovi\u0161t\u011b\"},\"image\":{\"@id\":\"https:\\\/\\\/www.jamkoviste.cz\\\/obchod\\\/#\\\/schema\\\/logo\\\/image\\\/\"}}]}<\/script>\n<!-- \/ Yoast SEO plugin. -->","yoast_head_json":{"title":"Wilson Staff Duo Soft Orange Standard Golfov\u00e9 m\u00ed\u010dky za 461 K\u010d skladem - Jamkovi\u0161t\u011b","description":"Wilson Staff Duo Soft Orange Standard Golfov\u00e9 m\u00ed\u010dky za skv\u011blou cenu 461 K\u010d skladem \u2714\ufe0f ihned k odesl\u00e1n\u00ed.","robots":{"index":"index","follow":"follow","max-snippet":"max-snippet:-1","max-image-preview":"max-image-preview:large","max-video-preview":"max-video-preview:-1"},"canonical":"https:\/\/www.jamkoviste.cz\/obchod\/produkt\/wilson-staff-duo-soft-orange-standard-golfove-micky\/","og_locale":"cs_CZ","og_type":"article","og_title":"Wilson Staff Duo Soft Orange Standard Golfov\u00e9 m\u00ed\u010dky za 461 K\u010d skladem - Jamkovi\u0161t\u011b","og_description":"Wilson Staff Duo Soft Orange Standard Golfov\u00e9 m\u00ed\u010dky za skv\u011blou cenu 461 K\u010d skladem \u2714\ufe0f ihned k odesl\u00e1n\u00ed.","og_url":"https:\/\/www.jamkoviste.cz\/obchod\/produkt\/wilson-staff-duo-soft-orange-standard-golfove-micky\/","og_site_name":"Jamkovi\u0161t\u011b","article_modified_time":"2025-11-06T23:22:20+00:00","og_image":[{"width":474,"height":431,"url":"https:\/\/www.jamkoviste.cz\/obchod\/wp-content\/uploads\/2025\/02\/main_1dd9d8bd.jpg","type":"image\/jpeg"}],"twitter_card":"summary_large_image","twitter_misc":{"Odhadovan\u00e1 doba \u010dten\u00ed":"1 minuta"},"schema":{"@context":"https:\/\/schema.org","@graph":[{"@type":"WebPage","@id":"https:\/\/www.jamkoviste.cz\/obchod\/produkt\/wilson-staff-duo-soft-orange-standard-golfove-micky\/","url":"https:\/\/www.jamkoviste.cz\/obchod\/produkt\/wilson-staff-duo-soft-orange-standard-golfove-micky\/","name":"Wilson Staff Duo Soft Orange Standard Golfov\u00e9 m\u00ed\u010dky za 461 K\u010d skladem - Jamkovi\u0161t\u011b","isPartOf":{"@id":"https:\/\/www.jamkoviste.cz\/obchod\/#website"},"primaryImageOfPage":{"@id":"https:\/\/www.jamkoviste.cz\/obchod\/produkt\/wilson-staff-duo-soft-orange-standard-golfove-micky\/#primaryimage"},"image":{"@id":"https:\/\/www.jamkoviste.cz\/obchod\/produkt\/wilson-staff-duo-soft-orange-standard-golfove-micky\/#primaryimage"},"thumbnailUrl":"https:\/\/www.jamkoviste.cz\/obchod\/wp-content\/uploads\/2025\/02\/main_1dd9d8bd.jpg","datePublished":"2025-11-06T23:22:19+00:00","dateModified":"2025-11-06T23:22:20+00:00","description":"Wilson Staff Duo Soft Orange Standard Golfov\u00e9 m\u00ed\u010dky za skv\u011blou cenu 461 K\u010d skladem \u2714\ufe0f ihned k odesl\u00e1n\u00ed.","breadcrumb":{"@id":"https:\/\/www.jamkoviste.cz\/obchod\/produkt\/wilson-staff-duo-soft-orange-standard-golfove-micky\/#breadcrumb"},"inLanguage":"cs","potentialAction":[{"@type":"ReadAction","target":["https:\/\/www.jamkoviste.cz\/obchod\/produkt\/wilson-staff-duo-soft-orange-standard-golfove-micky\/"]}]},{"@type":"ImageObject","inLanguage":"cs","@id":"https:\/\/www.jamkoviste.cz\/obchod\/produkt\/wilson-staff-duo-soft-orange-standard-golfove-micky\/#primaryimage","url":"https:\/\/www.jamkoviste.cz\/obchod\/wp-content\/uploads\/2025\/02\/main_1dd9d8bd.jpg","contentUrl":"https:\/\/www.jamkoviste.cz\/obchod\/wp-content\/uploads\/2025\/02\/main_1dd9d8bd.jpg","width":474,"height":431},{"@type":"BreadcrumbList","@id":"https:\/\/www.jamkoviste.cz\/obchod\/produkt\/wilson-staff-duo-soft-orange-standard-golfove-micky\/#breadcrumb","itemListElement":[{"@type":"ListItem","position":1,"name":"Dom\u016f","item":"https:\/\/www.jamkoviste.cz\/obchod\/"},{"@type":"ListItem","position":2,"name":"Obchod","item":"https:\/\/www.jamkoviste.cz\/obchod\/?page_id=6"},{"@type":"ListItem","position":3,"name":"Wilson Staff Duo Soft Orange Standard Golfov\u00e9 m\u00ed\u010dky"}]},{"@type":"WebSite","@id":"https:\/\/www.jamkoviste.cz\/obchod\/#website","url":"https:\/\/www.jamkoviste.cz\/obchod\/","name":"Jamkovi\u0161t\u011b","description":"V\u00fdb\u011br t\u011bch nejlep\u0161\u00edch golfov\u00fdch produkt\u016f","publisher":{"@id":"https:\/\/www.jamkoviste.cz\/obchod\/#organization"},"potentialAction":[{"@type":"SearchAction","target":{"@type":"EntryPoint","urlTemplate":"https:\/\/www.jamkoviste.cz\/obchod\/?s={search_term_string}"},"query-input":{"@type":"PropertyValueSpecification","valueRequired":true,"valueName":"search_term_string"}}],"inLanguage":"cs"},{"@type":"Organization","@id":"https:\/\/www.jamkoviste.cz\/obchod\/#organization","name":"Jamkovi\u0161t\u011b","url":"https:\/\/www.jamkoviste.cz\/obchod\/","logo":{"@type":"ImageObject","inLanguage":"cs","@id":"https:\/\/www.jamkoviste.cz\/obchod\/#\/schema\/logo\/image\/","url":"https:\/\/www.jamkoviste.cz\/obchod\/wp-content\/uploads\/2021\/03\/cropped-logo.png","contentUrl":"https:\/\/www.jamkoviste.cz\/obchod\/wp-content\/uploads\/2021\/03\/cropped-logo.png","width":351,"height":82,"caption":"Jamkovi\u0161t\u011b"},"image":{"@id":"https:\/\/www.jamkoviste.cz\/obchod\/#\/schema\/logo\/image\/"}}]}},"brands":[{"id":83,"name":"Wilson Staff","slug":"wilson-staff"}],"_links":{"self":[{"href":"https:\/\/www.jamkoviste.cz\/obchod\/wp-json\/wp\/v2\/product\/50929","targetHints":{"allow":["GET"]}}],"collection":[{"href":"https:\/\/www.jamkoviste.cz\/obchod\/wp-json\/wp\/v2\/product"}],"about":[{"href":"https:\/\/www.jamkoviste.cz\/obchod\/wp-json\/wp\/v2\/types\/product"}],"replies":[{"embeddable":true,"href":"https:\/\/www.jamkoviste.cz\/obchod\/wp-json\/wp\/v2\/comments?post=50929"}],"wp:featuredmedia":[{"embeddable":true,"href":"https:\/\/www.jamkoviste.cz\/obchod\/wp-json\/wp\/v2\/media\/50930"}],"wp:attachment":[{"href":"https:\/\/www.jamkoviste.cz\/obchod\/wp-json\/wp\/v2\/media?parent=50929"}],"wp:term":[{"taxonomy":"pwb-brand","embeddable":true,"href":"https:\/\/www.jamkoviste.cz\/obchod\/wp-json\/wp\/v2\/pwb-brand?post=50929"},{"taxonomy":"product_brand","embeddable":true,"href":"https:\/\/www.jamkoviste.cz\/obchod\/wp-json\/wp\/v2\/product_brand?post=50929"},{"taxonomy":"product_cat","embeddable":true,"href":"https:\/\/www.jamkoviste.cz\/obchod\/wp-json\/wp\/v2\/product_cat?post=50929"},{"taxonomy":"product_tag","embeddable":true,"href":"https:\/\/www.jamkoviste.cz\/obchod\/wp-json\/wp\/v2\/product_tag?post=50929"}],"curies":[{"name":"wp","href":"https:\/\/api.w.org\/{rel}","templated":true}]}}