{"id":50947,"date":"2025-11-07T00:59:58","date_gmt":"2025-11-06T23:59:58","guid":{"rendered":"https:\/\/www.jamkoviste.cz\/obchod\/produkt\/titleist-cart-14-stadry-charcoal-sky-cart-bag\/"},"modified":"2025-11-07T01:00:00","modified_gmt":"2025-11-07T00:00:00","slug":"titleist-cart-14-stadry-charcoal-sky-cart-bag","status":"publish","type":"product","link":"https:\/\/www.jamkoviste.cz\/obchod\/produkt\/titleist-cart-14-stadry-charcoal-sky-cart-bag\/","title":{"rendered":"Titleist Cart 14 StaDry Charcoal\/Sky Cart Bag"},"content":{"rendered":"<p>MODERN&Iacute; N&Aacute;DECH SKV\u011aL&Eacute; ORGANIZACE.  Cart 14 StaDry v&aacute;m poskytuje skv\u011blou vodot\u011bsnou ochranu, &uacute;lo\u017ei&scaron;t\u011b a styl.  Vlastnosti  StaDry vodot\u011bsn&aacute; konstrukce s ut\u011bsn\u011bn&yacute;mi zipy Zv\u011bt&scaron;en&aacute; konstrukce kapes sm\u011b\u0159uj&iacute;c&iacute;ch dop\u0159edu Velk&aacute; speci&aacute;ln&iacute; kapsa na n&aacute;poje 14-sm\u011brn&yacute; rozd\u011blova\u010d s vyhrazenou p\u0159ihr&aacute;dkou na putter &Scaron;irok&aacute; otev&iacute;rac&iacute; kapsa na m&iacute;\u010dky S mo\u017enost&iacute; p\u0159ipevn\u011bn&iacute; rukavic pomoc&iacute; such&eacute;ho zipu<br \/>\nHmotnost: 2,9 kg<br \/>\nNepromokav\u00e9: Ano<br \/>\nPohlav\u00ed: Unisex<br \/>\nBarva: \u0160ed\u00e1<br \/>\nV\u011bkov\u00e1 skupina: Dosp\u011bl\u00fd<br \/>\nPo\u010det komor pro hole: 14slo\u017ekov\u00fd<br \/>\nBarva podle v\u00fdrobce: Charcoal\/Sky<br \/>\nS\u00e9rie: Cart 14<br \/>\nVarianta: Standardn\u00ed nab\u00eddka<br \/>\nZem\u011b p\u016fvodu: \u010c\u00edna<\/p>\n","protected":false},"excerpt":{"rendered":"<p>MODERN&Iacute; N&Aacute;DECH SKV\u011aL&Eacute; ORGANIZACE. Cart 14 StaDry v&aacute;m poskytuje skv\u011blou vodot\u011bsnou ochranu, &uacute;lo\u017ei&scaron;t\u011b a styl. Vlastnosti StaDry vodot\u011bsn&aacute; konstrukce s ut\u011bsn\u011bn&yacute;mi zipy Zv\u011bt&scaron;en&aacute; konstrukce kapes sm\u011b\u0159uj&iacute;c&iacute;ch dop\u0159edu Velk&aacute; speci&aacute;ln&iacute; kapsa na n&aacute;poje 14-sm\u011brn&yacute; rozd\u011blova\u010d s vyhrazenou p\u0159ihr&aacute;dkou na putter &Scaron;irok&aacute; otev&iacute;rac&iacute; kapsa na m&iacute;\u010dky S mo\u017enost&iacute; p\u0159ipevn\u011bn&iacute; rukavic pomoc&iacute; such&eacute;ho zipu Hmotnost: 2,9 kg Nepromokav\u00e9: [&hellip;]<\/p>\n","protected":false},"featured_media":50948,"comment_status":"closed","ping_status":"open","template":"","meta":{"_acf_changed":false,"_monsterinsights_skip_tracking":false,"_monsterinsights_sitenote_active":false,"_monsterinsights_sitenote_note":"","_monsterinsights_sitenote_category":0},"pwb-brand":[49],"product_brand":[],"product_cat":[76,153],"product_tag":[],"class_list":{"0":"post-50947","1":"product","2":"type-product","3":"status-publish","4":"has-post-thumbnail","6":"pwb-brand-titleist","7":"product_cat-golfove-bagy","8":"product_cat-golfove-cart-bagy","9":"pa_barva-seda","10":"pa_pohlavi-unisex","11":"pa_vek-dospeli","13":"first","14":"instock","15":"product-type-external"},"acf":[],"yoast_head":"<!-- This site is optimized with the Yoast SEO plugin v27.4 - https:\/\/yoast.com\/product\/yoast-seo-wordpress\/ -->\n<title>Titleist Cart 14 StaDry Charcoal\/Sky Cart Bag za 8 629 K\u010d skladem - Jamkovi\u0161t\u011b<\/title>\n<meta name=\"description\" content=\"Titleist Cart 14 StaDry Charcoal\/Sky Cart Bag za skv\u011blou cenu 8 629 K\u010d skladem \u2714\ufe0f ihned k odesl\u00e1n\u00ed.\" \/>\n<meta name=\"robots\" content=\"index, follow, max-snippet:-1, max-image-preview:large, max-video-preview:-1\" \/>\n<link rel=\"canonical\" href=\"https:\/\/www.jamkoviste.cz\/obchod\/produkt\/titleist-cart-14-stadry-charcoal-sky-cart-bag\/\" \/>\n<meta property=\"og:locale\" content=\"cs_CZ\" \/>\n<meta property=\"og:type\" content=\"article\" \/>\n<meta property=\"og:title\" content=\"Titleist Cart 14 StaDry Charcoal\/Sky Cart Bag za 8 629 K\u010d skladem - Jamkovi\u0161t\u011b\" \/>\n<meta property=\"og:description\" content=\"Titleist Cart 14 StaDry Charcoal\/Sky Cart Bag za skv\u011blou cenu 8 629 K\u010d skladem \u2714\ufe0f ihned k odesl\u00e1n\u00ed.\" \/>\n<meta property=\"og:url\" content=\"https:\/\/www.jamkoviste.cz\/obchod\/produkt\/titleist-cart-14-stadry-charcoal-sky-cart-bag\/\" \/>\n<meta property=\"og:site_name\" content=\"Jamkovi\u0161t\u011b\" \/>\n<meta property=\"article:modified_time\" content=\"2025-11-07T00:00:00+00:00\" \/>\n<meta property=\"og:image\" content=\"https:\/\/www.jamkoviste.cz\/obchod\/wp-content\/uploads\/2025\/02\/main_eec12b9e.jpg\" \/>\n\t<meta property=\"og:image:width\" content=\"410\" \/>\n\t<meta property=\"og:image:height\" content=\"800\" \/>\n\t<meta property=\"og:image:type\" content=\"image\/jpeg\" \/>\n<meta name=\"twitter:card\" content=\"summary_large_image\" \/>\n<meta name=\"twitter:label1\" content=\"Odhadovan\u00e1 doba \u010dten\u00ed\" \/>\n\t<meta name=\"twitter:data1\" content=\"1 minuta\" \/>\n<script type=\"application\/ld+json\" class=\"yoast-schema-graph\">{\"@context\":\"https:\\\/\\\/schema.org\",\"@graph\":[{\"@type\":\"WebPage\",\"@id\":\"https:\\\/\\\/www.jamkoviste.cz\\\/obchod\\\/produkt\\\/titleist-cart-14-stadry-charcoal-sky-cart-bag\\\/\",\"url\":\"https:\\\/\\\/www.jamkoviste.cz\\\/obchod\\\/produkt\\\/titleist-cart-14-stadry-charcoal-sky-cart-bag\\\/\",\"name\":\"Titleist Cart 14 StaDry Charcoal\\\/Sky Cart Bag za 8 629 K\u010d skladem - Jamkovi\u0161t\u011b\",\"isPartOf\":{\"@id\":\"https:\\\/\\\/www.jamkoviste.cz\\\/obchod\\\/#website\"},\"primaryImageOfPage\":{\"@id\":\"https:\\\/\\\/www.jamkoviste.cz\\\/obchod\\\/produkt\\\/titleist-cart-14-stadry-charcoal-sky-cart-bag\\\/#primaryimage\"},\"image\":{\"@id\":\"https:\\\/\\\/www.jamkoviste.cz\\\/obchod\\\/produkt\\\/titleist-cart-14-stadry-charcoal-sky-cart-bag\\\/#primaryimage\"},\"thumbnailUrl\":\"https:\\\/\\\/www.jamkoviste.cz\\\/obchod\\\/wp-content\\\/uploads\\\/2025\\\/02\\\/main_eec12b9e.jpg\",\"datePublished\":\"2025-11-06T23:59:58+00:00\",\"dateModified\":\"2025-11-07T00:00:00+00:00\",\"description\":\"Titleist Cart 14 StaDry Charcoal\\\/Sky Cart Bag za skv\u011blou cenu 8 629 K\u010d skladem \u2714\ufe0f ihned k odesl\u00e1n\u00ed.\",\"breadcrumb\":{\"@id\":\"https:\\\/\\\/www.jamkoviste.cz\\\/obchod\\\/produkt\\\/titleist-cart-14-stadry-charcoal-sky-cart-bag\\\/#breadcrumb\"},\"inLanguage\":\"cs\",\"potentialAction\":[{\"@type\":\"ReadAction\",\"target\":[\"https:\\\/\\\/www.jamkoviste.cz\\\/obchod\\\/produkt\\\/titleist-cart-14-stadry-charcoal-sky-cart-bag\\\/\"]}]},{\"@type\":\"ImageObject\",\"inLanguage\":\"cs\",\"@id\":\"https:\\\/\\\/www.jamkoviste.cz\\\/obchod\\\/produkt\\\/titleist-cart-14-stadry-charcoal-sky-cart-bag\\\/#primaryimage\",\"url\":\"https:\\\/\\\/www.jamkoviste.cz\\\/obchod\\\/wp-content\\\/uploads\\\/2025\\\/02\\\/main_eec12b9e.jpg\",\"contentUrl\":\"https:\\\/\\\/www.jamkoviste.cz\\\/obchod\\\/wp-content\\\/uploads\\\/2025\\\/02\\\/main_eec12b9e.jpg\",\"width\":410,\"height\":800},{\"@type\":\"BreadcrumbList\",\"@id\":\"https:\\\/\\\/www.jamkoviste.cz\\\/obchod\\\/produkt\\\/titleist-cart-14-stadry-charcoal-sky-cart-bag\\\/#breadcrumb\",\"itemListElement\":[{\"@type\":\"ListItem\",\"position\":1,\"name\":\"Dom\u016f\",\"item\":\"https:\\\/\\\/www.jamkoviste.cz\\\/obchod\\\/\"},{\"@type\":\"ListItem\",\"position\":2,\"name\":\"Obchod\",\"item\":\"https:\\\/\\\/www.jamkoviste.cz\\\/obchod\\\/?page_id=6\"},{\"@type\":\"ListItem\",\"position\":3,\"name\":\"Titleist Cart 14 StaDry Charcoal\\\/Sky Cart Bag\"}]},{\"@type\":\"WebSite\",\"@id\":\"https:\\\/\\\/www.jamkoviste.cz\\\/obchod\\\/#website\",\"url\":\"https:\\\/\\\/www.jamkoviste.cz\\\/obchod\\\/\",\"name\":\"Jamkovi\u0161t\u011b\",\"description\":\"V\u00fdb\u011br t\u011bch nejlep\u0161\u00edch golfov\u00fdch produkt\u016f\",\"publisher\":{\"@id\":\"https:\\\/\\\/www.jamkoviste.cz\\\/obchod\\\/#organization\"},\"potentialAction\":[{\"@type\":\"SearchAction\",\"target\":{\"@type\":\"EntryPoint\",\"urlTemplate\":\"https:\\\/\\\/www.jamkoviste.cz\\\/obchod\\\/?s={search_term_string}\"},\"query-input\":{\"@type\":\"PropertyValueSpecification\",\"valueRequired\":true,\"valueName\":\"search_term_string\"}}],\"inLanguage\":\"cs\"},{\"@type\":\"Organization\",\"@id\":\"https:\\\/\\\/www.jamkoviste.cz\\\/obchod\\\/#organization\",\"name\":\"Jamkovi\u0161t\u011b\",\"url\":\"https:\\\/\\\/www.jamkoviste.cz\\\/obchod\\\/\",\"logo\":{\"@type\":\"ImageObject\",\"inLanguage\":\"cs\",\"@id\":\"https:\\\/\\\/www.jamkoviste.cz\\\/obchod\\\/#\\\/schema\\\/logo\\\/image\\\/\",\"url\":\"https:\\\/\\\/www.jamkoviste.cz\\\/obchod\\\/wp-content\\\/uploads\\\/2021\\\/03\\\/cropped-logo.png\",\"contentUrl\":\"https:\\\/\\\/www.jamkoviste.cz\\\/obchod\\\/wp-content\\\/uploads\\\/2021\\\/03\\\/cropped-logo.png\",\"width\":351,\"height\":82,\"caption\":\"Jamkovi\u0161t\u011b\"},\"image\":{\"@id\":\"https:\\\/\\\/www.jamkoviste.cz\\\/obchod\\\/#\\\/schema\\\/logo\\\/image\\\/\"}}]}<\/script>\n<!-- \/ Yoast SEO plugin. -->","yoast_head_json":{"title":"Titleist Cart 14 StaDry Charcoal\/Sky Cart Bag za 8 629 K\u010d skladem - Jamkovi\u0161t\u011b","description":"Titleist Cart 14 StaDry Charcoal\/Sky Cart Bag za skv\u011blou cenu 8 629 K\u010d skladem \u2714\ufe0f ihned k odesl\u00e1n\u00ed.","robots":{"index":"index","follow":"follow","max-snippet":"max-snippet:-1","max-image-preview":"max-image-preview:large","max-video-preview":"max-video-preview:-1"},"canonical":"https:\/\/www.jamkoviste.cz\/obchod\/produkt\/titleist-cart-14-stadry-charcoal-sky-cart-bag\/","og_locale":"cs_CZ","og_type":"article","og_title":"Titleist Cart 14 StaDry Charcoal\/Sky Cart Bag za 8 629 K\u010d skladem - Jamkovi\u0161t\u011b","og_description":"Titleist Cart 14 StaDry Charcoal\/Sky Cart Bag za skv\u011blou cenu 8 629 K\u010d skladem \u2714\ufe0f ihned k odesl\u00e1n\u00ed.","og_url":"https:\/\/www.jamkoviste.cz\/obchod\/produkt\/titleist-cart-14-stadry-charcoal-sky-cart-bag\/","og_site_name":"Jamkovi\u0161t\u011b","article_modified_time":"2025-11-07T00:00:00+00:00","og_image":[{"width":410,"height":800,"url":"https:\/\/www.jamkoviste.cz\/obchod\/wp-content\/uploads\/2025\/02\/main_eec12b9e.jpg","type":"image\/jpeg"}],"twitter_card":"summary_large_image","twitter_misc":{"Odhadovan\u00e1 doba \u010dten\u00ed":"1 minuta"},"schema":{"@context":"https:\/\/schema.org","@graph":[{"@type":"WebPage","@id":"https:\/\/www.jamkoviste.cz\/obchod\/produkt\/titleist-cart-14-stadry-charcoal-sky-cart-bag\/","url":"https:\/\/www.jamkoviste.cz\/obchod\/produkt\/titleist-cart-14-stadry-charcoal-sky-cart-bag\/","name":"Titleist Cart 14 StaDry Charcoal\/Sky Cart Bag za 8 629 K\u010d skladem - Jamkovi\u0161t\u011b","isPartOf":{"@id":"https:\/\/www.jamkoviste.cz\/obchod\/#website"},"primaryImageOfPage":{"@id":"https:\/\/www.jamkoviste.cz\/obchod\/produkt\/titleist-cart-14-stadry-charcoal-sky-cart-bag\/#primaryimage"},"image":{"@id":"https:\/\/www.jamkoviste.cz\/obchod\/produkt\/titleist-cart-14-stadry-charcoal-sky-cart-bag\/#primaryimage"},"thumbnailUrl":"https:\/\/www.jamkoviste.cz\/obchod\/wp-content\/uploads\/2025\/02\/main_eec12b9e.jpg","datePublished":"2025-11-06T23:59:58+00:00","dateModified":"2025-11-07T00:00:00+00:00","description":"Titleist Cart 14 StaDry Charcoal\/Sky Cart Bag za skv\u011blou cenu 8 629 K\u010d skladem \u2714\ufe0f ihned k odesl\u00e1n\u00ed.","breadcrumb":{"@id":"https:\/\/www.jamkoviste.cz\/obchod\/produkt\/titleist-cart-14-stadry-charcoal-sky-cart-bag\/#breadcrumb"},"inLanguage":"cs","potentialAction":[{"@type":"ReadAction","target":["https:\/\/www.jamkoviste.cz\/obchod\/produkt\/titleist-cart-14-stadry-charcoal-sky-cart-bag\/"]}]},{"@type":"ImageObject","inLanguage":"cs","@id":"https:\/\/www.jamkoviste.cz\/obchod\/produkt\/titleist-cart-14-stadry-charcoal-sky-cart-bag\/#primaryimage","url":"https:\/\/www.jamkoviste.cz\/obchod\/wp-content\/uploads\/2025\/02\/main_eec12b9e.jpg","contentUrl":"https:\/\/www.jamkoviste.cz\/obchod\/wp-content\/uploads\/2025\/02\/main_eec12b9e.jpg","width":410,"height":800},{"@type":"BreadcrumbList","@id":"https:\/\/www.jamkoviste.cz\/obchod\/produkt\/titleist-cart-14-stadry-charcoal-sky-cart-bag\/#breadcrumb","itemListElement":[{"@type":"ListItem","position":1,"name":"Dom\u016f","item":"https:\/\/www.jamkoviste.cz\/obchod\/"},{"@type":"ListItem","position":2,"name":"Obchod","item":"https:\/\/www.jamkoviste.cz\/obchod\/?page_id=6"},{"@type":"ListItem","position":3,"name":"Titleist Cart 14 StaDry Charcoal\/Sky Cart Bag"}]},{"@type":"WebSite","@id":"https:\/\/www.jamkoviste.cz\/obchod\/#website","url":"https:\/\/www.jamkoviste.cz\/obchod\/","name":"Jamkovi\u0161t\u011b","description":"V\u00fdb\u011br t\u011bch nejlep\u0161\u00edch golfov\u00fdch produkt\u016f","publisher":{"@id":"https:\/\/www.jamkoviste.cz\/obchod\/#organization"},"potentialAction":[{"@type":"SearchAction","target":{"@type":"EntryPoint","urlTemplate":"https:\/\/www.jamkoviste.cz\/obchod\/?s={search_term_string}"},"query-input":{"@type":"PropertyValueSpecification","valueRequired":true,"valueName":"search_term_string"}}],"inLanguage":"cs"},{"@type":"Organization","@id":"https:\/\/www.jamkoviste.cz\/obchod\/#organization","name":"Jamkovi\u0161t\u011b","url":"https:\/\/www.jamkoviste.cz\/obchod\/","logo":{"@type":"ImageObject","inLanguage":"cs","@id":"https:\/\/www.jamkoviste.cz\/obchod\/#\/schema\/logo\/image\/","url":"https:\/\/www.jamkoviste.cz\/obchod\/wp-content\/uploads\/2021\/03\/cropped-logo.png","contentUrl":"https:\/\/www.jamkoviste.cz\/obchod\/wp-content\/uploads\/2021\/03\/cropped-logo.png","width":351,"height":82,"caption":"Jamkovi\u0161t\u011b"},"image":{"@id":"https:\/\/www.jamkoviste.cz\/obchod\/#\/schema\/logo\/image\/"}}]}},"brands":[{"id":49,"name":"Titleist","slug":"titleist"}],"_links":{"self":[{"href":"https:\/\/www.jamkoviste.cz\/obchod\/wp-json\/wp\/v2\/product\/50947","targetHints":{"allow":["GET"]}}],"collection":[{"href":"https:\/\/www.jamkoviste.cz\/obchod\/wp-json\/wp\/v2\/product"}],"about":[{"href":"https:\/\/www.jamkoviste.cz\/obchod\/wp-json\/wp\/v2\/types\/product"}],"replies":[{"embeddable":true,"href":"https:\/\/www.jamkoviste.cz\/obchod\/wp-json\/wp\/v2\/comments?post=50947"}],"wp:featuredmedia":[{"embeddable":true,"href":"https:\/\/www.jamkoviste.cz\/obchod\/wp-json\/wp\/v2\/media\/50948"}],"wp:attachment":[{"href":"https:\/\/www.jamkoviste.cz\/obchod\/wp-json\/wp\/v2\/media?parent=50947"}],"wp:term":[{"taxonomy":"pwb-brand","embeddable":true,"href":"https:\/\/www.jamkoviste.cz\/obchod\/wp-json\/wp\/v2\/pwb-brand?post=50947"},{"taxonomy":"product_brand","embeddable":true,"href":"https:\/\/www.jamkoviste.cz\/obchod\/wp-json\/wp\/v2\/product_brand?post=50947"},{"taxonomy":"product_cat","embeddable":true,"href":"https:\/\/www.jamkoviste.cz\/obchod\/wp-json\/wp\/v2\/product_cat?post=50947"},{"taxonomy":"product_tag","embeddable":true,"href":"https:\/\/www.jamkoviste.cz\/obchod\/wp-json\/wp\/v2\/product_tag?post=50947"}],"curies":[{"name":"wp","href":"https:\/\/api.w.org\/{rel}","templated":true}]}}