{"id":50967,"date":"2025-11-07T01:00:09","date_gmt":"2025-11-07T00:00:09","guid":{"rendered":"https:\/\/www.jamkoviste.cz\/obchod\/produkt\/titleist-players-4-stadry-stand-bag-navy-sky\/"},"modified":"2025-11-07T01:00:12","modified_gmt":"2025-11-07T00:00:12","slug":"titleist-players-4-stadry-stand-bag-navy-sky","status":"publish","type":"product","link":"https:\/\/www.jamkoviste.cz\/obchod\/produkt\/titleist-players-4-stadry-stand-bag-navy-sky\/","title":{"rendered":"Titleist Players 4 StaDry Stand Bag Navy\/Sky"},"content":{"rendered":"<p>OCHRANA A VLASTNOSTI, KTER&Eacute; CHCETE.  Ta&scaron;ka Players 4 StaDry poskytuje pr&eacute;miovou vodot\u011bsnou konstrukci a dostatek &uacute;lo\u017en&eacute;ho prostoru, v\u010detn\u011b kapsy na oble\u010den&iacute; po cel&eacute; d&eacute;lce, v lehk&eacute;m proveden&iacute; as hmotnost&iacute; t\u011bsn\u011b pod 2 kilogramy.  Vlastnosti  StaDry vodot\u011bsn&aacute; konstrukce s ut\u011bsn\u011bn&yacute;mi zipy Pr&eacute;miov&yacute; dvojit&yacute; popruh Rychle p\u0159&iacute;stupn&aacute; magnetick&aacute; kapsa na p\u0159&iacute;slu&scaron;enstv&iacute; Hr&aacute;\u010di preferovan&aacute; vn\u011bj&scaron;&iacute; kapsa na l&aacute;hev s vodou Vysoce kvalitn&iacute; hlin&iacute;kov&eacute; nohy a pokro\u010dil&eacute; sklopn&eacute; dno pro nejlep&scaron;&iacute; stabilitu ve sv&eacute; t\u0159&iacute;d\u011b Prostorn&aacute; kapsa na oble\u010den&iacute; po cel&eacute; d&eacute;lce Lehk&aacute; horn&iacute; man\u017eeta s n&iacute;zk&yacute;m profilem s p\u0159ed\u011bly po cel&eacute; d&eacute;lce S mo\u017enost&iacute; p\u0159ipevn\u011bn&iacute; rukavic pomoc&iacute; such&eacute;ho zipu<br \/>\nS\u00e9rie: Players<br \/>\nHmotnost: 1,8 kg<br \/>\nV\u011bkov\u00e1 skupina: Dosp\u011bl\u00fd<br \/>\nZem\u011b p\u016fvodu: Vietnam<br \/>\nNepromokav\u00e9: Ano<br \/>\nPohlav\u00ed: Unisex<br \/>\nBarva: Modr\u00e1<br \/>\nPo\u010det komor pro hole: 4slo\u017ekov\u00fd<br \/>\nBarva podle v\u00fdrobce: Navy\/Sky<\/p>\n","protected":false},"excerpt":{"rendered":"<p>OCHRANA A VLASTNOSTI, KTER&Eacute; CHCETE. Ta&scaron;ka Players 4 StaDry poskytuje pr&eacute;miovou vodot\u011bsnou konstrukci a dostatek &uacute;lo\u017en&eacute;ho prostoru, v\u010detn\u011b kapsy na oble\u010den&iacute; po cel&eacute; d&eacute;lce, v lehk&eacute;m proveden&iacute; as hmotnost&iacute; t\u011bsn\u011b pod 2 kilogramy. Vlastnosti StaDry vodot\u011bsn&aacute; konstrukce s ut\u011bsn\u011bn&yacute;mi zipy Pr&eacute;miov&yacute; dvojit&yacute; popruh Rychle p\u0159&iacute;stupn&aacute; magnetick&aacute; kapsa na p\u0159&iacute;slu&scaron;enstv&iacute; Hr&aacute;\u010di preferovan&aacute; vn\u011bj&scaron;&iacute; kapsa na l&aacute;hev [&hellip;]<\/p>\n","protected":false},"featured_media":50968,"comment_status":"closed","ping_status":"open","template":"","meta":{"_acf_changed":false,"_monsterinsights_skip_tracking":false,"_monsterinsights_sitenote_active":false,"_monsterinsights_sitenote_note":"","_monsterinsights_sitenote_category":0},"pwb-brand":[49],"product_brand":[],"product_cat":[76,150],"product_tag":[],"class_list":{"0":"post-50967","1":"product","2":"type-product","3":"status-publish","4":"has-post-thumbnail","6":"pwb-brand-titleist","7":"product_cat-golfove-bagy","8":"product_cat-golfove-stand-bagy","9":"pa_barva-modra","10":"pa_pohlavi-unisex","11":"pa_vek-dospeli","13":"first","14":"instock","15":"product-type-external"},"acf":[],"yoast_head":"<!-- This site is optimized with the Yoast SEO plugin v27.4 - https:\/\/yoast.com\/product\/yoast-seo-wordpress\/ -->\n<title>Titleist Players 4 StaDry Stand Bag Navy\/Sky za 8 379 K\u010d skladem - Jamkovi\u0161t\u011b<\/title>\n<meta name=\"description\" content=\"Titleist Players 4 StaDry Stand Bag Navy\/Sky za skv\u011blou cenu 8 379 K\u010d skladem \u2714\ufe0f ihned k odesl\u00e1n\u00ed.\" \/>\n<meta name=\"robots\" content=\"index, follow, max-snippet:-1, max-image-preview:large, max-video-preview:-1\" \/>\n<link rel=\"canonical\" href=\"https:\/\/www.jamkoviste.cz\/obchod\/produkt\/titleist-players-4-stadry-stand-bag-navy-sky\/\" \/>\n<meta property=\"og:locale\" content=\"cs_CZ\" \/>\n<meta property=\"og:type\" content=\"article\" \/>\n<meta property=\"og:title\" content=\"Titleist Players 4 StaDry Stand Bag Navy\/Sky za 8 379 K\u010d skladem - Jamkovi\u0161t\u011b\" \/>\n<meta property=\"og:description\" content=\"Titleist Players 4 StaDry Stand Bag Navy\/Sky za skv\u011blou cenu 8 379 K\u010d skladem \u2714\ufe0f ihned k odesl\u00e1n\u00ed.\" \/>\n<meta property=\"og:url\" content=\"https:\/\/www.jamkoviste.cz\/obchod\/produkt\/titleist-players-4-stadry-stand-bag-navy-sky\/\" \/>\n<meta property=\"og:site_name\" content=\"Jamkovi\u0161t\u011b\" \/>\n<meta property=\"article:modified_time\" content=\"2025-11-07T00:00:12+00:00\" \/>\n<meta property=\"og:image\" content=\"https:\/\/www.jamkoviste.cz\/obchod\/wp-content\/uploads\/2025\/02\/main_12267b06.jpg\" \/>\n\t<meta property=\"og:image:width\" content=\"800\" \/>\n\t<meta property=\"og:image:height\" content=\"733\" \/>\n\t<meta property=\"og:image:type\" content=\"image\/jpeg\" \/>\n<meta name=\"twitter:card\" content=\"summary_large_image\" \/>\n<meta name=\"twitter:label1\" content=\"Odhadovan\u00e1 doba \u010dten\u00ed\" \/>\n\t<meta name=\"twitter:data1\" content=\"1 minuta\" \/>\n<script type=\"application\/ld+json\" class=\"yoast-schema-graph\">{\"@context\":\"https:\\\/\\\/schema.org\",\"@graph\":[{\"@type\":\"WebPage\",\"@id\":\"https:\\\/\\\/www.jamkoviste.cz\\\/obchod\\\/produkt\\\/titleist-players-4-stadry-stand-bag-navy-sky\\\/\",\"url\":\"https:\\\/\\\/www.jamkoviste.cz\\\/obchod\\\/produkt\\\/titleist-players-4-stadry-stand-bag-navy-sky\\\/\",\"name\":\"Titleist Players 4 StaDry Stand Bag Navy\\\/Sky za 8 379 K\u010d skladem - Jamkovi\u0161t\u011b\",\"isPartOf\":{\"@id\":\"https:\\\/\\\/www.jamkoviste.cz\\\/obchod\\\/#website\"},\"primaryImageOfPage\":{\"@id\":\"https:\\\/\\\/www.jamkoviste.cz\\\/obchod\\\/produkt\\\/titleist-players-4-stadry-stand-bag-navy-sky\\\/#primaryimage\"},\"image\":{\"@id\":\"https:\\\/\\\/www.jamkoviste.cz\\\/obchod\\\/produkt\\\/titleist-players-4-stadry-stand-bag-navy-sky\\\/#primaryimage\"},\"thumbnailUrl\":\"https:\\\/\\\/www.jamkoviste.cz\\\/obchod\\\/wp-content\\\/uploads\\\/2025\\\/02\\\/main_12267b06.jpg\",\"datePublished\":\"2025-11-07T00:00:09+00:00\",\"dateModified\":\"2025-11-07T00:00:12+00:00\",\"description\":\"Titleist Players 4 StaDry Stand Bag Navy\\\/Sky za skv\u011blou cenu 8 379 K\u010d skladem \u2714\ufe0f ihned k odesl\u00e1n\u00ed.\",\"breadcrumb\":{\"@id\":\"https:\\\/\\\/www.jamkoviste.cz\\\/obchod\\\/produkt\\\/titleist-players-4-stadry-stand-bag-navy-sky\\\/#breadcrumb\"},\"inLanguage\":\"cs\",\"potentialAction\":[{\"@type\":\"ReadAction\",\"target\":[\"https:\\\/\\\/www.jamkoviste.cz\\\/obchod\\\/produkt\\\/titleist-players-4-stadry-stand-bag-navy-sky\\\/\"]}]},{\"@type\":\"ImageObject\",\"inLanguage\":\"cs\",\"@id\":\"https:\\\/\\\/www.jamkoviste.cz\\\/obchod\\\/produkt\\\/titleist-players-4-stadry-stand-bag-navy-sky\\\/#primaryimage\",\"url\":\"https:\\\/\\\/www.jamkoviste.cz\\\/obchod\\\/wp-content\\\/uploads\\\/2025\\\/02\\\/main_12267b06.jpg\",\"contentUrl\":\"https:\\\/\\\/www.jamkoviste.cz\\\/obchod\\\/wp-content\\\/uploads\\\/2025\\\/02\\\/main_12267b06.jpg\",\"width\":800,\"height\":733},{\"@type\":\"BreadcrumbList\",\"@id\":\"https:\\\/\\\/www.jamkoviste.cz\\\/obchod\\\/produkt\\\/titleist-players-4-stadry-stand-bag-navy-sky\\\/#breadcrumb\",\"itemListElement\":[{\"@type\":\"ListItem\",\"position\":1,\"name\":\"Dom\u016f\",\"item\":\"https:\\\/\\\/www.jamkoviste.cz\\\/obchod\\\/\"},{\"@type\":\"ListItem\",\"position\":2,\"name\":\"Obchod\",\"item\":\"https:\\\/\\\/www.jamkoviste.cz\\\/obchod\\\/?page_id=6\"},{\"@type\":\"ListItem\",\"position\":3,\"name\":\"Titleist Players 4 StaDry Stand Bag Navy\\\/Sky\"}]},{\"@type\":\"WebSite\",\"@id\":\"https:\\\/\\\/www.jamkoviste.cz\\\/obchod\\\/#website\",\"url\":\"https:\\\/\\\/www.jamkoviste.cz\\\/obchod\\\/\",\"name\":\"Jamkovi\u0161t\u011b\",\"description\":\"V\u00fdb\u011br t\u011bch nejlep\u0161\u00edch golfov\u00fdch produkt\u016f\",\"publisher\":{\"@id\":\"https:\\\/\\\/www.jamkoviste.cz\\\/obchod\\\/#organization\"},\"potentialAction\":[{\"@type\":\"SearchAction\",\"target\":{\"@type\":\"EntryPoint\",\"urlTemplate\":\"https:\\\/\\\/www.jamkoviste.cz\\\/obchod\\\/?s={search_term_string}\"},\"query-input\":{\"@type\":\"PropertyValueSpecification\",\"valueRequired\":true,\"valueName\":\"search_term_string\"}}],\"inLanguage\":\"cs\"},{\"@type\":\"Organization\",\"@id\":\"https:\\\/\\\/www.jamkoviste.cz\\\/obchod\\\/#organization\",\"name\":\"Jamkovi\u0161t\u011b\",\"url\":\"https:\\\/\\\/www.jamkoviste.cz\\\/obchod\\\/\",\"logo\":{\"@type\":\"ImageObject\",\"inLanguage\":\"cs\",\"@id\":\"https:\\\/\\\/www.jamkoviste.cz\\\/obchod\\\/#\\\/schema\\\/logo\\\/image\\\/\",\"url\":\"https:\\\/\\\/www.jamkoviste.cz\\\/obchod\\\/wp-content\\\/uploads\\\/2021\\\/03\\\/cropped-logo.png\",\"contentUrl\":\"https:\\\/\\\/www.jamkoviste.cz\\\/obchod\\\/wp-content\\\/uploads\\\/2021\\\/03\\\/cropped-logo.png\",\"width\":351,\"height\":82,\"caption\":\"Jamkovi\u0161t\u011b\"},\"image\":{\"@id\":\"https:\\\/\\\/www.jamkoviste.cz\\\/obchod\\\/#\\\/schema\\\/logo\\\/image\\\/\"}}]}<\/script>\n<!-- \/ Yoast SEO plugin. -->","yoast_head_json":{"title":"Titleist Players 4 StaDry Stand Bag Navy\/Sky za 8 379 K\u010d skladem - Jamkovi\u0161t\u011b","description":"Titleist Players 4 StaDry Stand Bag Navy\/Sky za skv\u011blou cenu 8 379 K\u010d skladem \u2714\ufe0f ihned k odesl\u00e1n\u00ed.","robots":{"index":"index","follow":"follow","max-snippet":"max-snippet:-1","max-image-preview":"max-image-preview:large","max-video-preview":"max-video-preview:-1"},"canonical":"https:\/\/www.jamkoviste.cz\/obchod\/produkt\/titleist-players-4-stadry-stand-bag-navy-sky\/","og_locale":"cs_CZ","og_type":"article","og_title":"Titleist Players 4 StaDry Stand Bag Navy\/Sky za 8 379 K\u010d skladem - Jamkovi\u0161t\u011b","og_description":"Titleist Players 4 StaDry Stand Bag Navy\/Sky za skv\u011blou cenu 8 379 K\u010d skladem \u2714\ufe0f ihned k odesl\u00e1n\u00ed.","og_url":"https:\/\/www.jamkoviste.cz\/obchod\/produkt\/titleist-players-4-stadry-stand-bag-navy-sky\/","og_site_name":"Jamkovi\u0161t\u011b","article_modified_time":"2025-11-07T00:00:12+00:00","og_image":[{"width":800,"height":733,"url":"https:\/\/www.jamkoviste.cz\/obchod\/wp-content\/uploads\/2025\/02\/main_12267b06.jpg","type":"image\/jpeg"}],"twitter_card":"summary_large_image","twitter_misc":{"Odhadovan\u00e1 doba \u010dten\u00ed":"1 minuta"},"schema":{"@context":"https:\/\/schema.org","@graph":[{"@type":"WebPage","@id":"https:\/\/www.jamkoviste.cz\/obchod\/produkt\/titleist-players-4-stadry-stand-bag-navy-sky\/","url":"https:\/\/www.jamkoviste.cz\/obchod\/produkt\/titleist-players-4-stadry-stand-bag-navy-sky\/","name":"Titleist Players 4 StaDry Stand Bag Navy\/Sky za 8 379 K\u010d skladem - Jamkovi\u0161t\u011b","isPartOf":{"@id":"https:\/\/www.jamkoviste.cz\/obchod\/#website"},"primaryImageOfPage":{"@id":"https:\/\/www.jamkoviste.cz\/obchod\/produkt\/titleist-players-4-stadry-stand-bag-navy-sky\/#primaryimage"},"image":{"@id":"https:\/\/www.jamkoviste.cz\/obchod\/produkt\/titleist-players-4-stadry-stand-bag-navy-sky\/#primaryimage"},"thumbnailUrl":"https:\/\/www.jamkoviste.cz\/obchod\/wp-content\/uploads\/2025\/02\/main_12267b06.jpg","datePublished":"2025-11-07T00:00:09+00:00","dateModified":"2025-11-07T00:00:12+00:00","description":"Titleist Players 4 StaDry Stand Bag Navy\/Sky za skv\u011blou cenu 8 379 K\u010d skladem \u2714\ufe0f ihned k odesl\u00e1n\u00ed.","breadcrumb":{"@id":"https:\/\/www.jamkoviste.cz\/obchod\/produkt\/titleist-players-4-stadry-stand-bag-navy-sky\/#breadcrumb"},"inLanguage":"cs","potentialAction":[{"@type":"ReadAction","target":["https:\/\/www.jamkoviste.cz\/obchod\/produkt\/titleist-players-4-stadry-stand-bag-navy-sky\/"]}]},{"@type":"ImageObject","inLanguage":"cs","@id":"https:\/\/www.jamkoviste.cz\/obchod\/produkt\/titleist-players-4-stadry-stand-bag-navy-sky\/#primaryimage","url":"https:\/\/www.jamkoviste.cz\/obchod\/wp-content\/uploads\/2025\/02\/main_12267b06.jpg","contentUrl":"https:\/\/www.jamkoviste.cz\/obchod\/wp-content\/uploads\/2025\/02\/main_12267b06.jpg","width":800,"height":733},{"@type":"BreadcrumbList","@id":"https:\/\/www.jamkoviste.cz\/obchod\/produkt\/titleist-players-4-stadry-stand-bag-navy-sky\/#breadcrumb","itemListElement":[{"@type":"ListItem","position":1,"name":"Dom\u016f","item":"https:\/\/www.jamkoviste.cz\/obchod\/"},{"@type":"ListItem","position":2,"name":"Obchod","item":"https:\/\/www.jamkoviste.cz\/obchod\/?page_id=6"},{"@type":"ListItem","position":3,"name":"Titleist Players 4 StaDry Stand Bag Navy\/Sky"}]},{"@type":"WebSite","@id":"https:\/\/www.jamkoviste.cz\/obchod\/#website","url":"https:\/\/www.jamkoviste.cz\/obchod\/","name":"Jamkovi\u0161t\u011b","description":"V\u00fdb\u011br t\u011bch nejlep\u0161\u00edch golfov\u00fdch produkt\u016f","publisher":{"@id":"https:\/\/www.jamkoviste.cz\/obchod\/#organization"},"potentialAction":[{"@type":"SearchAction","target":{"@type":"EntryPoint","urlTemplate":"https:\/\/www.jamkoviste.cz\/obchod\/?s={search_term_string}"},"query-input":{"@type":"PropertyValueSpecification","valueRequired":true,"valueName":"search_term_string"}}],"inLanguage":"cs"},{"@type":"Organization","@id":"https:\/\/www.jamkoviste.cz\/obchod\/#organization","name":"Jamkovi\u0161t\u011b","url":"https:\/\/www.jamkoviste.cz\/obchod\/","logo":{"@type":"ImageObject","inLanguage":"cs","@id":"https:\/\/www.jamkoviste.cz\/obchod\/#\/schema\/logo\/image\/","url":"https:\/\/www.jamkoviste.cz\/obchod\/wp-content\/uploads\/2021\/03\/cropped-logo.png","contentUrl":"https:\/\/www.jamkoviste.cz\/obchod\/wp-content\/uploads\/2021\/03\/cropped-logo.png","width":351,"height":82,"caption":"Jamkovi\u0161t\u011b"},"image":{"@id":"https:\/\/www.jamkoviste.cz\/obchod\/#\/schema\/logo\/image\/"}}]}},"brands":[{"id":49,"name":"Titleist","slug":"titleist"}],"_links":{"self":[{"href":"https:\/\/www.jamkoviste.cz\/obchod\/wp-json\/wp\/v2\/product\/50967","targetHints":{"allow":["GET"]}}],"collection":[{"href":"https:\/\/www.jamkoviste.cz\/obchod\/wp-json\/wp\/v2\/product"}],"about":[{"href":"https:\/\/www.jamkoviste.cz\/obchod\/wp-json\/wp\/v2\/types\/product"}],"replies":[{"embeddable":true,"href":"https:\/\/www.jamkoviste.cz\/obchod\/wp-json\/wp\/v2\/comments?post=50967"}],"wp:featuredmedia":[{"embeddable":true,"href":"https:\/\/www.jamkoviste.cz\/obchod\/wp-json\/wp\/v2\/media\/50968"}],"wp:attachment":[{"href":"https:\/\/www.jamkoviste.cz\/obchod\/wp-json\/wp\/v2\/media?parent=50967"}],"wp:term":[{"taxonomy":"pwb-brand","embeddable":true,"href":"https:\/\/www.jamkoviste.cz\/obchod\/wp-json\/wp\/v2\/pwb-brand?post=50967"},{"taxonomy":"product_brand","embeddable":true,"href":"https:\/\/www.jamkoviste.cz\/obchod\/wp-json\/wp\/v2\/product_brand?post=50967"},{"taxonomy":"product_cat","embeddable":true,"href":"https:\/\/www.jamkoviste.cz\/obchod\/wp-json\/wp\/v2\/product_cat?post=50967"},{"taxonomy":"product_tag","embeddable":true,"href":"https:\/\/www.jamkoviste.cz\/obchod\/wp-json\/wp\/v2\/product_tag?post=50967"}],"curies":[{"name":"wp","href":"https:\/\/api.w.org\/{rel}","templated":true}]}}